{"id":1054,"date":"2017-02-22T13:59:53","date_gmt":"2017-02-22T12:59:53","guid":{"rendered":"http:\/\/cji.uniri.hr\/?page_id=1054"},"modified":"2017-04-25T11:34:05","modified_gmt":"2017-04-25T09:34:05","slug":"2-simpozij-scimeth","status":"publish","type":"page","link":"https:\/\/cji.uniri.hr\/en\/hr\/konferencija\/2-simpozij-scimeth\/","title":{"rendered":"2. simpozij SCIMETH"},"content":{"rendered":"<p>Centar za jezi\u010dna istra\u017eivanja (CJI) Filozofskoga fakulteta u Rijeci u suradnji s Hrvatskim dru\u0161tvom za primijenjenu lingvistiku (Regionalni aktiv HDPL-a Rijeka) organizira 3. svibnja 2017. znanstveni simpozij <strong>SCIMETH \u2013 <em>Scijentometrija i objavljivanje znanstvenih radova u lingvistici<\/em><\/strong> kao pretkonferencijski doga\u0111aj u sklopu 31. me\u0111unarodnoga znanstvenoga skupa Hrvatskoga dru\u0161tva za primijenjenu lingvistiku, koji \u0107e se odr\u017eati od 4. do 6. svibnja 2017. godine na Filozofskome fakultetu u Rijeci.<\/p>\n<hr \/>\n<h2 style=\"text-align: center;\">Pozvana predavanja<\/h2>\n<p style=\"padding-left: 30px; text-align: center;\"><strong>Mario Brdar<\/strong>, Sveu\u010dili\u0161te u Osijeku,<\/p>\n<p style=\"text-align: center;\"><em>Kroz recenzentsko sito i re\u0161eto<\/em><\/p>\n<p style=\"padding-left: 30px; text-align: center;\"><strong>Kristian Novak<\/strong>, Sveu\u010dili\u0161te u Rijeci,<\/p>\n<p style=\"text-align: center;\"><em>Od\u00a0scijentometrije\u00a0do diplomacije: kako odabrati lingvisti\u010dki\u00a0\u010dasopis i kako pove\u0107ati svoje \u0161anse za objavljivanje?<\/em><\/p>\n<p style=\"padding-left: 30px; text-align: center;\"><strong>Anita Memi\u0161evi\u0107<\/strong>, Sveu\u010dili\u0161te u Rijeci,<\/p>\n<p style=\"text-align: center;\"><em>How to present your scientific work in the best light?<\/em><\/p>\n<hr \/>\n<p>Ovogodi\u0161nji simpozij SCIMETH donosi tri pozvana predavanja o odabranim aktualnim temama koje se ti\u010du odre\u0111enih klju\u010dnih to\u010daka u postupku objavljivanja u znanstvenim \u010dasopisima.<\/p>\n<p>Prvo pozvano predavanje bit \u0107e posve\u0107eno recenzentskome postupku u znanstvenim \u010dasopisima \u2013 me\u0111unarodnima i doma\u0107ima s inozemnim recenzentima \u2013 i obuhvatit \u0107e razmatranje cilja i sastavnih dijelova kvalitetne recenzije kao i pitanje mogu\u0107ega odnosa autora prema recenzentskim primjedbama. U drugome pozvanom predavanju prikazat \u0107e se mogu\u0107nosti i na\u010dini kori\u0161tenja scijentometrijskih podataka pri odabiru odgovaraju\u0107ega lingvisti\u010dkog \u010dasopisa u kojem autori \u017eele objaviti svoj znanstveni \u010dlanak. Tre\u0107e pozvano predavanje usmjereno je ka temi pove\u0107avanja mogu\u0107nosti za objavljivanje znanstvenih \u010dlanaka na engleskome jeziku u me\u0111unarodnim \u010dasopisima. Simpozij traje od 11 do 17.30 sati.<\/p>\n<hr \/>\n<h2>Prijave<\/h2>\n<p>SCIMETH okuplja sve znanstvenike, a posebice doktorande i poslijedoktorande u bilo kojoj grani filologije. Za sudjelovanje je potrebno prijaviti se slanjem popunjene <a href=\"https:\/\/cji.uniri.hr\/wp-content\/uploads\/SCIMETH2-PRIJEDLOG-poziva2.docx\" rel=\"\">prijavnice <\/a>na adresu: <strong>ividmar@ffri.hr<\/strong> do 14. travnja 2017.<\/p>\n<p style=\"text-align: center;\"><a href=\"https:\/\/cji.uniri.hr\/wp-content\/uploads\/SCIMETH2-PRIJEDLOG-poziva2.docx\" rel=\"\">SCIMETH2 &#8211; prijavnica<\/a><\/p>\n<p>Svi sudionici simpozija dobit \u0107e potvrdu o sudjelovanju na temelju koje \u0107e na svojim mati\u010dnim ustanovama mo\u0107i zatra\u017eiti dodjelu ECTS-bodova.<\/p>\n<p>Kotizaciju u iznosu od 120 kn potrebno je uplatiti najkasnije do 20. travnja 2017. godine. Potvrdu o uplati potrebno je predo\u010diti prilikom registracije sudionika. Na radionici ne\u0107e biti mogu\u0107e platiti kotizaciju. Za uplatu je potrebno upotrijebiti sljede\u0107e podatke:<\/p>\n<p>PRIMATELJ: <strong>Filozofski fakultet, Sveu\u010dili\u0161na avenija 4, HR-51000 Rijeka<\/strong><\/p>\n<p>IBAN: <strong>HR9123600001101536455<\/strong><\/p>\n<p>REFERENCE NUMBER <strong>OIB-22<\/strong><\/p>\n<p>DESCRIPTION <strong>SCIMETH ime i prezime sudionika<\/strong><\/p>\n<p>Sve dodatne informacije o\u00a0 <strong>2. simpoziju SCIMETH: <em>Scijentometrija i objavljivanje znanstvenih radova u lingvistici<\/em><\/strong> bit \u0107e objavljivane na mre\u017enoj stranici Centra za jezi\u010dna istra\u017eivanja Filozofskoga fakulteta u Rijeci: <a href=\"https:\/\/cji.uniri.hr\/en\/konferencija\/2-simpozij-scimeth\/\">https:\/\/cji.uniri.hr\/hr\/konferencija\/2-simpozij-scimeth\/<\/a><\/p>\n<hr \/>\n<h2>\u010clanovi organizacijskoga odbora<\/h2>\n<p>Diana Stolac, predsjednica Hrvatskoga dru\u0161tva za primijenjenu lingvistiku<\/p>\n<p>Marija Brala Vukanovi\u0107, tajnica Hrvatskoga dru\u0161tva za primijenjenu lingvistiku<\/p>\n<p>Mihaela Mate\u0161i\u0107, Regionalni aktiv HDPL-a Rijeka, predsjednica Organiz. odbora<\/p>\n<p>Anastazija Vlasteli\u0107, Regionalni aktiv HDPL-a Rijeka, potpredsjednica Organiz. odbora<\/p>\n<p>Cecilija Jur\u010di\u0107 Katunar, Centar za jezi\u010dna istra\u017eivanja, potpredsjednica Organiz. odbora<\/p>\n<p>Iris Vidmar, Centar za jezi\u010dna istra\u017eivanja, tajnica Organizacijskoga odbora<\/p>\n<p>Anita Memi\u0161evi\u0107, Regionalni aktiv HDPL-a Rijeka<\/p>\n<p>Zvjezdana Vrzi\u0107, voditeljica Centra za jezi\u010dna istra\u017eivanja<\/p>\n<p>Benedikt Perak, Centar za jezi\u010dna istra\u017eivanja<\/p>\n<p>Borana Mori\u0107-Mohorovi\u010di\u0107, Regionalni aktiv HDPL-a Rijeka<\/p>\n<p>Ma\u0161a Ple\u0161kovi\u0107, Regionalni aktiv HDPL-a Rijeka<\/p>","protected":false},"excerpt":{"rendered":"<p>Centar za jezi\u010dna istra\u017eivanja (CJI) Filozofskoga fakulteta u Rijeci u suradnji s Hrvatskim dru\u0161tvom za primijenjenu lingvistiku (Regionalni aktiv HDPL-a Rijeka) organizira 3. svibnja 2017. znanstveni simpozij SCIMETH \u2013 Scijentometrija i objavljivanje znanstvenih radova u lingvistici kao pretkonferencijski doga\u0111aj u sklopu 31. me\u0111unarodnoga znanstvenoga skupa Hrvatskoga dru\u0161tva za primijenjenu lingvistiku, koji \u0107e se odr\u017eati od [&hellip;]<\/p>\n","protected":false},"author":5,"featured_media":0,"parent":286,"menu_order":0,"comment_status":"closed","ping_status":"closed","template":"","meta":{"_themeisle_gutenberg_block_has_review":false},"yoast_head":"<!-- This site is optimized with the Yoast SEO plugin v21.0 - https:\/\/yoast.com\/wordpress\/plugins\/seo\/ -->\n<title>2. simpozij SCIMETH - Centar za jezi\u010dna istra\u017eivanja<\/title>\n<meta name=\"robots\" content=\"index, follow, max-snippet:-1, max-image-preview:large, max-video-preview:-1\" \/>\n<link rel=\"canonical\" href=\"https:\/\/cji.uniri.hr\/en\/hr\/konferencija\/2-simpozij-scimeth\/\" \/>\n<meta property=\"og:locale\" content=\"en_GB\" \/>\n<meta property=\"og:type\" content=\"article\" \/>\n<meta property=\"og:title\" content=\"2. simpozij SCIMETH - Centar za jezi\u010dna istra\u017eivanja\" \/>\n<meta property=\"og:description\" content=\"Centar za jezi\u010dna istra\u017eivanja (CJI) Filozofskoga fakulteta u Rijeci u suradnji s Hrvatskim dru\u0161tvom za primijenjenu lingvistiku (Regionalni aktiv HDPL-a Rijeka) organizira 3. svibnja 2017. znanstveni simpozij SCIMETH \u2013 Scijentometrija i objavljivanje znanstvenih radova u lingvistici kao pretkonferencijski doga\u0111aj u sklopu 31. me\u0111unarodnoga znanstvenoga skupa Hrvatskoga dru\u0161tva za primijenjenu lingvistiku, koji \u0107e se odr\u017eati od [&hellip;]\" \/>\n<meta property=\"og:url\" content=\"https:\/\/cji.uniri.hr\/en\/hr\/konferencija\/2-simpozij-scimeth\/\" \/>\n<meta property=\"og:site_name\" content=\"Centar za jezi\u010dna istra\u017eivanja\" \/>\n<meta property=\"article:publisher\" content=\"https:\/\/www.facebook.com\/CLARIJEKA\" \/>\n<meta property=\"article:modified_time\" content=\"2017-04-25T09:34:05+00:00\" \/>\n<meta name=\"twitter:card\" content=\"summary_large_image\" \/>\n<meta name=\"twitter:label1\" content=\"Estimated reading time\" \/>\n\t<meta name=\"twitter:data1\" content=\"3 minutes\" \/>\n<script type=\"application\/ld+json\" class=\"yoast-schema-graph\">{\"@context\":\"https:\/\/schema.org\",\"@graph\":[{\"@type\":\"WebPage\",\"@id\":\"https:\/\/cji.uniri.hr\/hr\/hr\/konferencija\/2-simpozij-scimeth\/\",\"url\":\"https:\/\/cji.uniri.hr\/hr\/hr\/konferencija\/2-simpozij-scimeth\/\",\"name\":\"2. simpozij SCIMETH - Centar za jezi\u010dna istra\u017eivanja\",\"isPartOf\":{\"@id\":\"https:\/\/cji.uniri.hr\/en\/#website\"},\"datePublished\":\"2017-02-22T12:59:53+00:00\",\"dateModified\":\"2017-04-25T09:34:05+00:00\",\"breadcrumb\":{\"@id\":\"https:\/\/cji.uniri.hr\/hr\/hr\/konferencija\/2-simpozij-scimeth\/#breadcrumb\"},\"inLanguage\":\"en-GB\",\"potentialAction\":[{\"@type\":\"ReadAction\",\"target\":[\"https:\/\/cji.uniri.hr\/hr\/hr\/konferencija\/2-simpozij-scimeth\/\"]}]},{\"@type\":\"BreadcrumbList\",\"@id\":\"https:\/\/cji.uniri.hr\/hr\/hr\/konferencija\/2-simpozij-scimeth\/#breadcrumb\",\"itemListElement\":[{\"@type\":\"ListItem\",\"position\":1,\"name\":\"Po\u010detna stranica\",\"item\":\"https:\/\/cji.uniri.hr\/en\/\"},{\"@type\":\"ListItem\",\"position\":2,\"name\":\"HRVATSKI\",\"item\":\"https:\/\/cji.uniri.hr\/hr\/hr\/\"},{\"@type\":\"ListItem\",\"position\":3,\"name\":\"Konferencije\",\"item\":\"https:\/\/cji.uniri.hr\/hr\/hr\/konferencija\/\"},{\"@type\":\"ListItem\",\"position\":4,\"name\":\"2. simpozij SCIMETH\"}]},{\"@type\":\"WebSite\",\"@id\":\"https:\/\/cji.uniri.hr\/en\/#website\",\"url\":\"https:\/\/cji.uniri.hr\/en\/\",\"name\":\"Centar za jezi\u010dna istra\u017eivanja\",\"description\":\"\",\"publisher\":{\"@id\":\"https:\/\/cji.uniri.hr\/en\/#organization\"},\"potentialAction\":[{\"@type\":\"SearchAction\",\"target\":{\"@type\":\"EntryPoint\",\"urlTemplate\":\"https:\/\/cji.uniri.hr\/en\/?s={search_term_string}\"},\"query-input\":\"required name=search_term_string\"}],\"inLanguage\":\"en-GB\"},{\"@type\":\"Organization\",\"@id\":\"https:\/\/cji.uniri.hr\/en\/#organization\",\"name\":\"Centar za jezi\u010dna istra\u017eivanja\",\"url\":\"https:\/\/cji.uniri.hr\/en\/\",\"logo\":{\"@type\":\"ImageObject\",\"inLanguage\":\"en-GB\",\"@id\":\"https:\/\/cji.uniri.hr\/en\/#\/schema\/logo\/image\/\",\"url\":\"https:\/\/cji.uniri.hr\/wp-content\/uploads\/cji_logo-removebg-preview-1-e1695380857613.png\",\"contentUrl\":\"https:\/\/cji.uniri.hr\/wp-content\/uploads\/cji_logo-removebg-preview-1-e1695380857613.png\",\"width\":170,\"height\":170,\"caption\":\"Centar za jezi\u010dna istra\u017eivanja\"},\"image\":{\"@id\":\"https:\/\/cji.uniri.hr\/en\/#\/schema\/logo\/image\/\"},\"sameAs\":[\"https:\/\/www.facebook.com\/CLARIJEKA\"]}]}<\/script>\n<!-- \/ Yoast SEO plugin. -->","yoast_head_json":{"title":"2. simpozij SCIMETH - Centar za jezi\u010dna istra\u017eivanja","robots":{"index":"index","follow":"follow","max-snippet":"max-snippet:-1","max-image-preview":"max-image-preview:large","max-video-preview":"max-video-preview:-1"},"canonical":"https:\/\/cji.uniri.hr\/en\/hr\/konferencija\/2-simpozij-scimeth\/","og_locale":"en_GB","og_type":"article","og_title":"2. simpozij SCIMETH - Centar za jezi\u010dna istra\u017eivanja","og_description":"Centar za jezi\u010dna istra\u017eivanja (CJI) Filozofskoga fakulteta u Rijeci u suradnji s Hrvatskim dru\u0161tvom za primijenjenu lingvistiku (Regionalni aktiv HDPL-a Rijeka) organizira 3. svibnja 2017. znanstveni simpozij SCIMETH \u2013 Scijentometrija i objavljivanje znanstvenih radova u lingvistici kao pretkonferencijski doga\u0111aj u sklopu 31. me\u0111unarodnoga znanstvenoga skupa Hrvatskoga dru\u0161tva za primijenjenu lingvistiku, koji \u0107e se odr\u017eati od [&hellip;]","og_url":"https:\/\/cji.uniri.hr\/en\/hr\/konferencija\/2-simpozij-scimeth\/","og_site_name":"Centar za jezi\u010dna istra\u017eivanja","article_publisher":"https:\/\/www.facebook.com\/CLARIJEKA","article_modified_time":"2017-04-25T09:34:05+00:00","twitter_card":"summary_large_image","twitter_misc":{"Estimated reading time":"3 minutes"},"schema":{"@context":"https:\/\/schema.org","@graph":[{"@type":"WebPage","@id":"https:\/\/cji.uniri.hr\/hr\/hr\/konferencija\/2-simpozij-scimeth\/","url":"https:\/\/cji.uniri.hr\/hr\/hr\/konferencija\/2-simpozij-scimeth\/","name":"2. simpozij SCIMETH - Centar za jezi\u010dna istra\u017eivanja","isPartOf":{"@id":"https:\/\/cji.uniri.hr\/en\/#website"},"datePublished":"2017-02-22T12:59:53+00:00","dateModified":"2017-04-25T09:34:05+00:00","breadcrumb":{"@id":"https:\/\/cji.uniri.hr\/hr\/hr\/konferencija\/2-simpozij-scimeth\/#breadcrumb"},"inLanguage":"en-GB","potentialAction":[{"@type":"ReadAction","target":["https:\/\/cji.uniri.hr\/hr\/hr\/konferencija\/2-simpozij-scimeth\/"]}]},{"@type":"BreadcrumbList","@id":"https:\/\/cji.uniri.hr\/hr\/hr\/konferencija\/2-simpozij-scimeth\/#breadcrumb","itemListElement":[{"@type":"ListItem","position":1,"name":"Po\u010detna stranica","item":"https:\/\/cji.uniri.hr\/en\/"},{"@type":"ListItem","position":2,"name":"HRVATSKI","item":"https:\/\/cji.uniri.hr\/hr\/hr\/"},{"@type":"ListItem","position":3,"name":"Konferencije","item":"https:\/\/cji.uniri.hr\/hr\/hr\/konferencija\/"},{"@type":"ListItem","position":4,"name":"2. simpozij SCIMETH"}]},{"@type":"WebSite","@id":"https:\/\/cji.uniri.hr\/en\/#website","url":"https:\/\/cji.uniri.hr\/en\/","name":"Center for Language Research","description":"","publisher":{"@id":"https:\/\/cji.uniri.hr\/en\/#organization"},"potentialAction":[{"@type":"SearchAction","target":{"@type":"EntryPoint","urlTemplate":"https:\/\/cji.uniri.hr\/en\/?s={search_term_string}"},"query-input":"required name=search_term_string"}],"inLanguage":"en-GB"},{"@type":"Organization","@id":"https:\/\/cji.uniri.hr\/en\/#organization","name":"Center for Language Research","url":"https:\/\/cji.uniri.hr\/en\/","logo":{"@type":"ImageObject","inLanguage":"en-GB","@id":"https:\/\/cji.uniri.hr\/en\/#\/schema\/logo\/image\/","url":"https:\/\/cji.uniri.hr\/wp-content\/uploads\/cji_logo-removebg-preview-1-e1695380857613.png","contentUrl":"https:\/\/cji.uniri.hr\/wp-content\/uploads\/cji_logo-removebg-preview-1-e1695380857613.png","width":170,"height":170,"caption":"Centar za jezi\u010dna istra\u017eivanja"},"image":{"@id":"https:\/\/cji.uniri.hr\/en\/#\/schema\/logo\/image\/"},"sameAs":["https:\/\/www.facebook.com\/CLARIJEKA"]}]}},"_links":{"self":[{"href":"https:\/\/cji.uniri.hr\/en\/wp-json\/wp\/v2\/pages\/1054"}],"collection":[{"href":"https:\/\/cji.uniri.hr\/en\/wp-json\/wp\/v2\/pages"}],"about":[{"href":"https:\/\/cji.uniri.hr\/en\/wp-json\/wp\/v2\/types\/page"}],"author":[{"embeddable":true,"href":"https:\/\/cji.uniri.hr\/en\/wp-json\/wp\/v2\/users\/5"}],"replies":[{"embeddable":true,"href":"https:\/\/cji.uniri.hr\/en\/wp-json\/wp\/v2\/comments?post=1054"}],"version-history":[{"count":13,"href":"https:\/\/cji.uniri.hr\/en\/wp-json\/wp\/v2\/pages\/1054\/revisions"}],"predecessor-version":[{"id":1094,"href":"https:\/\/cji.uniri.hr\/en\/wp-json\/wp\/v2\/pages\/1054\/revisions\/1094"}],"up":[{"embeddable":true,"href":"https:\/\/cji.uniri.hr\/en\/wp-json\/wp\/v2\/pages\/286"}],"wp:attachment":[{"href":"https:\/\/cji.uniri.hr\/en\/wp-json\/wp\/v2\/media?parent=1054"}],"curies":[{"name":"wp","href":"https:\/\/api.w.org\/{rel}","templated":true}]}}