{"id":1403,"date":"2019-09-03T11:50:00","date_gmt":"2019-09-03T09:50:00","guid":{"rendered":"http:\/\/cji.uniri.hr\/?page_id=1403"},"modified":"2019-09-03T13:39:05","modified_gmt":"2019-09-03T11:39:05","slug":"mihaela-matesic","status":"publish","type":"page","link":"https:\/\/cji.uniri.hr\/en\/en\/members\/mihaela-matesic\/","title":{"rendered":"Mihaela Mate\u0161i\u0107"},"content":{"rendered":"<h4><\/h4>\n<h4><\/h4>\n<p>&nbsp;<\/p>\n<h4><em>Associate Professor<\/em><\/h4>\n<h4><em>University of Rijeka, Faculty of Humanities and Social Sciences<\/em><\/h4>\n<h4><em>Department of Croatian Language and Literature<\/em><\/h4>\n<h4><\/h4>\n<p>&nbsp;<\/p>\n<h4><span class=\"gI\"><span class=\"qu\" tabindex=\"-1\"><span class=\"go\">mmatesic@ffri.hr<\/span><\/span><\/span><\/h4>\n<h4><a href=\"https:\/\/portal.uniri.hr\/portfelj\/802\" target=\"_blank\" rel=\"noopener noreferrer\">UNIRI Portfolio<\/a><\/h4>\n<h4><a href=\"http:\/\/bib.irb.hr\/lista-radova?autor=226220\" target=\"_blank\" rel=\"noopener noreferrer\">CROSBI<\/a><\/h4>\n<p>&nbsp;<\/p>\n<p><strong>Research Interests<\/strong><\/p>\n<p>Croatian Standard Language, Phonology, Orthoepy, Orthography, Pragmatics, Cognitive Linguistics<\/p>\n<p>&nbsp;<\/p>\n<p><strong>Selected Publications<\/strong><\/p>\n<p><a href=\"http:\/\/bib.irb.hr\/lista-radova?autor=226220\" target=\"_blank\" rel=\"noopener noreferrer\">Croatian Scientific Bibliography<\/a><\/p>\n<p>&nbsp;<\/p>\n<p><strong>Projects<\/strong><\/p>","protected":false},"excerpt":{"rendered":"<p>&nbsp; Associate Professor University of Rijeka, Faculty of Humanities and Social Sciences Department of Croatian Language and Literature &nbsp; mmatesic@ffri.hr UNIRI Portfolio CROSBI &nbsp; Research Interests Croatian Standard Language, Phonology, Orthoepy, Orthography, Pragmatics, Cognitive Linguistics &nbsp; Selected Publications Croatian Scientific Bibliography &nbsp; Projects<\/p>","protected":false},"author":4,"featured_media":0,"parent":227,"menu_order":0,"comment_status":"closed","ping_status":"closed","template":"page-en.php","meta":{"_themeisle_gutenberg_block_has_review":false},"yoast_head":"<!-- This site is optimized with the Yoast SEO plugin v21.0 - https:\/\/yoast.com\/wordpress\/plugins\/seo\/ -->\n<title>Mihaela Mate\u0161i\u0107 - Centar za jezi\u010dna istra\u017eivanja<\/title>\n<meta name=\"robots\" content=\"index, follow, max-snippet:-1, max-image-preview:large, max-video-preview:-1\" \/>\n<link rel=\"canonical\" href=\"https:\/\/cji.uniri.hr\/en\/members\/mihaela-matesic\/\" \/>\n<meta property=\"og:locale\" content=\"en_GB\" \/>\n<meta property=\"og:type\" content=\"article\" \/>\n<meta property=\"og:title\" content=\"Mihaela Mate\u0161i\u0107 - Centar za jezi\u010dna istra\u017eivanja\" \/>\n<meta property=\"og:description\" content=\"&nbsp; Associate Professor University of Rijeka, Faculty of Humanities and Social Sciences Department of Croatian Language and Literature &nbsp; mmatesic@ffri.hr UNIRI Portfolio CROSBI &nbsp; Research Interests Croatian Standard Language, Phonology, Orthoepy, Orthography, Pragmatics, Cognitive Linguistics &nbsp; Selected Publications Croatian Scientific Bibliography &nbsp; Projects\" \/>\n<meta property=\"og:url\" content=\"https:\/\/cji.uniri.hr\/en\/members\/mihaela-matesic\/\" \/>\n<meta property=\"og:site_name\" content=\"Centar za jezi\u010dna istra\u017eivanja\" \/>\n<meta property=\"article:publisher\" content=\"https:\/\/www.facebook.com\/CLARIJEKA\" \/>\n<meta property=\"article:modified_time\" content=\"2019-09-03T11:39:05+00:00\" \/>\n<meta name=\"twitter:card\" content=\"summary_large_image\" \/>\n<script type=\"application\/ld+json\" class=\"yoast-schema-graph\">{\"@context\":\"https:\/\/schema.org\",\"@graph\":[{\"@type\":\"WebPage\",\"@id\":\"https:\/\/cji.uniri.hr\/en\/members\/mihaela-matesic\/\",\"url\":\"https:\/\/cji.uniri.hr\/en\/members\/mihaela-matesic\/\",\"name\":\"Mihaela Mate\u0161i\u0107 - Centar za jezi\u010dna istra\u017eivanja\",\"isPartOf\":{\"@id\":\"https:\/\/cji.uniri.hr\/en\/#website\"},\"datePublished\":\"2019-09-03T09:50:00+00:00\",\"dateModified\":\"2019-09-03T11:39:05+00:00\",\"breadcrumb\":{\"@id\":\"https:\/\/cji.uniri.hr\/en\/members\/mihaela-matesic\/#breadcrumb\"},\"inLanguage\":\"en-GB\",\"potentialAction\":[{\"@type\":\"ReadAction\",\"target\":[\"https:\/\/cji.uniri.hr\/en\/members\/mihaela-matesic\/\"]}]},{\"@type\":\"BreadcrumbList\",\"@id\":\"https:\/\/cji.uniri.hr\/en\/members\/mihaela-matesic\/#breadcrumb\",\"itemListElement\":[{\"@type\":\"ListItem\",\"position\":1,\"name\":\"Po\u010detna stranica\",\"item\":\"https:\/\/cji.uniri.hr\/en\/\"},{\"@type\":\"ListItem\",\"position\":2,\"name\":\"ENGLISH\",\"item\":\"https:\/\/cji.uniri.hr\/hr\/en\/\"},{\"@type\":\"ListItem\",\"position\":3,\"name\":\"Members\",\"item\":\"https:\/\/cji.uniri.hr\/hr\/en\/members\/\"},{\"@type\":\"ListItem\",\"position\":4,\"name\":\"Mihaela Mate\u0161i\u0107\"}]},{\"@type\":\"WebSite\",\"@id\":\"https:\/\/cji.uniri.hr\/en\/#website\",\"url\":\"https:\/\/cji.uniri.hr\/en\/\",\"name\":\"Centar za jezi\u010dna istra\u017eivanja\",\"description\":\"\",\"publisher\":{\"@id\":\"https:\/\/cji.uniri.hr\/en\/#organization\"},\"potentialAction\":[{\"@type\":\"SearchAction\",\"target\":{\"@type\":\"EntryPoint\",\"urlTemplate\":\"https:\/\/cji.uniri.hr\/en\/?s={search_term_string}\"},\"query-input\":\"required name=search_term_string\"}],\"inLanguage\":\"en-GB\"},{\"@type\":\"Organization\",\"@id\":\"https:\/\/cji.uniri.hr\/en\/#organization\",\"name\":\"Centar za jezi\u010dna istra\u017eivanja\",\"url\":\"https:\/\/cji.uniri.hr\/en\/\",\"logo\":{\"@type\":\"ImageObject\",\"inLanguage\":\"en-GB\",\"@id\":\"https:\/\/cji.uniri.hr\/en\/#\/schema\/logo\/image\/\",\"url\":\"https:\/\/cji.uniri.hr\/wp-content\/uploads\/cji_logo-removebg-preview-1-e1695380857613.png\",\"contentUrl\":\"https:\/\/cji.uniri.hr\/wp-content\/uploads\/cji_logo-removebg-preview-1-e1695380857613.png\",\"width\":170,\"height\":170,\"caption\":\"Centar za jezi\u010dna istra\u017eivanja\"},\"image\":{\"@id\":\"https:\/\/cji.uniri.hr\/en\/#\/schema\/logo\/image\/\"},\"sameAs\":[\"https:\/\/www.facebook.com\/CLARIJEKA\"]}]}<\/script>\n<!-- \/ Yoast SEO plugin. -->","yoast_head_json":{"title":"Mihaela Mate\u0161i\u0107 - Centar za jezi\u010dna istra\u017eivanja","robots":{"index":"index","follow":"follow","max-snippet":"max-snippet:-1","max-image-preview":"max-image-preview:large","max-video-preview":"max-video-preview:-1"},"canonical":"https:\/\/cji.uniri.hr\/en\/members\/mihaela-matesic\/","og_locale":"en_GB","og_type":"article","og_title":"Mihaela Mate\u0161i\u0107 - Centar za jezi\u010dna istra\u017eivanja","og_description":"&nbsp; Associate Professor University of Rijeka, Faculty of Humanities and Social Sciences Department of Croatian Language and Literature &nbsp; mmatesic@ffri.hr UNIRI Portfolio CROSBI &nbsp; Research Interests Croatian Standard Language, Phonology, Orthoepy, Orthography, Pragmatics, Cognitive Linguistics &nbsp; Selected Publications Croatian Scientific Bibliography &nbsp; Projects","og_url":"https:\/\/cji.uniri.hr\/en\/members\/mihaela-matesic\/","og_site_name":"Centar za jezi\u010dna istra\u017eivanja","article_publisher":"https:\/\/www.facebook.com\/CLARIJEKA","article_modified_time":"2019-09-03T11:39:05+00:00","twitter_card":"summary_large_image","schema":{"@context":"https:\/\/schema.org","@graph":[{"@type":"WebPage","@id":"https:\/\/cji.uniri.hr\/en\/members\/mihaela-matesic\/","url":"https:\/\/cji.uniri.hr\/en\/members\/mihaela-matesic\/","name":"Mihaela Mate\u0161i\u0107 - Centar za jezi\u010dna istra\u017eivanja","isPartOf":{"@id":"https:\/\/cji.uniri.hr\/en\/#website"},"datePublished":"2019-09-03T09:50:00+00:00","dateModified":"2019-09-03T11:39:05+00:00","breadcrumb":{"@id":"https:\/\/cji.uniri.hr\/en\/members\/mihaela-matesic\/#breadcrumb"},"inLanguage":"en-GB","potentialAction":[{"@type":"ReadAction","target":["https:\/\/cji.uniri.hr\/en\/members\/mihaela-matesic\/"]}]},{"@type":"BreadcrumbList","@id":"https:\/\/cji.uniri.hr\/en\/members\/mihaela-matesic\/#breadcrumb","itemListElement":[{"@type":"ListItem","position":1,"name":"Po\u010detna stranica","item":"https:\/\/cji.uniri.hr\/en\/"},{"@type":"ListItem","position":2,"name":"ENGLISH","item":"https:\/\/cji.uniri.hr\/hr\/en\/"},{"@type":"ListItem","position":3,"name":"Members","item":"https:\/\/cji.uniri.hr\/hr\/en\/members\/"},{"@type":"ListItem","position":4,"name":"Mihaela Mate\u0161i\u0107"}]},{"@type":"WebSite","@id":"https:\/\/cji.uniri.hr\/en\/#website","url":"https:\/\/cji.uniri.hr\/en\/","name":"Center for Language Research","description":"","publisher":{"@id":"https:\/\/cji.uniri.hr\/en\/#organization"},"potentialAction":[{"@type":"SearchAction","target":{"@type":"EntryPoint","urlTemplate":"https:\/\/cji.uniri.hr\/en\/?s={search_term_string}"},"query-input":"required name=search_term_string"}],"inLanguage":"en-GB"},{"@type":"Organization","@id":"https:\/\/cji.uniri.hr\/en\/#organization","name":"Center for Language Research","url":"https:\/\/cji.uniri.hr\/en\/","logo":{"@type":"ImageObject","inLanguage":"en-GB","@id":"https:\/\/cji.uniri.hr\/en\/#\/schema\/logo\/image\/","url":"https:\/\/cji.uniri.hr\/wp-content\/uploads\/cji_logo-removebg-preview-1-e1695380857613.png","contentUrl":"https:\/\/cji.uniri.hr\/wp-content\/uploads\/cji_logo-removebg-preview-1-e1695380857613.png","width":170,"height":170,"caption":"Centar za jezi\u010dna istra\u017eivanja"},"image":{"@id":"https:\/\/cji.uniri.hr\/en\/#\/schema\/logo\/image\/"},"sameAs":["https:\/\/www.facebook.com\/CLARIJEKA"]}]}},"_links":{"self":[{"href":"https:\/\/cji.uniri.hr\/en\/wp-json\/wp\/v2\/pages\/1403"}],"collection":[{"href":"https:\/\/cji.uniri.hr\/en\/wp-json\/wp\/v2\/pages"}],"about":[{"href":"https:\/\/cji.uniri.hr\/en\/wp-json\/wp\/v2\/types\/page"}],"author":[{"embeddable":true,"href":"https:\/\/cji.uniri.hr\/en\/wp-json\/wp\/v2\/users\/4"}],"replies":[{"embeddable":true,"href":"https:\/\/cji.uniri.hr\/en\/wp-json\/wp\/v2\/comments?post=1403"}],"version-history":[{"count":5,"href":"https:\/\/cji.uniri.hr\/en\/wp-json\/wp\/v2\/pages\/1403\/revisions"}],"predecessor-version":[{"id":1438,"href":"https:\/\/cji.uniri.hr\/en\/wp-json\/wp\/v2\/pages\/1403\/revisions\/1438"}],"up":[{"embeddable":true,"href":"https:\/\/cji.uniri.hr\/en\/wp-json\/wp\/v2\/pages\/227"}],"wp:attachment":[{"href":"https:\/\/cji.uniri.hr\/en\/wp-json\/wp\/v2\/media?parent=1403"}],"curies":[{"name":"wp","href":"https:\/\/api.w.org\/{rel}","templated":true}]}}