{"id":290,"date":"2015-10-01T19:02:30","date_gmt":"2015-10-01T17:02:30","guid":{"rendered":"http:\/\/cji.uniri.hr\/?page_id=290"},"modified":"2016-06-12T11:26:25","modified_gmt":"2016-06-12T09:26:25","slug":"clarc2016poziv","status":"publish","type":"page","link":"https:\/\/cji.uniri.hr\/en\/hr\/konferencija\/clarc2016poziv\/","title":{"rendered":"CLARC 2016 Poziv"},"content":{"rendered":"<h2 id=\"vrh\">Perspektive jezi\u010dnoga planiranja i jezi\u010dne politike<\/h2>\n<h3>International Scientific Conference<\/h3>\n<h4>Filozofski fakultet,\u00a0Sveu\u010dili\u0161te u Rijeci<\/h4>\n<h4>3., 4. \u00a0i 5.\u00a0lipnja 2016.<\/h4>\n<hr \/>\n<p><a href=\"https:\/\/cji.uniri.hr\/wp-content\/uploads\/CLARC2016_KnjigaSazetaka.pdf\" rel=\"\">Knjiga sa\u017eetaka<\/a> | <a href=\"#poziv\">Poziv<\/a> | <a href=\"#teme\">Popis tema<\/a> | <a href=\"#odbor\">Programski\/organizacijski odbor<\/a> | <a href=\"#jezici\">Jezici skupa<\/a> | <a href=\"#prijava\">Prijava<\/a> | <a href=\"#kotizacija\">Kotizacija<\/a> | <a href=\"#smjestaj\">Prijevoz i smje\u0161taj<\/a> | <a href=\"#objavljivanje\">Objavljivanje radova<\/a> | <a href=\"#datumi\">Important Dates<\/a> | <a href=\"#kontakt\">Contact<\/a><\/p>\n<hr \/>\n<p>Centar za jezi\u010dna istra\u017eivanja (CJI) pri <a href=\"http:\/\/www.ffri.uniri.hr\" target=\"_blank\">Filozofskome fakultetu u Rijeci<\/a>, u suradnji s <a href=\"http:\/\/www.ihjj.hr\" target=\"_blank\">Institute for Croatian Language and Linguistics <\/a>(IHJJ), organizira me\u0111unarodni znanstveni skup posve\u0107en jezi\u010dnomu planiranju i jezi\u010dnoj politici (jezi\u010dnim politikama).<\/p>\n<p>Mogu\u0107nost prijave izlaganja otvorena je za bilo koju temu iz podru\u010dja jezi\u010dnoga planiranja i jezi\u010dne politike (jezi\u010dnih politika) bilo iz perspektive razli\u010ditih jezikoslovnih disciplina bilo iz perspektive drugih humanisti\u010dkih i dru\u0161tvenih znanosti. Prijedlozi izlaganja mogu se odnositi na bilo koji jezik, dru\u0161tveni kontekst ili povijesno razdoblje, a bit \u0107e svrstani u op\u0107i dio skupa.<\/p>\n<p>U okviru skupa, u suradnji s IHJJ-om, organiziramo i posebnu sekciju pod nazivom <strong><em>\u010cetvrt stolje\u0107a samostalnoga razvoja hrvatskoga jezika<\/em><\/strong>. U sklopu te sekcije o\u010dekujemo izlaganja u kojima se pitanja jezi\u010dnoga planiranja i jezi\u010dnih politika razmatraju s obzirom na okolnosti i stanje u hrvatskome jeziku od 1990. godine naovamo.<\/p>\n<p style=\"text-align: right;\"><a href=\"#vrh\">Povratak na vrh<\/a><\/p>\n<hr \/>\n<h3 id=\"teme\">Popis tema<\/h3>\n<p>U tome smislu slobodni smo preporu\u010diti sljede\u0107i popis tema, koji se mo\u017ee pro\u0161iriti i drugim sli\u010dnim temama:<\/p>\n<ul>\n<li>Planiranje statusa (definiranje komunikacijskoga prostora i dosega svih idioma u javnoj komunikaciji)<\/li>\n<li>Planiranje korpusa (standardizacija i normiranje jezika)<\/li>\n<li>Institucionalizirano djelovanje na jezik (uloga institucija u razvoju standardnoga jezika te u promicanju i o\u010duvanju jezi\u010dne kulture)<\/li>\n<li>Provo\u0111enje jezi\u010dne politike u praksi<\/li>\n<li>Jezi\u010dne tehnologije u slu\u017ebi jezi\u010dne standardizacije<\/li>\n<li>Standard i nestandardni idiom(i)<\/li>\n<li>Stavovi prema idiomima vlastitoga jezika<\/li>\n<li>Elementi jezi\u010dne politike<\/li>\n<li>Dr\u017eavna jezi\u010dna politika<\/li>\n<li>Direktivna i liberalna jezi\u010dna politika<\/li>\n<li>Eksplicitna (slu\u017ebena) i implicitna (pre\u0161utna) jezi\u010dna politika<\/li>\n<li>Dru\u0161tveni kontekst jezi\u010dne politike<\/li>\n<li>Jezi\u010dna politika kao dio op\u0107e politike<\/li>\n<li>Jezi\u010dna politika kao dio lingvistike<\/li>\n<li>Jezik kao instrument politi\u010dke (dru\u0161tvene) kontrole<\/li>\n<li>Jezi\u010dna ideologija<\/li>\n<li>Jezik javne komunikacije kao objekt ideologizacije<\/li>\n<li>Jezi\u010dna politika i politi\u010dki diskurs<\/li>\n<li>Uloga medija u oblikovanju i provedbi jezi\u010dne politike<\/li>\n<li>Jezi\u010dna manipulacija: politi\u010dka retorika<\/li>\n<li>Normativni priru\u010dnici: rje\u010dnici (jednojezi\u010dni i vi\u0161ejezi\u010dni, op\u0107i, stru\u010dni i terminolo\u0161ki), gramatike, pravopisi, jezi\u010dni savjetnici<\/li>\n<li>Standardizacija i restandardizacija u pravopisu, pravogovoru, gramatici i leksiku<\/li>\n<li>Pojam i mjesto uzusa u standardizaciji i restandardizaciji<\/li>\n<li>Jezi\u010dni purizam<\/li>\n<li>Novogovor i politi\u010dka korektnost<\/li>\n<li>Pomodnost i presti\u017e u jeziku<\/li>\n<li>Razvoj jezi\u010dne kulture \u2013 problem zakona o jeziku<\/li>\n<li>Jezi\u010dna, komunikacijska i pragmati\u010dka kompetencija<\/li>\n<li>Govoreni i pisani jezik (odnos prema normi)<\/li>\n<li>Kultura verbalnog komuniciranja (pragmatika i retorika)<\/li>\n<li>Izumiranje i o\u017eivljavanje jezika (idioma)<\/li>\n<li>Novije dijalektolo\u0161ke teorije i istra\u017eivanja dijalekata u okvirima jezi\u010dnoga planiranja i jezi\u010dne politike<\/li>\n<li>Status i korpus urbanih dijalekata (odnos urbanih dijalekata prema tradicionalnim dijalektima i prema standardnome jeziku te mjesto urbanih dijalekata u sociokulturnoj hijerarhiji)<\/li>\n<li>Jezici manjinskih skupina u kontekstu jezi\u010dnoga planiranja i jezi\u010dne politike (jezi\u010dnih politika)<\/li>\n<li>Provedba posebnih jezi\u010dnih prava \u2013 obrazovanje i jezici manjinskih skupina, mediji i jezici manjinskih skupina<\/li>\n<li>Language and identity<\/li>\n<li>Izazovi globalne komunikacije \u2013 jezi\u010dni imperijalizam<\/li>\n<li>Budu\u0107nost jezi\u010dne raznolikosti \u2013 mali i veliki jezici<\/li>\n<\/ul>\n<p style=\"text-align: right;\"><a href=\"#vrh\">Povratak na vrh<\/a><\/p>\n<hr \/>\n<h3 id=\"odbor\">Programski\/organizacijski odbor<\/h3>\n<ul>\n<li>Mihaela Mate\u0161i\u0107, predsjednica<\/li>\n<li>Ermina Ramadanovi\u0107, potpredsjednica<\/li>\n<li>Zvjezdana Vrzi\u0107, potpredsjednica<\/li>\n<li>Mirjana Crni\u0107 Novosel, tajnica<\/li>\n<li>Perina Vuk\u0161a Nahod, tajnica<\/li>\n<li>Diana Stolac<\/li>\n<li>\u017deljko Jozi\u0107<\/li>\n<li>Aneta Stoji\u0107<\/li>\n<li>Branka Drlja\u010da Margi\u0107<\/li>\n<li>Gianna Mazzieri Sankovi\u0107<\/li>\n<li>Cecilija Jur\u010di\u0107 Katunar<\/li>\n<li>Benedikt Perak<\/li>\n<li>Iris Vidmar<\/li>\n<li>Mirela Fu\u0161<\/li>\n<\/ul>\n<p style=\"text-align: right;\"><a href=\"#vrh\">Povratak na vrh<\/a><\/p>\n<hr \/>\n<h3 id=\"jezici\">Jezici skupa<\/h3>\n<p>hrvatski i engleski<\/p>\n<p style=\"text-align: right;\"><a href=\"#vrh\">Povratak na vrh<\/a><\/p>\n<hr \/>\n<h3 id=\"prijava\">Prijava<\/h3>\n<p>Predvi\u0111eno trajanje izlaganja je <strong>20 minuta<\/strong>, a nakon svakoga izlaganja slijedi desetominutna rasprava. Za prijavu izlaganja potrebno je putem sustava <em>EasyAbs<\/em>, na poveznici:<\/p>\n<p><a href=\"http:\/\/linguistlist.org\/easyabs\/clarc2016\" target=\"_blank\">http:\/\/linguistlist.org\/easyabs\/clarc2016<\/a><\/p>\n<p>Molimo dostaviti u odgovaraju\u0107emu formatu (.pdf, .doc ili .docx) <strong>naslov, sa\u017eetak od 500 rije\u010di te tri klju\u010dne rije\u010di<\/strong>:<\/p>\n<ol>\n<li>na hrvatskome i engleskome jeziku ili<\/li>\n<li>na engleskome jeziku.<\/li>\n<\/ol>\n<p>Radi o\u010duvanja anonimnosti tijekom recenzentskoga postupka naslov, sa\u017eetak i klju\u010dne rije\u010di ne smiju sadr\u017eavati ime i prezime autora.<\/p>\n<p>Rok za predaju prijedloga je <strong>25. velja\u010de 2016. godine<\/strong>.<\/p>\n<p>Jedan autor mo\u017ee prijaviti do dva izlaganja uz uvjet da su oba izlaganja u suautorstvu ili je jedno izlaganje samostalno, a drugo u suautorstvu.<\/p>\n<p>Nakon recenzentskoga postupka obavijest o prihva\u0107anju sa\u017eetaka sudionici \u0107e primiti do 15. o\u017eujka 2016. godine.<\/p>\n<p style=\"text-align: right;\"><a href=\"#vrh\">Povratak na vrh<\/a><\/p>\n<hr \/>\n<h3 id=\"kotizacija\">Kotizacija<\/h3>\n<p>Kotizacija uklju\u010duje tro\u0161kove tiskanja knjige sa\u017eetaka, kongresne materijale i osvje\u017eenja u stankama.<br \/>\nTiskanu knjigu prihva\u0107enih sa\u017eetaka sudionici \u0107e dobiti pri registraciji na skupu.<\/p>\n<ul>\n<li><strong>Iznos kotizacije<\/strong><\/li>\n<\/ul>\n<p>Uplate iz inozemstva: 60 EUR (rana prijava), 75 EUR (kasna prijava)<\/p>\n<p>Uplate iz Hrvatske: 450 HRK (rana prijava), 570 HRK (kasna prijava)<\/p>\n<ul>\n<li>\n<h4>Datum uplate<\/h4>\n<\/li>\n<\/ul>\n<p>Za ranu prijavu kotizaciju je potrebno uplatiti od 25. velja\u010de do 25. o\u017eujka, a za kasnu prijavu uplate kotizacija primat \u0107e se od 26. o\u017eujka do 25. svibnja 2016. godine.<\/p>\n<ul>\n<li>\n<h4>Na\u010din uplate<\/h4>\n<\/li>\n<\/ul>\n<p>Izlaga\u010di \u0107e uz obavijest o prihva\u0107anju sa\u017eetka primiti i podatke o na\u010dinu uplate kotizacije. Svi ostali sudionici podatke o na\u010dinu uplate mo\u0107i \u0107e prona\u0107i od 25. velja\u010de 2016. godine na mre\u017enim stranicama skupa.<\/p>\n<ul>\n<li>\n<h4>Kotizacija za slu\u0161a\u010de<\/h4>\n<\/li>\n<\/ul>\n<p>Kotizacija za slu\u0161a\u010de na skupu CLARC2016 iznosi 225 HRK, a potrebno ju je uplatiti prema specifikacijama o uplati koje su navedene u pozivu na skup do 1. lipnja 2016. te obavezno poslati potvrdu o uplati na adresu:<br \/>\n<a href=\"mailto:clarc2016@cji.uniri.hr\">clarc2016@cji.uniri.hr<\/a>.<\/p>\n<p>Upute za uplatu kotizacije iz Hrvatske potrebno je izvr\u0161iti nalogom za<br \/>\npla\u0107anje prema sljede\u0107im odrednicama:<\/p>\n<p>&#8211; ime i prezime te to\u010dna adresa uplatitelja<br \/>\n&#8211; primatelj: Filozofski fakultet, Sveu\u010dili\u0161na avenija 4, 51000 Rijeka<br \/>\n<span class=\"im\">&#8211; IBAN: HR9123600001101536455 (Zagreba\u010dka banka d. d., Zagreb, Paromlinska 2)<br \/>\n<\/span>&#8211; u poziv na broj odobrenja upisati: 6615111-18<br \/>\n&#8211; iznos kotizacije: 450 HRK (rana prijava, do 25. o\u017eujka 2016.), 570 HRK<br \/>\n(kasna prijava, od 26. o\u017eujka do 25. svibnja 2016.).<\/p>\n<p style=\"text-align: right;\"><a href=\"#vrh\">Povratak na vrh<\/a><\/p>\n<hr \/>\n<h3 id=\"smjestaj\">Prijevoz i smje\u0161taj<\/h3>\n<p>Organizator ne mo\u017ee snositi tro\u0161kove smje\u0161taja i prijevoza sudionika. <a href=\"https:\/\/cji.uniri.hr\/en\/konferencija\/clarc2016smjestaj\/\">Informacije o smje\u0161taju mo\u017eete na\u0107i na ovoj stranici.<\/a><strong><br \/>\n<\/strong><\/p>\n<p style=\"text-align: right;\"><a href=\"#vrh\">Povratak na vrh<\/a><\/p>\n<hr \/>\n<h3 id=\"objavljivanje\">Objavljivanje radova<\/h3>\n<p>Radovi sa skupa predani do 1. rujna 2016. bit \u0107e objavljeni u \u010dasopisu <em>Rasprave: \u010casopis Instituta za hrvatski jezik i jezikoslovlje<\/em> (br. 42\/2 2016.) te \u0107e biti recenzirani prema uobi\u010dajenome recenzentskom postupku toga \u010dasopisa.<\/p>\n<p style=\"text-align: right;\"><a href=\"#vrh\">Povratak na vrh<\/a><\/p>\n<hr \/>\n<h3 id=\"datumi\">Important Dates<\/h3>\n<p>Prijava: <strong>25. velja\u010de 2016.<\/strong><\/p>\n<p>Obavijest o prihva\u0107anju sa\u017eetaka: <strong>do 15. o\u017eujka 2016.<\/strong><\/p>\n<p>Uplata kotizacije:<\/p>\n<ul>\n<li>rana prijava: <strong>do 25. o\u017eujka 2016.<\/strong><\/li>\n<li>kasna prijava <strong>od 26. o\u017eujka do 25. svibnja 2016.<\/strong><\/li>\n<\/ul>\n<p>Odr\u017eavanje skupa: <strong>3.<\/strong>, <strong>4. i 5. lipnja 2016<\/strong>.<\/p>\n<p>Slanje rukopisa: <strong>1. rujna 2016.<\/strong><\/p>\n<p style=\"text-align: right;\"><a href=\"#vrh\">Povratak na vrh<\/a><\/p>\n<hr \/>\n<p>O\u010dekuju\u0107i va\u0161u prijavu, najsrda\u010dnije vas pozdravljamo!<\/p>\n<p>Za Programski\/organizacijski odbor:<\/p>\n<p>dr. sc. Mihaela Mate\u0161i\u0107, predsjednica<\/p>\n<p style=\"text-align: right;\"><a href=\"#vrh\">Povratak na vrh<\/a><\/p>\n<hr \/>\n<h3 id=\"kontakt\">Contact<\/h3>\n<p>dr. sc. Mirjana Crni\u0107 Novosel, tajnica<\/p>\n<p>Adresa e-po\u0161te: <a href=\"mailto:clarc2016@cji.uniri.hr\">clarc2016@cji.uniri.hr<\/a><\/p>\n<p style=\"text-align: right;\"><a href=\"#vrh\">Povratak na vrh<\/a><\/p>\n<hr \/>","protected":false},"excerpt":{"rendered":"<p>Perspektive jezi\u010dnoga planiranja i jezi\u010dne politike Me\u0111unarodni znanstveni skup Filozofski fakultet,\u00a0Sveu\u010dili\u0161te u Rijeci 3., 4. \u00a0i 5.\u00a0lipnja 2016. Knjiga sa\u017eetaka | Poziv | Popis tema | Programski\/organizacijski odbor | Jezici skupa | Prijava | Kotizacija | Prijevoz i smje\u0161taj | Objavljivanje radova | Va\u017eni datumi | Kontakt Centar za jezi\u010dna istra\u017eivanja (CJI) pri Filozofskome fakultetu [&hellip;]<\/p>\n","protected":false},"author":6,"featured_media":0,"parent":286,"menu_order":0,"comment_status":"closed","ping_status":"closed","template":"konferencije.php","meta":{"_themeisle_gutenberg_block_has_review":false},"yoast_head":"<!-- This site is optimized with the Yoast SEO plugin v21.0 - https:\/\/yoast.com\/wordpress\/plugins\/seo\/ -->\n<title>CLARC 2016 Poziv - Centar za jezi\u010dna istra\u017eivanja<\/title>\n<meta name=\"robots\" content=\"index, follow, max-snippet:-1, max-image-preview:large, max-video-preview:-1\" \/>\n<link rel=\"canonical\" href=\"https:\/\/cji.uniri.hr\/en\/hr\/konferencija\/clarc2016poziv\/\" \/>\n<meta property=\"og:locale\" content=\"en_GB\" \/>\n<meta property=\"og:type\" content=\"article\" \/>\n<meta property=\"og:title\" content=\"CLARC 2016 Poziv - Centar za jezi\u010dna istra\u017eivanja\" \/>\n<meta property=\"og:description\" content=\"Perspektive jezi\u010dnoga planiranja i jezi\u010dne politike Me\u0111unarodni znanstveni skup Filozofski fakultet,\u00a0Sveu\u010dili\u0161te u Rijeci 3., 4. \u00a0i 5.\u00a0lipnja 2016. Knjiga sa\u017eetaka | Poziv | Popis tema | Programski\/organizacijski odbor | Jezici skupa | Prijava | Kotizacija | Prijevoz i smje\u0161taj | Objavljivanje radova | Va\u017eni datumi | Kontakt Centar za jezi\u010dna istra\u017eivanja (CJI) pri Filozofskome fakultetu [&hellip;]\" \/>\n<meta property=\"og:url\" content=\"https:\/\/cji.uniri.hr\/en\/hr\/konferencija\/clarc2016poziv\/\" \/>\n<meta property=\"og:site_name\" content=\"Centar za jezi\u010dna istra\u017eivanja\" \/>\n<meta property=\"article:publisher\" content=\"https:\/\/www.facebook.com\/CLARIJEKA\" \/>\n<meta property=\"article:modified_time\" content=\"2016-06-12T09:26:25+00:00\" \/>\n<meta name=\"twitter:card\" content=\"summary_large_image\" \/>\n<meta name=\"twitter:label1\" content=\"Estimated reading time\" \/>\n\t<meta name=\"twitter:data1\" content=\"6 minutes\" \/>\n<script type=\"application\/ld+json\" class=\"yoast-schema-graph\">{\"@context\":\"https:\/\/schema.org\",\"@graph\":[{\"@type\":\"WebPage\",\"@id\":\"https:\/\/cji.uniri.hr\/hr\/hr\/konferencija\/clarc2016poziv\/\",\"url\":\"https:\/\/cji.uniri.hr\/hr\/hr\/konferencija\/clarc2016poziv\/\",\"name\":\"CLARC 2016 Poziv - Centar za jezi\u010dna istra\u017eivanja\",\"isPartOf\":{\"@id\":\"https:\/\/cji.uniri.hr\/en\/#website\"},\"datePublished\":\"2015-10-01T17:02:30+00:00\",\"dateModified\":\"2016-06-12T09:26:25+00:00\",\"breadcrumb\":{\"@id\":\"https:\/\/cji.uniri.hr\/hr\/hr\/konferencija\/clarc2016poziv\/#breadcrumb\"},\"inLanguage\":\"en-GB\",\"potentialAction\":[{\"@type\":\"ReadAction\",\"target\":[\"https:\/\/cji.uniri.hr\/hr\/hr\/konferencija\/clarc2016poziv\/\"]}]},{\"@type\":\"BreadcrumbList\",\"@id\":\"https:\/\/cji.uniri.hr\/hr\/hr\/konferencija\/clarc2016poziv\/#breadcrumb\",\"itemListElement\":[{\"@type\":\"ListItem\",\"position\":1,\"name\":\"Po\u010detna stranica\",\"item\":\"https:\/\/cji.uniri.hr\/en\/\"},{\"@type\":\"ListItem\",\"position\":2,\"name\":\"HRVATSKI\",\"item\":\"https:\/\/cji.uniri.hr\/hr\/hr\/\"},{\"@type\":\"ListItem\",\"position\":3,\"name\":\"Konferencije\",\"item\":\"https:\/\/cji.uniri.hr\/hr\/hr\/konferencija\/\"},{\"@type\":\"ListItem\",\"position\":4,\"name\":\"CLARC 2016 Poziv\"}]},{\"@type\":\"WebSite\",\"@id\":\"https:\/\/cji.uniri.hr\/en\/#website\",\"url\":\"https:\/\/cji.uniri.hr\/en\/\",\"name\":\"Centar za jezi\u010dna istra\u017eivanja\",\"description\":\"\",\"publisher\":{\"@id\":\"https:\/\/cji.uniri.hr\/en\/#organization\"},\"potentialAction\":[{\"@type\":\"SearchAction\",\"target\":{\"@type\":\"EntryPoint\",\"urlTemplate\":\"https:\/\/cji.uniri.hr\/en\/?s={search_term_string}\"},\"query-input\":\"required name=search_term_string\"}],\"inLanguage\":\"en-GB\"},{\"@type\":\"Organization\",\"@id\":\"https:\/\/cji.uniri.hr\/en\/#organization\",\"name\":\"Centar za jezi\u010dna istra\u017eivanja\",\"url\":\"https:\/\/cji.uniri.hr\/en\/\",\"logo\":{\"@type\":\"ImageObject\",\"inLanguage\":\"en-GB\",\"@id\":\"https:\/\/cji.uniri.hr\/en\/#\/schema\/logo\/image\/\",\"url\":\"https:\/\/cji.uniri.hr\/wp-content\/uploads\/cji_logo-removebg-preview-1-e1695380857613.png\",\"contentUrl\":\"https:\/\/cji.uniri.hr\/wp-content\/uploads\/cji_logo-removebg-preview-1-e1695380857613.png\",\"width\":170,\"height\":170,\"caption\":\"Centar za jezi\u010dna istra\u017eivanja\"},\"image\":{\"@id\":\"https:\/\/cji.uniri.hr\/en\/#\/schema\/logo\/image\/\"},\"sameAs\":[\"https:\/\/www.facebook.com\/CLARIJEKA\"]}]}<\/script>\n<!-- \/ Yoast SEO plugin. -->","yoast_head_json":{"title":"CLARC 2016 Poziv - Centar za jezi\u010dna istra\u017eivanja","robots":{"index":"index","follow":"follow","max-snippet":"max-snippet:-1","max-image-preview":"max-image-preview:large","max-video-preview":"max-video-preview:-1"},"canonical":"https:\/\/cji.uniri.hr\/en\/hr\/konferencija\/clarc2016poziv\/","og_locale":"en_GB","og_type":"article","og_title":"CLARC 2016 Poziv - Centar za jezi\u010dna istra\u017eivanja","og_description":"Perspektive jezi\u010dnoga planiranja i jezi\u010dne politike Me\u0111unarodni znanstveni skup Filozofski fakultet,\u00a0Sveu\u010dili\u0161te u Rijeci 3., 4. \u00a0i 5.\u00a0lipnja 2016. Knjiga sa\u017eetaka | Poziv | Popis tema | Programski\/organizacijski odbor | Jezici skupa | Prijava | Kotizacija | Prijevoz i smje\u0161taj | Objavljivanje radova | Va\u017eni datumi | Kontakt Centar za jezi\u010dna istra\u017eivanja (CJI) pri Filozofskome fakultetu [&hellip;]","og_url":"https:\/\/cji.uniri.hr\/en\/hr\/konferencija\/clarc2016poziv\/","og_site_name":"Centar za jezi\u010dna istra\u017eivanja","article_publisher":"https:\/\/www.facebook.com\/CLARIJEKA","article_modified_time":"2016-06-12T09:26:25+00:00","twitter_card":"summary_large_image","twitter_misc":{"Estimated reading time":"6 minutes"},"schema":{"@context":"https:\/\/schema.org","@graph":[{"@type":"WebPage","@id":"https:\/\/cji.uniri.hr\/hr\/hr\/konferencija\/clarc2016poziv\/","url":"https:\/\/cji.uniri.hr\/hr\/hr\/konferencija\/clarc2016poziv\/","name":"CLARC 2016 Poziv - Centar za jezi\u010dna istra\u017eivanja","isPartOf":{"@id":"https:\/\/cji.uniri.hr\/en\/#website"},"datePublished":"2015-10-01T17:02:30+00:00","dateModified":"2016-06-12T09:26:25+00:00","breadcrumb":{"@id":"https:\/\/cji.uniri.hr\/hr\/hr\/konferencija\/clarc2016poziv\/#breadcrumb"},"inLanguage":"en-GB","potentialAction":[{"@type":"ReadAction","target":["https:\/\/cji.uniri.hr\/hr\/hr\/konferencija\/clarc2016poziv\/"]}]},{"@type":"BreadcrumbList","@id":"https:\/\/cji.uniri.hr\/hr\/hr\/konferencija\/clarc2016poziv\/#breadcrumb","itemListElement":[{"@type":"ListItem","position":1,"name":"Po\u010detna stranica","item":"https:\/\/cji.uniri.hr\/en\/"},{"@type":"ListItem","position":2,"name":"HRVATSKI","item":"https:\/\/cji.uniri.hr\/hr\/hr\/"},{"@type":"ListItem","position":3,"name":"Konferencije","item":"https:\/\/cji.uniri.hr\/hr\/hr\/konferencija\/"},{"@type":"ListItem","position":4,"name":"CLARC 2016 Poziv"}]},{"@type":"WebSite","@id":"https:\/\/cji.uniri.hr\/en\/#website","url":"https:\/\/cji.uniri.hr\/en\/","name":"Center for Language Research","description":"","publisher":{"@id":"https:\/\/cji.uniri.hr\/en\/#organization"},"potentialAction":[{"@type":"SearchAction","target":{"@type":"EntryPoint","urlTemplate":"https:\/\/cji.uniri.hr\/en\/?s={search_term_string}"},"query-input":"required name=search_term_string"}],"inLanguage":"en-GB"},{"@type":"Organization","@id":"https:\/\/cji.uniri.hr\/en\/#organization","name":"Center for Language Research","url":"https:\/\/cji.uniri.hr\/en\/","logo":{"@type":"ImageObject","inLanguage":"en-GB","@id":"https:\/\/cji.uniri.hr\/en\/#\/schema\/logo\/image\/","url":"https:\/\/cji.uniri.hr\/wp-content\/uploads\/cji_logo-removebg-preview-1-e1695380857613.png","contentUrl":"https:\/\/cji.uniri.hr\/wp-content\/uploads\/cji_logo-removebg-preview-1-e1695380857613.png","width":170,"height":170,"caption":"Centar za jezi\u010dna istra\u017eivanja"},"image":{"@id":"https:\/\/cji.uniri.hr\/en\/#\/schema\/logo\/image\/"},"sameAs":["https:\/\/www.facebook.com\/CLARIJEKA"]}]}},"_links":{"self":[{"href":"https:\/\/cji.uniri.hr\/en\/wp-json\/wp\/v2\/pages\/290"}],"collection":[{"href":"https:\/\/cji.uniri.hr\/en\/wp-json\/wp\/v2\/pages"}],"about":[{"href":"https:\/\/cji.uniri.hr\/en\/wp-json\/wp\/v2\/types\/page"}],"author":[{"embeddable":true,"href":"https:\/\/cji.uniri.hr\/en\/wp-json\/wp\/v2\/users\/6"}],"replies":[{"embeddable":true,"href":"https:\/\/cji.uniri.hr\/en\/wp-json\/wp\/v2\/comments?post=290"}],"version-history":[{"count":74,"href":"https:\/\/cji.uniri.hr\/en\/wp-json\/wp\/v2\/pages\/290\/revisions"}],"predecessor-version":[{"id":556,"href":"https:\/\/cji.uniri.hr\/en\/wp-json\/wp\/v2\/pages\/290\/revisions\/556"}],"up":[{"embeddable":true,"href":"https:\/\/cji.uniri.hr\/en\/wp-json\/wp\/v2\/pages\/286"}],"wp:attachment":[{"href":"https:\/\/cji.uniri.hr\/en\/wp-json\/wp\/v2\/media?parent=290"}],"curies":[{"name":"wp","href":"https:\/\/api.w.org\/{rel}","templated":true}]}}