{"id":3017,"date":"2023-06-02T09:49:39","date_gmt":"2023-06-02T07:49:39","guid":{"rendered":"https:\/\/cji.uniri.hr\/?page_id=3017"},"modified":"2023-06-02T09:49:39","modified_gmt":"2023-06-02T07:49:39","slug":"masa-pleskovic","status":"publish","type":"page","link":"https:\/\/cji.uniri.hr\/en\/masa-pleskovic\/","title":{"rendered":"Ma\u0161a Ple\u0161kovi\u0107"},"content":{"rendered":"<div id=\"wp-block-themeisle-blocks-accordion-60882594\" class=\"wp-block-themeisle-blocks-accordion exclusive\">\n<details class=\"wp-block-themeisle-blocks-accordion-item\"><summary class=\"wp-block-themeisle-blocks-accordion-item__title\"><div>Crosbi profil<\/div><\/summary><div class=\"wp-block-themeisle-blocks-accordion-item__content\">\n<iframe loading=\"lazy\" src=\"https:\/\/www.bib.irb.hr\/profile\/34486\" width=\"100%\" height=\"800\" frameborder=\"0\"><\/iframe>\n<\/div><\/details>\n\n\n\n<details class=\"wp-block-themeisle-blocks-accordion-item\"><summary class=\"wp-block-themeisle-blocks-accordion-item__title\"><div>Projects<\/div><\/summary><div class=\"wp-block-themeisle-blocks-accordion-item__content\">\n<iframe loading=\"lazy\" src=\"https:\/\/pdb.irb.hr:8443\/search?q=&#038;qId=34486&#038;q=Ma%C5%A1a+Ple%C5%A1kovi%C4%87+(MBZ%3A+365496%2C+CROSBI%3A+34486)&#038;type=leader&#038;limit=10\" width=\"100%\" height=\"800\" frameborder=\"0\"><\/iframe>\n<\/div><\/details>\n<\/div>","protected":false},"excerpt":{"rendered":"","protected":false},"author":2,"featured_media":0,"parent":0,"menu_order":0,"comment_status":"closed","ping_status":"closed","template":"","meta":{"_themeisle_gutenberg_block_has_review":false},"yoast_head":"<!-- This site is optimized with the Yoast SEO plugin v21.0 - https:\/\/yoast.com\/wordpress\/plugins\/seo\/ -->\n<title>Ma\u0161a Ple\u0161kovi\u0107 - Centar za jezi\u010dna istra\u017eivanja<\/title>\n<meta name=\"robots\" content=\"index, follow, max-snippet:-1, max-image-preview:large, max-video-preview:-1\" \/>\n<link rel=\"canonical\" href=\"https:\/\/cji.uniri.hr\/en\/masa-pleskovic\/\" \/>\n<meta property=\"og:locale\" content=\"en_GB\" \/>\n<meta property=\"og:type\" content=\"article\" \/>\n<meta property=\"og:title\" content=\"Ma\u0161a Ple\u0161kovi\u0107 - Centar za jezi\u010dna istra\u017eivanja\" \/>\n<meta property=\"og:url\" content=\"https:\/\/cji.uniri.hr\/en\/masa-pleskovic\/\" \/>\n<meta property=\"og:site_name\" content=\"Centar za jezi\u010dna istra\u017eivanja\" \/>\n<meta property=\"article:publisher\" content=\"https:\/\/www.facebook.com\/CLARIJEKA\" \/>\n<meta name=\"twitter:card\" content=\"summary_large_image\" \/>\n<script type=\"application\/ld+json\" class=\"yoast-schema-graph\">{\"@context\":\"https:\/\/schema.org\",\"@graph\":[{\"@type\":\"WebPage\",\"@id\":\"https:\/\/cji.uniri.hr\/hr\/masa-pleskovic\/\",\"url\":\"https:\/\/cji.uniri.hr\/hr\/masa-pleskovic\/\",\"name\":\"Ma\u0161a Ple\u0161kovi\u0107 - Centar za jezi\u010dna istra\u017eivanja\",\"isPartOf\":{\"@id\":\"https:\/\/cji.uniri.hr\/en\/#website\"},\"datePublished\":\"2023-06-02T07:49:39+00:00\",\"dateModified\":\"2023-06-02T07:49:39+00:00\",\"breadcrumb\":{\"@id\":\"https:\/\/cji.uniri.hr\/hr\/masa-pleskovic\/#breadcrumb\"},\"inLanguage\":\"en-GB\",\"potentialAction\":[{\"@type\":\"ReadAction\",\"target\":[\"https:\/\/cji.uniri.hr\/hr\/masa-pleskovic\/\"]}]},{\"@type\":\"BreadcrumbList\",\"@id\":\"https:\/\/cji.uniri.hr\/hr\/masa-pleskovic\/#breadcrumb\",\"itemListElement\":[{\"@type\":\"ListItem\",\"position\":1,\"name\":\"Po\u010detna stranica\",\"item\":\"https:\/\/cji.uniri.hr\/en\/\"},{\"@type\":\"ListItem\",\"position\":2,\"name\":\"Ma\u0161a Ple\u0161kovi\u0107\"}]},{\"@type\":\"WebSite\",\"@id\":\"https:\/\/cji.uniri.hr\/en\/#website\",\"url\":\"https:\/\/cji.uniri.hr\/en\/\",\"name\":\"Centar za jezi\u010dna istra\u017eivanja\",\"description\":\"\",\"publisher\":{\"@id\":\"https:\/\/cji.uniri.hr\/en\/#organization\"},\"potentialAction\":[{\"@type\":\"SearchAction\",\"target\":{\"@type\":\"EntryPoint\",\"urlTemplate\":\"https:\/\/cji.uniri.hr\/en\/?s={search_term_string}\"},\"query-input\":\"required name=search_term_string\"}],\"inLanguage\":\"en-GB\"},{\"@type\":\"Organization\",\"@id\":\"https:\/\/cji.uniri.hr\/en\/#organization\",\"name\":\"Centar za jezi\u010dna istra\u017eivanja\",\"url\":\"https:\/\/cji.uniri.hr\/en\/\",\"logo\":{\"@type\":\"ImageObject\",\"inLanguage\":\"en-GB\",\"@id\":\"https:\/\/cji.uniri.hr\/en\/#\/schema\/logo\/image\/\",\"url\":\"https:\/\/cji.uniri.hr\/wp-content\/uploads\/cji_logo-removebg-preview-1-e1695380857613.png\",\"contentUrl\":\"https:\/\/cji.uniri.hr\/wp-content\/uploads\/cji_logo-removebg-preview-1-e1695380857613.png\",\"width\":170,\"height\":170,\"caption\":\"Centar za jezi\u010dna istra\u017eivanja\"},\"image\":{\"@id\":\"https:\/\/cji.uniri.hr\/en\/#\/schema\/logo\/image\/\"},\"sameAs\":[\"https:\/\/www.facebook.com\/CLARIJEKA\"]}]}<\/script>\n<!-- \/ Yoast SEO plugin. -->","yoast_head_json":{"title":"Ma\u0161a Ple\u0161kovi\u0107 - Centar za jezi\u010dna istra\u017eivanja","robots":{"index":"index","follow":"follow","max-snippet":"max-snippet:-1","max-image-preview":"max-image-preview:large","max-video-preview":"max-video-preview:-1"},"canonical":"https:\/\/cji.uniri.hr\/en\/masa-pleskovic\/","og_locale":"en_GB","og_type":"article","og_title":"Ma\u0161a Ple\u0161kovi\u0107 - Centar za jezi\u010dna istra\u017eivanja","og_url":"https:\/\/cji.uniri.hr\/en\/masa-pleskovic\/","og_site_name":"Centar za jezi\u010dna istra\u017eivanja","article_publisher":"https:\/\/www.facebook.com\/CLARIJEKA","twitter_card":"summary_large_image","schema":{"@context":"https:\/\/schema.org","@graph":[{"@type":"WebPage","@id":"https:\/\/cji.uniri.hr\/hr\/masa-pleskovic\/","url":"https:\/\/cji.uniri.hr\/hr\/masa-pleskovic\/","name":"Ma\u0161a Ple\u0161kovi\u0107 - Centar za jezi\u010dna istra\u017eivanja","isPartOf":{"@id":"https:\/\/cji.uniri.hr\/en\/#website"},"datePublished":"2023-06-02T07:49:39+00:00","dateModified":"2023-06-02T07:49:39+00:00","breadcrumb":{"@id":"https:\/\/cji.uniri.hr\/hr\/masa-pleskovic\/#breadcrumb"},"inLanguage":"en-GB","potentialAction":[{"@type":"ReadAction","target":["https:\/\/cji.uniri.hr\/hr\/masa-pleskovic\/"]}]},{"@type":"BreadcrumbList","@id":"https:\/\/cji.uniri.hr\/hr\/masa-pleskovic\/#breadcrumb","itemListElement":[{"@type":"ListItem","position":1,"name":"Po\u010detna stranica","item":"https:\/\/cji.uniri.hr\/en\/"},{"@type":"ListItem","position":2,"name":"Ma\u0161a Ple\u0161kovi\u0107"}]},{"@type":"WebSite","@id":"https:\/\/cji.uniri.hr\/en\/#website","url":"https:\/\/cji.uniri.hr\/en\/","name":"Center for Language Research","description":"","publisher":{"@id":"https:\/\/cji.uniri.hr\/en\/#organization"},"potentialAction":[{"@type":"SearchAction","target":{"@type":"EntryPoint","urlTemplate":"https:\/\/cji.uniri.hr\/en\/?s={search_term_string}"},"query-input":"required name=search_term_string"}],"inLanguage":"en-GB"},{"@type":"Organization","@id":"https:\/\/cji.uniri.hr\/en\/#organization","name":"Center for Language Research","url":"https:\/\/cji.uniri.hr\/en\/","logo":{"@type":"ImageObject","inLanguage":"en-GB","@id":"https:\/\/cji.uniri.hr\/en\/#\/schema\/logo\/image\/","url":"https:\/\/cji.uniri.hr\/wp-content\/uploads\/cji_logo-removebg-preview-1-e1695380857613.png","contentUrl":"https:\/\/cji.uniri.hr\/wp-content\/uploads\/cji_logo-removebg-preview-1-e1695380857613.png","width":170,"height":170,"caption":"Centar za jezi\u010dna istra\u017eivanja"},"image":{"@id":"https:\/\/cji.uniri.hr\/en\/#\/schema\/logo\/image\/"},"sameAs":["https:\/\/www.facebook.com\/CLARIJEKA"]}]}},"_links":{"self":[{"href":"https:\/\/cji.uniri.hr\/en\/wp-json\/wp\/v2\/pages\/3017"}],"collection":[{"href":"https:\/\/cji.uniri.hr\/en\/wp-json\/wp\/v2\/pages"}],"about":[{"href":"https:\/\/cji.uniri.hr\/en\/wp-json\/wp\/v2\/types\/page"}],"author":[{"embeddable":true,"href":"https:\/\/cji.uniri.hr\/en\/wp-json\/wp\/v2\/users\/2"}],"replies":[{"embeddable":true,"href":"https:\/\/cji.uniri.hr\/en\/wp-json\/wp\/v2\/comments?post=3017"}],"version-history":[{"count":1,"href":"https:\/\/cji.uniri.hr\/en\/wp-json\/wp\/v2\/pages\/3017\/revisions"}],"predecessor-version":[{"id":3020,"href":"https:\/\/cji.uniri.hr\/en\/wp-json\/wp\/v2\/pages\/3017\/revisions\/3020"}],"wp:attachment":[{"href":"https:\/\/cji.uniri.hr\/en\/wp-json\/wp\/v2\/media?parent=3017"}],"curies":[{"name":"wp","href":"https:\/\/api.w.org\/{rel}","templated":true}]}}