{"id":312,"date":"2015-10-01T19:09:13","date_gmt":"2015-10-01T17:09:13","guid":{"rendered":"http:\/\/cji.uniri.hr\/?page_id=312"},"modified":"2015-11-10T22:54:57","modified_gmt":"2015-11-10T21:54:57","slug":"clarc2016accommodation","status":"publish","type":"page","link":"https:\/\/cji.uniri.hr\/en\/en\/conferences\/clarc2016accommodation\/","title":{"rendered":"CLARC 2016 Accommodation"},"content":{"rendered":"<h2>HOTELS<\/h2>\n<ul>\n<li><strong>Grand Hotel Bonavia<\/strong> **** (937 HRK)<br \/>\nAddress: Dolac 4, 51000, Rijeka<br \/>\nTelephone: 051 357 100<br \/>\n<a href=\"http:\/\/www.bonavia.hr\/\" target=\"_blank\">http:\/\/www.bonavia.hr\/<\/a><\/li>\n<li><strong>Best Western Hotel Jadran<\/strong> **** (733 HRK)<br \/>\nAddress: \u0160etali\u0161te XIII divizije 46, 51000, Rijeka<br \/>\nTelephone: 051 494 000<br \/>\n<a href=\"http:\/\/www.bestwestern-ce.com\/bwc\/hotel.ct?hotelId=89503\" target=\"_blank\">http:\/\/www.bestwestern-ce.com\/bwc\/hotel.ct?hotelId=89503<\/a><\/li>\n<li><strong>Hotel Neboder <\/strong>*** (594 HRK)<br \/>\nAddress: Ul. Josipa Jurja Strossmayera 1, 51000, Rijeka<br \/>\nTelephone: 051 373 538<br \/>\n<a href=\"http:\/\/www.jadran-hoteli.hr\/neboder\/\" target=\"_blank\">http:\/\/www.jadran-hoteli.hr\/neboder\/<\/a><\/li>\n<li><strong>Hotel Continental<\/strong>\u00a0*** (675 HRK)<br \/>\nAddress: \u0160etali\u0161te Andrije Ka\u010di\u0107a Mio\u0161i\u0107a 1, 51000, Rijeka<br \/>\nTelephone: 051 372 008<br \/>\n<a href=\"http:\/\/www.jadran-hoteli.hr\/continental\/\" target=\"_blank\">http:\/\/www.jadran-hoteli.hr\/continental\/<\/a><\/li>\n<\/ul>\n<h2>HOSTELS<\/h2>\n<ul>\n<li><strong><em>One world<\/em><\/strong>\u00a0 <a href=\"http:\/\/www.one-world.com.hr\/index.php\/hr\/\" target=\"_blank\">http:\/\/www.one-world.com.hr\/index.php\/hr\/<\/a><\/li>\n<li><strong><em>Marina<\/em><\/strong> <a href=\"http:\/\/www.botel-marina.com\/\" target=\"_blank\">http:\/\/www.botel-marina.com\/<\/a><\/li>\n<li><strong><em>Kosy<\/em><\/strong> <a href=\"mailto:hostelkosy@gmail.com\" target=\"_blank\">hostelkosy@gmail.com<\/a><\/li>\n<li><strong><em>Fun Hostel<\/em><\/strong> <a href=\"http:\/\/www.funhostel.hr\/\" target=\"_blank\">http:\/\/www.funhostel.hr\/<\/a><\/li>\n<li><strong><em>Dharma<\/em><\/strong> <a href=\"http:\/\/www.dharmahostels.com\/hr\/\" target=\"_blank\">http:\/\/www.dharmahostels.com\/hr\/<\/a><\/li>\n<li><strong><em>Das Hostel<\/em><\/strong> <a href=\"http:\/\/www.dashostel.hr\/\" target=\"_blank\">http:\/\/www.dashostel.hr\/<\/a><\/li>\n<\/ul>\n<h3>Other resources<\/h3>\n<ul>\n<li><a href=\"http:\/\/www.visitrijeka.hr\/gdje_odsjesti\/hosteli_i_prenocista\" target=\"_blank\">Tourist Information Centre Rijeka<\/a><\/li>\n<li><a href=\"https:\/\/www.google.hr\/search?q=rijeka+hoteli&amp;ie=utf-8&amp;oe=utf-8&amp;gws_rd=cr&amp;ei=95s8VvnAC8TWUevpp9AD#q=rijeka+hoteli&amp;rflfq=1&amp;tbm=lcl&amp;rlfi=hd:;si:18057472245071618090\" target=\"_blank\">Google Search<\/a><\/li>\n<li><a href=\"https:\/\/www.airbnb.com\/s\/Rijeka--Croatia?guests=&amp;checkin=&amp;ss_id=47782aez&amp;source=bb\" target=\"_blank\">Airbnb<\/a><\/li>\n<\/ul>","protected":false},"excerpt":{"rendered":"<p>HOTELS Grand Hotel Bonavia **** (937 HRK) Address: Dolac 4, 51000, Rijeka Telephone: 051 357 100 http:\/\/www.bonavia.hr\/ Best Western Hotel Jadran **** (733 HRK) Address: \u0160etali\u0161te XIII divizije 46, 51000, Rijeka Telephone: 051 494 000 http:\/\/www.bestwestern-ce.com\/bwc\/hotel.ct?hotelId=89503 Hotel Neboder *** (594 HRK) Address: Ul. Josipa Jurja Strossmayera 1, 51000, Rijeka Telephone: 051 373 538 http:\/\/www.jadran-hoteli.hr\/neboder\/ Hotel [&hellip;]<\/p>\n","protected":false},"author":6,"featured_media":0,"parent":306,"menu_order":2,"comment_status":"closed","ping_status":"closed","template":"conferences.php","meta":{"_themeisle_gutenberg_block_has_review":false},"yoast_head":"<!-- This site is optimized with the Yoast SEO plugin v21.0 - https:\/\/yoast.com\/wordpress\/plugins\/seo\/ -->\n<title>CLARC 2016 Accommodation - Centar za jezi\u010dna istra\u017eivanja<\/title>\n<meta name=\"robots\" content=\"index, follow, max-snippet:-1, max-image-preview:large, max-video-preview:-1\" \/>\n<link rel=\"canonical\" href=\"https:\/\/cji.uniri.hr\/en\/en\/conferences\/clarc2016accommodation\/\" \/>\n<meta property=\"og:locale\" content=\"en_GB\" \/>\n<meta property=\"og:type\" content=\"article\" \/>\n<meta property=\"og:title\" content=\"CLARC 2016 Accommodation - Centar za jezi\u010dna istra\u017eivanja\" \/>\n<meta property=\"og:description\" content=\"HOTELS Grand Hotel Bonavia **** (937 HRK) Address: Dolac 4, 51000, Rijeka Telephone: 051 357 100 http:\/\/www.bonavia.hr\/ Best Western Hotel Jadran **** (733 HRK) Address: \u0160etali\u0161te XIII divizije 46, 51000, Rijeka Telephone: 051 494 000 http:\/\/www.bestwestern-ce.com\/bwc\/hotel.ct?hotelId=89503 Hotel Neboder *** (594 HRK) Address: Ul. Josipa Jurja Strossmayera 1, 51000, Rijeka Telephone: 051 373 538 http:\/\/www.jadran-hoteli.hr\/neboder\/ Hotel [&hellip;]\" \/>\n<meta property=\"og:url\" content=\"https:\/\/cji.uniri.hr\/en\/en\/conferences\/clarc2016accommodation\/\" \/>\n<meta property=\"og:site_name\" content=\"Centar za jezi\u010dna istra\u017eivanja\" \/>\n<meta property=\"article:publisher\" content=\"https:\/\/www.facebook.com\/CLARIJEKA\" \/>\n<meta property=\"article:modified_time\" content=\"2015-11-10T21:54:57+00:00\" \/>\n<meta name=\"twitter:card\" content=\"summary_large_image\" \/>\n<meta name=\"twitter:label1\" content=\"Estimated reading time\" \/>\n\t<meta name=\"twitter:data1\" content=\"1 minute\" \/>\n<script type=\"application\/ld+json\" class=\"yoast-schema-graph\">{\"@context\":\"https:\/\/schema.org\",\"@graph\":[{\"@type\":\"WebPage\",\"@id\":\"https:\/\/cji.uniri.hr\/hr\/en\/conferences\/clarc2016accommodation\/\",\"url\":\"https:\/\/cji.uniri.hr\/hr\/en\/conferences\/clarc2016accommodation\/\",\"name\":\"CLARC 2016 Accommodation - Centar za jezi\u010dna istra\u017eivanja\",\"isPartOf\":{\"@id\":\"https:\/\/cji.uniri.hr\/en\/#website\"},\"datePublished\":\"2015-10-01T17:09:13+00:00\",\"dateModified\":\"2015-11-10T21:54:57+00:00\",\"breadcrumb\":{\"@id\":\"https:\/\/cji.uniri.hr\/hr\/en\/conferences\/clarc2016accommodation\/#breadcrumb\"},\"inLanguage\":\"en-GB\",\"potentialAction\":[{\"@type\":\"ReadAction\",\"target\":[\"https:\/\/cji.uniri.hr\/hr\/en\/conferences\/clarc2016accommodation\/\"]}]},{\"@type\":\"BreadcrumbList\",\"@id\":\"https:\/\/cji.uniri.hr\/hr\/en\/conferences\/clarc2016accommodation\/#breadcrumb\",\"itemListElement\":[{\"@type\":\"ListItem\",\"position\":1,\"name\":\"Po\u010detna stranica\",\"item\":\"https:\/\/cji.uniri.hr\/en\/\"},{\"@type\":\"ListItem\",\"position\":2,\"name\":\"ENGLISH\",\"item\":\"https:\/\/cji.uniri.hr\/hr\/en\/\"},{\"@type\":\"ListItem\",\"position\":3,\"name\":\"Conferences\",\"item\":\"https:\/\/cji.uniri.hr\/hr\/en\/conferences\/\"},{\"@type\":\"ListItem\",\"position\":4,\"name\":\"CLARC 2016 Accommodation\"}]},{\"@type\":\"WebSite\",\"@id\":\"https:\/\/cji.uniri.hr\/en\/#website\",\"url\":\"https:\/\/cji.uniri.hr\/en\/\",\"name\":\"Centar za jezi\u010dna istra\u017eivanja\",\"description\":\"\",\"publisher\":{\"@id\":\"https:\/\/cji.uniri.hr\/en\/#organization\"},\"potentialAction\":[{\"@type\":\"SearchAction\",\"target\":{\"@type\":\"EntryPoint\",\"urlTemplate\":\"https:\/\/cji.uniri.hr\/en\/?s={search_term_string}\"},\"query-input\":\"required name=search_term_string\"}],\"inLanguage\":\"en-GB\"},{\"@type\":\"Organization\",\"@id\":\"https:\/\/cji.uniri.hr\/en\/#organization\",\"name\":\"Centar za jezi\u010dna istra\u017eivanja\",\"url\":\"https:\/\/cji.uniri.hr\/en\/\",\"logo\":{\"@type\":\"ImageObject\",\"inLanguage\":\"en-GB\",\"@id\":\"https:\/\/cji.uniri.hr\/en\/#\/schema\/logo\/image\/\",\"url\":\"https:\/\/cji.uniri.hr\/wp-content\/uploads\/cji_logo-removebg-preview-1-e1695380857613.png\",\"contentUrl\":\"https:\/\/cji.uniri.hr\/wp-content\/uploads\/cji_logo-removebg-preview-1-e1695380857613.png\",\"width\":170,\"height\":170,\"caption\":\"Centar za jezi\u010dna istra\u017eivanja\"},\"image\":{\"@id\":\"https:\/\/cji.uniri.hr\/en\/#\/schema\/logo\/image\/\"},\"sameAs\":[\"https:\/\/www.facebook.com\/CLARIJEKA\"]}]}<\/script>\n<!-- \/ Yoast SEO plugin. -->","yoast_head_json":{"title":"CLARC 2016 Accommodation - Centar za jezi\u010dna istra\u017eivanja","robots":{"index":"index","follow":"follow","max-snippet":"max-snippet:-1","max-image-preview":"max-image-preview:large","max-video-preview":"max-video-preview:-1"},"canonical":"https:\/\/cji.uniri.hr\/en\/en\/conferences\/clarc2016accommodation\/","og_locale":"en_GB","og_type":"article","og_title":"CLARC 2016 Accommodation - Centar za jezi\u010dna istra\u017eivanja","og_description":"HOTELS Grand Hotel Bonavia **** (937 HRK) Address: Dolac 4, 51000, Rijeka Telephone: 051 357 100 http:\/\/www.bonavia.hr\/ Best Western Hotel Jadran **** (733 HRK) Address: \u0160etali\u0161te XIII divizije 46, 51000, Rijeka Telephone: 051 494 000 http:\/\/www.bestwestern-ce.com\/bwc\/hotel.ct?hotelId=89503 Hotel Neboder *** (594 HRK) Address: Ul. Josipa Jurja Strossmayera 1, 51000, Rijeka Telephone: 051 373 538 http:\/\/www.jadran-hoteli.hr\/neboder\/ Hotel [&hellip;]","og_url":"https:\/\/cji.uniri.hr\/en\/en\/conferences\/clarc2016accommodation\/","og_site_name":"Centar za jezi\u010dna istra\u017eivanja","article_publisher":"https:\/\/www.facebook.com\/CLARIJEKA","article_modified_time":"2015-11-10T21:54:57+00:00","twitter_card":"summary_large_image","twitter_misc":{"Estimated reading time":"1 minute"},"schema":{"@context":"https:\/\/schema.org","@graph":[{"@type":"WebPage","@id":"https:\/\/cji.uniri.hr\/hr\/en\/conferences\/clarc2016accommodation\/","url":"https:\/\/cji.uniri.hr\/hr\/en\/conferences\/clarc2016accommodation\/","name":"CLARC 2016 Accommodation - Centar za jezi\u010dna istra\u017eivanja","isPartOf":{"@id":"https:\/\/cji.uniri.hr\/en\/#website"},"datePublished":"2015-10-01T17:09:13+00:00","dateModified":"2015-11-10T21:54:57+00:00","breadcrumb":{"@id":"https:\/\/cji.uniri.hr\/hr\/en\/conferences\/clarc2016accommodation\/#breadcrumb"},"inLanguage":"en-GB","potentialAction":[{"@type":"ReadAction","target":["https:\/\/cji.uniri.hr\/hr\/en\/conferences\/clarc2016accommodation\/"]}]},{"@type":"BreadcrumbList","@id":"https:\/\/cji.uniri.hr\/hr\/en\/conferences\/clarc2016accommodation\/#breadcrumb","itemListElement":[{"@type":"ListItem","position":1,"name":"Po\u010detna stranica","item":"https:\/\/cji.uniri.hr\/en\/"},{"@type":"ListItem","position":2,"name":"ENGLISH","item":"https:\/\/cji.uniri.hr\/hr\/en\/"},{"@type":"ListItem","position":3,"name":"Conferences","item":"https:\/\/cji.uniri.hr\/hr\/en\/conferences\/"},{"@type":"ListItem","position":4,"name":"CLARC 2016 Accommodation"}]},{"@type":"WebSite","@id":"https:\/\/cji.uniri.hr\/en\/#website","url":"https:\/\/cji.uniri.hr\/en\/","name":"Center for Language Research","description":"","publisher":{"@id":"https:\/\/cji.uniri.hr\/en\/#organization"},"potentialAction":[{"@type":"SearchAction","target":{"@type":"EntryPoint","urlTemplate":"https:\/\/cji.uniri.hr\/en\/?s={search_term_string}"},"query-input":"required name=search_term_string"}],"inLanguage":"en-GB"},{"@type":"Organization","@id":"https:\/\/cji.uniri.hr\/en\/#organization","name":"Center for Language Research","url":"https:\/\/cji.uniri.hr\/en\/","logo":{"@type":"ImageObject","inLanguage":"en-GB","@id":"https:\/\/cji.uniri.hr\/en\/#\/schema\/logo\/image\/","url":"https:\/\/cji.uniri.hr\/wp-content\/uploads\/cji_logo-removebg-preview-1-e1695380857613.png","contentUrl":"https:\/\/cji.uniri.hr\/wp-content\/uploads\/cji_logo-removebg-preview-1-e1695380857613.png","width":170,"height":170,"caption":"Centar za jezi\u010dna istra\u017eivanja"},"image":{"@id":"https:\/\/cji.uniri.hr\/en\/#\/schema\/logo\/image\/"},"sameAs":["https:\/\/www.facebook.com\/CLARIJEKA"]}]}},"_links":{"self":[{"href":"https:\/\/cji.uniri.hr\/en\/wp-json\/wp\/v2\/pages\/312"}],"collection":[{"href":"https:\/\/cji.uniri.hr\/en\/wp-json\/wp\/v2\/pages"}],"about":[{"href":"https:\/\/cji.uniri.hr\/en\/wp-json\/wp\/v2\/types\/page"}],"author":[{"embeddable":true,"href":"https:\/\/cji.uniri.hr\/en\/wp-json\/wp\/v2\/users\/6"}],"replies":[{"embeddable":true,"href":"https:\/\/cji.uniri.hr\/en\/wp-json\/wp\/v2\/comments?post=312"}],"version-history":[{"count":10,"href":"https:\/\/cji.uniri.hr\/en\/wp-json\/wp\/v2\/pages\/312\/revisions"}],"predecessor-version":[{"id":751,"href":"https:\/\/cji.uniri.hr\/en\/wp-json\/wp\/v2\/pages\/312\/revisions\/751"}],"up":[{"embeddable":true,"href":"https:\/\/cji.uniri.hr\/en\/wp-json\/wp\/v2\/pages\/306"}],"wp:attachment":[{"href":"https:\/\/cji.uniri.hr\/en\/wp-json\/wp\/v2\/media?parent=312"}],"curies":[{"name":"wp","href":"https:\/\/api.w.org\/{rel}","templated":true}]}}