{"id":416,"date":"2015-10-09T01:30:49","date_gmt":"2015-10-08T23:30:49","guid":{"rendered":"http:\/\/cji.uniri.hr\/?page_id=416"},"modified":"2019-09-03T13:22:30","modified_gmt":"2019-09-03T11:22:30","slug":"tihana-kras","status":"publish","type":"page","link":"https:\/\/cji.uniri.hr\/en\/hr\/clanovi\/tihana-kras\/","title":{"rendered":"Tihana Kra\u0161"},"content":{"rendered":"<h4><\/h4>\n<p>&nbsp;<\/p>\n<h4><em>izvanredna profesorica<\/em><\/h4>\n<h4><em>Sveu\u010dili\u0161te u Rijeci, Filozofski fakultet<\/em><\/h4>\n<h4><em>Odsjek za anglistiku<\/em><\/h4>\n<h4><\/h4>\n<p>&nbsp;<\/p>\n<h4>tkras@ffri.hr<\/h4>\n<h4><a href=\"https:\/\/portal.uniri.hr\/Portfelj\/1807\" target=\"_blank\" rel=\"noopener noreferrer\">UNIRI portfelj<\/a><\/h4>\n<h4><a href=\"https:\/\/www.bib.irb.hr\/pretraga?operators=and|Kra%C5%A1,%20Tihana%20(273514)|text|author\" target=\"_blank\" rel=\"noopener noreferrer\">CROSBI<\/a><\/h4>\n<h4><a href=\"https:\/\/scholar.google.com\/citations?hl=en&amp;view_op=list_works&amp;gmla=AJsN-F5I66Qv8dqV_Wwgo4VKGOJvyGWrsKoQOi9As3T9oW1wsUaoCbQanWbq-gA1KEOrS5n7Z3s0OLkb8YKS-5X1QJheFMz_Wbl4-f4QTIEg4XfU81KB4tE&amp;user=ssu01NYAAAAJ\" target=\"_blank\" rel=\"noopener noreferrer\">Google Scholar <\/a><\/h4>\n<p><strong>\u00a0<\/strong><\/p>\n<p><strong>Research Interests<\/strong><\/p>\n<p>Bavim se usvajanjem prvoga i drugoga jezika, dvo-\/vi\u0161ejezi\u010dno\u0161\u0107u i psiholingvistikom, prou\u010davaju\u0107i usvajanje, uporabu i obradu gramati\u010dkih pojava u talijanskom, hrvatskom i engleskom jeziku, poput neizre\u010denih i izre\u010denih zamjenica u funkciji re\u010deni\u010dnog subjekta i neakuzativnosti. Koristim prvenstveno eksperimentalne metode, poput <em>Magnitude Estimation<\/em> i pra\u0107enja pokreta o\u010diju. Objavljujem u \u010dasopisima s faktorom odjeka, a suautorica sam i znanstvene monografije. Suurednica sam serije znanstvenih knjiga <em>Studies in Bilingualism<\/em> izdava\u010da <em>John Benjamins<\/em> te \u010dlanica uredni\u010dkog odbora znanstvenih \u010dasopisa <em>Linguistic Approaches to Bilingualism<\/em> i Strani jezici. Vodim ogranak centra <em>Bilingualism Matters<\/em> sa Sveu\u010dili\u0161ta u Edinburghu pod nazivom <em>Bilingualism Matters@Rijeka<\/em>, koji se bavi popularizacijom znanstvenih spoznaja o vi\u0161ejezi\u010dnosti.<\/p>\n<p>&nbsp;<\/p>\n<p><strong>Selected Publications<\/strong><\/p>\n<p>KRA\u0160, T. I MILI\u010cEVI\u0106 PETROVI\u0106, M. (u tisku). Anaphora resolution in Italian by Croatian-Italian simultaneous bilinguals. U R. Slabakova, J. Corbet, L. Dominguez, A. Dudley i A. Wallington (Ur.), <em>Explorations in second language acquisition and processing<\/em> (str. 81\u201393). Newcastle-upon-Tyne: Cambridge Scholars Publishers.<\/p>\n<p>MILI\u010cEVI\u0106, M. I KRA\u0160, T. (2017). Translation between L2 acquisition and L1 attrition: Anaphora resolution in Italian by English-Italian trainee translators. <em>Applied Linguistics, 38<\/em>(1), 21\u201342.<\/p>\n<p>KRA\u0160, T. (2016). Cross-linguistic influence at the discourse-syntax interface: Insights from anaphora resolution in child second language learners of Italian. <em>International Journal of Bilingualism, 20<\/em>(4), 369\u2013385.<\/p>\n<p>KRA\u0160, T. I MILI\u010cEVI\u0106, M. (2015). <em>Eksperimentalne metode u istra\u017eivanjima usvajanja drugoga jezika<\/em>. Rijeka: Sveu\u010dili\u0161te u Rijeci, Filozofski fakultet.<\/p>\n<p>KRA\u0160, T. I STIPE\u0106, T. (2013). Interpretation of ambiguous subject pronouns in Croatian by people with Down syndrome and typically developing children. U S. Baiz, N. Goldman i R. Hawkes (Ur.), <em>Proceedings of the 37th annual Boston University Conference on Language Development<\/em> (str. 178\u2013190). Somerville, MA: Cascadilla Press.<\/p>\n<p>KRA\u0160, T. (2011). Acquiring the syntactic constraints on auxiliary change under restructuring in L2 Italian: Implications for the Interface Hypothesis. <em>Linguistic Approaches to Bilingualism, 1<\/em>(4), 413\u2013438.<\/p>\n<p>KRA\u0160, T. (2010). The lexicon-syntax interface in child L2 grammars of Italian: Auxiliary selection and <em>ne<\/em>-cliticisation with intransitive verbs. <em>EUROSLA Yearbook, 10<\/em>, 220\u2013247.<\/p>\n<p>KRA\u0160, T. (2009). Native-like attainment of the lexicon-syntax interface in the L2: Converging evidence from different methodologies. U J. Chandlee, M. Franchini, S. Lord i G.-M. Rheiner (Ur.), <em>Proceedings of the 33th annual Boston University Conference on Language Development<\/em> (str. 278\u2013289). Somerville, MA: Cascadilla Press.<\/p>\n<p>KRA\u0160, T. (2008). Anaphora resolution in Croatian: Psycholinguistic evidence from native speakers. In M. Tadi\u0107, M. Dimitrova-Vulchanova i S. Koeva (Ur.), <em>Proceedings of the Sixth International Conference \u201cFormal Approaches to South Slavic and Balkan Languages\u201d<\/em> (str. 67\u201372). Zagreb: Croatian Language Technologies Society \u2013 Faculty of Humanities and Social Sciences.<\/p>\n<p>KRA\u0160, T. (2008). Anaphora resolution in near-native Italian grammars: Evidence from native speakers of Croatian. <em>EUROSLA Yearbook, 8<\/em>, 107\u2013134.<\/p>\n<p>&nbsp;<\/p>\n<p><strong>Projects<\/strong><\/p>\n<p>Obrada re\u010denica u talijanskom jeziku, projekt Sveu\u010dili\u0161ta u Rijeci, voditelj, 2018 \u2013<\/p>\n<p>&nbsp;<\/p>","protected":false},"excerpt":{"rendered":"<p>&nbsp; izvanredna profesorica Sveu\u010dili\u0161te u Rijeci, Filozofski fakultet Odsjek za anglistiku &nbsp; tkras@ffri.hr UNIRI portfelj CROSBI Google Scholar \u00a0 Znanstveni interesi Bavim se usvajanjem prvoga i drugoga jezika, dvo-\/vi\u0161ejezi\u010dno\u0161\u0107u i psiholingvistikom, prou\u010davaju\u0107i usvajanje, uporabu i obradu gramati\u010dkih pojava u talijanskom, hrvatskom i engleskom jeziku, poput neizre\u010denih i izre\u010denih zamjenica u funkciji re\u010deni\u010dnog subjekta i neakuzativnosti. [&hellip;]<\/p>\n","protected":false},"author":5,"featured_media":0,"parent":66,"menu_order":0,"comment_status":"closed","ping_status":"closed","template":"","meta":{"_themeisle_gutenberg_block_has_review":false},"yoast_head":"<!-- This site is optimized with the Yoast SEO plugin v21.0 - https:\/\/yoast.com\/wordpress\/plugins\/seo\/ -->\n<title>Tihana Kra\u0161 - Centar za jezi\u010dna istra\u017eivanja<\/title>\n<meta name=\"robots\" content=\"index, follow, max-snippet:-1, max-image-preview:large, max-video-preview:-1\" \/>\n<link rel=\"canonical\" href=\"https:\/\/cji.uniri.hr\/en\/hr\/clanovi\/tihana-kras\/\" \/>\n<meta property=\"og:locale\" content=\"en_GB\" \/>\n<meta property=\"og:type\" content=\"article\" \/>\n<meta property=\"og:title\" content=\"Tihana Kra\u0161 - Centar za jezi\u010dna istra\u017eivanja\" \/>\n<meta property=\"og:description\" content=\"&nbsp; izvanredna profesorica Sveu\u010dili\u0161te u Rijeci, Filozofski fakultet Odsjek za anglistiku &nbsp; tkras@ffri.hr UNIRI portfelj CROSBI Google Scholar \u00a0 Znanstveni interesi Bavim se usvajanjem prvoga i drugoga jezika, dvo-\/vi\u0161ejezi\u010dno\u0161\u0107u i psiholingvistikom, prou\u010davaju\u0107i usvajanje, uporabu i obradu gramati\u010dkih pojava u talijanskom, hrvatskom i engleskom jeziku, poput neizre\u010denih i izre\u010denih zamjenica u funkciji re\u010deni\u010dnog subjekta i neakuzativnosti. [&hellip;]\" \/>\n<meta property=\"og:url\" content=\"https:\/\/cji.uniri.hr\/en\/hr\/clanovi\/tihana-kras\/\" \/>\n<meta property=\"og:site_name\" content=\"Centar za jezi\u010dna istra\u017eivanja\" \/>\n<meta property=\"article:publisher\" content=\"https:\/\/www.facebook.com\/CLARIJEKA\" \/>\n<meta property=\"article:modified_time\" content=\"2019-09-03T11:22:30+00:00\" \/>\n<meta name=\"twitter:card\" content=\"summary_large_image\" \/>\n<meta name=\"twitter:label1\" content=\"Estimated reading time\" \/>\n\t<meta name=\"twitter:data1\" content=\"2 minutes\" \/>\n<script type=\"application\/ld+json\" class=\"yoast-schema-graph\">{\"@context\":\"https:\/\/schema.org\",\"@graph\":[{\"@type\":\"WebPage\",\"@id\":\"https:\/\/cji.uniri.hr\/hr\/hr\/clanovi\/tihana-kras\/\",\"url\":\"https:\/\/cji.uniri.hr\/hr\/hr\/clanovi\/tihana-kras\/\",\"name\":\"Tihana Kra\u0161 - Centar za jezi\u010dna istra\u017eivanja\",\"isPartOf\":{\"@id\":\"https:\/\/cji.uniri.hr\/en\/#website\"},\"datePublished\":\"2015-10-08T23:30:49+00:00\",\"dateModified\":\"2019-09-03T11:22:30+00:00\",\"breadcrumb\":{\"@id\":\"https:\/\/cji.uniri.hr\/hr\/hr\/clanovi\/tihana-kras\/#breadcrumb\"},\"inLanguage\":\"en-GB\",\"potentialAction\":[{\"@type\":\"ReadAction\",\"target\":[\"https:\/\/cji.uniri.hr\/hr\/hr\/clanovi\/tihana-kras\/\"]}]},{\"@type\":\"BreadcrumbList\",\"@id\":\"https:\/\/cji.uniri.hr\/hr\/hr\/clanovi\/tihana-kras\/#breadcrumb\",\"itemListElement\":[{\"@type\":\"ListItem\",\"position\":1,\"name\":\"Po\u010detna stranica\",\"item\":\"https:\/\/cji.uniri.hr\/en\/\"},{\"@type\":\"ListItem\",\"position\":2,\"name\":\"HRVATSKI\",\"item\":\"https:\/\/cji.uniri.hr\/hr\/hr\/\"},{\"@type\":\"ListItem\",\"position\":3,\"name\":\"\u010clanovi\",\"item\":\"https:\/\/cji.uniri.hr\/en\/hr\/clanovi\/\"},{\"@type\":\"ListItem\",\"position\":4,\"name\":\"Tihana Kra\u0161\"}]},{\"@type\":\"WebSite\",\"@id\":\"https:\/\/cji.uniri.hr\/en\/#website\",\"url\":\"https:\/\/cji.uniri.hr\/en\/\",\"name\":\"Centar za jezi\u010dna istra\u017eivanja\",\"description\":\"\",\"publisher\":{\"@id\":\"https:\/\/cji.uniri.hr\/en\/#organization\"},\"potentialAction\":[{\"@type\":\"SearchAction\",\"target\":{\"@type\":\"EntryPoint\",\"urlTemplate\":\"https:\/\/cji.uniri.hr\/en\/?s={search_term_string}\"},\"query-input\":\"required name=search_term_string\"}],\"inLanguage\":\"en-GB\"},{\"@type\":\"Organization\",\"@id\":\"https:\/\/cji.uniri.hr\/en\/#organization\",\"name\":\"Centar za jezi\u010dna istra\u017eivanja\",\"url\":\"https:\/\/cji.uniri.hr\/en\/\",\"logo\":{\"@type\":\"ImageObject\",\"inLanguage\":\"en-GB\",\"@id\":\"https:\/\/cji.uniri.hr\/en\/#\/schema\/logo\/image\/\",\"url\":\"https:\/\/cji.uniri.hr\/wp-content\/uploads\/cji_logo-removebg-preview-1-e1695380857613.png\",\"contentUrl\":\"https:\/\/cji.uniri.hr\/wp-content\/uploads\/cji_logo-removebg-preview-1-e1695380857613.png\",\"width\":170,\"height\":170,\"caption\":\"Centar za jezi\u010dna istra\u017eivanja\"},\"image\":{\"@id\":\"https:\/\/cji.uniri.hr\/en\/#\/schema\/logo\/image\/\"},\"sameAs\":[\"https:\/\/www.facebook.com\/CLARIJEKA\"]}]}<\/script>\n<!-- \/ Yoast SEO plugin. -->","yoast_head_json":{"title":"Tihana Kra\u0161 - Centar za jezi\u010dna istra\u017eivanja","robots":{"index":"index","follow":"follow","max-snippet":"max-snippet:-1","max-image-preview":"max-image-preview:large","max-video-preview":"max-video-preview:-1"},"canonical":"https:\/\/cji.uniri.hr\/en\/hr\/clanovi\/tihana-kras\/","og_locale":"en_GB","og_type":"article","og_title":"Tihana Kra\u0161 - Centar za jezi\u010dna istra\u017eivanja","og_description":"&nbsp; izvanredna profesorica Sveu\u010dili\u0161te u Rijeci, Filozofski fakultet Odsjek za anglistiku &nbsp; tkras@ffri.hr UNIRI portfelj CROSBI Google Scholar \u00a0 Znanstveni interesi Bavim se usvajanjem prvoga i drugoga jezika, dvo-\/vi\u0161ejezi\u010dno\u0161\u0107u i psiholingvistikom, prou\u010davaju\u0107i usvajanje, uporabu i obradu gramati\u010dkih pojava u talijanskom, hrvatskom i engleskom jeziku, poput neizre\u010denih i izre\u010denih zamjenica u funkciji re\u010deni\u010dnog subjekta i neakuzativnosti. [&hellip;]","og_url":"https:\/\/cji.uniri.hr\/en\/hr\/clanovi\/tihana-kras\/","og_site_name":"Centar za jezi\u010dna istra\u017eivanja","article_publisher":"https:\/\/www.facebook.com\/CLARIJEKA","article_modified_time":"2019-09-03T11:22:30+00:00","twitter_card":"summary_large_image","twitter_misc":{"Estimated reading time":"2 minutes"},"schema":{"@context":"https:\/\/schema.org","@graph":[{"@type":"WebPage","@id":"https:\/\/cji.uniri.hr\/hr\/hr\/clanovi\/tihana-kras\/","url":"https:\/\/cji.uniri.hr\/hr\/hr\/clanovi\/tihana-kras\/","name":"Tihana Kra\u0161 - Centar za jezi\u010dna istra\u017eivanja","isPartOf":{"@id":"https:\/\/cji.uniri.hr\/en\/#website"},"datePublished":"2015-10-08T23:30:49+00:00","dateModified":"2019-09-03T11:22:30+00:00","breadcrumb":{"@id":"https:\/\/cji.uniri.hr\/hr\/hr\/clanovi\/tihana-kras\/#breadcrumb"},"inLanguage":"en-GB","potentialAction":[{"@type":"ReadAction","target":["https:\/\/cji.uniri.hr\/hr\/hr\/clanovi\/tihana-kras\/"]}]},{"@type":"BreadcrumbList","@id":"https:\/\/cji.uniri.hr\/hr\/hr\/clanovi\/tihana-kras\/#breadcrumb","itemListElement":[{"@type":"ListItem","position":1,"name":"Po\u010detna stranica","item":"https:\/\/cji.uniri.hr\/en\/"},{"@type":"ListItem","position":2,"name":"HRVATSKI","item":"https:\/\/cji.uniri.hr\/hr\/hr\/"},{"@type":"ListItem","position":3,"name":"\u010clanovi","item":"https:\/\/cji.uniri.hr\/en\/hr\/clanovi\/"},{"@type":"ListItem","position":4,"name":"Tihana Kra\u0161"}]},{"@type":"WebSite","@id":"https:\/\/cji.uniri.hr\/en\/#website","url":"https:\/\/cji.uniri.hr\/en\/","name":"Center for Language Research","description":"","publisher":{"@id":"https:\/\/cji.uniri.hr\/en\/#organization"},"potentialAction":[{"@type":"SearchAction","target":{"@type":"EntryPoint","urlTemplate":"https:\/\/cji.uniri.hr\/en\/?s={search_term_string}"},"query-input":"required name=search_term_string"}],"inLanguage":"en-GB"},{"@type":"Organization","@id":"https:\/\/cji.uniri.hr\/en\/#organization","name":"Center for Language Research","url":"https:\/\/cji.uniri.hr\/en\/","logo":{"@type":"ImageObject","inLanguage":"en-GB","@id":"https:\/\/cji.uniri.hr\/en\/#\/schema\/logo\/image\/","url":"https:\/\/cji.uniri.hr\/wp-content\/uploads\/cji_logo-removebg-preview-1-e1695380857613.png","contentUrl":"https:\/\/cji.uniri.hr\/wp-content\/uploads\/cji_logo-removebg-preview-1-e1695380857613.png","width":170,"height":170,"caption":"Centar za jezi\u010dna istra\u017eivanja"},"image":{"@id":"https:\/\/cji.uniri.hr\/en\/#\/schema\/logo\/image\/"},"sameAs":["https:\/\/www.facebook.com\/CLARIJEKA"]}]}},"_links":{"self":[{"href":"https:\/\/cji.uniri.hr\/en\/wp-json\/wp\/v2\/pages\/416"}],"collection":[{"href":"https:\/\/cji.uniri.hr\/en\/wp-json\/wp\/v2\/pages"}],"about":[{"href":"https:\/\/cji.uniri.hr\/en\/wp-json\/wp\/v2\/types\/page"}],"author":[{"embeddable":true,"href":"https:\/\/cji.uniri.hr\/en\/wp-json\/wp\/v2\/users\/5"}],"replies":[{"embeddable":true,"href":"https:\/\/cji.uniri.hr\/en\/wp-json\/wp\/v2\/comments?post=416"}],"version-history":[{"count":4,"href":"https:\/\/cji.uniri.hr\/en\/wp-json\/wp\/v2\/pages\/416\/revisions"}],"predecessor-version":[{"id":1427,"href":"https:\/\/cji.uniri.hr\/en\/wp-json\/wp\/v2\/pages\/416\/revisions\/1427"}],"up":[{"embeddable":true,"href":"https:\/\/cji.uniri.hr\/en\/wp-json\/wp\/v2\/pages\/66"}],"wp:attachment":[{"href":"https:\/\/cji.uniri.hr\/en\/wp-json\/wp\/v2\/media?parent=416"}],"curies":[{"name":"wp","href":"https:\/\/api.w.org\/{rel}","templated":true}]}}