{"id":427,"date":"2015-10-09T01:37:54","date_gmt":"2015-10-08T23:37:54","guid":{"rendered":"http:\/\/cji.uniri.hr\/?page_id=427"},"modified":"2019-09-03T13:29:21","modified_gmt":"2019-09-03T11:29:21","slug":"iris-vidmar","status":"publish","type":"page","link":"https:\/\/cji.uniri.hr\/en\/hr\/clanovi\/iris-vidmar\/","title":{"rendered":"Iris Vidmar Jovanovi\u0107"},"content":{"rendered":"<h4><\/h4>\n<p>&nbsp;<\/p>\n<h4><em>docentica<\/em><\/h4>\n<h4><em>Sveu\u010dili\u0161te u Rijeci, Filozofski fakultet<\/em><\/h4>\n<h4><em>Odsjek za filozofiju<\/em><\/h4>\n<h4><\/h4>\n<p>&nbsp;<\/p>\n<h4><\/h4>\n<h4>ividmar@ffri.hr<\/h4>\n<h4><a href=\"https:\/\/portal.uniri.hr\/portfelj\/795\" target=\"_blank\" rel=\"noopener noreferrer\">UNIRI portfelj<\/a><\/h4>\n<p>&nbsp;<\/p>\n<p><strong>Research Interests<\/strong><\/p>\n<p>Iris Vidmar Jovanovi\u0107 primarno se bavi estetikom i filozofijom umjetnosti, posebno filozofijom knji\u017eevnosti, poezije i Kantovom estetikom, podru\u010djem metafilozofije i epistemologije te pitanjem vrijednosti i va\u017enosti humanisti\u010dkih predmeta. Dr\u017eala je nastavu iz predmeta koji spadaju u ova podru\u010dja, te kolegije iz Etika, Filozofija seksualnosti, Emociji i Moderne filozofije. Usavr\u0161avala se na Sveu\u010dili\u0161tu York i Sveu\u010dili\u0161tu Columbia, a godinu dana je predavala na Sveu\u010dili\u0161tu Auburn.\u00a0 \u010clanica je upravnog odbora Europskog dru\u0161tva za estetiku i urednica Proceedingsa. Trenutno obna\u0161a funkciju tajnice hrvatskog dru\u0161tva za analiti\u010dku filozofiju i funkciju tajnice doktorskog studija Filozofija i suvremenost. Bavi se i prevo\u0111enjem filozofskih tekstova.<\/p>\n<p>&nbsp;<\/p>\n<p><strong>Selected Publications<\/strong><\/p>\n<p>Vidmar, I. \u201eKant on Poetry and Cognition\u201c (2020), <em>Journal of Aesthetic Education<\/em><\/p>\n<p>Vidmar, I. (2019), \u201eRethinking the Philosophy-Literature Distinction.\u201c Rivista di Estetica, 70\/1<\/p>\n<p>Vidmar, I. (2017). \u201cA Portrait of an Artist asa Gifted Man: What Lies in the Mind of a Genius?.\u201d <em>Proceedings of the European Society for Aesthetics<\/em>, 591-614 .<\/p>\n<p>Vidmar, I. (2014). \u201cThought Experiments, Hypotheses and the Cognitive Dimension of Literary Fiction.\u201d <em>Synthesis Philosophica <\/em>28(1-2): 177-93.<\/p>\n<p>Vidmar, I. (2014). \u201cIstine i trivijalnosti knji\u017eevnih djela.\u201d<em> Kultura <\/em>143(2014): 11-33.<\/p>\n<p>Vidmar, I. (2016). \u201cIdentity, humanity and bioethics: philosophical aspects of Never Let Me Go.\u201d In A. Prnjat &amp; V. Kolari\u0107, eds., <em>Shadows in the Cave: Film and Philosophy<\/em>, Beograd: Alfa Univerzitet.<\/p>\n<p>Vidmar, I. (2017). \u201cOn Literary Cognitivism from the Perspective of Difference between Literature and Philosophy.\u201d <em>Synthesis Philosophica<\/em> 32: 371-86.<\/p>\n<p>Vidmar, I. (2017). \u201cEpistemic Game of Thrones.\u201d <em>Synthesis Philosophica<\/em> 32(1): 215-34.<\/p>\n<p>Vidmar, I. (2019). \u201cLiterature and Truth \u2013 Revisiting Stolnitz\u2019s Anti-cognitivism.\u201d <em>Croatian Journal of Philosophy<\/em> 56: 351-70.<\/p>\n<p>Vidmar, I. (2018), \u201eBig Philosophical Questions \u2013 Why They Matter And Why They Are Still Around?\u201c <em>European Legacy,2,4, 403-415<\/em>)<\/p>\n<p>&nbsp;<\/p>\n<p><strong>Projects<\/strong><\/p>\n<p>Knji\u017eevnost kao domena eti\u010dnost ; Voditeljica, 2018 \u2013 danas<\/p>\n<p>Meta-metaphysics, suradnica, 2019 &#8211; danas<\/p>\n<p>&nbsp;<\/p>","protected":false},"excerpt":{"rendered":"<p>&nbsp; docentica Sveu\u010dili\u0161te u Rijeci, Filozofski fakultet Odsjek za filozofiju &nbsp; ividmar@ffri.hr UNIRI portfelj &nbsp; Znanstveni interesi Iris Vidmar Jovanovi\u0107 primarno se bavi estetikom i filozofijom umjetnosti, posebno filozofijom knji\u017eevnosti, poezije i Kantovom estetikom, podru\u010djem metafilozofije i epistemologije te pitanjem vrijednosti i va\u017enosti humanisti\u010dkih predmeta. Dr\u017eala je nastavu iz predmeta koji spadaju u ova podru\u010dja, [&hellip;]<\/p>\n","protected":false},"author":5,"featured_media":0,"parent":66,"menu_order":0,"comment_status":"closed","ping_status":"closed","template":"","meta":{"_themeisle_gutenberg_block_has_review":false},"yoast_head":"<!-- This site is optimized with the Yoast SEO plugin v21.0 - https:\/\/yoast.com\/wordpress\/plugins\/seo\/ -->\n<title>Iris Vidmar Jovanovi\u0107 - Centar za jezi\u010dna istra\u017eivanja<\/title>\n<meta name=\"robots\" content=\"index, follow, max-snippet:-1, max-image-preview:large, max-video-preview:-1\" \/>\n<link rel=\"canonical\" href=\"https:\/\/cji.uniri.hr\/en\/hr\/clanovi\/iris-vidmar\/\" \/>\n<meta property=\"og:locale\" content=\"en_GB\" \/>\n<meta property=\"og:type\" content=\"article\" \/>\n<meta property=\"og:title\" content=\"Iris Vidmar Jovanovi\u0107 - Centar za jezi\u010dna istra\u017eivanja\" \/>\n<meta property=\"og:description\" content=\"&nbsp; docentica Sveu\u010dili\u0161te u Rijeci, Filozofski fakultet Odsjek za filozofiju &nbsp; ividmar@ffri.hr UNIRI portfelj &nbsp; Znanstveni interesi Iris Vidmar Jovanovi\u0107 primarno se bavi estetikom i filozofijom umjetnosti, posebno filozofijom knji\u017eevnosti, poezije i Kantovom estetikom, podru\u010djem metafilozofije i epistemologije te pitanjem vrijednosti i va\u017enosti humanisti\u010dkih predmeta. Dr\u017eala je nastavu iz predmeta koji spadaju u ova podru\u010dja, [&hellip;]\" \/>\n<meta property=\"og:url\" content=\"https:\/\/cji.uniri.hr\/en\/hr\/clanovi\/iris-vidmar\/\" \/>\n<meta property=\"og:site_name\" content=\"Centar za jezi\u010dna istra\u017eivanja\" \/>\n<meta property=\"article:publisher\" content=\"https:\/\/www.facebook.com\/CLARIJEKA\" \/>\n<meta property=\"article:modified_time\" content=\"2019-09-03T11:29:21+00:00\" \/>\n<meta name=\"twitter:card\" content=\"summary_large_image\" \/>\n<meta name=\"twitter:label1\" content=\"Estimated reading time\" \/>\n\t<meta name=\"twitter:data1\" content=\"2 minutes\" \/>\n<script type=\"application\/ld+json\" class=\"yoast-schema-graph\">{\"@context\":\"https:\/\/schema.org\",\"@graph\":[{\"@type\":\"WebPage\",\"@id\":\"https:\/\/cji.uniri.hr\/en\/hr\/clanovi\/iris-vidmar\/\",\"url\":\"https:\/\/cji.uniri.hr\/en\/hr\/clanovi\/iris-vidmar\/\",\"name\":\"Iris Vidmar Jovanovi\u0107 - Centar za jezi\u010dna istra\u017eivanja\",\"isPartOf\":{\"@id\":\"https:\/\/cji.uniri.hr\/en\/#website\"},\"datePublished\":\"2015-10-08T23:37:54+00:00\",\"dateModified\":\"2019-09-03T11:29:21+00:00\",\"breadcrumb\":{\"@id\":\"https:\/\/cji.uniri.hr\/en\/hr\/clanovi\/iris-vidmar\/#breadcrumb\"},\"inLanguage\":\"en-GB\",\"potentialAction\":[{\"@type\":\"ReadAction\",\"target\":[\"https:\/\/cji.uniri.hr\/en\/hr\/clanovi\/iris-vidmar\/\"]}]},{\"@type\":\"BreadcrumbList\",\"@id\":\"https:\/\/cji.uniri.hr\/en\/hr\/clanovi\/iris-vidmar\/#breadcrumb\",\"itemListElement\":[{\"@type\":\"ListItem\",\"position\":1,\"name\":\"Po\u010detna stranica\",\"item\":\"https:\/\/cji.uniri.hr\/en\/\"},{\"@type\":\"ListItem\",\"position\":2,\"name\":\"HRVATSKI\",\"item\":\"https:\/\/cji.uniri.hr\/hr\/hr\/\"},{\"@type\":\"ListItem\",\"position\":3,\"name\":\"\u010clanovi\",\"item\":\"https:\/\/cji.uniri.hr\/en\/hr\/clanovi\/\"},{\"@type\":\"ListItem\",\"position\":4,\"name\":\"Iris Vidmar Jovanovi\u0107\"}]},{\"@type\":\"WebSite\",\"@id\":\"https:\/\/cji.uniri.hr\/en\/#website\",\"url\":\"https:\/\/cji.uniri.hr\/en\/\",\"name\":\"Centar za jezi\u010dna istra\u017eivanja\",\"description\":\"\",\"publisher\":{\"@id\":\"https:\/\/cji.uniri.hr\/en\/#organization\"},\"potentialAction\":[{\"@type\":\"SearchAction\",\"target\":{\"@type\":\"EntryPoint\",\"urlTemplate\":\"https:\/\/cji.uniri.hr\/en\/?s={search_term_string}\"},\"query-input\":\"required name=search_term_string\"}],\"inLanguage\":\"en-GB\"},{\"@type\":\"Organization\",\"@id\":\"https:\/\/cji.uniri.hr\/en\/#organization\",\"name\":\"Centar za jezi\u010dna istra\u017eivanja\",\"url\":\"https:\/\/cji.uniri.hr\/en\/\",\"logo\":{\"@type\":\"ImageObject\",\"inLanguage\":\"en-GB\",\"@id\":\"https:\/\/cji.uniri.hr\/en\/#\/schema\/logo\/image\/\",\"url\":\"https:\/\/cji.uniri.hr\/wp-content\/uploads\/cji_logo-removebg-preview-1-e1695380857613.png\",\"contentUrl\":\"https:\/\/cji.uniri.hr\/wp-content\/uploads\/cji_logo-removebg-preview-1-e1695380857613.png\",\"width\":170,\"height\":170,\"caption\":\"Centar za jezi\u010dna istra\u017eivanja\"},\"image\":{\"@id\":\"https:\/\/cji.uniri.hr\/en\/#\/schema\/logo\/image\/\"},\"sameAs\":[\"https:\/\/www.facebook.com\/CLARIJEKA\"]}]}<\/script>\n<!-- \/ Yoast SEO plugin. -->","yoast_head_json":{"title":"Iris Vidmar Jovanovi\u0107 - Centar za jezi\u010dna istra\u017eivanja","robots":{"index":"index","follow":"follow","max-snippet":"max-snippet:-1","max-image-preview":"max-image-preview:large","max-video-preview":"max-video-preview:-1"},"canonical":"https:\/\/cji.uniri.hr\/en\/hr\/clanovi\/iris-vidmar\/","og_locale":"en_GB","og_type":"article","og_title":"Iris Vidmar Jovanovi\u0107 - Centar za jezi\u010dna istra\u017eivanja","og_description":"&nbsp; docentica Sveu\u010dili\u0161te u Rijeci, Filozofski fakultet Odsjek za filozofiju &nbsp; ividmar@ffri.hr UNIRI portfelj &nbsp; Znanstveni interesi Iris Vidmar Jovanovi\u0107 primarno se bavi estetikom i filozofijom umjetnosti, posebno filozofijom knji\u017eevnosti, poezije i Kantovom estetikom, podru\u010djem metafilozofije i epistemologije te pitanjem vrijednosti i va\u017enosti humanisti\u010dkih predmeta. Dr\u017eala je nastavu iz predmeta koji spadaju u ova podru\u010dja, [&hellip;]","og_url":"https:\/\/cji.uniri.hr\/en\/hr\/clanovi\/iris-vidmar\/","og_site_name":"Centar za jezi\u010dna istra\u017eivanja","article_publisher":"https:\/\/www.facebook.com\/CLARIJEKA","article_modified_time":"2019-09-03T11:29:21+00:00","twitter_card":"summary_large_image","twitter_misc":{"Estimated reading time":"2 minutes"},"schema":{"@context":"https:\/\/schema.org","@graph":[{"@type":"WebPage","@id":"https:\/\/cji.uniri.hr\/en\/hr\/clanovi\/iris-vidmar\/","url":"https:\/\/cji.uniri.hr\/en\/hr\/clanovi\/iris-vidmar\/","name":"Iris Vidmar Jovanovi\u0107 - Centar za jezi\u010dna istra\u017eivanja","isPartOf":{"@id":"https:\/\/cji.uniri.hr\/en\/#website"},"datePublished":"2015-10-08T23:37:54+00:00","dateModified":"2019-09-03T11:29:21+00:00","breadcrumb":{"@id":"https:\/\/cji.uniri.hr\/en\/hr\/clanovi\/iris-vidmar\/#breadcrumb"},"inLanguage":"en-GB","potentialAction":[{"@type":"ReadAction","target":["https:\/\/cji.uniri.hr\/en\/hr\/clanovi\/iris-vidmar\/"]}]},{"@type":"BreadcrumbList","@id":"https:\/\/cji.uniri.hr\/en\/hr\/clanovi\/iris-vidmar\/#breadcrumb","itemListElement":[{"@type":"ListItem","position":1,"name":"Po\u010detna stranica","item":"https:\/\/cji.uniri.hr\/en\/"},{"@type":"ListItem","position":2,"name":"HRVATSKI","item":"https:\/\/cji.uniri.hr\/hr\/hr\/"},{"@type":"ListItem","position":3,"name":"\u010clanovi","item":"https:\/\/cji.uniri.hr\/en\/hr\/clanovi\/"},{"@type":"ListItem","position":4,"name":"Iris Vidmar Jovanovi\u0107"}]},{"@type":"WebSite","@id":"https:\/\/cji.uniri.hr\/en\/#website","url":"https:\/\/cji.uniri.hr\/en\/","name":"Center for Language Research","description":"","publisher":{"@id":"https:\/\/cji.uniri.hr\/en\/#organization"},"potentialAction":[{"@type":"SearchAction","target":{"@type":"EntryPoint","urlTemplate":"https:\/\/cji.uniri.hr\/en\/?s={search_term_string}"},"query-input":"required name=search_term_string"}],"inLanguage":"en-GB"},{"@type":"Organization","@id":"https:\/\/cji.uniri.hr\/en\/#organization","name":"Center for Language Research","url":"https:\/\/cji.uniri.hr\/en\/","logo":{"@type":"ImageObject","inLanguage":"en-GB","@id":"https:\/\/cji.uniri.hr\/en\/#\/schema\/logo\/image\/","url":"https:\/\/cji.uniri.hr\/wp-content\/uploads\/cji_logo-removebg-preview-1-e1695380857613.png","contentUrl":"https:\/\/cji.uniri.hr\/wp-content\/uploads\/cji_logo-removebg-preview-1-e1695380857613.png","width":170,"height":170,"caption":"Centar za jezi\u010dna istra\u017eivanja"},"image":{"@id":"https:\/\/cji.uniri.hr\/en\/#\/schema\/logo\/image\/"},"sameAs":["https:\/\/www.facebook.com\/CLARIJEKA"]}]}},"_links":{"self":[{"href":"https:\/\/cji.uniri.hr\/en\/wp-json\/wp\/v2\/pages\/427"}],"collection":[{"href":"https:\/\/cji.uniri.hr\/en\/wp-json\/wp\/v2\/pages"}],"about":[{"href":"https:\/\/cji.uniri.hr\/en\/wp-json\/wp\/v2\/types\/page"}],"author":[{"embeddable":true,"href":"https:\/\/cji.uniri.hr\/en\/wp-json\/wp\/v2\/users\/5"}],"replies":[{"embeddable":true,"href":"https:\/\/cji.uniri.hr\/en\/wp-json\/wp\/v2\/comments?post=427"}],"version-history":[{"count":7,"href":"https:\/\/cji.uniri.hr\/en\/wp-json\/wp\/v2\/pages\/427\/revisions"}],"predecessor-version":[{"id":1432,"href":"https:\/\/cji.uniri.hr\/en\/wp-json\/wp\/v2\/pages\/427\/revisions\/1432"}],"up":[{"embeddable":true,"href":"https:\/\/cji.uniri.hr\/en\/wp-json\/wp\/v2\/pages\/66"}],"wp:attachment":[{"href":"https:\/\/cji.uniri.hr\/en\/wp-json\/wp\/v2\/media?parent=427"}],"curies":[{"name":"wp","href":"https:\/\/api.w.org\/{rel}","templated":true}]}}