{"id":433,"date":"2015-10-09T01:40:42","date_gmt":"2015-10-08T23:40:42","guid":{"rendered":"http:\/\/cji.uniri.hr\/?page_id=433"},"modified":"2016-02-18T17:08:08","modified_gmt":"2016-02-18T16:08:08","slug":"mirjana-crnic-novosel","status":"publish","type":"page","link":"https:\/\/cji.uniri.hr\/en\/hr\/clanovi\/mirjana-crnic-novosel\/","title":{"rendered":"Mirjana Crni\u0107 Novosel"},"content":{"rendered":"<p><a href=\"mailto:mcrnic@ihjj.hr\">mcrnic@ihjj.hr<\/a><\/p>\n<p>Znanstvena novakinja, Podru\u017enica Instituta za hrvatski jezik i jezikoslovlje u Rijeci<\/p>\n<p>Odsjek za kroatistiku, Filozofski fakultet u Rijeci<\/p>\n<p><a href=\"http:\/\/ihjj.hr\/profile\/mirjana-crnic-novosel\/13\/\">http:\/\/ihjj.hr\/profile\/mirjana-crnic-novosel\/13\/<\/a><\/p>\n<p>&nbsp;<\/p>\n<p><u>Research Interests<\/u><\/p>\n<p>Mirjana Crni\u0107 Novosel u svojim se istra\u017eivanjima primarno bavi dijalektologijom hrvatskoga jezika, posebice novo\u0161tokavskim ikavskim dijalektom te ostalim dijalektima na podru\u010dju sjevernoga hrvatskog primorja i Gorskoga kotara. Ostala su joj podru\u010dja interesa sociolingvistika, kontaktna lingvistika i glagolja\u0161tvo.<\/p>\n<p>&nbsp;<\/p>\n<p><u>Selected Publications<\/u><\/p>\n<p><a href=\"https:\/\/bib.irb.hr\/lista-radova?autor=328721\">https:\/\/bib.irb.hr\/lista-radova?autor=328721<\/a><\/p>\n<p><a href=\"http:\/\/scholar.google.hr\/citations?user=oXYIhQkAAAAJ&amp;hl=hr\">http:\/\/scholar.google.hr\/citations?user=oXYIhQkAAAAJ&amp;hl=hr<\/a><\/p>\n<p>&nbsp;<\/p>\n<p><u>Projects<\/u><\/p>\n<p>Prilozi za istra\u017eivanja \u010dakavskih dijalekata na podru\u010dju zapadne Hrvatske (voditeljica projektnoga tima: prof. dr. sc. Silvana Vrani\u0107).<\/p>","protected":false},"excerpt":{"rendered":"<p>mcrnic@ihjj.hr Znanstvena novakinja, Podru\u017enica Instituta za hrvatski jezik i jezikoslovlje u Rijeci Odsjek za kroatistiku, Filozofski fakultet u Rijeci http:\/\/ihjj.hr\/profile\/mirjana-crnic-novosel\/13\/ &nbsp; Znanstveni interesi Mirjana Crni\u0107 Novosel u svojim se istra\u017eivanjima primarno bavi dijalektologijom hrvatskoga jezika, posebice novo\u0161tokavskim ikavskim dijalektom te ostalim dijalektima na podru\u010dju sjevernoga hrvatskog primorja i Gorskoga kotara. Ostala su joj podru\u010dja interesa [&hellip;]<\/p>\n","protected":false},"author":5,"featured_media":0,"parent":66,"menu_order":0,"comment_status":"closed","ping_status":"closed","template":"","meta":{"_themeisle_gutenberg_block_has_review":false},"yoast_head":"<!-- This site is optimized with the Yoast SEO plugin v21.0 - https:\/\/yoast.com\/wordpress\/plugins\/seo\/ -->\n<title>Mirjana Crni\u0107 Novosel - Centar za jezi\u010dna istra\u017eivanja<\/title>\n<meta name=\"robots\" content=\"index, follow, max-snippet:-1, max-image-preview:large, max-video-preview:-1\" \/>\n<link rel=\"canonical\" href=\"https:\/\/cji.uniri.hr\/en\/hr\/clanovi\/mirjana-crnic-novosel\/\" \/>\n<meta property=\"og:locale\" content=\"en_GB\" \/>\n<meta property=\"og:type\" content=\"article\" \/>\n<meta property=\"og:title\" content=\"Mirjana Crni\u0107 Novosel - Centar za jezi\u010dna istra\u017eivanja\" \/>\n<meta property=\"og:description\" content=\"mcrnic@ihjj.hr Znanstvena novakinja, Podru\u017enica Instituta za hrvatski jezik i jezikoslovlje u Rijeci Odsjek za kroatistiku, Filozofski fakultet u Rijeci http:\/\/ihjj.hr\/profile\/mirjana-crnic-novosel\/13\/ &nbsp; Znanstveni interesi Mirjana Crni\u0107 Novosel u svojim se istra\u017eivanjima primarno bavi dijalektologijom hrvatskoga jezika, posebice novo\u0161tokavskim ikavskim dijalektom te ostalim dijalektima na podru\u010dju sjevernoga hrvatskog primorja i Gorskoga kotara. Ostala su joj podru\u010dja interesa [&hellip;]\" \/>\n<meta property=\"og:url\" content=\"https:\/\/cji.uniri.hr\/en\/hr\/clanovi\/mirjana-crnic-novosel\/\" \/>\n<meta property=\"og:site_name\" content=\"Centar za jezi\u010dna istra\u017eivanja\" \/>\n<meta property=\"article:publisher\" content=\"https:\/\/www.facebook.com\/CLARIJEKA\" \/>\n<meta property=\"article:modified_time\" content=\"2016-02-18T16:08:08+00:00\" \/>\n<meta name=\"twitter:card\" content=\"summary_large_image\" \/>\n<meta name=\"twitter:label1\" content=\"Estimated reading time\" \/>\n\t<meta name=\"twitter:data1\" content=\"1 minute\" \/>\n<script type=\"application\/ld+json\" class=\"yoast-schema-graph\">{\"@context\":\"https:\/\/schema.org\",\"@graph\":[{\"@type\":\"WebPage\",\"@id\":\"https:\/\/cji.uniri.hr\/hr\/hr\/clanovi\/mirjana-crnic-novosel\/\",\"url\":\"https:\/\/cji.uniri.hr\/hr\/hr\/clanovi\/mirjana-crnic-novosel\/\",\"name\":\"Mirjana Crni\u0107 Novosel - Centar za jezi\u010dna istra\u017eivanja\",\"isPartOf\":{\"@id\":\"https:\/\/cji.uniri.hr\/en\/#website\"},\"datePublished\":\"2015-10-08T23:40:42+00:00\",\"dateModified\":\"2016-02-18T16:08:08+00:00\",\"breadcrumb\":{\"@id\":\"https:\/\/cji.uniri.hr\/hr\/hr\/clanovi\/mirjana-crnic-novosel\/#breadcrumb\"},\"inLanguage\":\"en-GB\",\"potentialAction\":[{\"@type\":\"ReadAction\",\"target\":[\"https:\/\/cji.uniri.hr\/hr\/hr\/clanovi\/mirjana-crnic-novosel\/\"]}]},{\"@type\":\"BreadcrumbList\",\"@id\":\"https:\/\/cji.uniri.hr\/hr\/hr\/clanovi\/mirjana-crnic-novosel\/#breadcrumb\",\"itemListElement\":[{\"@type\":\"ListItem\",\"position\":1,\"name\":\"Po\u010detna stranica\",\"item\":\"https:\/\/cji.uniri.hr\/en\/\"},{\"@type\":\"ListItem\",\"position\":2,\"name\":\"HRVATSKI\",\"item\":\"https:\/\/cji.uniri.hr\/hr\/hr\/\"},{\"@type\":\"ListItem\",\"position\":3,\"name\":\"\u010clanovi\",\"item\":\"https:\/\/cji.uniri.hr\/en\/hr\/clanovi\/\"},{\"@type\":\"ListItem\",\"position\":4,\"name\":\"Mirjana Crni\u0107 Novosel\"}]},{\"@type\":\"WebSite\",\"@id\":\"https:\/\/cji.uniri.hr\/en\/#website\",\"url\":\"https:\/\/cji.uniri.hr\/en\/\",\"name\":\"Centar za jezi\u010dna istra\u017eivanja\",\"description\":\"\",\"publisher\":{\"@id\":\"https:\/\/cji.uniri.hr\/en\/#organization\"},\"potentialAction\":[{\"@type\":\"SearchAction\",\"target\":{\"@type\":\"EntryPoint\",\"urlTemplate\":\"https:\/\/cji.uniri.hr\/en\/?s={search_term_string}\"},\"query-input\":\"required name=search_term_string\"}],\"inLanguage\":\"en-GB\"},{\"@type\":\"Organization\",\"@id\":\"https:\/\/cji.uniri.hr\/en\/#organization\",\"name\":\"Centar za jezi\u010dna istra\u017eivanja\",\"url\":\"https:\/\/cji.uniri.hr\/en\/\",\"logo\":{\"@type\":\"ImageObject\",\"inLanguage\":\"en-GB\",\"@id\":\"https:\/\/cji.uniri.hr\/en\/#\/schema\/logo\/image\/\",\"url\":\"https:\/\/cji.uniri.hr\/wp-content\/uploads\/cji_logo-removebg-preview-1-e1695380857613.png\",\"contentUrl\":\"https:\/\/cji.uniri.hr\/wp-content\/uploads\/cji_logo-removebg-preview-1-e1695380857613.png\",\"width\":170,\"height\":170,\"caption\":\"Centar za jezi\u010dna istra\u017eivanja\"},\"image\":{\"@id\":\"https:\/\/cji.uniri.hr\/en\/#\/schema\/logo\/image\/\"},\"sameAs\":[\"https:\/\/www.facebook.com\/CLARIJEKA\"]}]}<\/script>\n<!-- \/ Yoast SEO plugin. -->","yoast_head_json":{"title":"Mirjana Crni\u0107 Novosel - Centar za jezi\u010dna istra\u017eivanja","robots":{"index":"index","follow":"follow","max-snippet":"max-snippet:-1","max-image-preview":"max-image-preview:large","max-video-preview":"max-video-preview:-1"},"canonical":"https:\/\/cji.uniri.hr\/en\/hr\/clanovi\/mirjana-crnic-novosel\/","og_locale":"en_GB","og_type":"article","og_title":"Mirjana Crni\u0107 Novosel - Centar za jezi\u010dna istra\u017eivanja","og_description":"mcrnic@ihjj.hr Znanstvena novakinja, Podru\u017enica Instituta za hrvatski jezik i jezikoslovlje u Rijeci Odsjek za kroatistiku, Filozofski fakultet u Rijeci http:\/\/ihjj.hr\/profile\/mirjana-crnic-novosel\/13\/ &nbsp; Znanstveni interesi Mirjana Crni\u0107 Novosel u svojim se istra\u017eivanjima primarno bavi dijalektologijom hrvatskoga jezika, posebice novo\u0161tokavskim ikavskim dijalektom te ostalim dijalektima na podru\u010dju sjevernoga hrvatskog primorja i Gorskoga kotara. Ostala su joj podru\u010dja interesa [&hellip;]","og_url":"https:\/\/cji.uniri.hr\/en\/hr\/clanovi\/mirjana-crnic-novosel\/","og_site_name":"Centar za jezi\u010dna istra\u017eivanja","article_publisher":"https:\/\/www.facebook.com\/CLARIJEKA","article_modified_time":"2016-02-18T16:08:08+00:00","twitter_card":"summary_large_image","twitter_misc":{"Estimated reading time":"1 minute"},"schema":{"@context":"https:\/\/schema.org","@graph":[{"@type":"WebPage","@id":"https:\/\/cji.uniri.hr\/hr\/hr\/clanovi\/mirjana-crnic-novosel\/","url":"https:\/\/cji.uniri.hr\/hr\/hr\/clanovi\/mirjana-crnic-novosel\/","name":"Mirjana Crni\u0107 Novosel - Centar za jezi\u010dna istra\u017eivanja","isPartOf":{"@id":"https:\/\/cji.uniri.hr\/en\/#website"},"datePublished":"2015-10-08T23:40:42+00:00","dateModified":"2016-02-18T16:08:08+00:00","breadcrumb":{"@id":"https:\/\/cji.uniri.hr\/hr\/hr\/clanovi\/mirjana-crnic-novosel\/#breadcrumb"},"inLanguage":"en-GB","potentialAction":[{"@type":"ReadAction","target":["https:\/\/cji.uniri.hr\/hr\/hr\/clanovi\/mirjana-crnic-novosel\/"]}]},{"@type":"BreadcrumbList","@id":"https:\/\/cji.uniri.hr\/hr\/hr\/clanovi\/mirjana-crnic-novosel\/#breadcrumb","itemListElement":[{"@type":"ListItem","position":1,"name":"Po\u010detna stranica","item":"https:\/\/cji.uniri.hr\/en\/"},{"@type":"ListItem","position":2,"name":"HRVATSKI","item":"https:\/\/cji.uniri.hr\/hr\/hr\/"},{"@type":"ListItem","position":3,"name":"\u010clanovi","item":"https:\/\/cji.uniri.hr\/en\/hr\/clanovi\/"},{"@type":"ListItem","position":4,"name":"Mirjana Crni\u0107 Novosel"}]},{"@type":"WebSite","@id":"https:\/\/cji.uniri.hr\/en\/#website","url":"https:\/\/cji.uniri.hr\/en\/","name":"Center for Language Research","description":"","publisher":{"@id":"https:\/\/cji.uniri.hr\/en\/#organization"},"potentialAction":[{"@type":"SearchAction","target":{"@type":"EntryPoint","urlTemplate":"https:\/\/cji.uniri.hr\/en\/?s={search_term_string}"},"query-input":"required name=search_term_string"}],"inLanguage":"en-GB"},{"@type":"Organization","@id":"https:\/\/cji.uniri.hr\/en\/#organization","name":"Center for Language Research","url":"https:\/\/cji.uniri.hr\/en\/","logo":{"@type":"ImageObject","inLanguage":"en-GB","@id":"https:\/\/cji.uniri.hr\/en\/#\/schema\/logo\/image\/","url":"https:\/\/cji.uniri.hr\/wp-content\/uploads\/cji_logo-removebg-preview-1-e1695380857613.png","contentUrl":"https:\/\/cji.uniri.hr\/wp-content\/uploads\/cji_logo-removebg-preview-1-e1695380857613.png","width":170,"height":170,"caption":"Centar za jezi\u010dna istra\u017eivanja"},"image":{"@id":"https:\/\/cji.uniri.hr\/en\/#\/schema\/logo\/image\/"},"sameAs":["https:\/\/www.facebook.com\/CLARIJEKA"]}]}},"_links":{"self":[{"href":"https:\/\/cji.uniri.hr\/en\/wp-json\/wp\/v2\/pages\/433"}],"collection":[{"href":"https:\/\/cji.uniri.hr\/en\/wp-json\/wp\/v2\/pages"}],"about":[{"href":"https:\/\/cji.uniri.hr\/en\/wp-json\/wp\/v2\/types\/page"}],"author":[{"embeddable":true,"href":"https:\/\/cji.uniri.hr\/en\/wp-json\/wp\/v2\/users\/5"}],"replies":[{"embeddable":true,"href":"https:\/\/cji.uniri.hr\/en\/wp-json\/wp\/v2\/comments?post=433"}],"version-history":[{"count":3,"href":"https:\/\/cji.uniri.hr\/en\/wp-json\/wp\/v2\/pages\/433\/revisions"}],"predecessor-version":[{"id":886,"href":"https:\/\/cji.uniri.hr\/en\/wp-json\/wp\/v2\/pages\/433\/revisions\/886"}],"up":[{"embeddable":true,"href":"https:\/\/cji.uniri.hr\/en\/wp-json\/wp\/v2\/pages\/66"}],"wp:attachment":[{"href":"https:\/\/cji.uniri.hr\/en\/wp-json\/wp\/v2\/media?parent=433"}],"curies":[{"name":"wp","href":"https:\/\/api.w.org\/{rel}","templated":true}]}}