{"id":437,"date":"2015-10-09T01:42:29","date_gmt":"2015-10-08T23:42:29","guid":{"rendered":"http:\/\/cji.uniri.hr\/?page_id=437"},"modified":"2019-09-03T13:22:25","modified_gmt":"2019-09-03T11:22:25","slug":"mihaela-matesic","status":"publish","type":"page","link":"https:\/\/cji.uniri.hr\/en\/hr\/clanovi\/mihaela-matesic\/","title":{"rendered":"Mihaela Mate\u0161i\u0107"},"content":{"rendered":"<h4><\/h4>\n<p>&nbsp;<\/p>\n<h4><\/h4>\n<h4><em>izvanredna profesorica<\/em><\/h4>\n<h4><em>Sveu\u010dili\u0161te u Rijeci, Filozofski fakultet<\/em><\/h4>\n<h4><em>Odsjek za kroatistiku<\/em><\/h4>\n<h4><\/h4>\n<h4><\/h4>\n<p>&nbsp;<\/p>\n<h4>mmatesic@ffri.hr<\/h4>\n<h4><a href=\"https:\/\/portal.uniri.hr\/portfelj\/802\" target=\"_blank\" rel=\"noopener noreferrer\">UNIRI portfelj<\/a><\/h4>\n<h4><a href=\"http:\/\/bib.irb.hr\/lista-radova?autor=226220\" target=\"_blank\" rel=\"noopener noreferrer\">CROSBI<\/a><\/h4>\n<p>&nbsp;<\/p>\n<p>&nbsp;<\/p>\n<p><strong>Research Interests<\/strong><\/p>\n<p>hrvatski standardni jezik, fonologija, ortoepija, ortografija, pragmalingvistika, kognitivna lingvistika<\/p>\n<p>&nbsp;<\/p>\n<p><strong>Selected Publications<\/strong><\/p>\n<p><a href=\"http:\/\/bib.irb.hr\/lista-radova?autor=226220\" target=\"_blank\" rel=\"noopener noreferrer\">Hrvatska znanstvena bibliografija<\/a><\/p>\n<p>&nbsp;<\/p>\n<p><strong>Projects<\/strong><\/p>\n<p><strong>Suradnica<\/strong> na <strong>istra\u017eiva\u010dkom projektu Hrvatske zaklade za znanost<\/strong>, \u201eSemanti\u010dke domene deikti\u010dkih rije\u010di: Istra\u017eivanje brzih semanti\u010dkih procesa u jeziku (DeicTeS)\u201d, voditeljica projekta: prof. dr. sc. Marija Brala-Vukanovi\u0107, broj projekta (IP-2018-01-2243) \u2013 po\u010detak projekta 1. studenoga 2018. (deictes.ffri.hr)<\/p>\n<p><strong>Voditeljica<\/strong> <strong>sveu\u010dili\u0161noga<\/strong> znanstvenog projekta \u201eOrtoepska raznolikost u hrvatskome standardnom jeziku (OrthoUNIRI)\u201d, \u0161ifra projekta: uniri-human-18-262; (projekt je dobiven na natje\u010daju \u201eUNIRI PROJEKTI\u201d Natje\u010daj za dodjelu sredstava potpore znanstvenim istra\u017eivanjima na Sveu\u010dili\u0161tu u Rijeci za 2018. godinu\u201d)<\/p>\n<p><strong>Suradnica<\/strong> na <strong>sveu\u010dili\u0161nom<\/strong> projektu \u201eIdentifikacija i automatsko razrje\u0161avanje vi\u0161ezna\u010dnosti homografa u hrvatskom jeziku (IDIHO)\u201d dr. sc. Lucije Na\u010dinovi\u0107 Prskalo (Odjel za informatiku Sveu\u010dili\u0161ta u Rijeci) \u2013 projekt je dobiven u srpnju 2018. u kategoriji potpora za mlade znanstvenike<\/p>\n<p><strong>Vanjska suradnica<\/strong> na <strong>sveu\u010dili\u0161nom<\/strong> znanstvenom projektu \u201eIzrada korpusa za u\u010denje i pou\u010davanje hrvatskih naglasaka\u201c nositeljice izv. prof. dr. sc. Jelene Vla\u0161i\u0107-Dui\u0107 (Odsjek za fonetiku Filozofskoga fakulteta u Zagrebu, Sveu\u010dili\u0161te u Zagrebu) \u2013 projekt je dobiven u travnju 2018. godine<\/p>","protected":false},"excerpt":{"rendered":"<p>&nbsp; izvanredna profesorica Sveu\u010dili\u0161te u Rijeci, Filozofski fakultet Odsjek za kroatistiku &nbsp; mmatesic@ffri.hr UNIRI portfelj CROSBI &nbsp; &nbsp; Znanstveni interesi hrvatski standardni jezik, fonologija, ortoepija, ortografija, pragmalingvistika, kognitivna lingvistika &nbsp; Izabrane publikacije Hrvatska znanstvena bibliografija &nbsp; Projekti Suradnica na istra\u017eiva\u010dkom projektu Hrvatske zaklade za znanost, \u201eSemanti\u010dke domene deikti\u010dkih rije\u010di: Istra\u017eivanje brzih semanti\u010dkih procesa u jeziku [&hellip;]<\/p>\n","protected":false},"author":5,"featured_media":0,"parent":66,"menu_order":0,"comment_status":"closed","ping_status":"closed","template":"","meta":{"_themeisle_gutenberg_block_has_review":false},"yoast_head":"<!-- This site is optimized with the Yoast SEO plugin v21.0 - https:\/\/yoast.com\/wordpress\/plugins\/seo\/ -->\n<title>Mihaela Mate\u0161i\u0107 - Centar za jezi\u010dna istra\u017eivanja<\/title>\n<meta name=\"robots\" content=\"index, follow, max-snippet:-1, max-image-preview:large, max-video-preview:-1\" \/>\n<link rel=\"canonical\" href=\"https:\/\/cji.uniri.hr\/en\/hr\/clanovi\/mihaela-matesic\/\" \/>\n<meta property=\"og:locale\" content=\"en_GB\" \/>\n<meta property=\"og:type\" content=\"article\" \/>\n<meta property=\"og:title\" content=\"Mihaela Mate\u0161i\u0107 - Centar za jezi\u010dna istra\u017eivanja\" \/>\n<meta property=\"og:description\" content=\"&nbsp; izvanredna profesorica Sveu\u010dili\u0161te u Rijeci, Filozofski fakultet Odsjek za kroatistiku &nbsp; mmatesic@ffri.hr UNIRI portfelj CROSBI &nbsp; &nbsp; Znanstveni interesi hrvatski standardni jezik, fonologija, ortoepija, ortografija, pragmalingvistika, kognitivna lingvistika &nbsp; Izabrane publikacije Hrvatska znanstvena bibliografija &nbsp; Projekti Suradnica na istra\u017eiva\u010dkom projektu Hrvatske zaklade za znanost, \u201eSemanti\u010dke domene deikti\u010dkih rije\u010di: Istra\u017eivanje brzih semanti\u010dkih procesa u jeziku [&hellip;]\" \/>\n<meta property=\"og:url\" content=\"https:\/\/cji.uniri.hr\/en\/hr\/clanovi\/mihaela-matesic\/\" \/>\n<meta property=\"og:site_name\" content=\"Centar za jezi\u010dna istra\u017eivanja\" \/>\n<meta property=\"article:publisher\" content=\"https:\/\/www.facebook.com\/CLARIJEKA\" \/>\n<meta property=\"article:modified_time\" content=\"2019-09-03T11:22:25+00:00\" \/>\n<meta name=\"twitter:card\" content=\"summary_large_image\" \/>\n<meta name=\"twitter:label1\" content=\"Estimated reading time\" \/>\n\t<meta name=\"twitter:data1\" content=\"1 minute\" \/>\n<script type=\"application\/ld+json\" class=\"yoast-schema-graph\">{\"@context\":\"https:\/\/schema.org\",\"@graph\":[{\"@type\":\"WebPage\",\"@id\":\"https:\/\/cji.uniri.hr\/hr\/hr\/clanovi\/mihaela-matesic\/\",\"url\":\"https:\/\/cji.uniri.hr\/hr\/hr\/clanovi\/mihaela-matesic\/\",\"name\":\"Mihaela Mate\u0161i\u0107 - Centar za jezi\u010dna istra\u017eivanja\",\"isPartOf\":{\"@id\":\"https:\/\/cji.uniri.hr\/en\/#website\"},\"datePublished\":\"2015-10-08T23:42:29+00:00\",\"dateModified\":\"2019-09-03T11:22:25+00:00\",\"breadcrumb\":{\"@id\":\"https:\/\/cji.uniri.hr\/hr\/hr\/clanovi\/mihaela-matesic\/#breadcrumb\"},\"inLanguage\":\"en-GB\",\"potentialAction\":[{\"@type\":\"ReadAction\",\"target\":[\"https:\/\/cji.uniri.hr\/hr\/hr\/clanovi\/mihaela-matesic\/\"]}]},{\"@type\":\"BreadcrumbList\",\"@id\":\"https:\/\/cji.uniri.hr\/hr\/hr\/clanovi\/mihaela-matesic\/#breadcrumb\",\"itemListElement\":[{\"@type\":\"ListItem\",\"position\":1,\"name\":\"Po\u010detna stranica\",\"item\":\"https:\/\/cji.uniri.hr\/en\/\"},{\"@type\":\"ListItem\",\"position\":2,\"name\":\"HRVATSKI\",\"item\":\"https:\/\/cji.uniri.hr\/hr\/hr\/\"},{\"@type\":\"ListItem\",\"position\":3,\"name\":\"\u010clanovi\",\"item\":\"https:\/\/cji.uniri.hr\/en\/hr\/clanovi\/\"},{\"@type\":\"ListItem\",\"position\":4,\"name\":\"Mihaela Mate\u0161i\u0107\"}]},{\"@type\":\"WebSite\",\"@id\":\"https:\/\/cji.uniri.hr\/en\/#website\",\"url\":\"https:\/\/cji.uniri.hr\/en\/\",\"name\":\"Centar za jezi\u010dna istra\u017eivanja\",\"description\":\"\",\"publisher\":{\"@id\":\"https:\/\/cji.uniri.hr\/en\/#organization\"},\"potentialAction\":[{\"@type\":\"SearchAction\",\"target\":{\"@type\":\"EntryPoint\",\"urlTemplate\":\"https:\/\/cji.uniri.hr\/en\/?s={search_term_string}\"},\"query-input\":\"required name=search_term_string\"}],\"inLanguage\":\"en-GB\"},{\"@type\":\"Organization\",\"@id\":\"https:\/\/cji.uniri.hr\/en\/#organization\",\"name\":\"Centar za jezi\u010dna istra\u017eivanja\",\"url\":\"https:\/\/cji.uniri.hr\/en\/\",\"logo\":{\"@type\":\"ImageObject\",\"inLanguage\":\"en-GB\",\"@id\":\"https:\/\/cji.uniri.hr\/en\/#\/schema\/logo\/image\/\",\"url\":\"https:\/\/cji.uniri.hr\/wp-content\/uploads\/cji_logo-removebg-preview-1-e1695380857613.png\",\"contentUrl\":\"https:\/\/cji.uniri.hr\/wp-content\/uploads\/cji_logo-removebg-preview-1-e1695380857613.png\",\"width\":170,\"height\":170,\"caption\":\"Centar za jezi\u010dna istra\u017eivanja\"},\"image\":{\"@id\":\"https:\/\/cji.uniri.hr\/en\/#\/schema\/logo\/image\/\"},\"sameAs\":[\"https:\/\/www.facebook.com\/CLARIJEKA\"]}]}<\/script>\n<!-- \/ Yoast SEO plugin. -->","yoast_head_json":{"title":"Mihaela Mate\u0161i\u0107 - Centar za jezi\u010dna istra\u017eivanja","robots":{"index":"index","follow":"follow","max-snippet":"max-snippet:-1","max-image-preview":"max-image-preview:large","max-video-preview":"max-video-preview:-1"},"canonical":"https:\/\/cji.uniri.hr\/en\/hr\/clanovi\/mihaela-matesic\/","og_locale":"en_GB","og_type":"article","og_title":"Mihaela Mate\u0161i\u0107 - Centar za jezi\u010dna istra\u017eivanja","og_description":"&nbsp; izvanredna profesorica Sveu\u010dili\u0161te u Rijeci, Filozofski fakultet Odsjek za kroatistiku &nbsp; mmatesic@ffri.hr UNIRI portfelj CROSBI &nbsp; &nbsp; Znanstveni interesi hrvatski standardni jezik, fonologija, ortoepija, ortografija, pragmalingvistika, kognitivna lingvistika &nbsp; Izabrane publikacije Hrvatska znanstvena bibliografija &nbsp; Projekti Suradnica na istra\u017eiva\u010dkom projektu Hrvatske zaklade za znanost, \u201eSemanti\u010dke domene deikti\u010dkih rije\u010di: Istra\u017eivanje brzih semanti\u010dkih procesa u jeziku [&hellip;]","og_url":"https:\/\/cji.uniri.hr\/en\/hr\/clanovi\/mihaela-matesic\/","og_site_name":"Centar za jezi\u010dna istra\u017eivanja","article_publisher":"https:\/\/www.facebook.com\/CLARIJEKA","article_modified_time":"2019-09-03T11:22:25+00:00","twitter_card":"summary_large_image","twitter_misc":{"Estimated reading time":"1 minute"},"schema":{"@context":"https:\/\/schema.org","@graph":[{"@type":"WebPage","@id":"https:\/\/cji.uniri.hr\/hr\/hr\/clanovi\/mihaela-matesic\/","url":"https:\/\/cji.uniri.hr\/hr\/hr\/clanovi\/mihaela-matesic\/","name":"Mihaela Mate\u0161i\u0107 - Centar za jezi\u010dna istra\u017eivanja","isPartOf":{"@id":"https:\/\/cji.uniri.hr\/en\/#website"},"datePublished":"2015-10-08T23:42:29+00:00","dateModified":"2019-09-03T11:22:25+00:00","breadcrumb":{"@id":"https:\/\/cji.uniri.hr\/hr\/hr\/clanovi\/mihaela-matesic\/#breadcrumb"},"inLanguage":"en-GB","potentialAction":[{"@type":"ReadAction","target":["https:\/\/cji.uniri.hr\/hr\/hr\/clanovi\/mihaela-matesic\/"]}]},{"@type":"BreadcrumbList","@id":"https:\/\/cji.uniri.hr\/hr\/hr\/clanovi\/mihaela-matesic\/#breadcrumb","itemListElement":[{"@type":"ListItem","position":1,"name":"Po\u010detna stranica","item":"https:\/\/cji.uniri.hr\/en\/"},{"@type":"ListItem","position":2,"name":"HRVATSKI","item":"https:\/\/cji.uniri.hr\/hr\/hr\/"},{"@type":"ListItem","position":3,"name":"\u010clanovi","item":"https:\/\/cji.uniri.hr\/en\/hr\/clanovi\/"},{"@type":"ListItem","position":4,"name":"Mihaela Mate\u0161i\u0107"}]},{"@type":"WebSite","@id":"https:\/\/cji.uniri.hr\/en\/#website","url":"https:\/\/cji.uniri.hr\/en\/","name":"Center for Language Research","description":"","publisher":{"@id":"https:\/\/cji.uniri.hr\/en\/#organization"},"potentialAction":[{"@type":"SearchAction","target":{"@type":"EntryPoint","urlTemplate":"https:\/\/cji.uniri.hr\/en\/?s={search_term_string}"},"query-input":"required name=search_term_string"}],"inLanguage":"en-GB"},{"@type":"Organization","@id":"https:\/\/cji.uniri.hr\/en\/#organization","name":"Center for Language Research","url":"https:\/\/cji.uniri.hr\/en\/","logo":{"@type":"ImageObject","inLanguage":"en-GB","@id":"https:\/\/cji.uniri.hr\/en\/#\/schema\/logo\/image\/","url":"https:\/\/cji.uniri.hr\/wp-content\/uploads\/cji_logo-removebg-preview-1-e1695380857613.png","contentUrl":"https:\/\/cji.uniri.hr\/wp-content\/uploads\/cji_logo-removebg-preview-1-e1695380857613.png","width":170,"height":170,"caption":"Centar za jezi\u010dna istra\u017eivanja"},"image":{"@id":"https:\/\/cji.uniri.hr\/en\/#\/schema\/logo\/image\/"},"sameAs":["https:\/\/www.facebook.com\/CLARIJEKA"]}]}},"_links":{"self":[{"href":"https:\/\/cji.uniri.hr\/en\/wp-json\/wp\/v2\/pages\/437"}],"collection":[{"href":"https:\/\/cji.uniri.hr\/en\/wp-json\/wp\/v2\/pages"}],"about":[{"href":"https:\/\/cji.uniri.hr\/en\/wp-json\/wp\/v2\/types\/page"}],"author":[{"embeddable":true,"href":"https:\/\/cji.uniri.hr\/en\/wp-json\/wp\/v2\/users\/5"}],"replies":[{"embeddable":true,"href":"https:\/\/cji.uniri.hr\/en\/wp-json\/wp\/v2\/comments?post=437"}],"version-history":[{"count":7,"href":"https:\/\/cji.uniri.hr\/en\/wp-json\/wp\/v2\/pages\/437\/revisions"}],"predecessor-version":[{"id":1426,"href":"https:\/\/cji.uniri.hr\/en\/wp-json\/wp\/v2\/pages\/437\/revisions\/1426"}],"up":[{"embeddable":true,"href":"https:\/\/cji.uniri.hr\/en\/wp-json\/wp\/v2\/pages\/66"}],"wp:attachment":[{"href":"https:\/\/cji.uniri.hr\/en\/wp-json\/wp\/v2\/media?parent=437"}],"curies":[{"name":"wp","href":"https:\/\/api.w.org\/{rel}","templated":true}]}}