{"id":441,"date":"2015-10-09T01:44:09","date_gmt":"2015-10-08T23:44:09","guid":{"rendered":"http:\/\/cji.uniri.hr\/?page_id=441"},"modified":"2016-02-18T17:07:39","modified_gmt":"2016-02-18T16:07:39","slug":"diana-stolac","status":"publish","type":"page","link":"https:\/\/cji.uniri.hr\/en\/hr\/clanovi\/diana-stolac\/","title":{"rendered":"Diana Stolac"},"content":{"rendered":"<p>diana.stolac@ri.t-com.hr<\/p>\n<p>Redoviti profesor, Odsjek za kroatistiku<\/p>\n<p><a href=\"https:\/\/portal.uniri.hr\/portfelj\/diana.stolac@uniri.hr\">https:\/\/portal.uniri.hr\/portfelj\/diana.stolac@uniri.hr<\/a><\/p>\n<p><u>\u00a0<\/u><\/p>\n<p><u>Research Interests<\/u><\/p>\n<p>Podru\u010dje mojeg istra\u017eivanja je jezikoslovlje. Iz kroatisti\u010dkih podru\u010dja usmjerena sam na jezi\u010dnopovijesna istra\u017eivanja &#8211; na starije hrvatsko jezikoslovlje i povijesnu sintaksu. Iz standardolo\u0161koga sam podru\u010dja usmjerena na sintakti\u010dka i leksikolo\u0161ka istra\u017eivanja, posebice na terminolo\u0161ka istra\u017eivanja (na tehni\u010dko strukovno nazivlje te izdvojeno na pomorsko nazivlje). Kao slavist pripremam istra\u017eivanje perspektiva razvoja slavenskih jezika u 21. stolje\u0107u, odnosno kao zadr\u017eati identitet i kakve se promjene u identitetu mogu o\u010ditovati u globalizacijskome svijetu. Posljednjih se godina usmjeravam na istra\u017eivanja govora druge i tre\u0107e generacije Hrvata u Australiji. Na op\u0107elingvisti\u010dkome podru\u010dju bavim se metodologijom jezi\u010dnih istra\u017eivanja, sociolingvisti\u010dkim i pragmalingvisti\u010dkim istra\u017eivanjima, pri \u010demu sam posljednjih desetlje\u0107a usmjerena istra\u017eivanju reklamnoga diskurza. Bavim se i popularizacijom humanisti\u010dkih znanosti.<\/p>\n<p>&nbsp;<\/p>\n<p><u>Selected Publications<\/u><\/p>\n<p>Knjige:<\/p>\n<p>Hrvatsko pomorsko nazivlje (Bo\u017eo Babi\u0107, njegovi prethodnici i nastavlja\u010di). Izdava\u010dki centar Rijeka, Rijeka, 1998., 168 str.<\/p>\n<p>&nbsp;<\/p>\n<p>Rije\u010dki filolo\u0161ki portreti. Biblioteka \u010dasopisa Fluminensia, Filozofski fakultet Rijeka, Rijeka, 2006., 204 str.<\/p>\n<p>&nbsp;<\/p>\n<p>Jezik reklama. Hrvatska sveu\u010dili\u0161na naklada, Zagreb 2014., 240 str., suautorica: Anastazija Vlasteli\u0107.<\/p>\n<p>&nbsp;<\/p>\n<p>Poglavlja u knjizi:<\/p>\n<p><em>Kajkavski hrvatski knji\u017eevni jezik. <\/em>u: Povijest hrvatskoga jezika, 2. knjiga: 16. stolje\u0107e, ur. Ante Bi\u010dani\u0107, Radoslav Kati\u010di\u0107 i Josip Lisac, Croatica, Zagreb, 2011., str. 189-227. poglavlje u knjizi ISSN 978-953-55540-2-8.<\/p>\n<p>&nbsp;<\/p>\n<p><em>Antologija djela iz 17. i 18, stolje\u0107a. (suautori: Sanja Holjevac, Josip Lisac). <\/em>u: Povijest hrvatskoga jezika, 3. knjiga: 17. i 18. stolje\u0107e, ur. Ante Bi\u010dani\u0107, Radoslav Kati\u010di\u0107 i Josip Lisac, Croatica, Zagreb, 2013., str. 532-632. poglavlje u knjizi ISSN 978-953-55540-3-5.<\/p>\n<p>&nbsp;<\/p>\n<p><u>Znanstveni \u010dlanci:<\/u><\/p>\n<p><em>Sintakti\u010dka sinonimija<\/em>. <em>Sintakti\u010dke kategorije<\/em> &#8211; Zbornik radova znanstvenoga skupa s me\u0111unarodnim sudjelovanjem <em>Hrvatski sintakti\u010dki dani<\/em>, Osijek 11.-12. svibnja 2006., Osijek, 2007., str. 241-252; ISBN 978-953-6456-76-5.<\/p>\n<p>&nbsp;<\/p>\n<p><em>Metodologija<\/em> <em>sintaktostilisti<\/em><em>\u010d<\/em><em>kih<\/em> <em>istra<\/em><em>\u017e<\/em><em>ivanja<\/em>. <em>Vidjeti<\/em> <em>Ohrid<\/em> (Referati hrvatskih sudionica i sudionika XIV. Me\u0111unarodni slavisti\u010dki kongres, Ohrid, 10.-16. rujna 2008.), Hrvatsko filolo\u0161ko dru\u0161tvo, Zagreb, 2008., str. 287-301, ISBN 978-953-296-000-6<\/p>\n<p><em>The discrepancy between norms and usage<\/em>. &#8220;Croatian Studies Review&#8221;, Sydney, br. 6\/2009.\/2010., str. 173-187.<\/p>\n<p><em>\u00a0<\/em><\/p>\n<p><em>Terminolo\u0161ki izazovi novih tehnologija.<\/em> <em>Odkazy a v\u00fdzvy modernej jazykovej komunik\u00e1cie<\/em> (zbornik radova). ur. Jana Klinckov\u00e1, Bansk\u00e1 Bystrica, 2010., str. 534-543; ISBN 978-80-8083-960-4.<\/p>\n<p><em>Hrvatski prinos bazama strukovnoga nazivlja<\/em>. A tko to ide? Hrvatski prilozi XV. me\u0111unarodnom slavisti\u010dkom kongresu, Minsk, 20.-27. kolovoza 2013.), ur. Marija Turk, Hrvatska sveu\u010dili\u0161na naklada &#8211; Hrvatsko filolo\u0161ko dru\u0161tvo, Zagreb, 2013., str. 145- 172, ISBN 978-953-169-258-8.<\/p>\n<p>&nbsp;<\/p>\n<p><u>Projects<\/u><\/p>\n<p><em>Hrvatska pisana ba\u0161tina od 17. do 19. stolje\u0107a<\/em>, potpora Sveu\u010dili\u0161ta u Rijeci, voditeljica projekta<\/p>","protected":false},"excerpt":{"rendered":"<p>diana.stolac@ri.t-com.hr Redoviti profesor, Odsjek za kroatistiku https:\/\/portal.uniri.hr\/portfelj\/diana.stolac@uniri.hr \u00a0 Znanstveni interesi Podru\u010dje mojeg istra\u017eivanja je jezikoslovlje. Iz kroatisti\u010dkih podru\u010dja usmjerena sam na jezi\u010dnopovijesna istra\u017eivanja &#8211; na starije hrvatsko jezikoslovlje i povijesnu sintaksu. Iz standardolo\u0161koga sam podru\u010dja usmjerena na sintakti\u010dka i leksikolo\u0161ka istra\u017eivanja, posebice na terminolo\u0161ka istra\u017eivanja (na tehni\u010dko strukovno nazivlje te izdvojeno na pomorsko nazivlje). Kao [&hellip;]<\/p>\n","protected":false},"author":5,"featured_media":0,"parent":66,"menu_order":0,"comment_status":"closed","ping_status":"closed","template":"","meta":{"_themeisle_gutenberg_block_has_review":false},"yoast_head":"<!-- This site is optimized with the Yoast SEO plugin v21.0 - https:\/\/yoast.com\/wordpress\/plugins\/seo\/ -->\n<title>Diana Stolac - Centar za jezi\u010dna istra\u017eivanja<\/title>\n<meta name=\"robots\" content=\"index, follow, max-snippet:-1, max-image-preview:large, max-video-preview:-1\" \/>\n<link rel=\"canonical\" href=\"https:\/\/cji.uniri.hr\/en\/hr\/clanovi\/diana-stolac\/\" \/>\n<meta property=\"og:locale\" content=\"en_GB\" \/>\n<meta property=\"og:type\" content=\"article\" \/>\n<meta property=\"og:title\" content=\"Diana Stolac - Centar za jezi\u010dna istra\u017eivanja\" \/>\n<meta property=\"og:description\" content=\"diana.stolac@ri.t-com.hr Redoviti profesor, Odsjek za kroatistiku https:\/\/portal.uniri.hr\/portfelj\/diana.stolac@uniri.hr \u00a0 Znanstveni interesi Podru\u010dje mojeg istra\u017eivanja je jezikoslovlje. Iz kroatisti\u010dkih podru\u010dja usmjerena sam na jezi\u010dnopovijesna istra\u017eivanja &#8211; na starije hrvatsko jezikoslovlje i povijesnu sintaksu. Iz standardolo\u0161koga sam podru\u010dja usmjerena na sintakti\u010dka i leksikolo\u0161ka istra\u017eivanja, posebice na terminolo\u0161ka istra\u017eivanja (na tehni\u010dko strukovno nazivlje te izdvojeno na pomorsko nazivlje). Kao [&hellip;]\" \/>\n<meta property=\"og:url\" content=\"https:\/\/cji.uniri.hr\/en\/hr\/clanovi\/diana-stolac\/\" \/>\n<meta property=\"og:site_name\" content=\"Centar za jezi\u010dna istra\u017eivanja\" \/>\n<meta property=\"article:publisher\" content=\"https:\/\/www.facebook.com\/CLARIJEKA\" \/>\n<meta property=\"article:modified_time\" content=\"2016-02-18T16:07:39+00:00\" \/>\n<meta name=\"twitter:card\" content=\"summary_large_image\" \/>\n<meta name=\"twitter:label1\" content=\"Estimated reading time\" \/>\n\t<meta name=\"twitter:data1\" content=\"2 minutes\" \/>\n<script type=\"application\/ld+json\" class=\"yoast-schema-graph\">{\"@context\":\"https:\/\/schema.org\",\"@graph\":[{\"@type\":\"WebPage\",\"@id\":\"https:\/\/cji.uniri.hr\/hr\/hr\/clanovi\/diana-stolac\/\",\"url\":\"https:\/\/cji.uniri.hr\/hr\/hr\/clanovi\/diana-stolac\/\",\"name\":\"Diana Stolac - Centar za jezi\u010dna istra\u017eivanja\",\"isPartOf\":{\"@id\":\"https:\/\/cji.uniri.hr\/en\/#website\"},\"datePublished\":\"2015-10-08T23:44:09+00:00\",\"dateModified\":\"2016-02-18T16:07:39+00:00\",\"breadcrumb\":{\"@id\":\"https:\/\/cji.uniri.hr\/hr\/hr\/clanovi\/diana-stolac\/#breadcrumb\"},\"inLanguage\":\"en-GB\",\"potentialAction\":[{\"@type\":\"ReadAction\",\"target\":[\"https:\/\/cji.uniri.hr\/hr\/hr\/clanovi\/diana-stolac\/\"]}]},{\"@type\":\"BreadcrumbList\",\"@id\":\"https:\/\/cji.uniri.hr\/hr\/hr\/clanovi\/diana-stolac\/#breadcrumb\",\"itemListElement\":[{\"@type\":\"ListItem\",\"position\":1,\"name\":\"Po\u010detna stranica\",\"item\":\"https:\/\/cji.uniri.hr\/en\/\"},{\"@type\":\"ListItem\",\"position\":2,\"name\":\"HRVATSKI\",\"item\":\"https:\/\/cji.uniri.hr\/hr\/hr\/\"},{\"@type\":\"ListItem\",\"position\":3,\"name\":\"\u010clanovi\",\"item\":\"https:\/\/cji.uniri.hr\/en\/hr\/clanovi\/\"},{\"@type\":\"ListItem\",\"position\":4,\"name\":\"Diana Stolac\"}]},{\"@type\":\"WebSite\",\"@id\":\"https:\/\/cji.uniri.hr\/en\/#website\",\"url\":\"https:\/\/cji.uniri.hr\/en\/\",\"name\":\"Centar za jezi\u010dna istra\u017eivanja\",\"description\":\"\",\"publisher\":{\"@id\":\"https:\/\/cji.uniri.hr\/en\/#organization\"},\"potentialAction\":[{\"@type\":\"SearchAction\",\"target\":{\"@type\":\"EntryPoint\",\"urlTemplate\":\"https:\/\/cji.uniri.hr\/en\/?s={search_term_string}\"},\"query-input\":\"required name=search_term_string\"}],\"inLanguage\":\"en-GB\"},{\"@type\":\"Organization\",\"@id\":\"https:\/\/cji.uniri.hr\/en\/#organization\",\"name\":\"Centar za jezi\u010dna istra\u017eivanja\",\"url\":\"https:\/\/cji.uniri.hr\/en\/\",\"logo\":{\"@type\":\"ImageObject\",\"inLanguage\":\"en-GB\",\"@id\":\"https:\/\/cji.uniri.hr\/en\/#\/schema\/logo\/image\/\",\"url\":\"https:\/\/cji.uniri.hr\/wp-content\/uploads\/cji_logo-removebg-preview-1-e1695380857613.png\",\"contentUrl\":\"https:\/\/cji.uniri.hr\/wp-content\/uploads\/cji_logo-removebg-preview-1-e1695380857613.png\",\"width\":170,\"height\":170,\"caption\":\"Centar za jezi\u010dna istra\u017eivanja\"},\"image\":{\"@id\":\"https:\/\/cji.uniri.hr\/en\/#\/schema\/logo\/image\/\"},\"sameAs\":[\"https:\/\/www.facebook.com\/CLARIJEKA\"]}]}<\/script>\n<!-- \/ Yoast SEO plugin. -->","yoast_head_json":{"title":"Diana Stolac - Centar za jezi\u010dna istra\u017eivanja","robots":{"index":"index","follow":"follow","max-snippet":"max-snippet:-1","max-image-preview":"max-image-preview:large","max-video-preview":"max-video-preview:-1"},"canonical":"https:\/\/cji.uniri.hr\/en\/hr\/clanovi\/diana-stolac\/","og_locale":"en_GB","og_type":"article","og_title":"Diana Stolac - Centar za jezi\u010dna istra\u017eivanja","og_description":"diana.stolac@ri.t-com.hr Redoviti profesor, Odsjek za kroatistiku https:\/\/portal.uniri.hr\/portfelj\/diana.stolac@uniri.hr \u00a0 Znanstveni interesi Podru\u010dje mojeg istra\u017eivanja je jezikoslovlje. Iz kroatisti\u010dkih podru\u010dja usmjerena sam na jezi\u010dnopovijesna istra\u017eivanja &#8211; na starije hrvatsko jezikoslovlje i povijesnu sintaksu. Iz standardolo\u0161koga sam podru\u010dja usmjerena na sintakti\u010dka i leksikolo\u0161ka istra\u017eivanja, posebice na terminolo\u0161ka istra\u017eivanja (na tehni\u010dko strukovno nazivlje te izdvojeno na pomorsko nazivlje). Kao [&hellip;]","og_url":"https:\/\/cji.uniri.hr\/en\/hr\/clanovi\/diana-stolac\/","og_site_name":"Centar za jezi\u010dna istra\u017eivanja","article_publisher":"https:\/\/www.facebook.com\/CLARIJEKA","article_modified_time":"2016-02-18T16:07:39+00:00","twitter_card":"summary_large_image","twitter_misc":{"Estimated reading time":"2 minutes"},"schema":{"@context":"https:\/\/schema.org","@graph":[{"@type":"WebPage","@id":"https:\/\/cji.uniri.hr\/hr\/hr\/clanovi\/diana-stolac\/","url":"https:\/\/cji.uniri.hr\/hr\/hr\/clanovi\/diana-stolac\/","name":"Diana Stolac - Centar za jezi\u010dna istra\u017eivanja","isPartOf":{"@id":"https:\/\/cji.uniri.hr\/en\/#website"},"datePublished":"2015-10-08T23:44:09+00:00","dateModified":"2016-02-18T16:07:39+00:00","breadcrumb":{"@id":"https:\/\/cji.uniri.hr\/hr\/hr\/clanovi\/diana-stolac\/#breadcrumb"},"inLanguage":"en-GB","potentialAction":[{"@type":"ReadAction","target":["https:\/\/cji.uniri.hr\/hr\/hr\/clanovi\/diana-stolac\/"]}]},{"@type":"BreadcrumbList","@id":"https:\/\/cji.uniri.hr\/hr\/hr\/clanovi\/diana-stolac\/#breadcrumb","itemListElement":[{"@type":"ListItem","position":1,"name":"Po\u010detna stranica","item":"https:\/\/cji.uniri.hr\/en\/"},{"@type":"ListItem","position":2,"name":"HRVATSKI","item":"https:\/\/cji.uniri.hr\/hr\/hr\/"},{"@type":"ListItem","position":3,"name":"\u010clanovi","item":"https:\/\/cji.uniri.hr\/en\/hr\/clanovi\/"},{"@type":"ListItem","position":4,"name":"Diana Stolac"}]},{"@type":"WebSite","@id":"https:\/\/cji.uniri.hr\/en\/#website","url":"https:\/\/cji.uniri.hr\/en\/","name":"Center for Language Research","description":"","publisher":{"@id":"https:\/\/cji.uniri.hr\/en\/#organization"},"potentialAction":[{"@type":"SearchAction","target":{"@type":"EntryPoint","urlTemplate":"https:\/\/cji.uniri.hr\/en\/?s={search_term_string}"},"query-input":"required name=search_term_string"}],"inLanguage":"en-GB"},{"@type":"Organization","@id":"https:\/\/cji.uniri.hr\/en\/#organization","name":"Center for Language Research","url":"https:\/\/cji.uniri.hr\/en\/","logo":{"@type":"ImageObject","inLanguage":"en-GB","@id":"https:\/\/cji.uniri.hr\/en\/#\/schema\/logo\/image\/","url":"https:\/\/cji.uniri.hr\/wp-content\/uploads\/cji_logo-removebg-preview-1-e1695380857613.png","contentUrl":"https:\/\/cji.uniri.hr\/wp-content\/uploads\/cji_logo-removebg-preview-1-e1695380857613.png","width":170,"height":170,"caption":"Centar za jezi\u010dna istra\u017eivanja"},"image":{"@id":"https:\/\/cji.uniri.hr\/en\/#\/schema\/logo\/image\/"},"sameAs":["https:\/\/www.facebook.com\/CLARIJEKA"]}]}},"_links":{"self":[{"href":"https:\/\/cji.uniri.hr\/en\/wp-json\/wp\/v2\/pages\/441"}],"collection":[{"href":"https:\/\/cji.uniri.hr\/en\/wp-json\/wp\/v2\/pages"}],"about":[{"href":"https:\/\/cji.uniri.hr\/en\/wp-json\/wp\/v2\/types\/page"}],"author":[{"embeddable":true,"href":"https:\/\/cji.uniri.hr\/en\/wp-json\/wp\/v2\/users\/5"}],"replies":[{"embeddable":true,"href":"https:\/\/cji.uniri.hr\/en\/wp-json\/wp\/v2\/comments?post=441"}],"version-history":[{"count":3,"href":"https:\/\/cji.uniri.hr\/en\/wp-json\/wp\/v2\/pages\/441\/revisions"}],"predecessor-version":[{"id":877,"href":"https:\/\/cji.uniri.hr\/en\/wp-json\/wp\/v2\/pages\/441\/revisions\/877"}],"up":[{"embeddable":true,"href":"https:\/\/cji.uniri.hr\/en\/wp-json\/wp\/v2\/pages\/66"}],"wp:attachment":[{"href":"https:\/\/cji.uniri.hr\/en\/wp-json\/wp\/v2\/media?parent=441"}],"curies":[{"name":"wp","href":"https:\/\/api.w.org\/{rel}","templated":true}]}}