{"id":445,"date":"2015-10-09T01:46:14","date_gmt":"2015-10-08T23:46:14","guid":{"rendered":"http:\/\/cji.uniri.hr\/?page_id=445"},"modified":"2023-06-12T12:08:08","modified_gmt":"2023-06-12T10:08:08","slug":"zvjezdana-vrzic","status":"publish","type":"page","link":"https:\/\/cji.uniri.hr\/en\/hr\/clanovi\/zvjezdana-vrzic\/","title":{"rendered":"Zvjezdana Vrzi\u0107"},"content":{"rendered":"<figure class=\"wp-block-image size-large is-resized\"><img decoding=\"async\" loading=\"lazy\" src=\"https:\/\/cji.uniri.hr\/wp-content\/uploads\/vrzic-1-739x800.jpg\" alt=\"\" class=\"wp-image-3027\" width=\"185\" height=\"200\" srcset=\"https:\/\/cji.uniri.hr\/wp-content\/uploads\/vrzic-1-739x800.jpg 739w, https:\/\/cji.uniri.hr\/wp-content\/uploads\/vrzic-1-277x300.jpg 277w, https:\/\/cji.uniri.hr\/wp-content\/uploads\/vrzic-1-768x832.jpg 768w, https:\/\/cji.uniri.hr\/wp-content\/uploads\/vrzic-1-1418x1536.jpg 1418w, https:\/\/cji.uniri.hr\/wp-content\/uploads\/vrzic-1-11x12.jpg 11w, https:\/\/cji.uniri.hr\/wp-content\/uploads\/vrzic-1.jpg 1767w\" sizes=\"(max-width: 185px) 100vw, 185px\" \/><\/figure>\n\n\n\n<p>zv2@nyu.edu<br>New York University<br><a href=\"https:\/\/as.nyu.edu\/faculty\/zvjezdana-vrzicacute.html\" target=\"_blank\" rel=\"noreferrer noopener\">https:\/\/as.nyu.edu\/faculty\/zvjezdana-vrzicacute.html&nbsp;<\/a><\/p>\n\n\n\n<h2 id=\"wp-block-themeisle-blocks-advanced-heading-a54dab82\" class=\"wp-block-themeisle-blocks-advanced-heading wp-block-themeisle-blocks-advanced-heading-a54dab82\">Research Interests<\/h2>\n\n\n\n<p>Sociolinguistics of multilingualism; minority languages and language endangerment; language contact (syntax);<br>documentation and preservation of endangered languages; language and\nidentity; language activism; Vlashki\/Zheyanski (Istro-Romanian), Istriot, Croatian\n(Bosnian\/Serbian)<\/p>\n\n\n\n<h2 id=\"wp-block-themeisle-blocks-advanced-heading-bf66ec78\" class=\"wp-block-themeisle-blocks-advanced-heading wp-block-themeisle-blocks-advanced-heading-bf66ec78\">Current Projects<\/h2>\n\n\n\n<p>Suvoditeljica, Endangered languages in contact in Istria and Kvarner, Croatia: A multilingual spoken corpus for language documentation and research, 2022.-2025. <a href=\"https:\/\/www.nsf.gov\/awardsearch\/showAward?AWD_ID=2220425\" target=\"_blank\" rel=\"noreferrer noopener\">Link<\/a><br><br>Project Collaborator, Teacher Education about Multilingualism, 2020-2023 <a href=\"https:\/\/team.amu.edu.pl\/?page_id=20\" target=\"_blank\" rel=\"noreferrer noopener\">Link<\/a><br><\/p>\n\n\n\n<h2 id=\"wp-block-themeisle-blocks-advanced-heading-9d81c053\" class=\"wp-block-themeisle-blocks-advanced-heading wp-block-themeisle-blocks-advanced-heading-9d81c053\">Completed Projects<\/h2>\n\n\n\n<p>Co-Principal Investigator, Documentation of the Vlashki\/Zheyanski Language, 2012-2018 <a href=\"https:\/\/grantome.com\/grant\/NSF\/BCS-1160696\" target=\"_blank\" rel=\"noreferrer noopener\">Link<\/a><\/p>\n\n\n\n<h2 id=\"wp-block-themeisle-blocks-advanced-heading-77a4e128\" class=\"wp-block-themeisle-blocks-advanced-heading wp-block-themeisle-blocks-advanced-heading-77a4e128\">Selected Publications<\/h2>\n\n\n\n<p><a href=\"https:\/\/as.nyu.edu\/faculty\/zvjezdana-vrzicacute.html\" target=\"_blank\" rel=\"noreferrer noopener\">https:\/\/as.nyu.edu\/faculty\/zvjezdana-vrzicacute.html<\/a><\/p>\n\n\n\n<p><br><\/p>","protected":false},"excerpt":{"rendered":"<p>zv2@nyu.eduSveu\u010dili\u0161te u New Yorkuhttps:\/\/as.nyu.edu\/faculty\/zvjezdana-vrzicacute.html&nbsp; Sociolingvistika vi\u0161ejezi\u010dnosti; manjinski jezici i jezi\u010dna ugro\u017eenost; jezi\u010dni dodiri (sintaksa);dokumentiranje i o\u010duvanje ugro\u017eenih jezika; jezik i identitet; jezi\u010dni aktivizam; vla\u0161ki\/\u017eejanski (istrorumunjski) jezik; istriotski; hrvatski. Suvoditeljica, Endangered languages in contact in Istria and Kvarner, Croatia: A multilingual spoken corpus for language documentation and research, 2022.-2025. Link Suradnica, Teacher Education about Multilingualism, 2020.-2023. [&hellip;]<\/p>\n","protected":false},"author":5,"featured_media":0,"parent":66,"menu_order":0,"comment_status":"closed","ping_status":"closed","template":"","meta":{"_themeisle_gutenberg_block_has_review":false},"yoast_head":"<!-- This site is optimized with the Yoast SEO plugin v21.0 - https:\/\/yoast.com\/wordpress\/plugins\/seo\/ -->\n<title>Zvjezdana Vrzi\u0107 - Centar za jezi\u010dna istra\u017eivanja<\/title>\n<meta name=\"robots\" content=\"index, follow, max-snippet:-1, max-image-preview:large, max-video-preview:-1\" \/>\n<link rel=\"canonical\" href=\"https:\/\/cji.uniri.hr\/en\/clanovi\/zvjezdana-vrzic\/\" \/>\n<meta property=\"og:locale\" content=\"en_GB\" \/>\n<meta property=\"og:type\" content=\"article\" \/>\n<meta property=\"og:title\" content=\"Zvjezdana Vrzi\u0107 - Centar za jezi\u010dna istra\u017eivanja\" \/>\n<meta property=\"og:description\" content=\"zv2@nyu.eduSveu\u010dili\u0161te u New Yorkuhttps:\/\/as.nyu.edu\/faculty\/zvjezdana-vrzicacute.html&nbsp; Sociolingvistika vi\u0161ejezi\u010dnosti; manjinski jezici i jezi\u010dna ugro\u017eenost; jezi\u010dni dodiri (sintaksa);dokumentiranje i o\u010duvanje ugro\u017eenih jezika; jezik i identitet; jezi\u010dni aktivizam; vla\u0161ki\/\u017eejanski (istrorumunjski) jezik; istriotski; hrvatski. Suvoditeljica, Endangered languages in contact in Istria and Kvarner, Croatia: A multilingual spoken corpus for language documentation and research, 2022.-2025. Link Suradnica, Teacher Education about Multilingualism, 2020.-2023. [&hellip;]\" \/>\n<meta property=\"og:url\" content=\"https:\/\/cji.uniri.hr\/en\/clanovi\/zvjezdana-vrzic\/\" \/>\n<meta property=\"og:site_name\" content=\"Centar za jezi\u010dna istra\u017eivanja\" \/>\n<meta property=\"article:publisher\" content=\"https:\/\/www.facebook.com\/CLARIJEKA\" \/>\n<meta property=\"article:modified_time\" content=\"2023-06-12T10:08:08+00:00\" \/>\n<meta property=\"og:image\" content=\"https:\/\/cji.uniri.hr\/wp-content\/uploads\/vrzic-1-739x800.jpg\" \/>\n<meta name=\"twitter:card\" content=\"summary_large_image\" \/>\n<meta name=\"twitter:label1\" content=\"Estimated reading time\" \/>\n\t<meta name=\"twitter:data1\" content=\"1 minute\" \/>\n<script type=\"application\/ld+json\" class=\"yoast-schema-graph\">{\"@context\":\"https:\/\/schema.org\",\"@graph\":[{\"@type\":\"WebPage\",\"@id\":\"https:\/\/cji.uniri.hr\/hr\/clanovi\/zvjezdana-vrzic\/\",\"url\":\"https:\/\/cji.uniri.hr\/hr\/clanovi\/zvjezdana-vrzic\/\",\"name\":\"Zvjezdana Vrzi\u0107 - Centar za jezi\u010dna istra\u017eivanja\",\"isPartOf\":{\"@id\":\"https:\/\/cji.uniri.hr\/en\/#website\"},\"datePublished\":\"2015-10-08T23:46:14+00:00\",\"dateModified\":\"2023-06-12T10:08:08+00:00\",\"breadcrumb\":{\"@id\":\"https:\/\/cji.uniri.hr\/hr\/clanovi\/zvjezdana-vrzic\/#breadcrumb\"},\"inLanguage\":\"en-GB\",\"potentialAction\":[{\"@type\":\"ReadAction\",\"target\":[\"https:\/\/cji.uniri.hr\/hr\/clanovi\/zvjezdana-vrzic\/\"]}]},{\"@type\":\"BreadcrumbList\",\"@id\":\"https:\/\/cji.uniri.hr\/hr\/clanovi\/zvjezdana-vrzic\/#breadcrumb\",\"itemListElement\":[{\"@type\":\"ListItem\",\"position\":1,\"name\":\"Po\u010detna stranica\",\"item\":\"https:\/\/cji.uniri.hr\/en\/\"},{\"@type\":\"ListItem\",\"position\":2,\"name\":\"HRVATSKI\",\"item\":\"https:\/\/cji.uniri.hr\/hr\/hr\/\"},{\"@type\":\"ListItem\",\"position\":3,\"name\":\"\u010clanovi\",\"item\":\"https:\/\/cji.uniri.hr\/en\/hr\/clanovi\/\"},{\"@type\":\"ListItem\",\"position\":4,\"name\":\"Zvjezdana Vrzi\u0107\"}]},{\"@type\":\"WebSite\",\"@id\":\"https:\/\/cji.uniri.hr\/en\/#website\",\"url\":\"https:\/\/cji.uniri.hr\/en\/\",\"name\":\"Centar za jezi\u010dna istra\u017eivanja\",\"description\":\"\",\"publisher\":{\"@id\":\"https:\/\/cji.uniri.hr\/en\/#organization\"},\"potentialAction\":[{\"@type\":\"SearchAction\",\"target\":{\"@type\":\"EntryPoint\",\"urlTemplate\":\"https:\/\/cji.uniri.hr\/en\/?s={search_term_string}\"},\"query-input\":\"required name=search_term_string\"}],\"inLanguage\":\"en-GB\"},{\"@type\":\"Organization\",\"@id\":\"https:\/\/cji.uniri.hr\/en\/#organization\",\"name\":\"Centar za jezi\u010dna istra\u017eivanja\",\"url\":\"https:\/\/cji.uniri.hr\/en\/\",\"logo\":{\"@type\":\"ImageObject\",\"inLanguage\":\"en-GB\",\"@id\":\"https:\/\/cji.uniri.hr\/en\/#\/schema\/logo\/image\/\",\"url\":\"https:\/\/cji.uniri.hr\/wp-content\/uploads\/cji_logo-removebg-preview-1-e1695380857613.png\",\"contentUrl\":\"https:\/\/cji.uniri.hr\/wp-content\/uploads\/cji_logo-removebg-preview-1-e1695380857613.png\",\"width\":170,\"height\":170,\"caption\":\"Centar za jezi\u010dna istra\u017eivanja\"},\"image\":{\"@id\":\"https:\/\/cji.uniri.hr\/en\/#\/schema\/logo\/image\/\"},\"sameAs\":[\"https:\/\/www.facebook.com\/CLARIJEKA\"]}]}<\/script>\n<!-- \/ Yoast SEO plugin. -->","yoast_head_json":{"title":"Zvjezdana Vrzi\u0107 - Centar za jezi\u010dna istra\u017eivanja","robots":{"index":"index","follow":"follow","max-snippet":"max-snippet:-1","max-image-preview":"max-image-preview:large","max-video-preview":"max-video-preview:-1"},"canonical":"https:\/\/cji.uniri.hr\/en\/clanovi\/zvjezdana-vrzic\/","og_locale":"en_GB","og_type":"article","og_title":"Zvjezdana Vrzi\u0107 - Centar za jezi\u010dna istra\u017eivanja","og_description":"zv2@nyu.eduSveu\u010dili\u0161te u New Yorkuhttps:\/\/as.nyu.edu\/faculty\/zvjezdana-vrzicacute.html&nbsp; Sociolingvistika vi\u0161ejezi\u010dnosti; manjinski jezici i jezi\u010dna ugro\u017eenost; jezi\u010dni dodiri (sintaksa);dokumentiranje i o\u010duvanje ugro\u017eenih jezika; jezik i identitet; jezi\u010dni aktivizam; vla\u0161ki\/\u017eejanski (istrorumunjski) jezik; istriotski; hrvatski. Suvoditeljica, Endangered languages in contact in Istria and Kvarner, Croatia: A multilingual spoken corpus for language documentation and research, 2022.-2025. Link Suradnica, Teacher Education about Multilingualism, 2020.-2023. [&hellip;]","og_url":"https:\/\/cji.uniri.hr\/en\/clanovi\/zvjezdana-vrzic\/","og_site_name":"Centar za jezi\u010dna istra\u017eivanja","article_publisher":"https:\/\/www.facebook.com\/CLARIJEKA","article_modified_time":"2023-06-12T10:08:08+00:00","og_image":[{"url":"https:\/\/cji.uniri.hr\/wp-content\/uploads\/vrzic-1-739x800.jpg"}],"twitter_card":"summary_large_image","twitter_misc":{"Estimated reading time":"1 minute"},"schema":{"@context":"https:\/\/schema.org","@graph":[{"@type":"WebPage","@id":"https:\/\/cji.uniri.hr\/hr\/clanovi\/zvjezdana-vrzic\/","url":"https:\/\/cji.uniri.hr\/hr\/clanovi\/zvjezdana-vrzic\/","name":"Zvjezdana Vrzi\u0107 - Centar za jezi\u010dna istra\u017eivanja","isPartOf":{"@id":"https:\/\/cji.uniri.hr\/en\/#website"},"datePublished":"2015-10-08T23:46:14+00:00","dateModified":"2023-06-12T10:08:08+00:00","breadcrumb":{"@id":"https:\/\/cji.uniri.hr\/hr\/clanovi\/zvjezdana-vrzic\/#breadcrumb"},"inLanguage":"en-GB","potentialAction":[{"@type":"ReadAction","target":["https:\/\/cji.uniri.hr\/hr\/clanovi\/zvjezdana-vrzic\/"]}]},{"@type":"BreadcrumbList","@id":"https:\/\/cji.uniri.hr\/hr\/clanovi\/zvjezdana-vrzic\/#breadcrumb","itemListElement":[{"@type":"ListItem","position":1,"name":"Po\u010detna stranica","item":"https:\/\/cji.uniri.hr\/en\/"},{"@type":"ListItem","position":2,"name":"HRVATSKI","item":"https:\/\/cji.uniri.hr\/hr\/hr\/"},{"@type":"ListItem","position":3,"name":"\u010clanovi","item":"https:\/\/cji.uniri.hr\/en\/hr\/clanovi\/"},{"@type":"ListItem","position":4,"name":"Zvjezdana Vrzi\u0107"}]},{"@type":"WebSite","@id":"https:\/\/cji.uniri.hr\/en\/#website","url":"https:\/\/cji.uniri.hr\/en\/","name":"Center for Language Research","description":"","publisher":{"@id":"https:\/\/cji.uniri.hr\/en\/#organization"},"potentialAction":[{"@type":"SearchAction","target":{"@type":"EntryPoint","urlTemplate":"https:\/\/cji.uniri.hr\/en\/?s={search_term_string}"},"query-input":"required name=search_term_string"}],"inLanguage":"en-GB"},{"@type":"Organization","@id":"https:\/\/cji.uniri.hr\/en\/#organization","name":"Center for Language Research","url":"https:\/\/cji.uniri.hr\/en\/","logo":{"@type":"ImageObject","inLanguage":"en-GB","@id":"https:\/\/cji.uniri.hr\/en\/#\/schema\/logo\/image\/","url":"https:\/\/cji.uniri.hr\/wp-content\/uploads\/cji_logo-removebg-preview-1-e1695380857613.png","contentUrl":"https:\/\/cji.uniri.hr\/wp-content\/uploads\/cji_logo-removebg-preview-1-e1695380857613.png","width":170,"height":170,"caption":"Centar za jezi\u010dna istra\u017eivanja"},"image":{"@id":"https:\/\/cji.uniri.hr\/en\/#\/schema\/logo\/image\/"},"sameAs":["https:\/\/www.facebook.com\/CLARIJEKA"]}]}},"_links":{"self":[{"href":"https:\/\/cji.uniri.hr\/en\/wp-json\/wp\/v2\/pages\/445"}],"collection":[{"href":"https:\/\/cji.uniri.hr\/en\/wp-json\/wp\/v2\/pages"}],"about":[{"href":"https:\/\/cji.uniri.hr\/en\/wp-json\/wp\/v2\/types\/page"}],"author":[{"embeddable":true,"href":"https:\/\/cji.uniri.hr\/en\/wp-json\/wp\/v2\/users\/5"}],"replies":[{"embeddable":true,"href":"https:\/\/cji.uniri.hr\/en\/wp-json\/wp\/v2\/comments?post=445"}],"version-history":[{"count":10,"href":"https:\/\/cji.uniri.hr\/en\/wp-json\/wp\/v2\/pages\/445\/revisions"}],"predecessor-version":[{"id":3033,"href":"https:\/\/cji.uniri.hr\/en\/wp-json\/wp\/v2\/pages\/445\/revisions\/3033"}],"up":[{"embeddable":true,"href":"https:\/\/cji.uniri.hr\/en\/wp-json\/wp\/v2\/pages\/66"}],"wp:attachment":[{"href":"https:\/\/cji.uniri.hr\/en\/wp-json\/wp\/v2\/media?parent=445"}],"curies":[{"name":"wp","href":"https:\/\/api.w.org\/{rel}","templated":true}]}}