{"id":932,"date":"2016-03-14T17:54:13","date_gmt":"2016-03-14T16:54:13","guid":{"rendered":"http:\/\/cji.uniri.hr\/?page_id=932"},"modified":"2016-05-11T10:48:37","modified_gmt":"2016-05-11T08:48:37","slug":"1-simpozij-scimeth","status":"publish","type":"page","link":"https:\/\/cji.uniri.hr\/en\/hr\/konferencija\/1-simpozij-scimeth\/","title":{"rendered":"1. simpozij SCIMETH"},"content":{"rendered":"<h1>Metodologija znanstvenih istra\u017eivanja: statistika u filolo\u0161kim istra\u017eivanjima<\/h1>\n<h3>11. svibnja 2016.<\/h3>\n<h4>Filozofski fakultet, Sveu\u010dili\u0161na avenija 4, HR-51000 Rijeka<\/h4>\n<h2>PROGRAM<\/h2>\n<p><a href=\"https:\/\/cji.uniri.hr\/wp-content\/uploads\/SCIMETH_program.pdf\" rel=\"\">SCIMETH_program<\/a><\/p>\n<h2><b>PRVA OBAVIJEST<\/b><\/h2>\n<p>Centar za jezi\u010dna istra\u017eivanja (CJI) Filozofskoga fakulteta u Rijeci u suradnji s Hrvatskim dru\u0161tvom za primijenjenu lingvistiku (Regionalni aktiv HDPL-a Rijeka) organizira 11. svibnja 2016. znanstveni simpozij <b>SCIMETH \u2013 Metodologija znanstvenih istra\u017eivanja: statistika u filolo\u0161kim istra\u017eivanjima<\/b> kao pretkonferencijski doga\u0111aj u sklopu <a href=\"http:\/\/hdpl.hdpl.hr\/home\" target=\"_blank\">30. me\u0111unarodnoga znanstvenoga skupa Hrvatskoga dru\u0161tva za primijenjenu lingvistiku<\/a>, koji \u0107e se odr\u017eati od 12. do 14. svibnja 2016. godine na Filozofskome fakultetu u Rijeci.<\/p>\n<p>Simpozij okuplja sve znanstvenike, a posebice doktorande i poslijedoktorande u bilo kojoj grani filologije, koji su zainteresirani za primjenu statisti\u010dkih metoda u jezikoslovnim istra\u017eivanjima. Tako\u0111er, kao slu\u0161a\u010di dobrodo\u0161li su i studenti diplomskih studija.<\/p>\n<h2>POZVANA PREDAVANJA<\/h2>\n<p><b>Darko Lon\u010dari\u0107<\/b>, Sveu\u010dili\u0161te u Rijeci,<\/p>\n<h4><i>Pou\u010davanje primijenjene statistike u humanisti\u010dkim i\u00a0 <\/i><i>dru\u0161tvenim znanostima<\/i><\/h4>\n<p><b>Anita Memi\u0161evi\u0107<\/b>, Sveu\u010dili\u0161te u Rijeci,<\/p>\n<h4><i>Primjeri primjene statistike u filolo\u0161kim istra\u017eivanjima<\/i><\/h4>\n<p>U prvome dijelu simpozija bit \u0107e odr\u017eava dva pozvana predavanja u prijepodnevnim satima, a u poslijepodnevnim \u0107e se satima odr\u017eati radionica <i>Primjena statistike u filolo\u0161kim istra\u017eivanjima<\/i>. U poslijepodnevnim satima odr\u017eat \u0107e se znanstvena radionica na kojoj sudionici mogu sudjelovati kao slu\u0161a\u010di ili izlaga\u010di. Izlaga\u010di \u0107e ukratko predstaviti jedno svoje lingvisti\u010dko istra\u017eivanje u kojem planiraju provesti statisti\u010dke istra\u017eiva\u010dke metode, a imat \u0107e i priliku u okviru radionice obraditi prikupljene i donesene podatke te se znanstveno konzultirati o izboru metoda i provedbi istra\u017eivanja. Poseban naglasak radionice bit \u0107e upravo na ispravnoj primjeni statisti\u010dkih metoda u jezikoslovnim istra\u017eivanjima \u2013 podru\u010dju koje je posebno zanimljivo ne samo doktorandima i poslijedoktorandima nego i svim drugim znanstvenicima koji se susre\u0107u s potrebom primjene statisti\u010dkih metoda kao istra\u017eiva\u010di ili pak s potrebom ocjene ispravnosti primjene tih metoda u lingvistici kao recenzenti znanstvenih radova ili znanstvenih projekata.<\/p>\n<p>Za sudjelovanje je potrebno prijaviti se slanjem popunjenog obrasca (<a href=\"https:\/\/cji.uniri.hr\/wp-content\/uploads\/SCIMETH_prijavnica_word_HDPL_CJI.docx\" rel=\"\">SCIMETH_prijavnica<\/a>)\u00a0 na adresu:<\/p>\n<p>mmatesic@ffri.hr do 20. travnja 2016.<\/p>\n<p>Sudionici koji se prijave kao izlaga\u010di bit \u0107e zamoljeni da pripreme svoje prikupljene podatke na kojima \u017eele provesti statisti\u010dku obradu, o \u010demu \u0107e dobiti podrobne upute odmah po dostavljenoj prijavnici.<\/p>\n<p>Svi sudionici simpozija dobit \u0107e potvrdu o sudjelovanju na temelju koje \u0107e na svojim mati\u010dnim ustanovama mo\u0107i zatra\u017eiti dodjelu ECTS-bodova.<\/p>\n<p>Kotizaciju u iznosu od 120 kn potrebno je uplatiti najkasnije do 30. travnja 2016. godine. Potvrdu o uplati potrebno je predo\u010diti prilikom registracije sudionika. Na radionici ne\u0107e biti mogu\u0107e platiti kotizaciju. Za uplatu je potrebno upotrijebiti sljede\u0107e podatke:<\/p>\n<p>PRIMATELJ: <b>Filozofski fakultet, Sveu\u010dili\u0161na avenija 4, HR-51000 Rijeka<\/b><\/p>\n<p>IBAN: <b>HR9123600001101536455<\/b><\/p>\n<p>REFERENCE NUMBER <b>OIB-16<\/b><\/p>\n<p>DESCRIPTION <b>SCIMETH ime i prezime sudionika<\/b><\/p>\n<p>Sve dodatne informacije o \u00a0<b>1. simpozij SCIMETH \u2013 <\/b><b><i>Metodologija znanstvenih istra\u017eivanja: statistika u filolo\u0161kim istra\u017eivanjima<\/i><\/b> bit \u0107e objavljivane na mre\u017enoj stranici Centra za jezi\u010dna istra\u017eivanja Filozofskoga fakulteta u Rijeci: https:\/\/cji.uniri.hr\/hr\/konferencija\/1-simpozij-scimeth\/<\/p>\n<h2>\u010cLANOVI ORGANIZACIJSKOGA ODBORA:<\/h2>\n<p>Diana Stolac, predsjednica Hrvatskoga dru\u0161tva za primijenjenu lingvistiku<\/p>\n<p>Marija Brala Vukanovi\u0107, tajnica Hrvatskoga dru\u0161tva za primijenjenu lingvistiku Mihaela Mate\u0161i\u0107, Regionalni aktiv HDPL-a Rijeka, predsjednica Organiz. odbora<\/p>\n<p>Anastazija Vlasteli\u0107, Regionalni aktiv HDPL-a Rijeka, potpredsjednica Organiz. odbora<\/p>\n<p>Anita Memi\u0161evi\u0107, Regionalni aktiv HDPL-a Rijeka, potpredsjednica Organiz. odbora<\/p>\n<p>Zvjezdana Vrzi\u0107, Centar za jezi\u010dna istra\u017eivanja<\/p>\n<p>Benedikt Perak, Centar za jezi\u010dna istra\u017eivanja<\/p>\n<p>Cecilija Jur\u010di\u0107 Katunar, Centar za jezi\u010dna istra\u017eivanja<\/p>\n<p>Mirjana Crni\u0107, Institut za hrvatski jezik i jezikoslovlje \u2013 Podru\u017enica u Rijeci<\/p>\n<p>Ma\u0161a Ple\u0161kovi\u0107, Regionalni aktiv HDPL-a Rijeka<\/p>","protected":false},"excerpt":{"rendered":"<p>Metodologija znanstvenih istra\u017eivanja: statistika u filolo\u0161kim istra\u017eivanjima 11. svibnja 2016. Filozofski fakultet, Sveu\u010dili\u0161na avenija 4, HR-51000 Rijeka PROGRAM SCIMETH_program PRVA OBAVIJEST Centar za jezi\u010dna istra\u017eivanja (CJI) Filozofskoga fakulteta u Rijeci u suradnji s Hrvatskim dru\u0161tvom za primijenjenu lingvistiku (Regionalni aktiv HDPL-a Rijeka) organizira 11. svibnja 2016. znanstveni simpozij SCIMETH \u2013 Metodologija znanstvenih istra\u017eivanja: statistika u [&hellip;]<\/p>\n","protected":false},"author":5,"featured_media":0,"parent":286,"menu_order":0,"comment_status":"closed","ping_status":"closed","template":"","meta":{"_themeisle_gutenberg_block_has_review":false},"yoast_head":"<!-- This site is optimized with the Yoast SEO plugin v21.0 - https:\/\/yoast.com\/wordpress\/plugins\/seo\/ -->\n<title>1. simpozij SCIMETH - Centar za jezi\u010dna istra\u017eivanja<\/title>\n<meta name=\"robots\" content=\"index, follow, max-snippet:-1, max-image-preview:large, max-video-preview:-1\" \/>\n<link rel=\"canonical\" href=\"https:\/\/cji.uniri.hr\/en\/hr\/konferencija\/1-simpozij-scimeth\/\" \/>\n<meta property=\"og:locale\" content=\"en_GB\" \/>\n<meta property=\"og:type\" content=\"article\" \/>\n<meta property=\"og:title\" content=\"1. simpozij SCIMETH - Centar za jezi\u010dna istra\u017eivanja\" \/>\n<meta property=\"og:description\" content=\"Metodologija znanstvenih istra\u017eivanja: statistika u filolo\u0161kim istra\u017eivanjima 11. svibnja 2016. Filozofski fakultet, Sveu\u010dili\u0161na avenija 4, HR-51000 Rijeka PROGRAM SCIMETH_program PRVA OBAVIJEST Centar za jezi\u010dna istra\u017eivanja (CJI) Filozofskoga fakulteta u Rijeci u suradnji s Hrvatskim dru\u0161tvom za primijenjenu lingvistiku (Regionalni aktiv HDPL-a Rijeka) organizira 11. svibnja 2016. znanstveni simpozij SCIMETH \u2013 Metodologija znanstvenih istra\u017eivanja: statistika u [&hellip;]\" \/>\n<meta property=\"og:url\" content=\"https:\/\/cji.uniri.hr\/en\/hr\/konferencija\/1-simpozij-scimeth\/\" \/>\n<meta property=\"og:site_name\" content=\"Centar za jezi\u010dna istra\u017eivanja\" \/>\n<meta property=\"article:publisher\" content=\"https:\/\/www.facebook.com\/CLARIJEKA\" \/>\n<meta property=\"article:modified_time\" content=\"2016-05-11T08:48:37+00:00\" \/>\n<meta name=\"twitter:card\" content=\"summary_large_image\" \/>\n<meta name=\"twitter:label1\" content=\"Estimated reading time\" \/>\n\t<meta name=\"twitter:data1\" content=\"3 minutes\" \/>\n<script type=\"application\/ld+json\" class=\"yoast-schema-graph\">{\"@context\":\"https:\/\/schema.org\",\"@graph\":[{\"@type\":\"WebPage\",\"@id\":\"https:\/\/cji.uniri.hr\/hr\/hr\/konferencija\/1-simpozij-scimeth\/\",\"url\":\"https:\/\/cji.uniri.hr\/hr\/hr\/konferencija\/1-simpozij-scimeth\/\",\"name\":\"1. simpozij SCIMETH - Centar za jezi\u010dna istra\u017eivanja\",\"isPartOf\":{\"@id\":\"https:\/\/cji.uniri.hr\/en\/#website\"},\"datePublished\":\"2016-03-14T16:54:13+00:00\",\"dateModified\":\"2016-05-11T08:48:37+00:00\",\"breadcrumb\":{\"@id\":\"https:\/\/cji.uniri.hr\/hr\/hr\/konferencija\/1-simpozij-scimeth\/#breadcrumb\"},\"inLanguage\":\"en-GB\",\"potentialAction\":[{\"@type\":\"ReadAction\",\"target\":[\"https:\/\/cji.uniri.hr\/hr\/hr\/konferencija\/1-simpozij-scimeth\/\"]}]},{\"@type\":\"BreadcrumbList\",\"@id\":\"https:\/\/cji.uniri.hr\/hr\/hr\/konferencija\/1-simpozij-scimeth\/#breadcrumb\",\"itemListElement\":[{\"@type\":\"ListItem\",\"position\":1,\"name\":\"Po\u010detna stranica\",\"item\":\"https:\/\/cji.uniri.hr\/en\/\"},{\"@type\":\"ListItem\",\"position\":2,\"name\":\"HRVATSKI\",\"item\":\"https:\/\/cji.uniri.hr\/hr\/hr\/\"},{\"@type\":\"ListItem\",\"position\":3,\"name\":\"Konferencije\",\"item\":\"https:\/\/cji.uniri.hr\/hr\/hr\/konferencija\/\"},{\"@type\":\"ListItem\",\"position\":4,\"name\":\"1. simpozij SCIMETH\"}]},{\"@type\":\"WebSite\",\"@id\":\"https:\/\/cji.uniri.hr\/en\/#website\",\"url\":\"https:\/\/cji.uniri.hr\/en\/\",\"name\":\"Centar za jezi\u010dna istra\u017eivanja\",\"description\":\"\",\"publisher\":{\"@id\":\"https:\/\/cji.uniri.hr\/en\/#organization\"},\"potentialAction\":[{\"@type\":\"SearchAction\",\"target\":{\"@type\":\"EntryPoint\",\"urlTemplate\":\"https:\/\/cji.uniri.hr\/en\/?s={search_term_string}\"},\"query-input\":\"required name=search_term_string\"}],\"inLanguage\":\"en-GB\"},{\"@type\":\"Organization\",\"@id\":\"https:\/\/cji.uniri.hr\/en\/#organization\",\"name\":\"Centar za jezi\u010dna istra\u017eivanja\",\"url\":\"https:\/\/cji.uniri.hr\/en\/\",\"logo\":{\"@type\":\"ImageObject\",\"inLanguage\":\"en-GB\",\"@id\":\"https:\/\/cji.uniri.hr\/en\/#\/schema\/logo\/image\/\",\"url\":\"https:\/\/cji.uniri.hr\/wp-content\/uploads\/cji_logo-removebg-preview-1-e1695380857613.png\",\"contentUrl\":\"https:\/\/cji.uniri.hr\/wp-content\/uploads\/cji_logo-removebg-preview-1-e1695380857613.png\",\"width\":170,\"height\":170,\"caption\":\"Centar za jezi\u010dna istra\u017eivanja\"},\"image\":{\"@id\":\"https:\/\/cji.uniri.hr\/en\/#\/schema\/logo\/image\/\"},\"sameAs\":[\"https:\/\/www.facebook.com\/CLARIJEKA\"]}]}<\/script>\n<!-- \/ Yoast SEO plugin. -->","yoast_head_json":{"title":"1. simpozij SCIMETH - Centar za jezi\u010dna istra\u017eivanja","robots":{"index":"index","follow":"follow","max-snippet":"max-snippet:-1","max-image-preview":"max-image-preview:large","max-video-preview":"max-video-preview:-1"},"canonical":"https:\/\/cji.uniri.hr\/en\/hr\/konferencija\/1-simpozij-scimeth\/","og_locale":"en_GB","og_type":"article","og_title":"1. simpozij SCIMETH - Centar za jezi\u010dna istra\u017eivanja","og_description":"Metodologija znanstvenih istra\u017eivanja: statistika u filolo\u0161kim istra\u017eivanjima 11. svibnja 2016. Filozofski fakultet, Sveu\u010dili\u0161na avenija 4, HR-51000 Rijeka PROGRAM SCIMETH_program PRVA OBAVIJEST Centar za jezi\u010dna istra\u017eivanja (CJI) Filozofskoga fakulteta u Rijeci u suradnji s Hrvatskim dru\u0161tvom za primijenjenu lingvistiku (Regionalni aktiv HDPL-a Rijeka) organizira 11. svibnja 2016. znanstveni simpozij SCIMETH \u2013 Metodologija znanstvenih istra\u017eivanja: statistika u [&hellip;]","og_url":"https:\/\/cji.uniri.hr\/en\/hr\/konferencija\/1-simpozij-scimeth\/","og_site_name":"Centar za jezi\u010dna istra\u017eivanja","article_publisher":"https:\/\/www.facebook.com\/CLARIJEKA","article_modified_time":"2016-05-11T08:48:37+00:00","twitter_card":"summary_large_image","twitter_misc":{"Estimated reading time":"3 minutes"},"schema":{"@context":"https:\/\/schema.org","@graph":[{"@type":"WebPage","@id":"https:\/\/cji.uniri.hr\/hr\/hr\/konferencija\/1-simpozij-scimeth\/","url":"https:\/\/cji.uniri.hr\/hr\/hr\/konferencija\/1-simpozij-scimeth\/","name":"1. simpozij SCIMETH - Centar za jezi\u010dna istra\u017eivanja","isPartOf":{"@id":"https:\/\/cji.uniri.hr\/en\/#website"},"datePublished":"2016-03-14T16:54:13+00:00","dateModified":"2016-05-11T08:48:37+00:00","breadcrumb":{"@id":"https:\/\/cji.uniri.hr\/hr\/hr\/konferencija\/1-simpozij-scimeth\/#breadcrumb"},"inLanguage":"en-GB","potentialAction":[{"@type":"ReadAction","target":["https:\/\/cji.uniri.hr\/hr\/hr\/konferencija\/1-simpozij-scimeth\/"]}]},{"@type":"BreadcrumbList","@id":"https:\/\/cji.uniri.hr\/hr\/hr\/konferencija\/1-simpozij-scimeth\/#breadcrumb","itemListElement":[{"@type":"ListItem","position":1,"name":"Po\u010detna stranica","item":"https:\/\/cji.uniri.hr\/en\/"},{"@type":"ListItem","position":2,"name":"HRVATSKI","item":"https:\/\/cji.uniri.hr\/hr\/hr\/"},{"@type":"ListItem","position":3,"name":"Konferencije","item":"https:\/\/cji.uniri.hr\/hr\/hr\/konferencija\/"},{"@type":"ListItem","position":4,"name":"1. simpozij SCIMETH"}]},{"@type":"WebSite","@id":"https:\/\/cji.uniri.hr\/en\/#website","url":"https:\/\/cji.uniri.hr\/en\/","name":"Center for Language Research","description":"","publisher":{"@id":"https:\/\/cji.uniri.hr\/en\/#organization"},"potentialAction":[{"@type":"SearchAction","target":{"@type":"EntryPoint","urlTemplate":"https:\/\/cji.uniri.hr\/en\/?s={search_term_string}"},"query-input":"required name=search_term_string"}],"inLanguage":"en-GB"},{"@type":"Organization","@id":"https:\/\/cji.uniri.hr\/en\/#organization","name":"Center for Language Research","url":"https:\/\/cji.uniri.hr\/en\/","logo":{"@type":"ImageObject","inLanguage":"en-GB","@id":"https:\/\/cji.uniri.hr\/en\/#\/schema\/logo\/image\/","url":"https:\/\/cji.uniri.hr\/wp-content\/uploads\/cji_logo-removebg-preview-1-e1695380857613.png","contentUrl":"https:\/\/cji.uniri.hr\/wp-content\/uploads\/cji_logo-removebg-preview-1-e1695380857613.png","width":170,"height":170,"caption":"Centar za jezi\u010dna istra\u017eivanja"},"image":{"@id":"https:\/\/cji.uniri.hr\/en\/#\/schema\/logo\/image\/"},"sameAs":["https:\/\/www.facebook.com\/CLARIJEKA"]}]}},"_links":{"self":[{"href":"https:\/\/cji.uniri.hr\/en\/wp-json\/wp\/v2\/pages\/932"}],"collection":[{"href":"https:\/\/cji.uniri.hr\/en\/wp-json\/wp\/v2\/pages"}],"about":[{"href":"https:\/\/cji.uniri.hr\/en\/wp-json\/wp\/v2\/types\/page"}],"author":[{"embeddable":true,"href":"https:\/\/cji.uniri.hr\/en\/wp-json\/wp\/v2\/users\/5"}],"replies":[{"embeddable":true,"href":"https:\/\/cji.uniri.hr\/en\/wp-json\/wp\/v2\/comments?post=932"}],"version-history":[{"count":11,"href":"https:\/\/cji.uniri.hr\/en\/wp-json\/wp\/v2\/pages\/932\/revisions"}],"predecessor-version":[{"id":1009,"href":"https:\/\/cji.uniri.hr\/en\/wp-json\/wp\/v2\/pages\/932\/revisions\/1009"}],"up":[{"embeddable":true,"href":"https:\/\/cji.uniri.hr\/en\/wp-json\/wp\/v2\/pages\/286"}],"wp:attachment":[{"href":"https:\/\/cji.uniri.hr\/en\/wp-json\/wp\/v2\/media?parent=932"}],"curies":[{"name":"wp","href":"https:\/\/api.w.org\/{rel}","templated":true}]}}