{"id":1178,"date":"2018-02-09T14:07:54","date_gmt":"2018-02-09T13:07:54","guid":{"rendered":"http:\/\/cji.uniri.hr\/?page_id=1178"},"modified":"2018-02-09T14:18:39","modified_gmt":"2018-02-09T13:18:39","slug":"3-simpozij-scimeth","status":"publish","type":"page","link":"https:\/\/cji.uniri.hr\/hr\/hr\/konferencija\/3-simpozij-scimeth\/","title":{"rendered":"3. simpozij SCIMETH"},"content":{"rendered":"<h1>SCIMETH 2018<\/h1>\n<h3>2. svibnja 2018.<\/h3>\n<h3>Filozofski fakultet, Sveu\u010dili\u0161na avenija 4, HR-51000 Rijeka<\/h3>\n<p>Centar za jezi\u010dna istra\u017eivanja (CJI) Filozofskoga fakulteta u Rijeci u suradnji s Hrvatskim dru\u0161tvom za primijenjenu lingvistiku (Regionalni aktiv HDPL-a Rijeka) organizira 2. svibnja 2018. znanstveni simpozij SCIMETH \u2013 Eti\u010dka pitanja u suvremenim lingvisti\u010dkim istra\u017eivanjima kao pretkonferencijski doga\u0111aj u sklopu 32. me\u0111unarodnoga znanstvenoga skupa Hrvatskoga dru\u0161tva za primijenjenu lingvistiku, koji \u0107e se odr\u017eati od 3. do 5. svibnja 2018. godine na Filozofskome fakultetu u Rijeci. Simpozij okuplja sve znanstvenike, a posebice doktorande i poslijedoktorande u bilo kojoj grani filologije, koji su zainteresirani za nove spoznaje o eti\u010dkim izazovima u lingvisti\u010dkim istra\u017eivanjima i\/ili su i sami u svome radu bili suo\u010deni s nekom eti\u010dkom dvojbom. Tako\u0111er, kao slu\u0161a\u010di dobrodo\u0161li su i studenti diplomskih studija.<\/p>\n<h2>POZVANA PREDAVANJA<\/h2>\n<h3 style=\"text-align: center;\">Kristina Cergol Kova\u010devi\u0107<\/h3>\n<h5 style=\"text-align: center;\">Sveu\u010dili\u0161te u Zagrebu<\/h5>\n<h4 style=\"text-align: center;\">Etika istra\u017eivanja u primijenjenoj lingvistici: \u0161to, za\u0161to i kako?<\/h4>\n<h3 style=\"text-align: center;\">Zvjezdana Vrzi\u0107<\/h3>\n<h5 style=\"text-align: center;\">Sveu\u010dili\u0161te u Rijeci \u2013 Sveu\u010dili\u0161te u New Yorku (SAD)<\/h5>\n<h4 style=\"text-align: center;\">Pitanja eti\u010dnosti u jezi\u010dnim istra\u017eivanjima na terenu i nakon njega<\/h4>\n<p>&nbsp;<\/p>\n<p>U prvome dijelu simpozija bit \u0107e odr\u017eana dva pozvana predavanja u prijepodnevnim satima (<a href=\"https:\/\/cji.uniri.hr\/wp-content\/uploads\/SCIMETH-2018_sazeci.docx\" target=\"_blank\" rel=\"noopener noreferrer\">Sa\u017eeci SCIMETH 2018 pozvanih predavanja<\/a>), a u poslijepodnevnim \u0107e se satima odr\u017eati okrugli stol <em>Eti\u010dka pitanja u suvremenim lingvisti\u010dkim istra\u017eivanjima<\/em> na kojemu sudionici mogu sudjelovati kao slu\u0161a\u010di ili izlaga\u010di. Izlaga\u010di \u0107e ukratko predstaviti izazov na koji su nai\u0161li u svom istra\u017eivanju a koji se ti\u010de etike. U okviru okrugloga stola imat \u0107e priliku znanstveno se konzultirati o prednostima i nedostacima mogu\u0107ih rje\u0161enja. Brojni su izazovi u podru\u010dju koje je posebno zanimljivo ne samo doktorandima i poslijedoktorandima nego i svim drugim znanstvenicima, koji se nerijetko susre\u0107u s raznovrsnim eti\u010dkim izazovima kao istra\u017eiva\u010di ili pak s potrebom procjenjivanja rje\u0161enja takvih pitanja kao recenzenti znanstvenih radova ili znanstvenih projekata.<\/p>\n<h2>PRIJAVA<\/h2>\n<p>Za sudjelovanje na simpoziju, kao izlaga\u010d ili kao slu\u0161a\u010d, potrebno je prijaviti se slanjem popunjene prijavnice na adresu avlastelic@uniri.hr do 10. travnja 2018. Sudionici koji se prijave kao izlaga\u010di bit \u0107e zamoljeni da pripreme kratak osvrt na eti\u010dki izazov na koji su nai\u0161li osobno ili s kojim su posredno upoznati, o \u010demu \u0107e dobiti podrobne upute odmah po dostavljenoj prijavnici.<br \/>\nSvi sudionici simpozija dobit \u0107e potvrdu o sudjelovanju na temelju koje \u0107e na svojim mati\u010dnim ustanovama mo\u0107i zatra\u017eiti dodjelu ECTS-bodova.<\/p>\n<p><a href=\"https:\/\/cji.uniri.hr\/wp-content\/uploads\/3_SCIMETH_1_obavijest.docx\">Obrazac za prijavu te sve dodatne informacije o 3. simpoziju SCIMETH \u2013 Eti\u010dka pitanja u suvremenim lingvisti\u010dkim istra\u017eivanjima nalaze se na ovoj poveznici<\/a><\/p>\n<h2>KOTIZACIJA<\/h2>\n<p>Kotizaciju u iznosu od 120 kn potrebno je uplatiti najkasnije do 20. travnja 2018. godine. Potvrdu o uplati potrebno je predo\u010diti prilikom registracije sudionika. Na simpoziju ne\u0107e biti mogu\u0107e platiti kotizaciju. Za uplatu je potrebno upotrijebiti sljede\u0107e podatke:<\/p>\n<h5>PRIMATELJ: Filozofski fakultet, Sveu\u010dili\u0161na avenija 4, HR-51000 Rijeka<br \/>\nIBAN: HR9123600001101536455<br \/>\nPOZIV NA BROJ: OIB-16<br \/>\nOPIS: SCIMETH ime i prezime sudionika<\/h5>\n<h2>\u010cLANOVI ORGANIZACIJSKOGA ODBORA<\/h2>\n<p>Mihaela Mate\u0161i\u0107, predsjednica Hrvatskoga dru\u0161tva za primijenjenu lingvistiku<br \/>\nZvjezdana Vrzi\u0107, voditeljica Centra za jezi\u010dna istra\u017eivanja<br \/>\nAnastazija Vlasteli\u0107, Regionalni aktiv HDPL-a Rijeka, predsjednica Organizacijskoga odbora<br \/>\nAnita Memi\u0161evi\u0107, tajnica Hrvatskoga dru\u0161tva za primijenjenu lingvistiku<br \/>\nBorana Mori\u0107-Mohorovi\u010di\u0107, Regionalni aktiv HDPL-a Rijeka, potpredsjednica Organizacijskoga odbora<br \/>\nDiana Stolac, Regionalni aktiv HDPL-a Rijeka<br \/>\nBenedikt Perak, Centar za jezi\u010dna istra\u017eivanja<br \/>\nIvana Lalli Pa\u0107elat, Regionalni aktiv HDPL-a Pula<br \/>\nCecilija Jur\u010di\u0107 Katunar, Centar za jezi\u010dna istra\u017eivanja<br \/>\nMirjana Borucinsky, Regionalni aktiv HDPL-a Rijeka<br \/>\nJakob Patekar, Regionalni aktiv HDPL-a Rijeka<br \/>\nMateja Fumi\u0107, Regionalni aktiv HDPL-a Rijeka<\/p>\n","protected":false},"excerpt":{"rendered":"<p>SCIMETH 2018 2. svibnja 2018. Filozofski fakultet, Sveu\u010dili\u0161na avenija 4, HR-51000 Rijeka Centar za jezi\u010dna istra\u017eivanja (CJI) Filozofskoga fakulteta u Rijeci u suradnji s Hrvatskim dru\u0161tvom za primijenjenu lingvistiku (Regionalni aktiv HDPL-a Rijeka) organizira 2. svibnja 2018. znanstveni simpozij SCIMETH \u2013 Eti\u010dka pitanja u suvremenim lingvisti\u010dkim istra\u017eivanjima kao pretkonferencijski doga\u0111aj u sklopu 32. me\u0111unarodnoga znanstvenoga [&hellip;]<\/p>\n","protected":false},"author":5,"featured_media":0,"parent":286,"menu_order":0,"comment_status":"closed","ping_status":"closed","template":"","meta":{"_themeisle_gutenberg_block_has_review":false},"yoast_head":"<!-- This site is optimized with the Yoast SEO plugin v21.0 - https:\/\/yoast.com\/wordpress\/plugins\/seo\/ -->\n<title>3. simpozij SCIMETH - Centar za jezi\u010dna istra\u017eivanja<\/title>\n<meta name=\"robots\" content=\"index, follow, max-snippet:-1, max-image-preview:large, max-video-preview:-1\" \/>\n<link rel=\"canonical\" href=\"https:\/\/cji.uniri.hr\/hr\/hr\/konferencija\/3-simpozij-scimeth\/\" \/>\n<meta property=\"og:locale\" content=\"hr_HR\" \/>\n<meta property=\"og:type\" content=\"article\" \/>\n<meta property=\"og:title\" content=\"3. simpozij SCIMETH - Centar za jezi\u010dna istra\u017eivanja\" \/>\n<meta property=\"og:description\" content=\"SCIMETH 2018 2. svibnja 2018. Filozofski fakultet, Sveu\u010dili\u0161na avenija 4, HR-51000 Rijeka Centar za jezi\u010dna istra\u017eivanja (CJI) Filozofskoga fakulteta u Rijeci u suradnji s Hrvatskim dru\u0161tvom za primijenjenu lingvistiku (Regionalni aktiv HDPL-a Rijeka) organizira 2. svibnja 2018. znanstveni simpozij SCIMETH \u2013 Eti\u010dka pitanja u suvremenim lingvisti\u010dkim istra\u017eivanjima kao pretkonferencijski doga\u0111aj u sklopu 32. me\u0111unarodnoga znanstvenoga [&hellip;]\" \/>\n<meta property=\"og:url\" content=\"https:\/\/cji.uniri.hr\/hr\/hr\/konferencija\/3-simpozij-scimeth\/\" \/>\n<meta property=\"og:site_name\" content=\"Centar za jezi\u010dna istra\u017eivanja\" \/>\n<meta property=\"article:publisher\" content=\"https:\/\/www.facebook.com\/CLARIJEKA\" \/>\n<meta property=\"article:modified_time\" content=\"2018-02-09T13:18:39+00:00\" \/>\n<meta name=\"twitter:card\" content=\"summary_large_image\" \/>\n<meta name=\"twitter:label1\" content=\"Procijenjeno vrijeme \u010ditanja\" \/>\n\t<meta name=\"twitter:data1\" content=\"3 minute\" \/>\n<script type=\"application\/ld+json\" class=\"yoast-schema-graph\">{\"@context\":\"https:\/\/schema.org\",\"@graph\":[{\"@type\":\"WebPage\",\"@id\":\"https:\/\/cji.uniri.hr\/en\/hr\/konferencija\/3-simpozij-scimeth\/\",\"url\":\"https:\/\/cji.uniri.hr\/en\/hr\/konferencija\/3-simpozij-scimeth\/\",\"name\":\"3. simpozij SCIMETH - Centar za jezi\u010dna istra\u017eivanja\",\"isPartOf\":{\"@id\":\"https:\/\/cji.uniri.hr\/en\/#website\"},\"datePublished\":\"2018-02-09T13:07:54+00:00\",\"dateModified\":\"2018-02-09T13:18:39+00:00\",\"breadcrumb\":{\"@id\":\"https:\/\/cji.uniri.hr\/en\/hr\/konferencija\/3-simpozij-scimeth\/#breadcrumb\"},\"inLanguage\":\"hr\",\"potentialAction\":[{\"@type\":\"ReadAction\",\"target\":[\"https:\/\/cji.uniri.hr\/en\/hr\/konferencija\/3-simpozij-scimeth\/\"]}]},{\"@type\":\"BreadcrumbList\",\"@id\":\"https:\/\/cji.uniri.hr\/en\/hr\/konferencija\/3-simpozij-scimeth\/#breadcrumb\",\"itemListElement\":[{\"@type\":\"ListItem\",\"position\":1,\"name\":\"Po\u010detna stranica\",\"item\":\"https:\/\/cji.uniri.hr\/en\/\"},{\"@type\":\"ListItem\",\"position\":2,\"name\":\"HRVATSKI\",\"item\":\"https:\/\/cji.uniri.hr\/hr\/hr\/\"},{\"@type\":\"ListItem\",\"position\":3,\"name\":\"Konferencije\",\"item\":\"https:\/\/cji.uniri.hr\/hr\/hr\/konferencija\/\"},{\"@type\":\"ListItem\",\"position\":4,\"name\":\"3. simpozij SCIMETH\"}]},{\"@type\":\"WebSite\",\"@id\":\"https:\/\/cji.uniri.hr\/en\/#website\",\"url\":\"https:\/\/cji.uniri.hr\/en\/\",\"name\":\"Centar za jezi\u010dna istra\u017eivanja\",\"description\":\"\",\"publisher\":{\"@id\":\"https:\/\/cji.uniri.hr\/en\/#organization\"},\"potentialAction\":[{\"@type\":\"SearchAction\",\"target\":{\"@type\":\"EntryPoint\",\"urlTemplate\":\"https:\/\/cji.uniri.hr\/en\/?s={search_term_string}\"},\"query-input\":\"required name=search_term_string\"}],\"inLanguage\":\"hr\"},{\"@type\":\"Organization\",\"@id\":\"https:\/\/cji.uniri.hr\/en\/#organization\",\"name\":\"Centar za jezi\u010dna istra\u017eivanja\",\"url\":\"https:\/\/cji.uniri.hr\/en\/\",\"logo\":{\"@type\":\"ImageObject\",\"inLanguage\":\"hr\",\"@id\":\"https:\/\/cji.uniri.hr\/en\/#\/schema\/logo\/image\/\",\"url\":\"https:\/\/cji.uniri.hr\/wp-content\/uploads\/cji_logo-removebg-preview-1-e1695380857613.png\",\"contentUrl\":\"https:\/\/cji.uniri.hr\/wp-content\/uploads\/cji_logo-removebg-preview-1-e1695380857613.png\",\"width\":170,\"height\":170,\"caption\":\"Centar za jezi\u010dna istra\u017eivanja\"},\"image\":{\"@id\":\"https:\/\/cji.uniri.hr\/en\/#\/schema\/logo\/image\/\"},\"sameAs\":[\"https:\/\/www.facebook.com\/CLARIJEKA\"]}]}<\/script>\n<!-- \/ Yoast SEO plugin. -->","yoast_head_json":{"title":"3. simpozij SCIMETH - Centar za jezi\u010dna istra\u017eivanja","robots":{"index":"index","follow":"follow","max-snippet":"max-snippet:-1","max-image-preview":"max-image-preview:large","max-video-preview":"max-video-preview:-1"},"canonical":"https:\/\/cji.uniri.hr\/hr\/hr\/konferencija\/3-simpozij-scimeth\/","og_locale":"hr_HR","og_type":"article","og_title":"3. simpozij SCIMETH - Centar za jezi\u010dna istra\u017eivanja","og_description":"SCIMETH 2018 2. svibnja 2018. Filozofski fakultet, Sveu\u010dili\u0161na avenija 4, HR-51000 Rijeka Centar za jezi\u010dna istra\u017eivanja (CJI) Filozofskoga fakulteta u Rijeci u suradnji s Hrvatskim dru\u0161tvom za primijenjenu lingvistiku (Regionalni aktiv HDPL-a Rijeka) organizira 2. svibnja 2018. znanstveni simpozij SCIMETH \u2013 Eti\u010dka pitanja u suvremenim lingvisti\u010dkim istra\u017eivanjima kao pretkonferencijski doga\u0111aj u sklopu 32. me\u0111unarodnoga znanstvenoga [&hellip;]","og_url":"https:\/\/cji.uniri.hr\/hr\/hr\/konferencija\/3-simpozij-scimeth\/","og_site_name":"Centar za jezi\u010dna istra\u017eivanja","article_publisher":"https:\/\/www.facebook.com\/CLARIJEKA","article_modified_time":"2018-02-09T13:18:39+00:00","twitter_card":"summary_large_image","twitter_misc":{"Procijenjeno vrijeme \u010ditanja":"3 minute"},"schema":{"@context":"https:\/\/schema.org","@graph":[{"@type":"WebPage","@id":"https:\/\/cji.uniri.hr\/en\/hr\/konferencija\/3-simpozij-scimeth\/","url":"https:\/\/cji.uniri.hr\/en\/hr\/konferencija\/3-simpozij-scimeth\/","name":"3. simpozij SCIMETH - Centar za jezi\u010dna istra\u017eivanja","isPartOf":{"@id":"https:\/\/cji.uniri.hr\/en\/#website"},"datePublished":"2018-02-09T13:07:54+00:00","dateModified":"2018-02-09T13:18:39+00:00","breadcrumb":{"@id":"https:\/\/cji.uniri.hr\/en\/hr\/konferencija\/3-simpozij-scimeth\/#breadcrumb"},"inLanguage":"hr","potentialAction":[{"@type":"ReadAction","target":["https:\/\/cji.uniri.hr\/en\/hr\/konferencija\/3-simpozij-scimeth\/"]}]},{"@type":"BreadcrumbList","@id":"https:\/\/cji.uniri.hr\/en\/hr\/konferencija\/3-simpozij-scimeth\/#breadcrumb","itemListElement":[{"@type":"ListItem","position":1,"name":"Po\u010detna stranica","item":"https:\/\/cji.uniri.hr\/en\/"},{"@type":"ListItem","position":2,"name":"HRVATSKI","item":"https:\/\/cji.uniri.hr\/hr\/hr\/"},{"@type":"ListItem","position":3,"name":"Konferencije","item":"https:\/\/cji.uniri.hr\/hr\/hr\/konferencija\/"},{"@type":"ListItem","position":4,"name":"3. simpozij SCIMETH"}]},{"@type":"WebSite","@id":"https:\/\/cji.uniri.hr\/en\/#website","url":"https:\/\/cji.uniri.hr\/en\/","name":"Centar za jezi\u010dna istra\u017eivanja","description":"","publisher":{"@id":"https:\/\/cji.uniri.hr\/en\/#organization"},"potentialAction":[{"@type":"SearchAction","target":{"@type":"EntryPoint","urlTemplate":"https:\/\/cji.uniri.hr\/en\/?s={search_term_string}"},"query-input":"required name=search_term_string"}],"inLanguage":"hr"},{"@type":"Organization","@id":"https:\/\/cji.uniri.hr\/en\/#organization","name":"Centar za jezi\u010dna istra\u017eivanja","url":"https:\/\/cji.uniri.hr\/en\/","logo":{"@type":"ImageObject","inLanguage":"hr","@id":"https:\/\/cji.uniri.hr\/en\/#\/schema\/logo\/image\/","url":"https:\/\/cji.uniri.hr\/wp-content\/uploads\/cji_logo-removebg-preview-1-e1695380857613.png","contentUrl":"https:\/\/cji.uniri.hr\/wp-content\/uploads\/cji_logo-removebg-preview-1-e1695380857613.png","width":170,"height":170,"caption":"Centar za jezi\u010dna istra\u017eivanja"},"image":{"@id":"https:\/\/cji.uniri.hr\/en\/#\/schema\/logo\/image\/"},"sameAs":["https:\/\/www.facebook.com\/CLARIJEKA"]}]}},"_links":{"self":[{"href":"https:\/\/cji.uniri.hr\/hr\/wp-json\/wp\/v2\/pages\/1178"}],"collection":[{"href":"https:\/\/cji.uniri.hr\/hr\/wp-json\/wp\/v2\/pages"}],"about":[{"href":"https:\/\/cji.uniri.hr\/hr\/wp-json\/wp\/v2\/types\/page"}],"author":[{"embeddable":true,"href":"https:\/\/cji.uniri.hr\/hr\/wp-json\/wp\/v2\/users\/5"}],"replies":[{"embeddable":true,"href":"https:\/\/cji.uniri.hr\/hr\/wp-json\/wp\/v2\/comments?post=1178"}],"version-history":[{"count":4,"href":"https:\/\/cji.uniri.hr\/hr\/wp-json\/wp\/v2\/pages\/1178\/revisions"}],"predecessor-version":[{"id":1184,"href":"https:\/\/cji.uniri.hr\/hr\/wp-json\/wp\/v2\/pages\/1178\/revisions\/1184"}],"up":[{"embeddable":true,"href":"https:\/\/cji.uniri.hr\/hr\/wp-json\/wp\/v2\/pages\/286"}],"wp:attachment":[{"href":"https:\/\/cji.uniri.hr\/hr\/wp-json\/wp\/v2\/media?parent=1178"}],"curies":[{"name":"wp","href":"https:\/\/api.w.org\/{rel}","templated":true}]}}