{"id":1258,"date":"2019-05-13T10:06:50","date_gmt":"2019-05-13T08:06:50","guid":{"rendered":"http:\/\/cji.uniri.hr\/?page_id=1258"},"modified":"2019-05-13T10:06:50","modified_gmt":"2019-05-13T08:06:50","slug":"4-scimeth-2019","status":"publish","type":"page","link":"https:\/\/cji.uniri.hr\/hr\/hr\/konferencija\/4-scimeth-2019\/","title":{"rendered":"4. SCIMETH-2019"},"content":{"rendered":"<h1>4. simpozij SCIMETH<br \/>\nDigitalni alati i resursi u jezikoslovlju \u00a0 15. svibnja 2019.<\/h1>\n<h2>\nFilozofski fakultet u Rijeci, Sveu\u010dili\u0161na avenija 4, 51000 Rijeka<\/p>\n<p>PROGRAM<\/h2>\n<p>9:15 \u2013\u00a09:45 Registracija sudionika<br \/>\n9:45 \u2013 10:00 Otvaranje simpozija<br \/>\n10:00 \u2013 11:00 Toma\u017e Erjavec, Institut Jo\u017eef Stefan, Slovenija Introduction to the research infrastructure CLARIN<\/p>\n<p>11:00 \u2013 11:30 Stanka za kavu<br \/>\n11:30 \u2013 12:30\u00a0 Nikola Ljube\u0161i\u0107, Institut Jo\u017eef Stefan, Slovenija Repozitorij i mre\u017eni servisi infrastrukture CLARIN.SI<\/p>\n<p>12:30 \u2013 13:30 Stanka za zajedni\u010dki ru\u010dak svih sudionika<\/p>\n<p>13:30 \u2013 14:15 Ivana Lalli Pa\u0107elat, Sveu\u010dili\u0161te u Puli, Fakultet za interdisciplinarne, talijanske i kulturolo\u0161ke studije O specijaliziranim i prijevodnim korpusima i njihovoj uporabi<br \/>\n14:15 \u2013 15:00 Ivana Filipovi\u0107 Petrovi\u0107, Zavod za lingvisti\u010dka istra\u017eivanja HAZU i Jelena Parizoska, U\u010diteljski fakultet u Zagrebu Sketch Engine i Lexonomy: digitalni alati za izradu Frazeolo\u0161koga rje\u010dnika hrvatskoga jezika<\/p>\n<p>15:00 \u2013 15:30 Stanka za kavu<br \/>\n15:30 \u2013 16:15 Benedikt Perak, Sveu\u010dili\u0161te u Rijeci, Filozofski fakultet Stvaranje i analiza korpusa parlamentarnih debata<\/p>\n<p>16:15 \u2013 18:00 Okrugli stol: Ra\u010dunalni resursi i alati u lingvisti\u010dkim istra\u017eivanjima moderator: Benedikt Perak<\/p>\n<p>Simpozij se odr\u017eava na I. katu Filozofskoga fakulteta, Sveu\u010dili\u0161na avenija 4: &#8211; registracija sudionika: pokraj predavaonice F-139 &#8211; predavanja i okrugli stol: predavaonica F-139<\/p>\n<h2>\u010cLANOVI ORGANIZACIJSKOGA ODBORA<\/h2>\n<p>Mihaela Mate\u0161i\u0107, predsjednica Hrvatskoga dru\u0161tva za primijenjenu lingvistiku<\/p>\n<p>Tihana Kra\u0161, voditeljica Centra za jezi\u010dna istra\u017eivanja<\/p>\n<p>Anita Memi\u0161evi\u0107, tajnica Hrvatskoga dru\u0161tva za primijenjenu lingvistiku<\/p>\n<p>Anastazija Vlasteli\u0107, Regionalni aktiv HDPL-a Rijeka, predsjednica Organizacijskoga odbora<\/p>\n<p>Benedikt Perak, Laboratorij za istra\u017eivanje kulturne slo\u017eenosti, potpredsjednik Organizacijskoga odbora<\/p>\n<p>Martina Ble\u010di\u0107, Centar za jezi\u010dna istra\u017eivanja<\/p>\n<p>Cecilija Jur\u010di\u0107 Katunar, Centar za jezi\u010dna istra\u017eivanja<\/p>\n<p>Borana Mori\u0107-Mohorovi\u010di\u0107, Regionalni aktiv HDPL-a Rijeka<\/p>\n<p>Jakob Patekar, Regionalni aktiv HDPL-a Rijeka<\/p>\n<p>Petra Rado\u0161evi\u0107, Regionalni aktiv HDPL-a Rijeka<\/p>\n<p>Diana Stolac, Regionalni aktiv HDPL-a Rijeka<\/p>\n<p>Iris Vidmar, Centar za jezi\u010dna istra\u017eivanja<\/p>\n<p>Zvjezdana Vrzi\u0107, Centar za jezi\u010dna istra\u017eivanja<\/p>\n","protected":false},"excerpt":{"rendered":"<p>4. simpozij SCIMETH Digitalni alati i resursi u jezikoslovlju \u00a0 15. svibnja 2019. Filozofski fakultet u Rijeci, Sveu\u010dili\u0161na avenija 4, 51000 Rijeka PROGRAM 9:15 \u2013\u00a09:45 Registracija sudionika 9:45 \u2013 10:00 Otvaranje simpozija 10:00 \u2013 11:00 Toma\u017e Erjavec, Institut Jo\u017eef Stefan, Slovenija Introduction to the research infrastructure CLARIN 11:00 \u2013 11:30 Stanka za kavu 11:30 \u2013 [&hellip;]<\/p>\n","protected":false},"author":5,"featured_media":0,"parent":286,"menu_order":0,"comment_status":"closed","ping_status":"closed","template":"","meta":{"_themeisle_gutenberg_block_has_review":false},"yoast_head":"<!-- This site is optimized with the Yoast SEO plugin v21.0 - https:\/\/yoast.com\/wordpress\/plugins\/seo\/ -->\n<title>4. SCIMETH-2019 - Centar za jezi\u010dna istra\u017eivanja<\/title>\n<meta name=\"robots\" content=\"index, follow, max-snippet:-1, max-image-preview:large, max-video-preview:-1\" \/>\n<link rel=\"canonical\" href=\"https:\/\/cji.uniri.hr\/hr\/hr\/konferencija\/4-scimeth-2019\/\" \/>\n<meta property=\"og:locale\" content=\"hr_HR\" \/>\n<meta property=\"og:type\" content=\"article\" \/>\n<meta property=\"og:title\" content=\"4. SCIMETH-2019 - Centar za jezi\u010dna istra\u017eivanja\" \/>\n<meta property=\"og:description\" content=\"4. simpozij SCIMETH Digitalni alati i resursi u jezikoslovlju \u00a0 15. svibnja 2019. Filozofski fakultet u Rijeci, Sveu\u010dili\u0161na avenija 4, 51000 Rijeka PROGRAM 9:15 \u2013\u00a09:45 Registracija sudionika 9:45 \u2013 10:00 Otvaranje simpozija 10:00 \u2013 11:00 Toma\u017e Erjavec, Institut Jo\u017eef Stefan, Slovenija Introduction to the research infrastructure CLARIN 11:00 \u2013 11:30 Stanka za kavu 11:30 \u2013 [&hellip;]\" \/>\n<meta property=\"og:url\" content=\"https:\/\/cji.uniri.hr\/hr\/hr\/konferencija\/4-scimeth-2019\/\" \/>\n<meta property=\"og:site_name\" content=\"Centar za jezi\u010dna istra\u017eivanja\" \/>\n<meta property=\"article:publisher\" content=\"https:\/\/www.facebook.com\/CLARIJEKA\" \/>\n<meta name=\"twitter:card\" content=\"summary_large_image\" \/>\n<meta name=\"twitter:label1\" content=\"Procijenjeno vrijeme \u010ditanja\" \/>\n\t<meta name=\"twitter:data1\" content=\"1 minuta\" \/>\n<script type=\"application\/ld+json\" class=\"yoast-schema-graph\">{\"@context\":\"https:\/\/schema.org\",\"@graph\":[{\"@type\":\"WebPage\",\"@id\":\"https:\/\/cji.uniri.hr\/hr\/hr\/konferencija\/4-scimeth-2019\/\",\"url\":\"https:\/\/cji.uniri.hr\/hr\/hr\/konferencija\/4-scimeth-2019\/\",\"name\":\"4. SCIMETH-2019 - Centar za jezi\u010dna istra\u017eivanja\",\"isPartOf\":{\"@id\":\"https:\/\/cji.uniri.hr\/en\/#website\"},\"datePublished\":\"2019-05-13T08:06:50+00:00\",\"dateModified\":\"2019-05-13T08:06:50+00:00\",\"breadcrumb\":{\"@id\":\"https:\/\/cji.uniri.hr\/hr\/hr\/konferencija\/4-scimeth-2019\/#breadcrumb\"},\"inLanguage\":\"hr\",\"potentialAction\":[{\"@type\":\"ReadAction\",\"target\":[\"https:\/\/cji.uniri.hr\/hr\/hr\/konferencija\/4-scimeth-2019\/\"]}]},{\"@type\":\"BreadcrumbList\",\"@id\":\"https:\/\/cji.uniri.hr\/hr\/hr\/konferencija\/4-scimeth-2019\/#breadcrumb\",\"itemListElement\":[{\"@type\":\"ListItem\",\"position\":1,\"name\":\"Po\u010detna stranica\",\"item\":\"https:\/\/cji.uniri.hr\/en\/\"},{\"@type\":\"ListItem\",\"position\":2,\"name\":\"HRVATSKI\",\"item\":\"https:\/\/cji.uniri.hr\/hr\/hr\/\"},{\"@type\":\"ListItem\",\"position\":3,\"name\":\"Konferencije\",\"item\":\"https:\/\/cji.uniri.hr\/hr\/hr\/konferencija\/\"},{\"@type\":\"ListItem\",\"position\":4,\"name\":\"4. SCIMETH-2019\"}]},{\"@type\":\"WebSite\",\"@id\":\"https:\/\/cji.uniri.hr\/en\/#website\",\"url\":\"https:\/\/cji.uniri.hr\/en\/\",\"name\":\"Centar za jezi\u010dna istra\u017eivanja\",\"description\":\"\",\"publisher\":{\"@id\":\"https:\/\/cji.uniri.hr\/en\/#organization\"},\"potentialAction\":[{\"@type\":\"SearchAction\",\"target\":{\"@type\":\"EntryPoint\",\"urlTemplate\":\"https:\/\/cji.uniri.hr\/en\/?s={search_term_string}\"},\"query-input\":\"required name=search_term_string\"}],\"inLanguage\":\"hr\"},{\"@type\":\"Organization\",\"@id\":\"https:\/\/cji.uniri.hr\/en\/#organization\",\"name\":\"Centar za jezi\u010dna istra\u017eivanja\",\"url\":\"https:\/\/cji.uniri.hr\/en\/\",\"logo\":{\"@type\":\"ImageObject\",\"inLanguage\":\"hr\",\"@id\":\"https:\/\/cji.uniri.hr\/en\/#\/schema\/logo\/image\/\",\"url\":\"https:\/\/cji.uniri.hr\/wp-content\/uploads\/cji_logo-removebg-preview-1-e1695380857613.png\",\"contentUrl\":\"https:\/\/cji.uniri.hr\/wp-content\/uploads\/cji_logo-removebg-preview-1-e1695380857613.png\",\"width\":170,\"height\":170,\"caption\":\"Centar za jezi\u010dna istra\u017eivanja\"},\"image\":{\"@id\":\"https:\/\/cji.uniri.hr\/en\/#\/schema\/logo\/image\/\"},\"sameAs\":[\"https:\/\/www.facebook.com\/CLARIJEKA\"]}]}<\/script>\n<!-- \/ Yoast SEO plugin. -->","yoast_head_json":{"title":"4. SCIMETH-2019 - Centar za jezi\u010dna istra\u017eivanja","robots":{"index":"index","follow":"follow","max-snippet":"max-snippet:-1","max-image-preview":"max-image-preview:large","max-video-preview":"max-video-preview:-1"},"canonical":"https:\/\/cji.uniri.hr\/hr\/hr\/konferencija\/4-scimeth-2019\/","og_locale":"hr_HR","og_type":"article","og_title":"4. SCIMETH-2019 - Centar za jezi\u010dna istra\u017eivanja","og_description":"4. simpozij SCIMETH Digitalni alati i resursi u jezikoslovlju \u00a0 15. svibnja 2019. Filozofski fakultet u Rijeci, Sveu\u010dili\u0161na avenija 4, 51000 Rijeka PROGRAM 9:15 \u2013\u00a09:45 Registracija sudionika 9:45 \u2013 10:00 Otvaranje simpozija 10:00 \u2013 11:00 Toma\u017e Erjavec, Institut Jo\u017eef Stefan, Slovenija Introduction to the research infrastructure CLARIN 11:00 \u2013 11:30 Stanka za kavu 11:30 \u2013 [&hellip;]","og_url":"https:\/\/cji.uniri.hr\/hr\/hr\/konferencija\/4-scimeth-2019\/","og_site_name":"Centar za jezi\u010dna istra\u017eivanja","article_publisher":"https:\/\/www.facebook.com\/CLARIJEKA","twitter_card":"summary_large_image","twitter_misc":{"Procijenjeno vrijeme \u010ditanja":"1 minuta"},"schema":{"@context":"https:\/\/schema.org","@graph":[{"@type":"WebPage","@id":"https:\/\/cji.uniri.hr\/hr\/hr\/konferencija\/4-scimeth-2019\/","url":"https:\/\/cji.uniri.hr\/hr\/hr\/konferencija\/4-scimeth-2019\/","name":"4. SCIMETH-2019 - Centar za jezi\u010dna istra\u017eivanja","isPartOf":{"@id":"https:\/\/cji.uniri.hr\/en\/#website"},"datePublished":"2019-05-13T08:06:50+00:00","dateModified":"2019-05-13T08:06:50+00:00","breadcrumb":{"@id":"https:\/\/cji.uniri.hr\/hr\/hr\/konferencija\/4-scimeth-2019\/#breadcrumb"},"inLanguage":"hr","potentialAction":[{"@type":"ReadAction","target":["https:\/\/cji.uniri.hr\/hr\/hr\/konferencija\/4-scimeth-2019\/"]}]},{"@type":"BreadcrumbList","@id":"https:\/\/cji.uniri.hr\/hr\/hr\/konferencija\/4-scimeth-2019\/#breadcrumb","itemListElement":[{"@type":"ListItem","position":1,"name":"Po\u010detna stranica","item":"https:\/\/cji.uniri.hr\/en\/"},{"@type":"ListItem","position":2,"name":"HRVATSKI","item":"https:\/\/cji.uniri.hr\/hr\/hr\/"},{"@type":"ListItem","position":3,"name":"Konferencije","item":"https:\/\/cji.uniri.hr\/hr\/hr\/konferencija\/"},{"@type":"ListItem","position":4,"name":"4. SCIMETH-2019"}]},{"@type":"WebSite","@id":"https:\/\/cji.uniri.hr\/en\/#website","url":"https:\/\/cji.uniri.hr\/en\/","name":"Centar za jezi\u010dna istra\u017eivanja","description":"","publisher":{"@id":"https:\/\/cji.uniri.hr\/en\/#organization"},"potentialAction":[{"@type":"SearchAction","target":{"@type":"EntryPoint","urlTemplate":"https:\/\/cji.uniri.hr\/en\/?s={search_term_string}"},"query-input":"required name=search_term_string"}],"inLanguage":"hr"},{"@type":"Organization","@id":"https:\/\/cji.uniri.hr\/en\/#organization","name":"Centar za jezi\u010dna istra\u017eivanja","url":"https:\/\/cji.uniri.hr\/en\/","logo":{"@type":"ImageObject","inLanguage":"hr","@id":"https:\/\/cji.uniri.hr\/en\/#\/schema\/logo\/image\/","url":"https:\/\/cji.uniri.hr\/wp-content\/uploads\/cji_logo-removebg-preview-1-e1695380857613.png","contentUrl":"https:\/\/cji.uniri.hr\/wp-content\/uploads\/cji_logo-removebg-preview-1-e1695380857613.png","width":170,"height":170,"caption":"Centar za jezi\u010dna istra\u017eivanja"},"image":{"@id":"https:\/\/cji.uniri.hr\/en\/#\/schema\/logo\/image\/"},"sameAs":["https:\/\/www.facebook.com\/CLARIJEKA"]}]}},"_links":{"self":[{"href":"https:\/\/cji.uniri.hr\/hr\/wp-json\/wp\/v2\/pages\/1258"}],"collection":[{"href":"https:\/\/cji.uniri.hr\/hr\/wp-json\/wp\/v2\/pages"}],"about":[{"href":"https:\/\/cji.uniri.hr\/hr\/wp-json\/wp\/v2\/types\/page"}],"author":[{"embeddable":true,"href":"https:\/\/cji.uniri.hr\/hr\/wp-json\/wp\/v2\/users\/5"}],"replies":[{"embeddable":true,"href":"https:\/\/cji.uniri.hr\/hr\/wp-json\/wp\/v2\/comments?post=1258"}],"version-history":[{"count":1,"href":"https:\/\/cji.uniri.hr\/hr\/wp-json\/wp\/v2\/pages\/1258\/revisions"}],"predecessor-version":[{"id":1259,"href":"https:\/\/cji.uniri.hr\/hr\/wp-json\/wp\/v2\/pages\/1258\/revisions\/1259"}],"up":[{"embeddable":true,"href":"https:\/\/cji.uniri.hr\/hr\/wp-json\/wp\/v2\/pages\/286"}],"wp:attachment":[{"href":"https:\/\/cji.uniri.hr\/hr\/wp-json\/wp\/v2\/media?parent=1258"}],"curies":[{"name":"wp","href":"https:\/\/api.w.org\/{rel}","templated":true}]}}