{"id":1389,"date":"2019-09-03T11:13:22","date_gmt":"2019-09-03T09:13:22","guid":{"rendered":"http:\/\/cji.uniri.hr\/?page_id=1389"},"modified":"2019-09-03T13:32:55","modified_gmt":"2019-09-03T11:32:55","slug":"maja-durdulov","status":"publish","type":"page","link":"https:\/\/cji.uniri.hr\/hr\/en\/members\/maja-durdulov\/","title":{"rendered":"Maja \u0110ur\u0111ulov"},"content":{"rendered":"<h4><\/h4>\n<p>&nbsp;<\/p>\n<h4><em>Junior Researcher<\/em><\/h4>\n<h4><em>University of Rijeka, Faculty of Humanities and Social Siences<\/em><\/h4>\n<h4><em>Department of Italian Language and Literature<\/em><\/h4>\n<h4><\/h4>\n<p>&nbsp;<\/p>\n<h4><\/h4>\n<h4 class=\"iw\"><span class=\"qu\" tabindex=\"-1\"><span class=\"gD\" data-hovercard-id=\"mdjurdjulov@ffri.uniri.hr\" data-hovercard-owner-id=\"127\">mdjurdjulov@ffri.uniri.hr<\/span><\/span><\/h4>\n<h4><a href=\"https:\/\/portal.uniri.hr\/Portfelj\/2312\" target=\"_blank\" rel=\"noopener noreferrer\">UNIRI Portfolio<\/a><\/h4>\n<p>&nbsp;<\/p>\n<p>&nbsp;<\/p>\n<p><strong>Research Interests<\/strong><\/p>\n<p>Her main research interests include Italian language and literature in Rijeka, <em>italiano popolare<\/em> and its relationship with the diatopic variety, the use of Italian language on social networks and the general sociolinguistics of contemporary Italian.<\/p>\n<p>&nbsp;<\/p>\n<p><strong>Selected publications<\/strong><\/p>\n<p>Gerbaz Giuliano C., \u0110ur\u0111ulov M., 2016, <em>Lingua e identit\u00e0 nel carteggio degli intellettuali fiumani (1960-1987)<\/em>, \u00abStudia universitatis hereditati\u00bb 2, p. 49-60.<\/p>\n<p>\u0110ur\u0111ulov M., <em>Letterature e culture in contatto nell&#8217;alto Adriatico. Considerazioni sul rapporto tra geografia e letteratura<\/em>, Proceedings of the IV International Conference<em> Studia Romanistica Beliana<\/em> \u2013 \u201eLingue, letterature, identit\u00e0 in contatto\u201c, University of Matej Bel, Banska Bystrica, 8-10 october 2015 (in press).<\/p>\n<p>\u0110ur\u0111ulov M., 2013., <em>Scotti costruttore di cerniere. Riflessioni su una sua trilogia saggistica adriatica e istro-quarnerina<\/em>, \u201cLa battana\u201d, Fiume, n.190, A. XLIX, p. 49-55.<\/p>\n<p>\u0110ur\u0111ulov M., 2012., <em>Enrico Burich mediatore di culture<\/em>, \u201cLa battana\u201d, Fiume, n.186, A. XLVIII, p. 49-89.<\/p>\n<p>&nbsp;<\/p>\n<p><strong>Projects<\/strong><\/p>\n<p>UNIRI project: \u201cResearches on historical overview of the italo-romance variety in Rijeka\u201d, associate<\/p>\n","protected":false},"excerpt":{"rendered":"<p>&nbsp; Junior Researcher University of Rijeka, Faculty of Humanities and Social Siences Department of Italian Language and Literature &nbsp; mdjurdjulov@ffri.uniri.hr UNIRI Portfolio &nbsp; &nbsp; Research Interests Her main research interests include Italian language and literature in Rijeka, italiano popolare and its relationship with the diatopic variety, the use of Italian language on social networks and [&hellip;]<\/p>\n","protected":false},"author":4,"featured_media":0,"parent":227,"menu_order":0,"comment_status":"closed","ping_status":"closed","template":"page-en.php","meta":{"_themeisle_gutenberg_block_has_review":false},"yoast_head":"<!-- This site is optimized with the Yoast SEO plugin v21.0 - https:\/\/yoast.com\/wordpress\/plugins\/seo\/ -->\n<title>Maja \u0110ur\u0111ulov - Centar za jezi\u010dna istra\u017eivanja<\/title>\n<meta name=\"robots\" content=\"index, follow, max-snippet:-1, max-image-preview:large, max-video-preview:-1\" \/>\n<link rel=\"canonical\" href=\"https:\/\/cji.uniri.hr\/hr\/en\/members\/maja-durdulov\/\" \/>\n<meta property=\"og:locale\" content=\"hr_HR\" \/>\n<meta property=\"og:type\" content=\"article\" \/>\n<meta property=\"og:title\" content=\"Maja \u0110ur\u0111ulov - Centar za jezi\u010dna istra\u017eivanja\" \/>\n<meta property=\"og:description\" content=\"&nbsp; Junior Researcher University of Rijeka, Faculty of Humanities and Social Siences Department of Italian Language and Literature &nbsp; mdjurdjulov@ffri.uniri.hr UNIRI Portfolio &nbsp; &nbsp; Research Interests Her main research interests include Italian language and literature in Rijeka, italiano popolare and its relationship with the diatopic variety, the use of Italian language on social networks and [&hellip;]\" \/>\n<meta property=\"og:url\" content=\"https:\/\/cji.uniri.hr\/hr\/en\/members\/maja-durdulov\/\" \/>\n<meta property=\"og:site_name\" content=\"Centar za jezi\u010dna istra\u017eivanja\" \/>\n<meta property=\"article:publisher\" content=\"https:\/\/www.facebook.com\/CLARIJEKA\" \/>\n<meta property=\"article:modified_time\" content=\"2019-09-03T11:32:55+00:00\" \/>\n<meta name=\"twitter:card\" content=\"summary_large_image\" \/>\n<meta name=\"twitter:label1\" content=\"Procijenjeno vrijeme \u010ditanja\" \/>\n\t<meta name=\"twitter:data1\" content=\"1 minuta\" \/>\n<script type=\"application\/ld+json\" class=\"yoast-schema-graph\">{\"@context\":\"https:\/\/schema.org\",\"@graph\":[{\"@type\":\"WebPage\",\"@id\":\"https:\/\/cji.uniri.hr\/hr\/en\/members\/maja-durdulov\/\",\"url\":\"https:\/\/cji.uniri.hr\/hr\/en\/members\/maja-durdulov\/\",\"name\":\"Maja \u0110ur\u0111ulov - Centar za jezi\u010dna istra\u017eivanja\",\"isPartOf\":{\"@id\":\"https:\/\/cji.uniri.hr\/en\/#website\"},\"datePublished\":\"2019-09-03T09:13:22+00:00\",\"dateModified\":\"2019-09-03T11:32:55+00:00\",\"breadcrumb\":{\"@id\":\"https:\/\/cji.uniri.hr\/hr\/en\/members\/maja-durdulov\/#breadcrumb\"},\"inLanguage\":\"hr\",\"potentialAction\":[{\"@type\":\"ReadAction\",\"target\":[\"https:\/\/cji.uniri.hr\/hr\/en\/members\/maja-durdulov\/\"]}]},{\"@type\":\"BreadcrumbList\",\"@id\":\"https:\/\/cji.uniri.hr\/hr\/en\/members\/maja-durdulov\/#breadcrumb\",\"itemListElement\":[{\"@type\":\"ListItem\",\"position\":1,\"name\":\"Po\u010detna stranica\",\"item\":\"https:\/\/cji.uniri.hr\/en\/\"},{\"@type\":\"ListItem\",\"position\":2,\"name\":\"ENGLISH\",\"item\":\"https:\/\/cji.uniri.hr\/hr\/en\/\"},{\"@type\":\"ListItem\",\"position\":3,\"name\":\"Members\",\"item\":\"https:\/\/cji.uniri.hr\/hr\/en\/members\/\"},{\"@type\":\"ListItem\",\"position\":4,\"name\":\"Maja \u0110ur\u0111ulov\"}]},{\"@type\":\"WebSite\",\"@id\":\"https:\/\/cji.uniri.hr\/en\/#website\",\"url\":\"https:\/\/cji.uniri.hr\/en\/\",\"name\":\"Centar za jezi\u010dna istra\u017eivanja\",\"description\":\"\",\"publisher\":{\"@id\":\"https:\/\/cji.uniri.hr\/en\/#organization\"},\"potentialAction\":[{\"@type\":\"SearchAction\",\"target\":{\"@type\":\"EntryPoint\",\"urlTemplate\":\"https:\/\/cji.uniri.hr\/en\/?s={search_term_string}\"},\"query-input\":\"required name=search_term_string\"}],\"inLanguage\":\"hr\"},{\"@type\":\"Organization\",\"@id\":\"https:\/\/cji.uniri.hr\/en\/#organization\",\"name\":\"Centar za jezi\u010dna istra\u017eivanja\",\"url\":\"https:\/\/cji.uniri.hr\/en\/\",\"logo\":{\"@type\":\"ImageObject\",\"inLanguage\":\"hr\",\"@id\":\"https:\/\/cji.uniri.hr\/en\/#\/schema\/logo\/image\/\",\"url\":\"https:\/\/cji.uniri.hr\/wp-content\/uploads\/cji_logo-removebg-preview-1-e1695380857613.png\",\"contentUrl\":\"https:\/\/cji.uniri.hr\/wp-content\/uploads\/cji_logo-removebg-preview-1-e1695380857613.png\",\"width\":170,\"height\":170,\"caption\":\"Centar za jezi\u010dna istra\u017eivanja\"},\"image\":{\"@id\":\"https:\/\/cji.uniri.hr\/en\/#\/schema\/logo\/image\/\"},\"sameAs\":[\"https:\/\/www.facebook.com\/CLARIJEKA\"]}]}<\/script>\n<!-- \/ Yoast SEO plugin. -->","yoast_head_json":{"title":"Maja \u0110ur\u0111ulov - Centar za jezi\u010dna istra\u017eivanja","robots":{"index":"index","follow":"follow","max-snippet":"max-snippet:-1","max-image-preview":"max-image-preview:large","max-video-preview":"max-video-preview:-1"},"canonical":"https:\/\/cji.uniri.hr\/hr\/en\/members\/maja-durdulov\/","og_locale":"hr_HR","og_type":"article","og_title":"Maja \u0110ur\u0111ulov - Centar za jezi\u010dna istra\u017eivanja","og_description":"&nbsp; Junior Researcher University of Rijeka, Faculty of Humanities and Social Siences Department of Italian Language and Literature &nbsp; mdjurdjulov@ffri.uniri.hr UNIRI Portfolio &nbsp; &nbsp; Research Interests Her main research interests include Italian language and literature in Rijeka, italiano popolare and its relationship with the diatopic variety, the use of Italian language on social networks and [&hellip;]","og_url":"https:\/\/cji.uniri.hr\/hr\/en\/members\/maja-durdulov\/","og_site_name":"Centar za jezi\u010dna istra\u017eivanja","article_publisher":"https:\/\/www.facebook.com\/CLARIJEKA","article_modified_time":"2019-09-03T11:32:55+00:00","twitter_card":"summary_large_image","twitter_misc":{"Procijenjeno vrijeme \u010ditanja":"1 minuta"},"schema":{"@context":"https:\/\/schema.org","@graph":[{"@type":"WebPage","@id":"https:\/\/cji.uniri.hr\/hr\/en\/members\/maja-durdulov\/","url":"https:\/\/cji.uniri.hr\/hr\/en\/members\/maja-durdulov\/","name":"Maja \u0110ur\u0111ulov - Centar za jezi\u010dna istra\u017eivanja","isPartOf":{"@id":"https:\/\/cji.uniri.hr\/en\/#website"},"datePublished":"2019-09-03T09:13:22+00:00","dateModified":"2019-09-03T11:32:55+00:00","breadcrumb":{"@id":"https:\/\/cji.uniri.hr\/hr\/en\/members\/maja-durdulov\/#breadcrumb"},"inLanguage":"hr","potentialAction":[{"@type":"ReadAction","target":["https:\/\/cji.uniri.hr\/hr\/en\/members\/maja-durdulov\/"]}]},{"@type":"BreadcrumbList","@id":"https:\/\/cji.uniri.hr\/hr\/en\/members\/maja-durdulov\/#breadcrumb","itemListElement":[{"@type":"ListItem","position":1,"name":"Po\u010detna stranica","item":"https:\/\/cji.uniri.hr\/en\/"},{"@type":"ListItem","position":2,"name":"ENGLISH","item":"https:\/\/cji.uniri.hr\/hr\/en\/"},{"@type":"ListItem","position":3,"name":"Members","item":"https:\/\/cji.uniri.hr\/hr\/en\/members\/"},{"@type":"ListItem","position":4,"name":"Maja \u0110ur\u0111ulov"}]},{"@type":"WebSite","@id":"https:\/\/cji.uniri.hr\/en\/#website","url":"https:\/\/cji.uniri.hr\/en\/","name":"Centar za jezi\u010dna istra\u017eivanja","description":"","publisher":{"@id":"https:\/\/cji.uniri.hr\/en\/#organization"},"potentialAction":[{"@type":"SearchAction","target":{"@type":"EntryPoint","urlTemplate":"https:\/\/cji.uniri.hr\/en\/?s={search_term_string}"},"query-input":"required name=search_term_string"}],"inLanguage":"hr"},{"@type":"Organization","@id":"https:\/\/cji.uniri.hr\/en\/#organization","name":"Centar za jezi\u010dna istra\u017eivanja","url":"https:\/\/cji.uniri.hr\/en\/","logo":{"@type":"ImageObject","inLanguage":"hr","@id":"https:\/\/cji.uniri.hr\/en\/#\/schema\/logo\/image\/","url":"https:\/\/cji.uniri.hr\/wp-content\/uploads\/cji_logo-removebg-preview-1-e1695380857613.png","contentUrl":"https:\/\/cji.uniri.hr\/wp-content\/uploads\/cji_logo-removebg-preview-1-e1695380857613.png","width":170,"height":170,"caption":"Centar za jezi\u010dna istra\u017eivanja"},"image":{"@id":"https:\/\/cji.uniri.hr\/en\/#\/schema\/logo\/image\/"},"sameAs":["https:\/\/www.facebook.com\/CLARIJEKA"]}]}},"_links":{"self":[{"href":"https:\/\/cji.uniri.hr\/hr\/wp-json\/wp\/v2\/pages\/1389"}],"collection":[{"href":"https:\/\/cji.uniri.hr\/hr\/wp-json\/wp\/v2\/pages"}],"about":[{"href":"https:\/\/cji.uniri.hr\/hr\/wp-json\/wp\/v2\/types\/page"}],"author":[{"embeddable":true,"href":"https:\/\/cji.uniri.hr\/hr\/wp-json\/wp\/v2\/users\/4"}],"replies":[{"embeddable":true,"href":"https:\/\/cji.uniri.hr\/hr\/wp-json\/wp\/v2\/comments?post=1389"}],"version-history":[{"count":6,"href":"https:\/\/cji.uniri.hr\/hr\/wp-json\/wp\/v2\/pages\/1389\/revisions"}],"predecessor-version":[{"id":1435,"href":"https:\/\/cji.uniri.hr\/hr\/wp-json\/wp\/v2\/pages\/1389\/revisions\/1435"}],"up":[{"embeddable":true,"href":"https:\/\/cji.uniri.hr\/hr\/wp-json\/wp\/v2\/pages\/227"}],"wp:attachment":[{"href":"https:\/\/cji.uniri.hr\/hr\/wp-json\/wp\/v2\/media?parent=1389"}],"curies":[{"name":"wp","href":"https:\/\/api.w.org\/{rel}","templated":true}]}}