{"id":152,"date":"2015-09-29T20:46:24","date_gmt":"2015-09-29T18:46:24","guid":{"rendered":"http:\/\/cji.uniri.hr\/?page_id=152"},"modified":"2019-04-11T10:44:32","modified_gmt":"2019-04-11T08:44:32","slug":"radne-skupine","status":"publish","type":"page","link":"https:\/\/cji.uniri.hr\/hr\/hr\/radne-skupine\/","title":{"rendered":"Radne skupine CJI"},"content":{"rendered":"<h2><a href=\"https:\/\/cji.uniri.hr\/hr\/radne-skupine\/radna-skupina-za-dvojezicnost\/\">Radna skupina za dvojezi\u010dnost<\/a><\/h2>\n<p>Voditeljica: Tihana Kra\u0161<\/p>\n<h2><a href=\"https:\/\/cji.uniri.hr\/hr\/radne-skupine\/radna-skupina-jezicne-tehnologije-i-digitalna-humanistika-jtdh\/\">Radna skupina za jezi\u010dne tehnologije i digitalnu humanistiku<\/a><\/h2>\n<p>Voditelj: Benedikt Perak<\/p>\n<h2><a href=\"https:\/\/cji.uniri.hr\/terenska-jezicna-istrazivanja\/\">Radna skupina Terenska jezi\u010dna istra\u017eivanja <\/a><\/h2>\n<p>Voditeljica: Zvjezdana Vrzi\u0107<\/p>\n","protected":false},"excerpt":{"rendered":"<p>Radna skupina za dvojezi\u010dnost Voditeljica: Tihana Kra\u0161 Radna skupina za jezi\u010dne tehnologije i digitalnu humanistiku Voditelj: Benedikt Perak Radna skupina Terenska jezi\u010dna istra\u017eivanja Voditeljica: Zvjezdana Vrzi\u0107<\/p>\n","protected":false},"author":6,"featured_media":0,"parent":215,"menu_order":5,"comment_status":"closed","ping_status":"closed","template":"pageplusside-hr.php","meta":{"_themeisle_gutenberg_block_has_review":false},"yoast_head":"<!-- This site is optimized with the Yoast SEO plugin v21.0 - https:\/\/yoast.com\/wordpress\/plugins\/seo\/ -->\n<title>Radne skupine CJI - Centar za jezi\u010dna istra\u017eivanja<\/title>\n<meta name=\"robots\" content=\"index, follow, max-snippet:-1, max-image-preview:large, max-video-preview:-1\" \/>\n<link rel=\"canonical\" href=\"https:\/\/cji.uniri.hr\/hr\/hr\/radne-skupine\/\" \/>\n<meta property=\"og:locale\" content=\"hr_HR\" \/>\n<meta property=\"og:type\" content=\"article\" \/>\n<meta property=\"og:title\" content=\"Radne skupine CJI - Centar za jezi\u010dna istra\u017eivanja\" \/>\n<meta property=\"og:description\" content=\"Radna skupina za dvojezi\u010dnost Voditeljica: Tihana Kra\u0161 Radna skupina za jezi\u010dne tehnologije i digitalnu humanistiku Voditelj: Benedikt Perak Radna skupina Terenska jezi\u010dna istra\u017eivanja Voditeljica: Zvjezdana Vrzi\u0107\" \/>\n<meta property=\"og:url\" content=\"https:\/\/cji.uniri.hr\/hr\/hr\/radne-skupine\/\" \/>\n<meta property=\"og:site_name\" content=\"Centar za jezi\u010dna istra\u017eivanja\" \/>\n<meta property=\"article:publisher\" content=\"https:\/\/www.facebook.com\/CLARIJEKA\" \/>\n<meta property=\"article:modified_time\" content=\"2019-04-11T08:44:32+00:00\" \/>\n<meta name=\"twitter:card\" content=\"summary_large_image\" \/>\n<script type=\"application\/ld+json\" class=\"yoast-schema-graph\">{\"@context\":\"https:\/\/schema.org\",\"@graph\":[{\"@type\":\"WebPage\",\"@id\":\"https:\/\/cji.uniri.hr\/hr\/hr\/radne-skupine\/\",\"url\":\"https:\/\/cji.uniri.hr\/hr\/hr\/radne-skupine\/\",\"name\":\"Radne skupine CJI - Centar za jezi\u010dna istra\u017eivanja\",\"isPartOf\":{\"@id\":\"https:\/\/cji.uniri.hr\/en\/#website\"},\"datePublished\":\"2015-09-29T18:46:24+00:00\",\"dateModified\":\"2019-04-11T08:44:32+00:00\",\"breadcrumb\":{\"@id\":\"https:\/\/cji.uniri.hr\/hr\/hr\/radne-skupine\/#breadcrumb\"},\"inLanguage\":\"hr\",\"potentialAction\":[{\"@type\":\"ReadAction\",\"target\":[\"https:\/\/cji.uniri.hr\/hr\/hr\/radne-skupine\/\"]}]},{\"@type\":\"BreadcrumbList\",\"@id\":\"https:\/\/cji.uniri.hr\/hr\/hr\/radne-skupine\/#breadcrumb\",\"itemListElement\":[{\"@type\":\"ListItem\",\"position\":1,\"name\":\"Po\u010detna stranica\",\"item\":\"https:\/\/cji.uniri.hr\/en\/\"},{\"@type\":\"ListItem\",\"position\":2,\"name\":\"HRVATSKI\",\"item\":\"https:\/\/cji.uniri.hr\/hr\/hr\/\"},{\"@type\":\"ListItem\",\"position\":3,\"name\":\"Radne skupine CJI\"}]},{\"@type\":\"WebSite\",\"@id\":\"https:\/\/cji.uniri.hr\/en\/#website\",\"url\":\"https:\/\/cji.uniri.hr\/en\/\",\"name\":\"Centar za jezi\u010dna istra\u017eivanja\",\"description\":\"\",\"publisher\":{\"@id\":\"https:\/\/cji.uniri.hr\/en\/#organization\"},\"potentialAction\":[{\"@type\":\"SearchAction\",\"target\":{\"@type\":\"EntryPoint\",\"urlTemplate\":\"https:\/\/cji.uniri.hr\/en\/?s={search_term_string}\"},\"query-input\":\"required name=search_term_string\"}],\"inLanguage\":\"hr\"},{\"@type\":\"Organization\",\"@id\":\"https:\/\/cji.uniri.hr\/en\/#organization\",\"name\":\"Centar za jezi\u010dna istra\u017eivanja\",\"url\":\"https:\/\/cji.uniri.hr\/en\/\",\"logo\":{\"@type\":\"ImageObject\",\"inLanguage\":\"hr\",\"@id\":\"https:\/\/cji.uniri.hr\/en\/#\/schema\/logo\/image\/\",\"url\":\"https:\/\/cji.uniri.hr\/wp-content\/uploads\/cji_logo-removebg-preview-1-e1695380857613.png\",\"contentUrl\":\"https:\/\/cji.uniri.hr\/wp-content\/uploads\/cji_logo-removebg-preview-1-e1695380857613.png\",\"width\":170,\"height\":170,\"caption\":\"Centar za jezi\u010dna istra\u017eivanja\"},\"image\":{\"@id\":\"https:\/\/cji.uniri.hr\/en\/#\/schema\/logo\/image\/\"},\"sameAs\":[\"https:\/\/www.facebook.com\/CLARIJEKA\"]}]}<\/script>\n<!-- \/ Yoast SEO plugin. -->","yoast_head_json":{"title":"Radne skupine CJI - Centar za jezi\u010dna istra\u017eivanja","robots":{"index":"index","follow":"follow","max-snippet":"max-snippet:-1","max-image-preview":"max-image-preview:large","max-video-preview":"max-video-preview:-1"},"canonical":"https:\/\/cji.uniri.hr\/hr\/hr\/radne-skupine\/","og_locale":"hr_HR","og_type":"article","og_title":"Radne skupine CJI - Centar za jezi\u010dna istra\u017eivanja","og_description":"Radna skupina za dvojezi\u010dnost Voditeljica: Tihana Kra\u0161 Radna skupina za jezi\u010dne tehnologije i digitalnu humanistiku Voditelj: Benedikt Perak Radna skupina Terenska jezi\u010dna istra\u017eivanja Voditeljica: Zvjezdana Vrzi\u0107","og_url":"https:\/\/cji.uniri.hr\/hr\/hr\/radne-skupine\/","og_site_name":"Centar za jezi\u010dna istra\u017eivanja","article_publisher":"https:\/\/www.facebook.com\/CLARIJEKA","article_modified_time":"2019-04-11T08:44:32+00:00","twitter_card":"summary_large_image","schema":{"@context":"https:\/\/schema.org","@graph":[{"@type":"WebPage","@id":"https:\/\/cji.uniri.hr\/hr\/hr\/radne-skupine\/","url":"https:\/\/cji.uniri.hr\/hr\/hr\/radne-skupine\/","name":"Radne skupine CJI - Centar za jezi\u010dna istra\u017eivanja","isPartOf":{"@id":"https:\/\/cji.uniri.hr\/en\/#website"},"datePublished":"2015-09-29T18:46:24+00:00","dateModified":"2019-04-11T08:44:32+00:00","breadcrumb":{"@id":"https:\/\/cji.uniri.hr\/hr\/hr\/radne-skupine\/#breadcrumb"},"inLanguage":"hr","potentialAction":[{"@type":"ReadAction","target":["https:\/\/cji.uniri.hr\/hr\/hr\/radne-skupine\/"]}]},{"@type":"BreadcrumbList","@id":"https:\/\/cji.uniri.hr\/hr\/hr\/radne-skupine\/#breadcrumb","itemListElement":[{"@type":"ListItem","position":1,"name":"Po\u010detna stranica","item":"https:\/\/cji.uniri.hr\/en\/"},{"@type":"ListItem","position":2,"name":"HRVATSKI","item":"https:\/\/cji.uniri.hr\/hr\/hr\/"},{"@type":"ListItem","position":3,"name":"Radne skupine CJI"}]},{"@type":"WebSite","@id":"https:\/\/cji.uniri.hr\/en\/#website","url":"https:\/\/cji.uniri.hr\/en\/","name":"Centar za jezi\u010dna istra\u017eivanja","description":"","publisher":{"@id":"https:\/\/cji.uniri.hr\/en\/#organization"},"potentialAction":[{"@type":"SearchAction","target":{"@type":"EntryPoint","urlTemplate":"https:\/\/cji.uniri.hr\/en\/?s={search_term_string}"},"query-input":"required name=search_term_string"}],"inLanguage":"hr"},{"@type":"Organization","@id":"https:\/\/cji.uniri.hr\/en\/#organization","name":"Centar za jezi\u010dna istra\u017eivanja","url":"https:\/\/cji.uniri.hr\/en\/","logo":{"@type":"ImageObject","inLanguage":"hr","@id":"https:\/\/cji.uniri.hr\/en\/#\/schema\/logo\/image\/","url":"https:\/\/cji.uniri.hr\/wp-content\/uploads\/cji_logo-removebg-preview-1-e1695380857613.png","contentUrl":"https:\/\/cji.uniri.hr\/wp-content\/uploads\/cji_logo-removebg-preview-1-e1695380857613.png","width":170,"height":170,"caption":"Centar za jezi\u010dna istra\u017eivanja"},"image":{"@id":"https:\/\/cji.uniri.hr\/en\/#\/schema\/logo\/image\/"},"sameAs":["https:\/\/www.facebook.com\/CLARIJEKA"]}]}},"_links":{"self":[{"href":"https:\/\/cji.uniri.hr\/hr\/wp-json\/wp\/v2\/pages\/152"}],"collection":[{"href":"https:\/\/cji.uniri.hr\/hr\/wp-json\/wp\/v2\/pages"}],"about":[{"href":"https:\/\/cji.uniri.hr\/hr\/wp-json\/wp\/v2\/types\/page"}],"author":[{"embeddable":true,"href":"https:\/\/cji.uniri.hr\/hr\/wp-json\/wp\/v2\/users\/6"}],"replies":[{"embeddable":true,"href":"https:\/\/cji.uniri.hr\/hr\/wp-json\/wp\/v2\/comments?post=152"}],"version-history":[{"count":14,"href":"https:\/\/cji.uniri.hr\/hr\/wp-json\/wp\/v2\/pages\/152\/revisions"}],"predecessor-version":[{"id":1248,"href":"https:\/\/cji.uniri.hr\/hr\/wp-json\/wp\/v2\/pages\/152\/revisions\/1248"}],"up":[{"embeddable":true,"href":"https:\/\/cji.uniri.hr\/hr\/wp-json\/wp\/v2\/pages\/215"}],"wp:attachment":[{"href":"https:\/\/cji.uniri.hr\/hr\/wp-json\/wp\/v2\/media?parent=152"}],"curies":[{"name":"wp","href":"https:\/\/api.w.org\/{rel}","templated":true}]}}