{"id":238,"date":"2015-09-29T20:58:59","date_gmt":"2015-09-29T18:58:59","guid":{"rendered":"http:\/\/cji.uniri.hr\/?page_id=238"},"modified":"2022-11-22T13:36:45","modified_gmt":"2022-11-22T12:36:45","slug":"branka-drljaca-margic","status":"publish","type":"page","link":"https:\/\/cji.uniri.hr\/hr\/hr\/clanovi\/branka-drljaca-margic\/","title":{"rendered":"Branka Drlja\u010da Margi\u0107"},"content":{"rendered":"<p><em>Izvanredni profesor <\/em><\/p>\n<p><em>Sveu\u010dili\u0161te u Rijeci, Filozofski fakultet<\/em><\/p>\n<p><em>Odsjek za engleski jezik i knji\u017eevnost<\/em><\/p>\n<p>e-mail: <a href=\"mailto:bdrljaca@ffri.hr\">bdrljaca@ffri.hr<\/a><\/p>\n<p><a href=\"https:\/\/portal.uniri.hr\/Portfelj\/1364\" target=\"_blank\" rel=\"noopener noreferrer\">UNIRI portfelj<\/a><\/p>\n<p><strong>Znanstveni interesi<\/strong><\/p>\n<p>Moji znanstveni interesi uklju\u010duju engleski kao jezik visoko\u0161kolske nastave, engleski kao globalni jezik, jezi\u010dne dodire i jezi\u010dne stavove. Objavila sam vi\u0161e od trideset znanstvenih radova te znanstvenu monografiju. Izlagala sam na vi\u0161e od trideset me\u0111unarodnih znanstvenih skupova te odr\u017eala \u010detiri pozvana predavanja u Hrvatskoj i inozemstvu. Vodila sam jedan internacionalni i tri nacionalna znanstvenoistra\u017eiva\u010dka projekta te bila suradnikom na jo\u0161 \u0161est znanstvenoistra\u017eiva\u010dkih projekata. Glavni sam urednik znanstvenog \u010dasopisa International Letters of Social and Humanistic Sciences, SciPress. (Su)organizirala sam osam me\u0111unarodnih znanstvenih skupova. \u010clan sam nekoliko me\u0111unarodnih znanstvenih udru\u017eenja. Aktivna sam u popularizaciji znanosti.<\/p>\n\n\n<div id=\"wp-block-themeisle-blocks-advanced-columns-6d725ef6\" class=\"wp-block-themeisle-blocks-advanced-columns has-1-columns has-desktop-equal-layout has-tablet-equal-layout has-mobile-equal-layout has-vertical-unset\"><div class=\"wp-block-themeisle-blocks-advanced-columns-overlay\"><\/div><div class=\"innerblocks-wrap\">\n<div id=\"wp-block-themeisle-blocks-advanced-column-8706cfac\" class=\"wp-block-themeisle-blocks-advanced-column\"><\/div>\n<\/div><\/div>\n\n\n\n<div id=\"wp-block-themeisle-blocks-advanced-columns-ca69dd02\" class=\"wp-block-themeisle-blocks-advanced-columns has-1-columns has-desktop-equal-layout has-tablet-equal-layout has-mobile-equal-layout has-vertical-unset\"><div class=\"wp-block-themeisle-blocks-advanced-columns-overlay\"><\/div><div class=\"innerblocks-wrap\">\n<div id=\"wp-block-themeisle-blocks-advanced-column-265b8e65\" class=\"wp-block-themeisle-blocks-advanced-column\">\n<h5 id=\"wp-block-themeisle-blocks-advanced-heading-9344915b\" class=\"wp-block-themeisle-blocks-advanced-heading wp-block-themeisle-blocks-advanced-heading-9344915b\">Crosbi profil:<\/h5>\n\n\n\n<iframe loading=\"lazy\" src=\"https:\/\/www.bib.irb.hr\/profile\/26656\" width=\"100%\" height=\"800\" frameborder=\"0\"><\/iframe>\n<\/div>\n<\/div><\/div>\n","protected":false},"excerpt":{"rendered":"<p>Izvanredni profesor Sveu\u010dili\u0161te u Rijeci, Filozofski fakultet Odsjek za engleski jezik i knji\u017eevnost e-mail: bdrljaca@ffri.hr UNIRI portfelj Znanstveni interesi Moji znanstveni interesi uklju\u010duju engleski kao jezik visoko\u0161kolske nastave, engleski kao globalni jezik, jezi\u010dne dodire i jezi\u010dne stavove. Objavila sam vi\u0161e od trideset znanstvenih radova te znanstvenu monografiju. Izlagala sam na vi\u0161e od trideset me\u0111unarodnih znanstvenih [&hellip;]<\/p>\n","protected":false},"author":7,"featured_media":0,"parent":66,"menu_order":0,"comment_status":"closed","ping_status":"closed","template":"","meta":{"_themeisle_gutenberg_block_has_review":false},"yoast_head":"<!-- This site is optimized with the Yoast SEO plugin v21.0 - https:\/\/yoast.com\/wordpress\/plugins\/seo\/ -->\n<title>Branka Drlja\u010da Margi\u0107 - Centar za jezi\u010dna istra\u017eivanja<\/title>\n<meta name=\"robots\" content=\"index, follow, max-snippet:-1, max-image-preview:large, max-video-preview:-1\" \/>\n<link rel=\"canonical\" href=\"https:\/\/cji.uniri.hr\/hr\/hr\/clanovi\/branka-drljaca-margic\/\" \/>\n<meta property=\"og:locale\" content=\"hr_HR\" \/>\n<meta property=\"og:type\" content=\"article\" \/>\n<meta property=\"og:title\" content=\"Branka Drlja\u010da Margi\u0107 - Centar za jezi\u010dna istra\u017eivanja\" \/>\n<meta property=\"og:description\" content=\"Izvanredni profesor Sveu\u010dili\u0161te u Rijeci, Filozofski fakultet Odsjek za engleski jezik i knji\u017eevnost e-mail: bdrljaca@ffri.hr UNIRI portfelj Znanstveni interesi Moji znanstveni interesi uklju\u010duju engleski kao jezik visoko\u0161kolske nastave, engleski kao globalni jezik, jezi\u010dne dodire i jezi\u010dne stavove. Objavila sam vi\u0161e od trideset znanstvenih radova te znanstvenu monografiju. Izlagala sam na vi\u0161e od trideset me\u0111unarodnih znanstvenih [&hellip;]\" \/>\n<meta property=\"og:url\" content=\"https:\/\/cji.uniri.hr\/hr\/hr\/clanovi\/branka-drljaca-margic\/\" \/>\n<meta property=\"og:site_name\" content=\"Centar za jezi\u010dna istra\u017eivanja\" \/>\n<meta property=\"article:publisher\" content=\"https:\/\/www.facebook.com\/CLARIJEKA\" \/>\n<meta property=\"article:modified_time\" content=\"2022-11-22T12:36:45+00:00\" \/>\n<meta name=\"twitter:card\" content=\"summary_large_image\" \/>\n<meta name=\"twitter:label1\" content=\"Procijenjeno vrijeme \u010ditanja\" \/>\n\t<meta name=\"twitter:data1\" content=\"1 minuta\" \/>\n<script type=\"application\/ld+json\" class=\"yoast-schema-graph\">{\"@context\":\"https:\/\/schema.org\",\"@graph\":[{\"@type\":\"WebPage\",\"@id\":\"https:\/\/cji.uniri.hr\/hr\/hr\/clanovi\/branka-drljaca-margic\/\",\"url\":\"https:\/\/cji.uniri.hr\/hr\/hr\/clanovi\/branka-drljaca-margic\/\",\"name\":\"Branka Drlja\u010da Margi\u0107 - Centar za jezi\u010dna istra\u017eivanja\",\"isPartOf\":{\"@id\":\"https:\/\/cji.uniri.hr\/en\/#website\"},\"datePublished\":\"2015-09-29T18:58:59+00:00\",\"dateModified\":\"2022-11-22T12:36:45+00:00\",\"breadcrumb\":{\"@id\":\"https:\/\/cji.uniri.hr\/hr\/hr\/clanovi\/branka-drljaca-margic\/#breadcrumb\"},\"inLanguage\":\"hr\",\"potentialAction\":[{\"@type\":\"ReadAction\",\"target\":[\"https:\/\/cji.uniri.hr\/hr\/hr\/clanovi\/branka-drljaca-margic\/\"]}]},{\"@type\":\"BreadcrumbList\",\"@id\":\"https:\/\/cji.uniri.hr\/hr\/hr\/clanovi\/branka-drljaca-margic\/#breadcrumb\",\"itemListElement\":[{\"@type\":\"ListItem\",\"position\":1,\"name\":\"Po\u010detna stranica\",\"item\":\"https:\/\/cji.uniri.hr\/en\/\"},{\"@type\":\"ListItem\",\"position\":2,\"name\":\"HRVATSKI\",\"item\":\"https:\/\/cji.uniri.hr\/hr\/hr\/\"},{\"@type\":\"ListItem\",\"position\":3,\"name\":\"\u010clanovi\",\"item\":\"https:\/\/cji.uniri.hr\/en\/hr\/clanovi\/\"},{\"@type\":\"ListItem\",\"position\":4,\"name\":\"Branka Drlja\u010da Margi\u0107\"}]},{\"@type\":\"WebSite\",\"@id\":\"https:\/\/cji.uniri.hr\/en\/#website\",\"url\":\"https:\/\/cji.uniri.hr\/en\/\",\"name\":\"Centar za jezi\u010dna istra\u017eivanja\",\"description\":\"\",\"publisher\":{\"@id\":\"https:\/\/cji.uniri.hr\/en\/#organization\"},\"potentialAction\":[{\"@type\":\"SearchAction\",\"target\":{\"@type\":\"EntryPoint\",\"urlTemplate\":\"https:\/\/cji.uniri.hr\/en\/?s={search_term_string}\"},\"query-input\":\"required name=search_term_string\"}],\"inLanguage\":\"hr\"},{\"@type\":\"Organization\",\"@id\":\"https:\/\/cji.uniri.hr\/en\/#organization\",\"name\":\"Centar za jezi\u010dna istra\u017eivanja\",\"url\":\"https:\/\/cji.uniri.hr\/en\/\",\"logo\":{\"@type\":\"ImageObject\",\"inLanguage\":\"hr\",\"@id\":\"https:\/\/cji.uniri.hr\/en\/#\/schema\/logo\/image\/\",\"url\":\"https:\/\/cji.uniri.hr\/wp-content\/uploads\/cji_logo-removebg-preview-1-e1695380857613.png\",\"contentUrl\":\"https:\/\/cji.uniri.hr\/wp-content\/uploads\/cji_logo-removebg-preview-1-e1695380857613.png\",\"width\":170,\"height\":170,\"caption\":\"Centar za jezi\u010dna istra\u017eivanja\"},\"image\":{\"@id\":\"https:\/\/cji.uniri.hr\/en\/#\/schema\/logo\/image\/\"},\"sameAs\":[\"https:\/\/www.facebook.com\/CLARIJEKA\"]}]}<\/script>\n<!-- \/ Yoast SEO plugin. -->","yoast_head_json":{"title":"Branka Drlja\u010da Margi\u0107 - Centar za jezi\u010dna istra\u017eivanja","robots":{"index":"index","follow":"follow","max-snippet":"max-snippet:-1","max-image-preview":"max-image-preview:large","max-video-preview":"max-video-preview:-1"},"canonical":"https:\/\/cji.uniri.hr\/hr\/hr\/clanovi\/branka-drljaca-margic\/","og_locale":"hr_HR","og_type":"article","og_title":"Branka Drlja\u010da Margi\u0107 - Centar za jezi\u010dna istra\u017eivanja","og_description":"Izvanredni profesor Sveu\u010dili\u0161te u Rijeci, Filozofski fakultet Odsjek za engleski jezik i knji\u017eevnost e-mail: bdrljaca@ffri.hr UNIRI portfelj Znanstveni interesi Moji znanstveni interesi uklju\u010duju engleski kao jezik visoko\u0161kolske nastave, engleski kao globalni jezik, jezi\u010dne dodire i jezi\u010dne stavove. Objavila sam vi\u0161e od trideset znanstvenih radova te znanstvenu monografiju. Izlagala sam na vi\u0161e od trideset me\u0111unarodnih znanstvenih [&hellip;]","og_url":"https:\/\/cji.uniri.hr\/hr\/hr\/clanovi\/branka-drljaca-margic\/","og_site_name":"Centar za jezi\u010dna istra\u017eivanja","article_publisher":"https:\/\/www.facebook.com\/CLARIJEKA","article_modified_time":"2022-11-22T12:36:45+00:00","twitter_card":"summary_large_image","twitter_misc":{"Procijenjeno vrijeme \u010ditanja":"1 minuta"},"schema":{"@context":"https:\/\/schema.org","@graph":[{"@type":"WebPage","@id":"https:\/\/cji.uniri.hr\/hr\/hr\/clanovi\/branka-drljaca-margic\/","url":"https:\/\/cji.uniri.hr\/hr\/hr\/clanovi\/branka-drljaca-margic\/","name":"Branka Drlja\u010da Margi\u0107 - Centar za jezi\u010dna istra\u017eivanja","isPartOf":{"@id":"https:\/\/cji.uniri.hr\/en\/#website"},"datePublished":"2015-09-29T18:58:59+00:00","dateModified":"2022-11-22T12:36:45+00:00","breadcrumb":{"@id":"https:\/\/cji.uniri.hr\/hr\/hr\/clanovi\/branka-drljaca-margic\/#breadcrumb"},"inLanguage":"hr","potentialAction":[{"@type":"ReadAction","target":["https:\/\/cji.uniri.hr\/hr\/hr\/clanovi\/branka-drljaca-margic\/"]}]},{"@type":"BreadcrumbList","@id":"https:\/\/cji.uniri.hr\/hr\/hr\/clanovi\/branka-drljaca-margic\/#breadcrumb","itemListElement":[{"@type":"ListItem","position":1,"name":"Po\u010detna stranica","item":"https:\/\/cji.uniri.hr\/en\/"},{"@type":"ListItem","position":2,"name":"HRVATSKI","item":"https:\/\/cji.uniri.hr\/hr\/hr\/"},{"@type":"ListItem","position":3,"name":"\u010clanovi","item":"https:\/\/cji.uniri.hr\/en\/hr\/clanovi\/"},{"@type":"ListItem","position":4,"name":"Branka Drlja\u010da Margi\u0107"}]},{"@type":"WebSite","@id":"https:\/\/cji.uniri.hr\/en\/#website","url":"https:\/\/cji.uniri.hr\/en\/","name":"Centar za jezi\u010dna istra\u017eivanja","description":"","publisher":{"@id":"https:\/\/cji.uniri.hr\/en\/#organization"},"potentialAction":[{"@type":"SearchAction","target":{"@type":"EntryPoint","urlTemplate":"https:\/\/cji.uniri.hr\/en\/?s={search_term_string}"},"query-input":"required name=search_term_string"}],"inLanguage":"hr"},{"@type":"Organization","@id":"https:\/\/cji.uniri.hr\/en\/#organization","name":"Centar za jezi\u010dna istra\u017eivanja","url":"https:\/\/cji.uniri.hr\/en\/","logo":{"@type":"ImageObject","inLanguage":"hr","@id":"https:\/\/cji.uniri.hr\/en\/#\/schema\/logo\/image\/","url":"https:\/\/cji.uniri.hr\/wp-content\/uploads\/cji_logo-removebg-preview-1-e1695380857613.png","contentUrl":"https:\/\/cji.uniri.hr\/wp-content\/uploads\/cji_logo-removebg-preview-1-e1695380857613.png","width":170,"height":170,"caption":"Centar za jezi\u010dna istra\u017eivanja"},"image":{"@id":"https:\/\/cji.uniri.hr\/en\/#\/schema\/logo\/image\/"},"sameAs":["https:\/\/www.facebook.com\/CLARIJEKA"]}]}},"_links":{"self":[{"href":"https:\/\/cji.uniri.hr\/hr\/wp-json\/wp\/v2\/pages\/238"}],"collection":[{"href":"https:\/\/cji.uniri.hr\/hr\/wp-json\/wp\/v2\/pages"}],"about":[{"href":"https:\/\/cji.uniri.hr\/hr\/wp-json\/wp\/v2\/types\/page"}],"author":[{"embeddable":true,"href":"https:\/\/cji.uniri.hr\/hr\/wp-json\/wp\/v2\/users\/7"}],"replies":[{"embeddable":true,"href":"https:\/\/cji.uniri.hr\/hr\/wp-json\/wp\/v2\/comments?post=238"}],"version-history":[{"count":12,"href":"https:\/\/cji.uniri.hr\/hr\/wp-json\/wp\/v2\/pages\/238\/revisions"}],"predecessor-version":[{"id":2139,"href":"https:\/\/cji.uniri.hr\/hr\/wp-json\/wp\/v2\/pages\/238\/revisions\/2139"}],"up":[{"embeddable":true,"href":"https:\/\/cji.uniri.hr\/hr\/wp-json\/wp\/v2\/pages\/66"}],"wp:attachment":[{"href":"https:\/\/cji.uniri.hr\/hr\/wp-json\/wp\/v2\/media?parent=238"}],"curies":[{"name":"wp","href":"https:\/\/api.w.org\/{rel}","templated":true}]}}