{"id":425,"date":"2015-10-09T01:37:19","date_gmt":"2015-10-08T23:37:19","guid":{"rendered":"http:\/\/cji.uniri.hr\/?page_id=425"},"modified":"2019-09-03T13:41:35","modified_gmt":"2019-09-03T11:41:35","slug":"mirela-fus","status":"publish","type":"page","link":"https:\/\/cji.uniri.hr\/hr\/hr\/clanovi\/mirela-fus\/","title":{"rendered":"Mirela Fu\u0161"},"content":{"rendered":"<h4><\/h4>\n<p>&nbsp;<\/p>\n<h4><em>Doktorandica<\/em><\/h4>\n<h4><em>Sveu\u010dili\u0161te u St Andrewsu i Sveu\u010dli\u0161te u Oslu<\/em><\/h4>\n<p>&nbsp;<\/p>\n<h4>mirela.fus@gmail.com<\/h4>\n<h4><a href=\"https:\/\/mirelafus.wixsite.com\/mfus\" target=\"_blank\" rel=\"noopener noreferrer\">Web-stranica<\/a><\/h4>\n<h4><\/h4>\n<h4><\/h4>\n<p>&nbsp;<\/p>\n<p><strong>Znanstveni interesi<\/strong><\/p>\n<p>Moji istra\u017eiva\u010dki interesi primarno uklju\u010duju filozofsku metodologiju i filozofiju jezika, kao i relevantna podru\u010dja iz dru\u0161tvene ontologije i feministi\u010dke teorije. Detaljnije, moje istra\u017eivanje pridonosi recentnim doprinosima u podru\u010dju konceptualnog in\u017einjerstva te podru\u010dju generi\u010dkih re\u010denica za dru\u0161tvene vrste.<\/p>\n<p>&nbsp;<\/p>\n<p><strong>Izabrane publikacije<\/strong><\/p>\n<p>Fu\u0161, M. 2016. Comments on Inan\u2019s Notions of Objectual and Propositional Curiosity. Croatian Journal of Philosophy Vol. 18, No. 48: 313-325.<\/p>\n<p>Fu\u0161, M. 2016. Pejoratives as Social Kinds: Objections to Miscevic&#8217;s Account. In A\u00a0Word Which Bears a Sword:\u00a0Inquiries into Pejoratives, ur. N. Miscevic i J.Perhat, 179-202. Zagreb: KruZak.<\/p>\n<p>Fu\u0161, M. 2013. An Acquaintance Constraint and a Cognitive Significance Constraint on Singular Thought. Balkan Journal of Philosophy Vol. 5, No. 2: 163-174.<\/p>\n<p>Fu\u0161, M. 2013. Bach\u2019s Constraint on Extending Acquaintance: Some Questions and a Modest\u00a0 Proposal. Croatian Journal of Philosophy Vol. 8, No. 38: 201-216.<\/p>\n<p>&nbsp;<\/p>\n<p><strong>Projekti<\/strong><\/p>\n<p>ConceptLab: suradnica, Toppforsk project (2016-2021), Norwegian Research Council, <a href=\"https:\/\/www.hf.uio.no\/ifikk\/english\/research\/projects\/cl\/\">https:\/\/www.hf.uio.no\/ifikk\/english\/research\/projects\/cl\/<\/a><\/p>\n","protected":false},"excerpt":{"rendered":"<p>&nbsp; Doktorandica Sveu\u010dili\u0161te u St Andrewsu i Sveu\u010dli\u0161te u Oslu &nbsp; mirela.fus@gmail.com Web-stranica &nbsp; Znanstveni interesi Moji istra\u017eiva\u010dki interesi primarno uklju\u010duju filozofsku metodologiju i filozofiju jezika, kao i relevantna podru\u010dja iz dru\u0161tvene ontologije i feministi\u010dke teorije. Detaljnije, moje istra\u017eivanje pridonosi recentnim doprinosima u podru\u010dju konceptualnog in\u017einjerstva te podru\u010dju generi\u010dkih re\u010denica za dru\u0161tvene vrste. &nbsp; Izabrane [&hellip;]<\/p>\n","protected":false},"author":5,"featured_media":0,"parent":66,"menu_order":0,"comment_status":"closed","ping_status":"closed","template":"","meta":{"_themeisle_gutenberg_block_has_review":false},"yoast_head":"<!-- This site is optimized with the Yoast SEO plugin v21.0 - https:\/\/yoast.com\/wordpress\/plugins\/seo\/ -->\n<title>Mirela Fu\u0161 - Centar za jezi\u010dna istra\u017eivanja<\/title>\n<meta name=\"robots\" content=\"index, follow, max-snippet:-1, max-image-preview:large, max-video-preview:-1\" \/>\n<link rel=\"canonical\" href=\"https:\/\/cji.uniri.hr\/hr\/hr\/clanovi\/mirela-fus\/\" \/>\n<meta property=\"og:locale\" content=\"hr_HR\" \/>\n<meta property=\"og:type\" content=\"article\" \/>\n<meta property=\"og:title\" content=\"Mirela Fu\u0161 - Centar za jezi\u010dna istra\u017eivanja\" \/>\n<meta property=\"og:description\" content=\"&nbsp; Doktorandica Sveu\u010dili\u0161te u St Andrewsu i Sveu\u010dli\u0161te u Oslu &nbsp; mirela.fus@gmail.com Web-stranica &nbsp; Znanstveni interesi Moji istra\u017eiva\u010dki interesi primarno uklju\u010duju filozofsku metodologiju i filozofiju jezika, kao i relevantna podru\u010dja iz dru\u0161tvene ontologije i feministi\u010dke teorije. Detaljnije, moje istra\u017eivanje pridonosi recentnim doprinosima u podru\u010dju konceptualnog in\u017einjerstva te podru\u010dju generi\u010dkih re\u010denica za dru\u0161tvene vrste. &nbsp; Izabrane [&hellip;]\" \/>\n<meta property=\"og:url\" content=\"https:\/\/cji.uniri.hr\/hr\/hr\/clanovi\/mirela-fus\/\" \/>\n<meta property=\"og:site_name\" content=\"Centar za jezi\u010dna istra\u017eivanja\" \/>\n<meta property=\"article:publisher\" content=\"https:\/\/www.facebook.com\/CLARIJEKA\" \/>\n<meta property=\"article:modified_time\" content=\"2019-09-03T11:41:35+00:00\" \/>\n<meta name=\"twitter:card\" content=\"summary_large_image\" \/>\n<meta name=\"twitter:label1\" content=\"Procijenjeno vrijeme \u010ditanja\" \/>\n\t<meta name=\"twitter:data1\" content=\"1 minuta\" \/>\n<script type=\"application\/ld+json\" class=\"yoast-schema-graph\">{\"@context\":\"https:\/\/schema.org\",\"@graph\":[{\"@type\":\"WebPage\",\"@id\":\"https:\/\/cji.uniri.hr\/hr\/hr\/clanovi\/mirela-fus\/\",\"url\":\"https:\/\/cji.uniri.hr\/hr\/hr\/clanovi\/mirela-fus\/\",\"name\":\"Mirela Fu\u0161 - Centar za jezi\u010dna istra\u017eivanja\",\"isPartOf\":{\"@id\":\"https:\/\/cji.uniri.hr\/en\/#website\"},\"datePublished\":\"2015-10-08T23:37:19+00:00\",\"dateModified\":\"2019-09-03T11:41:35+00:00\",\"breadcrumb\":{\"@id\":\"https:\/\/cji.uniri.hr\/hr\/hr\/clanovi\/mirela-fus\/#breadcrumb\"},\"inLanguage\":\"hr\",\"potentialAction\":[{\"@type\":\"ReadAction\",\"target\":[\"https:\/\/cji.uniri.hr\/hr\/hr\/clanovi\/mirela-fus\/\"]}]},{\"@type\":\"BreadcrumbList\",\"@id\":\"https:\/\/cji.uniri.hr\/hr\/hr\/clanovi\/mirela-fus\/#breadcrumb\",\"itemListElement\":[{\"@type\":\"ListItem\",\"position\":1,\"name\":\"Po\u010detna stranica\",\"item\":\"https:\/\/cji.uniri.hr\/en\/\"},{\"@type\":\"ListItem\",\"position\":2,\"name\":\"HRVATSKI\",\"item\":\"https:\/\/cji.uniri.hr\/hr\/hr\/\"},{\"@type\":\"ListItem\",\"position\":3,\"name\":\"\u010clanovi\",\"item\":\"https:\/\/cji.uniri.hr\/en\/hr\/clanovi\/\"},{\"@type\":\"ListItem\",\"position\":4,\"name\":\"Mirela Fu\u0161\"}]},{\"@type\":\"WebSite\",\"@id\":\"https:\/\/cji.uniri.hr\/en\/#website\",\"url\":\"https:\/\/cji.uniri.hr\/en\/\",\"name\":\"Centar za jezi\u010dna istra\u017eivanja\",\"description\":\"\",\"publisher\":{\"@id\":\"https:\/\/cji.uniri.hr\/en\/#organization\"},\"potentialAction\":[{\"@type\":\"SearchAction\",\"target\":{\"@type\":\"EntryPoint\",\"urlTemplate\":\"https:\/\/cji.uniri.hr\/en\/?s={search_term_string}\"},\"query-input\":\"required name=search_term_string\"}],\"inLanguage\":\"hr\"},{\"@type\":\"Organization\",\"@id\":\"https:\/\/cji.uniri.hr\/en\/#organization\",\"name\":\"Centar za jezi\u010dna istra\u017eivanja\",\"url\":\"https:\/\/cji.uniri.hr\/en\/\",\"logo\":{\"@type\":\"ImageObject\",\"inLanguage\":\"hr\",\"@id\":\"https:\/\/cji.uniri.hr\/en\/#\/schema\/logo\/image\/\",\"url\":\"https:\/\/cji.uniri.hr\/wp-content\/uploads\/cji_logo-removebg-preview-1-e1695380857613.png\",\"contentUrl\":\"https:\/\/cji.uniri.hr\/wp-content\/uploads\/cji_logo-removebg-preview-1-e1695380857613.png\",\"width\":170,\"height\":170,\"caption\":\"Centar za jezi\u010dna istra\u017eivanja\"},\"image\":{\"@id\":\"https:\/\/cji.uniri.hr\/en\/#\/schema\/logo\/image\/\"},\"sameAs\":[\"https:\/\/www.facebook.com\/CLARIJEKA\"]}]}<\/script>\n<!-- \/ Yoast SEO plugin. -->","yoast_head_json":{"title":"Mirela Fu\u0161 - Centar za jezi\u010dna istra\u017eivanja","robots":{"index":"index","follow":"follow","max-snippet":"max-snippet:-1","max-image-preview":"max-image-preview:large","max-video-preview":"max-video-preview:-1"},"canonical":"https:\/\/cji.uniri.hr\/hr\/hr\/clanovi\/mirela-fus\/","og_locale":"hr_HR","og_type":"article","og_title":"Mirela Fu\u0161 - Centar za jezi\u010dna istra\u017eivanja","og_description":"&nbsp; Doktorandica Sveu\u010dili\u0161te u St Andrewsu i Sveu\u010dli\u0161te u Oslu &nbsp; mirela.fus@gmail.com Web-stranica &nbsp; Znanstveni interesi Moji istra\u017eiva\u010dki interesi primarno uklju\u010duju filozofsku metodologiju i filozofiju jezika, kao i relevantna podru\u010dja iz dru\u0161tvene ontologije i feministi\u010dke teorije. Detaljnije, moje istra\u017eivanje pridonosi recentnim doprinosima u podru\u010dju konceptualnog in\u017einjerstva te podru\u010dju generi\u010dkih re\u010denica za dru\u0161tvene vrste. &nbsp; Izabrane [&hellip;]","og_url":"https:\/\/cji.uniri.hr\/hr\/hr\/clanovi\/mirela-fus\/","og_site_name":"Centar za jezi\u010dna istra\u017eivanja","article_publisher":"https:\/\/www.facebook.com\/CLARIJEKA","article_modified_time":"2019-09-03T11:41:35+00:00","twitter_card":"summary_large_image","twitter_misc":{"Procijenjeno vrijeme \u010ditanja":"1 minuta"},"schema":{"@context":"https:\/\/schema.org","@graph":[{"@type":"WebPage","@id":"https:\/\/cji.uniri.hr\/hr\/hr\/clanovi\/mirela-fus\/","url":"https:\/\/cji.uniri.hr\/hr\/hr\/clanovi\/mirela-fus\/","name":"Mirela Fu\u0161 - Centar za jezi\u010dna istra\u017eivanja","isPartOf":{"@id":"https:\/\/cji.uniri.hr\/en\/#website"},"datePublished":"2015-10-08T23:37:19+00:00","dateModified":"2019-09-03T11:41:35+00:00","breadcrumb":{"@id":"https:\/\/cji.uniri.hr\/hr\/hr\/clanovi\/mirela-fus\/#breadcrumb"},"inLanguage":"hr","potentialAction":[{"@type":"ReadAction","target":["https:\/\/cji.uniri.hr\/hr\/hr\/clanovi\/mirela-fus\/"]}]},{"@type":"BreadcrumbList","@id":"https:\/\/cji.uniri.hr\/hr\/hr\/clanovi\/mirela-fus\/#breadcrumb","itemListElement":[{"@type":"ListItem","position":1,"name":"Po\u010detna stranica","item":"https:\/\/cji.uniri.hr\/en\/"},{"@type":"ListItem","position":2,"name":"HRVATSKI","item":"https:\/\/cji.uniri.hr\/hr\/hr\/"},{"@type":"ListItem","position":3,"name":"\u010clanovi","item":"https:\/\/cji.uniri.hr\/en\/hr\/clanovi\/"},{"@type":"ListItem","position":4,"name":"Mirela Fu\u0161"}]},{"@type":"WebSite","@id":"https:\/\/cji.uniri.hr\/en\/#website","url":"https:\/\/cji.uniri.hr\/en\/","name":"Centar za jezi\u010dna istra\u017eivanja","description":"","publisher":{"@id":"https:\/\/cji.uniri.hr\/en\/#organization"},"potentialAction":[{"@type":"SearchAction","target":{"@type":"EntryPoint","urlTemplate":"https:\/\/cji.uniri.hr\/en\/?s={search_term_string}"},"query-input":"required name=search_term_string"}],"inLanguage":"hr"},{"@type":"Organization","@id":"https:\/\/cji.uniri.hr\/en\/#organization","name":"Centar za jezi\u010dna istra\u017eivanja","url":"https:\/\/cji.uniri.hr\/en\/","logo":{"@type":"ImageObject","inLanguage":"hr","@id":"https:\/\/cji.uniri.hr\/en\/#\/schema\/logo\/image\/","url":"https:\/\/cji.uniri.hr\/wp-content\/uploads\/cji_logo-removebg-preview-1-e1695380857613.png","contentUrl":"https:\/\/cji.uniri.hr\/wp-content\/uploads\/cji_logo-removebg-preview-1-e1695380857613.png","width":170,"height":170,"caption":"Centar za jezi\u010dna istra\u017eivanja"},"image":{"@id":"https:\/\/cji.uniri.hr\/en\/#\/schema\/logo\/image\/"},"sameAs":["https:\/\/www.facebook.com\/CLARIJEKA"]}]}},"_links":{"self":[{"href":"https:\/\/cji.uniri.hr\/hr\/wp-json\/wp\/v2\/pages\/425"}],"collection":[{"href":"https:\/\/cji.uniri.hr\/hr\/wp-json\/wp\/v2\/pages"}],"about":[{"href":"https:\/\/cji.uniri.hr\/hr\/wp-json\/wp\/v2\/types\/page"}],"author":[{"embeddable":true,"href":"https:\/\/cji.uniri.hr\/hr\/wp-json\/wp\/v2\/users\/5"}],"replies":[{"embeddable":true,"href":"https:\/\/cji.uniri.hr\/hr\/wp-json\/wp\/v2\/comments?post=425"}],"version-history":[{"count":7,"href":"https:\/\/cji.uniri.hr\/hr\/wp-json\/wp\/v2\/pages\/425\/revisions"}],"predecessor-version":[{"id":1439,"href":"https:\/\/cji.uniri.hr\/hr\/wp-json\/wp\/v2\/pages\/425\/revisions\/1439"}],"up":[{"embeddable":true,"href":"https:\/\/cji.uniri.hr\/hr\/wp-json\/wp\/v2\/pages\/66"}],"wp:attachment":[{"href":"https:\/\/cji.uniri.hr\/hr\/wp-json\/wp\/v2\/media?parent=425"}],"curies":[{"name":"wp","href":"https:\/\/api.w.org\/{rel}","templated":true}]}}