{"id":435,"date":"2015-10-09T01:42:05","date_gmt":"2015-10-08T23:42:05","guid":{"rendered":"http:\/\/cji.uniri.hr\/?page_id=435"},"modified":"2016-02-18T17:07:35","modified_gmt":"2016-02-18T16:07:35","slug":"cecilija-jurcic-katunar","status":"publish","type":"page","link":"https:\/\/cji.uniri.hr\/hr\/hr\/clanovi\/cecilija-jurcic-katunar\/","title":{"rendered":"Cecilija Jur\u010di\u0107 Katunar"},"content":{"rendered":"<p>cjkatunar@ffri.hr<\/p>\n<p>Znanstvena novakinja, asistentica, Odsjek za kroatistiku<\/p>\n<p><a href=\"http:\/\/portal.uniri.hr\/portfelj\/cjkatunar@uniri.hr\">http:\/\/portal.uniri.hr\/portfelj\/cjkatunar@uniri.hr<\/a><\/p>\n<p><u>\u00a0<\/u><\/p>\n<p><u>Znanstveni interesi<\/u><\/p>\n<p>U znanstvenom radu integrira kognitivnolingvisti\u010dke, pragmalingvisti\u010dke i diskursne pristupe problemima zna\u010denja i komunikacije. U okviru Poslijediplomskog doktorskog studija lingvistike na Filozofskome fakultetu u Zagrebu izra\u0111uje doktorsku disertaciju <em>Iskazivanje boli u hrvatskome jeziku \u2013 kognitivnolingvisti\u010dka analiza<\/em> u kojoj se na temelju autenti\u010dna korpusa prikupljena u Ambulanti za lije\u010denje boli KBC-a Rijeka poku\u0161ava rekonstruirati i tuma\u010diti na\u010dine na koje svjesno i nesvjesno filtriramo iskustvo boli i jezi\u010dno ga oblikujemo, s posebnim naglaskom na razumijevanju suodnosa semanti\u010dke i pragmati\u010dke motivacije metafori\u010dkih konceptualizacija boli. Na Odsjeku za kroatistiku sudjeluje u izvo\u0111enju nastave dijelom na kolegijima standardolo\u0161ke naravi, a dijelom na kolegijima usmjerenima pitanjima zna\u010denja (iz kognitivnolingvisti\u010dke, stilisti\u010dke ili komunikolo\u0161ke vizure).<\/p>\n<p><u>\u00a0<\/u><\/p>\n<p><u>Izabrane publikacije<\/u><\/p>\n<p><em>Signali komunikacijske namjere u akademskom diskursu<\/em>, Diskurs i dijalog: teorije, metode i primjene, zbornik radova HDPL, ur. V. Karabali\u0107, M. Aleksa Varga, L. Pon, Osijek, 2011.<\/p>\n<p><em>Intencionalnost kao aspekt zna\u010denja<\/em>, Rije\u010dki filolo\u0161ki dani 5, zbornik radova, ur. Irvin Luke\u017ei\u0107, Filozofski fakultet u Rijeci, Rijeka, 2004.<\/p>\n<p>&nbsp;<\/p>\n<p><em>Gesta kao sredstvo ozna\u010davanja i identifikacije diskursa<\/em>, Fluminensia, \u010dasopis za filolo\u0161ka istra\u017eivanja, god. 15, br. 2, 2004.<\/p>\n<p>&nbsp;<\/p>\n<p><em>Multimedijalni diskurs<\/em>, poglavlje u knjizi Raslojavanje jezi\u010dne stvarnosti, Kova\u010devi\u0107 Marina \u2013 Badurina, Lada, ICR, Rijeka, 2001.<\/p>\n<p><em>Uvod u dijakronijsku semantiku<\/em>, prikaz <em>Raffaelli, Ida: Zna\u010denje kroz vrijeme<\/em>, Fluminensia, god. 23, br. 2, 2011.<\/p>\n<p><em>\u00a0<\/em><\/p>\n<p><em>O konceptualnoj metafori, <\/em>prikaz<em> Stanojevi\u0107, Mateusz-Milan: Konceptualna metafora: temeljni pojmovi, teorijski pristupi i metode<\/em>, Fluminensia, god. 25, br. 2, 2013.<\/p>\n<p><u>\u00a0<\/u><\/p>\n<p><u>Projekti<\/u><\/p>\n<p>\u010clan me\u0111unarodnoga istra\u017eiva\u010dkog tima na projektu <strong>METADICTIO (Analiti\u010dki rje\u010dnik metafori\u010dke uporabe jezika<\/strong>) prijavljenog na natje\u010daj Hrvatske zaklade za znanost. Projekt pozitivno recenziran, u fazi evaluacije i odobravanja sredstava.<\/p>\n","protected":false},"excerpt":{"rendered":"<p>cjkatunar@ffri.hr Znanstvena novakinja, asistentica, Odsjek za kroatistiku http:\/\/portal.uniri.hr\/portfelj\/cjkatunar@uniri.hr \u00a0 Znanstveni interesi U znanstvenom radu integrira kognitivnolingvisti\u010dke, pragmalingvisti\u010dke i diskursne pristupe problemima zna\u010denja i komunikacije. U okviru Poslijediplomskog doktorskog studija lingvistike na Filozofskome fakultetu u Zagrebu izra\u0111uje doktorsku disertaciju Iskazivanje boli u hrvatskome jeziku \u2013 kognitivnolingvisti\u010dka analiza u kojoj se na temelju autenti\u010dna korpusa prikupljena u [&hellip;]<\/p>\n","protected":false},"author":5,"featured_media":0,"parent":66,"menu_order":0,"comment_status":"closed","ping_status":"closed","template":"","meta":{"_themeisle_gutenberg_block_has_review":false},"yoast_head":"<!-- This site is optimized with the Yoast SEO plugin v21.0 - https:\/\/yoast.com\/wordpress\/plugins\/seo\/ -->\n<title>Cecilija Jur\u010di\u0107 Katunar - Centar za jezi\u010dna istra\u017eivanja<\/title>\n<meta name=\"robots\" content=\"index, follow, max-snippet:-1, max-image-preview:large, max-video-preview:-1\" \/>\n<link rel=\"canonical\" href=\"https:\/\/cji.uniri.hr\/hr\/hr\/clanovi\/cecilija-jurcic-katunar\/\" \/>\n<meta property=\"og:locale\" content=\"hr_HR\" \/>\n<meta property=\"og:type\" content=\"article\" \/>\n<meta property=\"og:title\" content=\"Cecilija Jur\u010di\u0107 Katunar - Centar za jezi\u010dna istra\u017eivanja\" \/>\n<meta property=\"og:description\" content=\"cjkatunar@ffri.hr Znanstvena novakinja, asistentica, Odsjek za kroatistiku http:\/\/portal.uniri.hr\/portfelj\/cjkatunar@uniri.hr \u00a0 Znanstveni interesi U znanstvenom radu integrira kognitivnolingvisti\u010dke, pragmalingvisti\u010dke i diskursne pristupe problemima zna\u010denja i komunikacije. U okviru Poslijediplomskog doktorskog studija lingvistike na Filozofskome fakultetu u Zagrebu izra\u0111uje doktorsku disertaciju Iskazivanje boli u hrvatskome jeziku \u2013 kognitivnolingvisti\u010dka analiza u kojoj se na temelju autenti\u010dna korpusa prikupljena u [&hellip;]\" \/>\n<meta property=\"og:url\" content=\"https:\/\/cji.uniri.hr\/hr\/hr\/clanovi\/cecilija-jurcic-katunar\/\" \/>\n<meta property=\"og:site_name\" content=\"Centar za jezi\u010dna istra\u017eivanja\" \/>\n<meta property=\"article:publisher\" content=\"https:\/\/www.facebook.com\/CLARIJEKA\" \/>\n<meta property=\"article:modified_time\" content=\"2016-02-18T16:07:35+00:00\" \/>\n<meta name=\"twitter:card\" content=\"summary_large_image\" \/>\n<meta name=\"twitter:label1\" content=\"Procijenjeno vrijeme \u010ditanja\" \/>\n\t<meta name=\"twitter:data1\" content=\"1 minuta\" \/>\n<script type=\"application\/ld+json\" class=\"yoast-schema-graph\">{\"@context\":\"https:\/\/schema.org\",\"@graph\":[{\"@type\":\"WebPage\",\"@id\":\"https:\/\/cji.uniri.hr\/hr\/hr\/clanovi\/cecilija-jurcic-katunar\/\",\"url\":\"https:\/\/cji.uniri.hr\/hr\/hr\/clanovi\/cecilija-jurcic-katunar\/\",\"name\":\"Cecilija Jur\u010di\u0107 Katunar - Centar za jezi\u010dna istra\u017eivanja\",\"isPartOf\":{\"@id\":\"https:\/\/cji.uniri.hr\/en\/#website\"},\"datePublished\":\"2015-10-08T23:42:05+00:00\",\"dateModified\":\"2016-02-18T16:07:35+00:00\",\"breadcrumb\":{\"@id\":\"https:\/\/cji.uniri.hr\/hr\/hr\/clanovi\/cecilija-jurcic-katunar\/#breadcrumb\"},\"inLanguage\":\"hr\",\"potentialAction\":[{\"@type\":\"ReadAction\",\"target\":[\"https:\/\/cji.uniri.hr\/hr\/hr\/clanovi\/cecilija-jurcic-katunar\/\"]}]},{\"@type\":\"BreadcrumbList\",\"@id\":\"https:\/\/cji.uniri.hr\/hr\/hr\/clanovi\/cecilija-jurcic-katunar\/#breadcrumb\",\"itemListElement\":[{\"@type\":\"ListItem\",\"position\":1,\"name\":\"Po\u010detna stranica\",\"item\":\"https:\/\/cji.uniri.hr\/en\/\"},{\"@type\":\"ListItem\",\"position\":2,\"name\":\"HRVATSKI\",\"item\":\"https:\/\/cji.uniri.hr\/hr\/hr\/\"},{\"@type\":\"ListItem\",\"position\":3,\"name\":\"\u010clanovi\",\"item\":\"https:\/\/cji.uniri.hr\/en\/hr\/clanovi\/\"},{\"@type\":\"ListItem\",\"position\":4,\"name\":\"Cecilija Jur\u010di\u0107 Katunar\"}]},{\"@type\":\"WebSite\",\"@id\":\"https:\/\/cji.uniri.hr\/en\/#website\",\"url\":\"https:\/\/cji.uniri.hr\/en\/\",\"name\":\"Centar za jezi\u010dna istra\u017eivanja\",\"description\":\"\",\"publisher\":{\"@id\":\"https:\/\/cji.uniri.hr\/en\/#organization\"},\"potentialAction\":[{\"@type\":\"SearchAction\",\"target\":{\"@type\":\"EntryPoint\",\"urlTemplate\":\"https:\/\/cji.uniri.hr\/en\/?s={search_term_string}\"},\"query-input\":\"required name=search_term_string\"}],\"inLanguage\":\"hr\"},{\"@type\":\"Organization\",\"@id\":\"https:\/\/cji.uniri.hr\/en\/#organization\",\"name\":\"Centar za jezi\u010dna istra\u017eivanja\",\"url\":\"https:\/\/cji.uniri.hr\/en\/\",\"logo\":{\"@type\":\"ImageObject\",\"inLanguage\":\"hr\",\"@id\":\"https:\/\/cji.uniri.hr\/en\/#\/schema\/logo\/image\/\",\"url\":\"https:\/\/cji.uniri.hr\/wp-content\/uploads\/cji_logo-removebg-preview-1-e1695380857613.png\",\"contentUrl\":\"https:\/\/cji.uniri.hr\/wp-content\/uploads\/cji_logo-removebg-preview-1-e1695380857613.png\",\"width\":170,\"height\":170,\"caption\":\"Centar za jezi\u010dna istra\u017eivanja\"},\"image\":{\"@id\":\"https:\/\/cji.uniri.hr\/en\/#\/schema\/logo\/image\/\"},\"sameAs\":[\"https:\/\/www.facebook.com\/CLARIJEKA\"]}]}<\/script>\n<!-- \/ Yoast SEO plugin. -->","yoast_head_json":{"title":"Cecilija Jur\u010di\u0107 Katunar - Centar za jezi\u010dna istra\u017eivanja","robots":{"index":"index","follow":"follow","max-snippet":"max-snippet:-1","max-image-preview":"max-image-preview:large","max-video-preview":"max-video-preview:-1"},"canonical":"https:\/\/cji.uniri.hr\/hr\/hr\/clanovi\/cecilija-jurcic-katunar\/","og_locale":"hr_HR","og_type":"article","og_title":"Cecilija Jur\u010di\u0107 Katunar - Centar za jezi\u010dna istra\u017eivanja","og_description":"cjkatunar@ffri.hr Znanstvena novakinja, asistentica, Odsjek za kroatistiku http:\/\/portal.uniri.hr\/portfelj\/cjkatunar@uniri.hr \u00a0 Znanstveni interesi U znanstvenom radu integrira kognitivnolingvisti\u010dke, pragmalingvisti\u010dke i diskursne pristupe problemima zna\u010denja i komunikacije. U okviru Poslijediplomskog doktorskog studija lingvistike na Filozofskome fakultetu u Zagrebu izra\u0111uje doktorsku disertaciju Iskazivanje boli u hrvatskome jeziku \u2013 kognitivnolingvisti\u010dka analiza u kojoj se na temelju autenti\u010dna korpusa prikupljena u [&hellip;]","og_url":"https:\/\/cji.uniri.hr\/hr\/hr\/clanovi\/cecilija-jurcic-katunar\/","og_site_name":"Centar za jezi\u010dna istra\u017eivanja","article_publisher":"https:\/\/www.facebook.com\/CLARIJEKA","article_modified_time":"2016-02-18T16:07:35+00:00","twitter_card":"summary_large_image","twitter_misc":{"Procijenjeno vrijeme \u010ditanja":"1 minuta"},"schema":{"@context":"https:\/\/schema.org","@graph":[{"@type":"WebPage","@id":"https:\/\/cji.uniri.hr\/hr\/hr\/clanovi\/cecilija-jurcic-katunar\/","url":"https:\/\/cji.uniri.hr\/hr\/hr\/clanovi\/cecilija-jurcic-katunar\/","name":"Cecilija Jur\u010di\u0107 Katunar - Centar za jezi\u010dna istra\u017eivanja","isPartOf":{"@id":"https:\/\/cji.uniri.hr\/en\/#website"},"datePublished":"2015-10-08T23:42:05+00:00","dateModified":"2016-02-18T16:07:35+00:00","breadcrumb":{"@id":"https:\/\/cji.uniri.hr\/hr\/hr\/clanovi\/cecilija-jurcic-katunar\/#breadcrumb"},"inLanguage":"hr","potentialAction":[{"@type":"ReadAction","target":["https:\/\/cji.uniri.hr\/hr\/hr\/clanovi\/cecilija-jurcic-katunar\/"]}]},{"@type":"BreadcrumbList","@id":"https:\/\/cji.uniri.hr\/hr\/hr\/clanovi\/cecilija-jurcic-katunar\/#breadcrumb","itemListElement":[{"@type":"ListItem","position":1,"name":"Po\u010detna stranica","item":"https:\/\/cji.uniri.hr\/en\/"},{"@type":"ListItem","position":2,"name":"HRVATSKI","item":"https:\/\/cji.uniri.hr\/hr\/hr\/"},{"@type":"ListItem","position":3,"name":"\u010clanovi","item":"https:\/\/cji.uniri.hr\/en\/hr\/clanovi\/"},{"@type":"ListItem","position":4,"name":"Cecilija Jur\u010di\u0107 Katunar"}]},{"@type":"WebSite","@id":"https:\/\/cji.uniri.hr\/en\/#website","url":"https:\/\/cji.uniri.hr\/en\/","name":"Centar za jezi\u010dna istra\u017eivanja","description":"","publisher":{"@id":"https:\/\/cji.uniri.hr\/en\/#organization"},"potentialAction":[{"@type":"SearchAction","target":{"@type":"EntryPoint","urlTemplate":"https:\/\/cji.uniri.hr\/en\/?s={search_term_string}"},"query-input":"required name=search_term_string"}],"inLanguage":"hr"},{"@type":"Organization","@id":"https:\/\/cji.uniri.hr\/en\/#organization","name":"Centar za jezi\u010dna istra\u017eivanja","url":"https:\/\/cji.uniri.hr\/en\/","logo":{"@type":"ImageObject","inLanguage":"hr","@id":"https:\/\/cji.uniri.hr\/en\/#\/schema\/logo\/image\/","url":"https:\/\/cji.uniri.hr\/wp-content\/uploads\/cji_logo-removebg-preview-1-e1695380857613.png","contentUrl":"https:\/\/cji.uniri.hr\/wp-content\/uploads\/cji_logo-removebg-preview-1-e1695380857613.png","width":170,"height":170,"caption":"Centar za jezi\u010dna istra\u017eivanja"},"image":{"@id":"https:\/\/cji.uniri.hr\/en\/#\/schema\/logo\/image\/"},"sameAs":["https:\/\/www.facebook.com\/CLARIJEKA"]}]}},"_links":{"self":[{"href":"https:\/\/cji.uniri.hr\/hr\/wp-json\/wp\/v2\/pages\/435"}],"collection":[{"href":"https:\/\/cji.uniri.hr\/hr\/wp-json\/wp\/v2\/pages"}],"about":[{"href":"https:\/\/cji.uniri.hr\/hr\/wp-json\/wp\/v2\/types\/page"}],"author":[{"embeddable":true,"href":"https:\/\/cji.uniri.hr\/hr\/wp-json\/wp\/v2\/users\/5"}],"replies":[{"embeddable":true,"href":"https:\/\/cji.uniri.hr\/hr\/wp-json\/wp\/v2\/comments?post=435"}],"version-history":[{"count":3,"href":"https:\/\/cji.uniri.hr\/hr\/wp-json\/wp\/v2\/pages\/435\/revisions"}],"predecessor-version":[{"id":876,"href":"https:\/\/cji.uniri.hr\/hr\/wp-json\/wp\/v2\/pages\/435\/revisions\/876"}],"up":[{"embeddable":true,"href":"https:\/\/cji.uniri.hr\/hr\/wp-json\/wp\/v2\/pages\/66"}],"wp:attachment":[{"href":"https:\/\/cji.uniri.hr\/hr\/wp-json\/wp\/v2\/media?parent=435"}],"curies":[{"name":"wp","href":"https:\/\/api.w.org\/{rel}","templated":true}]}}