{"id":443,"date":"2015-10-09T01:44:44","date_gmt":"2015-10-08T23:44:44","guid":{"rendered":"http:\/\/cji.uniri.hr\/?page_id=443"},"modified":"2016-02-18T17:08:12","modified_gmt":"2016-02-18T16:08:12","slug":"silvana-vranic","status":"publish","type":"page","link":"https:\/\/cji.uniri.hr\/hr\/hr\/clanovi\/silvana-vranic\/","title":{"rendered":"Silvana Vrani\u0107"},"content":{"rendered":"<p>silvana.vranic@ri.t-com.hr<\/p>\n<p>Redoviti profesor, Odsjek za kroatistiku<\/p>\n<p><a href=\"https:\/\/portal.uniri.hr\/portfelj\/silvana.vranic@uniri.hr\">https:\/\/portal.uniri.hr\/portfelj\/silvana.vranic@uniri.hr<\/a><\/p>\n<p><u>\u00a0<\/u><\/p>\n<p><u>Znanstveni interesi<\/u><\/p>\n<p>Silvana Vrani\u0107 u svojim se istra\u017eivanjima primarno bavi dijalektologijom hrvatskoga jezika. Svojim je znanstvenim radom usmjerena na traganje za autenti\u010dnim podatcima u mjesnim govorima na fonolo\u0161koj, morfolo\u0161koj, sintakti\u010dkoj i leksikolo\u0161koj razini, na teorijska istra\u017eivanja u \u010dakavologiji, na klasifikaciju organskih idioma i na komparatisti\u010dka dijalektolo\u0161ka istra\u017eivanja. Analizirala je doprinose hrvatskih leksikografa, gramati\u010dara i dijalektologa. U recentnim radovima bavi se urbanom dijalektologijom i unutar nje sociolingvisti\u010dkim elementima te primjenom semiotike u dijalektologiji.<\/p>\n<p><u>\u00a0<\/u><\/p>\n<p><u>Izabrane publikacije<\/u><\/p>\n<p><a href=\"https:\/\/bib.irb.hr\/lista-radova?autor=202805\">https:\/\/bib.irb.hr\/lista-radova?autor=202805<\/a><\/p>\n<p><u>\u00a0<\/u><\/p>\n<p><u>Projekti<\/u><\/p>\n<p><em>Prilozi za istra\u017eivanja \u010dakavskih dijalekata na podru\u010dju zapadne Hrvatske<\/em> (voditeljica projektnoga tima), projekt Sveu\u010dili\u0161ta u Rijeci<\/p>\n<p><em>Op\u0107eslavenski lingvisti\u010dki atlas (OLA) i Europski lingvisti\u010dki atlas (ELA)<\/em> (suradnica), projekt Hrvatske akademije znanosti i umjetnosti<\/p>\n","protected":false},"excerpt":{"rendered":"<p>silvana.vranic@ri.t-com.hr Redoviti profesor, Odsjek za kroatistiku https:\/\/portal.uniri.hr\/portfelj\/silvana.vranic@uniri.hr \u00a0 Znanstveni interesi Silvana Vrani\u0107 u svojim se istra\u017eivanjima primarno bavi dijalektologijom hrvatskoga jezika. Svojim je znanstvenim radom usmjerena na traganje za autenti\u010dnim podatcima u mjesnim govorima na fonolo\u0161koj, morfolo\u0161koj, sintakti\u010dkoj i leksikolo\u0161koj razini, na teorijska istra\u017eivanja u \u010dakavologiji, na klasifikaciju organskih idioma i na komparatisti\u010dka dijalektolo\u0161ka istra\u017eivanja. [&hellip;]<\/p>\n","protected":false},"author":5,"featured_media":0,"parent":66,"menu_order":0,"comment_status":"closed","ping_status":"closed","template":"","meta":{"_themeisle_gutenberg_block_has_review":false},"yoast_head":"<!-- This site is optimized with the Yoast SEO plugin v21.0 - https:\/\/yoast.com\/wordpress\/plugins\/seo\/ -->\n<title>Silvana Vrani\u0107 - Centar za jezi\u010dna istra\u017eivanja<\/title>\n<meta name=\"robots\" content=\"index, follow, max-snippet:-1, max-image-preview:large, max-video-preview:-1\" \/>\n<link rel=\"canonical\" href=\"https:\/\/cji.uniri.hr\/hr\/hr\/clanovi\/silvana-vranic\/\" \/>\n<meta property=\"og:locale\" content=\"hr_HR\" \/>\n<meta property=\"og:type\" content=\"article\" \/>\n<meta property=\"og:title\" content=\"Silvana Vrani\u0107 - Centar za jezi\u010dna istra\u017eivanja\" \/>\n<meta property=\"og:description\" content=\"silvana.vranic@ri.t-com.hr Redoviti profesor, Odsjek za kroatistiku https:\/\/portal.uniri.hr\/portfelj\/silvana.vranic@uniri.hr \u00a0 Znanstveni interesi Silvana Vrani\u0107 u svojim se istra\u017eivanjima primarno bavi dijalektologijom hrvatskoga jezika. Svojim je znanstvenim radom usmjerena na traganje za autenti\u010dnim podatcima u mjesnim govorima na fonolo\u0161koj, morfolo\u0161koj, sintakti\u010dkoj i leksikolo\u0161koj razini, na teorijska istra\u017eivanja u \u010dakavologiji, na klasifikaciju organskih idioma i na komparatisti\u010dka dijalektolo\u0161ka istra\u017eivanja. [&hellip;]\" \/>\n<meta property=\"og:url\" content=\"https:\/\/cji.uniri.hr\/hr\/hr\/clanovi\/silvana-vranic\/\" \/>\n<meta property=\"og:site_name\" content=\"Centar za jezi\u010dna istra\u017eivanja\" \/>\n<meta property=\"article:publisher\" content=\"https:\/\/www.facebook.com\/CLARIJEKA\" \/>\n<meta property=\"article:modified_time\" content=\"2016-02-18T16:08:12+00:00\" \/>\n<meta name=\"twitter:card\" content=\"summary_large_image\" \/>\n<meta name=\"twitter:label1\" content=\"Procijenjeno vrijeme \u010ditanja\" \/>\n\t<meta name=\"twitter:data1\" content=\"1 minuta\" \/>\n<script type=\"application\/ld+json\" class=\"yoast-schema-graph\">{\"@context\":\"https:\/\/schema.org\",\"@graph\":[{\"@type\":\"WebPage\",\"@id\":\"https:\/\/cji.uniri.hr\/hr\/hr\/clanovi\/silvana-vranic\/\",\"url\":\"https:\/\/cji.uniri.hr\/hr\/hr\/clanovi\/silvana-vranic\/\",\"name\":\"Silvana Vrani\u0107 - Centar za jezi\u010dna istra\u017eivanja\",\"isPartOf\":{\"@id\":\"https:\/\/cji.uniri.hr\/en\/#website\"},\"datePublished\":\"2015-10-08T23:44:44+00:00\",\"dateModified\":\"2016-02-18T16:08:12+00:00\",\"breadcrumb\":{\"@id\":\"https:\/\/cji.uniri.hr\/hr\/hr\/clanovi\/silvana-vranic\/#breadcrumb\"},\"inLanguage\":\"hr\",\"potentialAction\":[{\"@type\":\"ReadAction\",\"target\":[\"https:\/\/cji.uniri.hr\/hr\/hr\/clanovi\/silvana-vranic\/\"]}]},{\"@type\":\"BreadcrumbList\",\"@id\":\"https:\/\/cji.uniri.hr\/hr\/hr\/clanovi\/silvana-vranic\/#breadcrumb\",\"itemListElement\":[{\"@type\":\"ListItem\",\"position\":1,\"name\":\"Po\u010detna stranica\",\"item\":\"https:\/\/cji.uniri.hr\/en\/\"},{\"@type\":\"ListItem\",\"position\":2,\"name\":\"HRVATSKI\",\"item\":\"https:\/\/cji.uniri.hr\/hr\/hr\/\"},{\"@type\":\"ListItem\",\"position\":3,\"name\":\"\u010clanovi\",\"item\":\"https:\/\/cji.uniri.hr\/en\/hr\/clanovi\/\"},{\"@type\":\"ListItem\",\"position\":4,\"name\":\"Silvana Vrani\u0107\"}]},{\"@type\":\"WebSite\",\"@id\":\"https:\/\/cji.uniri.hr\/en\/#website\",\"url\":\"https:\/\/cji.uniri.hr\/en\/\",\"name\":\"Centar za jezi\u010dna istra\u017eivanja\",\"description\":\"\",\"publisher\":{\"@id\":\"https:\/\/cji.uniri.hr\/en\/#organization\"},\"potentialAction\":[{\"@type\":\"SearchAction\",\"target\":{\"@type\":\"EntryPoint\",\"urlTemplate\":\"https:\/\/cji.uniri.hr\/en\/?s={search_term_string}\"},\"query-input\":\"required name=search_term_string\"}],\"inLanguage\":\"hr\"},{\"@type\":\"Organization\",\"@id\":\"https:\/\/cji.uniri.hr\/en\/#organization\",\"name\":\"Centar za jezi\u010dna istra\u017eivanja\",\"url\":\"https:\/\/cji.uniri.hr\/en\/\",\"logo\":{\"@type\":\"ImageObject\",\"inLanguage\":\"hr\",\"@id\":\"https:\/\/cji.uniri.hr\/en\/#\/schema\/logo\/image\/\",\"url\":\"https:\/\/cji.uniri.hr\/wp-content\/uploads\/cji_logo-removebg-preview-1-e1695380857613.png\",\"contentUrl\":\"https:\/\/cji.uniri.hr\/wp-content\/uploads\/cji_logo-removebg-preview-1-e1695380857613.png\",\"width\":170,\"height\":170,\"caption\":\"Centar za jezi\u010dna istra\u017eivanja\"},\"image\":{\"@id\":\"https:\/\/cji.uniri.hr\/en\/#\/schema\/logo\/image\/\"},\"sameAs\":[\"https:\/\/www.facebook.com\/CLARIJEKA\"]}]}<\/script>\n<!-- \/ Yoast SEO plugin. -->","yoast_head_json":{"title":"Silvana Vrani\u0107 - Centar za jezi\u010dna istra\u017eivanja","robots":{"index":"index","follow":"follow","max-snippet":"max-snippet:-1","max-image-preview":"max-image-preview:large","max-video-preview":"max-video-preview:-1"},"canonical":"https:\/\/cji.uniri.hr\/hr\/hr\/clanovi\/silvana-vranic\/","og_locale":"hr_HR","og_type":"article","og_title":"Silvana Vrani\u0107 - Centar za jezi\u010dna istra\u017eivanja","og_description":"silvana.vranic@ri.t-com.hr Redoviti profesor, Odsjek za kroatistiku https:\/\/portal.uniri.hr\/portfelj\/silvana.vranic@uniri.hr \u00a0 Znanstveni interesi Silvana Vrani\u0107 u svojim se istra\u017eivanjima primarno bavi dijalektologijom hrvatskoga jezika. Svojim je znanstvenim radom usmjerena na traganje za autenti\u010dnim podatcima u mjesnim govorima na fonolo\u0161koj, morfolo\u0161koj, sintakti\u010dkoj i leksikolo\u0161koj razini, na teorijska istra\u017eivanja u \u010dakavologiji, na klasifikaciju organskih idioma i na komparatisti\u010dka dijalektolo\u0161ka istra\u017eivanja. [&hellip;]","og_url":"https:\/\/cji.uniri.hr\/hr\/hr\/clanovi\/silvana-vranic\/","og_site_name":"Centar za jezi\u010dna istra\u017eivanja","article_publisher":"https:\/\/www.facebook.com\/CLARIJEKA","article_modified_time":"2016-02-18T16:08:12+00:00","twitter_card":"summary_large_image","twitter_misc":{"Procijenjeno vrijeme \u010ditanja":"1 minuta"},"schema":{"@context":"https:\/\/schema.org","@graph":[{"@type":"WebPage","@id":"https:\/\/cji.uniri.hr\/hr\/hr\/clanovi\/silvana-vranic\/","url":"https:\/\/cji.uniri.hr\/hr\/hr\/clanovi\/silvana-vranic\/","name":"Silvana Vrani\u0107 - Centar za jezi\u010dna istra\u017eivanja","isPartOf":{"@id":"https:\/\/cji.uniri.hr\/en\/#website"},"datePublished":"2015-10-08T23:44:44+00:00","dateModified":"2016-02-18T16:08:12+00:00","breadcrumb":{"@id":"https:\/\/cji.uniri.hr\/hr\/hr\/clanovi\/silvana-vranic\/#breadcrumb"},"inLanguage":"hr","potentialAction":[{"@type":"ReadAction","target":["https:\/\/cji.uniri.hr\/hr\/hr\/clanovi\/silvana-vranic\/"]}]},{"@type":"BreadcrumbList","@id":"https:\/\/cji.uniri.hr\/hr\/hr\/clanovi\/silvana-vranic\/#breadcrumb","itemListElement":[{"@type":"ListItem","position":1,"name":"Po\u010detna stranica","item":"https:\/\/cji.uniri.hr\/en\/"},{"@type":"ListItem","position":2,"name":"HRVATSKI","item":"https:\/\/cji.uniri.hr\/hr\/hr\/"},{"@type":"ListItem","position":3,"name":"\u010clanovi","item":"https:\/\/cji.uniri.hr\/en\/hr\/clanovi\/"},{"@type":"ListItem","position":4,"name":"Silvana Vrani\u0107"}]},{"@type":"WebSite","@id":"https:\/\/cji.uniri.hr\/en\/#website","url":"https:\/\/cji.uniri.hr\/en\/","name":"Centar za jezi\u010dna istra\u017eivanja","description":"","publisher":{"@id":"https:\/\/cji.uniri.hr\/en\/#organization"},"potentialAction":[{"@type":"SearchAction","target":{"@type":"EntryPoint","urlTemplate":"https:\/\/cji.uniri.hr\/en\/?s={search_term_string}"},"query-input":"required name=search_term_string"}],"inLanguage":"hr"},{"@type":"Organization","@id":"https:\/\/cji.uniri.hr\/en\/#organization","name":"Centar za jezi\u010dna istra\u017eivanja","url":"https:\/\/cji.uniri.hr\/en\/","logo":{"@type":"ImageObject","inLanguage":"hr","@id":"https:\/\/cji.uniri.hr\/en\/#\/schema\/logo\/image\/","url":"https:\/\/cji.uniri.hr\/wp-content\/uploads\/cji_logo-removebg-preview-1-e1695380857613.png","contentUrl":"https:\/\/cji.uniri.hr\/wp-content\/uploads\/cji_logo-removebg-preview-1-e1695380857613.png","width":170,"height":170,"caption":"Centar za jezi\u010dna istra\u017eivanja"},"image":{"@id":"https:\/\/cji.uniri.hr\/en\/#\/schema\/logo\/image\/"},"sameAs":["https:\/\/www.facebook.com\/CLARIJEKA"]}]}},"_links":{"self":[{"href":"https:\/\/cji.uniri.hr\/hr\/wp-json\/wp\/v2\/pages\/443"}],"collection":[{"href":"https:\/\/cji.uniri.hr\/hr\/wp-json\/wp\/v2\/pages"}],"about":[{"href":"https:\/\/cji.uniri.hr\/hr\/wp-json\/wp\/v2\/types\/page"}],"author":[{"embeddable":true,"href":"https:\/\/cji.uniri.hr\/hr\/wp-json\/wp\/v2\/users\/5"}],"replies":[{"embeddable":true,"href":"https:\/\/cji.uniri.hr\/hr\/wp-json\/wp\/v2\/comments?post=443"}],"version-history":[{"count":3,"href":"https:\/\/cji.uniri.hr\/hr\/wp-json\/wp\/v2\/pages\/443\/revisions"}],"predecessor-version":[{"id":887,"href":"https:\/\/cji.uniri.hr\/hr\/wp-json\/wp\/v2\/pages\/443\/revisions\/887"}],"up":[{"embeddable":true,"href":"https:\/\/cji.uniri.hr\/hr\/wp-json\/wp\/v2\/pages\/66"}],"wp:attachment":[{"href":"https:\/\/cji.uniri.hr\/hr\/wp-json\/wp\/v2\/media?parent=443"}],"curies":[{"name":"wp","href":"https:\/\/api.w.org\/{rel}","templated":true}]}}