{"id":84,"date":"2015-09-29T20:43:24","date_gmt":"2015-09-29T18:43:24","guid":{"rendered":"http:\/\/cji.uniri.hr\/?page_id=84"},"modified":"2022-04-13T23:54:16","modified_gmt":"2022-04-13T21:54:16","slug":"o-nama","status":"publish","type":"page","link":"https:\/\/cji.uniri.hr\/hr\/hr\/o-nama\/","title":{"rendered":"O nama"},"content":{"rendered":"<p>Centar za jezi\u010dna istra\u017eivanja\u00a0(CJI) je multidisciplinarni centar usmjeren na istra\u017eivanje jezika iz perspektive razli\u010ditih humanisti\u010dkih i dru\u0161tvenih znanstvenih disciplina. Centar je osnovan u o\u017eujku 2015. godine u cilju poticanja suradnje me\u0111u istra\u017eiva\u010dima koji djeluju pri\u00a0Filozofskom fakultetu u Rijeci\u00a0a povezani su interesom za fenomen jezika i multidisciplinarno istra\u017eivanje. Njihovom suradnjom i radom na zajedni\u010dkim <a href=\"https:\/\/cji.uniri.hr\/hr\/projekti\/\">projektima<\/a>\u00a0\u017eeli se pospje\u0161iti prou\u010davanje jezika na Sveu\u010dili\u0161tu u Rijeci i u Hrvatskoj.<\/p>\n<p>Glavni ciljevi Centra za jezi\u010dna istra\u017eivanja su:<\/p>\n<ul>\n<li>Razvijanje nacionalne suradnje sa sveu\u010dili\u0161nim odsjecima i centrima koji se bave jezi\u010dnim istra\u017eivanjima<\/li>\n<li>Unapre\u0111ivanje jezi\u010dnih istra\u017eivanja u Hrvatskoj u suradnji s me\u0111unarodnim znanstvenim institucijama<\/li>\n<li>Organiziranje me\u0111unarodnih znanstvenih skupova i gostuju\u0107ih predavanja<\/li>\n<li>Izvo\u0111enje ljetnih radionica i programa za daljnje obrazovanje istra\u017eiva\u010da<\/li>\n<li>Razmjena istra\u017eiva\u010da<\/li>\n<li>Promicanje\u00a0jezi\u010dne raznovrsnosti u Hrvatskoj putem prou\u010davanja hrvatskih narje\u010dja, manjinskih, ugro\u017eenih i manje prou\u010davanih jezika koji se govore u Hrvatskoj, te\u00a0vi\u0161ejezi\u010dnosti<\/li>\n<li>Razvijanje kvantitativnog pristupa istra\u017eivanju jezika u Hrvatskoj putem\u00a0primjene metodologija korpusnih istra\u017eivanja i sastavljanje jezi\u010dnih korpusa<\/li>\n<li>Kori\u0161tenje metoda jezi\u010dnog dokumentiranja i arhiviranja te deskriptivne lingvistike i\u00a0lingvisti\u010dke tipologije u sklopu\u00a0jezi\u010dnih istra\u017eivanja u Hrvatskoj<\/li>\n<li>Primjenjivanje interdisciplinarnih metoda u prou\u010davanju formiranja kulturnih obrazaca komunikacije<\/li>\n<li>Razvoj infrastrukture za prikupljanje, obradu i reprezentaciju jezi\u010dnih podataka<\/li>\n<li>Razvoj i provo\u0111enje jezi\u010dnih obrazovnih\u00a0programa<\/li>\n<\/ul>\n<p>&nbsp;<\/p>\n<p>Voditelj centra: Benedikt Perak<\/p>\n<p>Zamjenica voditelja: Mihaela Mate\u0161i\u0107<\/p>\n","protected":false},"excerpt":{"rendered":"<p>Centar za jezi\u010dna istra\u017eivanja\u00a0(CJI) je multidisciplinarni centar usmjeren na istra\u017eivanje jezika iz perspektive razli\u010ditih humanisti\u010dkih i dru\u0161tvenih znanstvenih disciplina. Centar je osnovan u o\u017eujku 2015. godine u cilju poticanja suradnje me\u0111u istra\u017eiva\u010dima koji djeluju pri\u00a0Filozofskom fakultetu u Rijeci\u00a0a povezani su interesom za fenomen jezika i multidisciplinarno istra\u017eivanje. Njihovom suradnjom i radom na zajedni\u010dkim projektima\u00a0\u017eeli se [&hellip;]<\/p>\n","protected":false},"author":6,"featured_media":0,"parent":215,"menu_order":2,"comment_status":"closed","ping_status":"closed","template":"","meta":{"_themeisle_gutenberg_block_has_review":false},"yoast_head":"<!-- This site is optimized with the Yoast SEO plugin v21.0 - https:\/\/yoast.com\/wordpress\/plugins\/seo\/ -->\n<title>O nama - Centar za jezi\u010dna istra\u017eivanja<\/title>\n<meta name=\"robots\" content=\"index, follow, max-snippet:-1, max-image-preview:large, max-video-preview:-1\" \/>\n<link rel=\"canonical\" href=\"https:\/\/cji.uniri.hr\/hr\/hr\/o-nama\/\" \/>\n<meta property=\"og:locale\" content=\"hr_HR\" \/>\n<meta property=\"og:type\" content=\"article\" \/>\n<meta property=\"og:title\" content=\"O nama - Centar za jezi\u010dna istra\u017eivanja\" \/>\n<meta property=\"og:description\" content=\"Centar za jezi\u010dna istra\u017eivanja\u00a0(CJI) je multidisciplinarni centar usmjeren na istra\u017eivanje jezika iz perspektive razli\u010ditih humanisti\u010dkih i dru\u0161tvenih znanstvenih disciplina. Centar je osnovan u o\u017eujku 2015. godine u cilju poticanja suradnje me\u0111u istra\u017eiva\u010dima koji djeluju pri\u00a0Filozofskom fakultetu u Rijeci\u00a0a povezani su interesom za fenomen jezika i multidisciplinarno istra\u017eivanje. Njihovom suradnjom i radom na zajedni\u010dkim projektima\u00a0\u017eeli se [&hellip;]\" \/>\n<meta property=\"og:url\" content=\"https:\/\/cji.uniri.hr\/hr\/hr\/o-nama\/\" \/>\n<meta property=\"og:site_name\" content=\"Centar za jezi\u010dna istra\u017eivanja\" \/>\n<meta property=\"article:publisher\" content=\"https:\/\/www.facebook.com\/CLARIJEKA\" \/>\n<meta property=\"article:modified_time\" content=\"2022-04-13T21:54:16+00:00\" \/>\n<meta name=\"twitter:card\" content=\"summary_large_image\" \/>\n<meta name=\"twitter:label1\" content=\"Procijenjeno vrijeme \u010ditanja\" \/>\n\t<meta name=\"twitter:data1\" content=\"1 minuta\" \/>\n<script type=\"application\/ld+json\" class=\"yoast-schema-graph\">{\"@context\":\"https:\/\/schema.org\",\"@graph\":[{\"@type\":\"WebPage\",\"@id\":\"https:\/\/cji.uniri.hr\/hr\/hr\/o-nama\/\",\"url\":\"https:\/\/cji.uniri.hr\/hr\/hr\/o-nama\/\",\"name\":\"O nama - Centar za jezi\u010dna istra\u017eivanja\",\"isPartOf\":{\"@id\":\"https:\/\/cji.uniri.hr\/en\/#website\"},\"datePublished\":\"2015-09-29T18:43:24+00:00\",\"dateModified\":\"2022-04-13T21:54:16+00:00\",\"breadcrumb\":{\"@id\":\"https:\/\/cji.uniri.hr\/hr\/hr\/o-nama\/#breadcrumb\"},\"inLanguage\":\"hr\",\"potentialAction\":[{\"@type\":\"ReadAction\",\"target\":[\"https:\/\/cji.uniri.hr\/hr\/hr\/o-nama\/\"]}]},{\"@type\":\"BreadcrumbList\",\"@id\":\"https:\/\/cji.uniri.hr\/hr\/hr\/o-nama\/#breadcrumb\",\"itemListElement\":[{\"@type\":\"ListItem\",\"position\":1,\"name\":\"Po\u010detna stranica\",\"item\":\"https:\/\/cji.uniri.hr\/en\/\"},{\"@type\":\"ListItem\",\"position\":2,\"name\":\"HRVATSKI\",\"item\":\"https:\/\/cji.uniri.hr\/hr\/hr\/\"},{\"@type\":\"ListItem\",\"position\":3,\"name\":\"O nama\"}]},{\"@type\":\"WebSite\",\"@id\":\"https:\/\/cji.uniri.hr\/en\/#website\",\"url\":\"https:\/\/cji.uniri.hr\/en\/\",\"name\":\"Centar za jezi\u010dna istra\u017eivanja\",\"description\":\"\",\"publisher\":{\"@id\":\"https:\/\/cji.uniri.hr\/en\/#organization\"},\"potentialAction\":[{\"@type\":\"SearchAction\",\"target\":{\"@type\":\"EntryPoint\",\"urlTemplate\":\"https:\/\/cji.uniri.hr\/en\/?s={search_term_string}\"},\"query-input\":\"required name=search_term_string\"}],\"inLanguage\":\"hr\"},{\"@type\":\"Organization\",\"@id\":\"https:\/\/cji.uniri.hr\/en\/#organization\",\"name\":\"Centar za jezi\u010dna istra\u017eivanja\",\"url\":\"https:\/\/cji.uniri.hr\/en\/\",\"logo\":{\"@type\":\"ImageObject\",\"inLanguage\":\"hr\",\"@id\":\"https:\/\/cji.uniri.hr\/en\/#\/schema\/logo\/image\/\",\"url\":\"https:\/\/cji.uniri.hr\/wp-content\/uploads\/cji_logo-removebg-preview-1-e1695380857613.png\",\"contentUrl\":\"https:\/\/cji.uniri.hr\/wp-content\/uploads\/cji_logo-removebg-preview-1-e1695380857613.png\",\"width\":170,\"height\":170,\"caption\":\"Centar za jezi\u010dna istra\u017eivanja\"},\"image\":{\"@id\":\"https:\/\/cji.uniri.hr\/en\/#\/schema\/logo\/image\/\"},\"sameAs\":[\"https:\/\/www.facebook.com\/CLARIJEKA\"]}]}<\/script>\n<!-- \/ Yoast SEO plugin. -->","yoast_head_json":{"title":"O nama - Centar za jezi\u010dna istra\u017eivanja","robots":{"index":"index","follow":"follow","max-snippet":"max-snippet:-1","max-image-preview":"max-image-preview:large","max-video-preview":"max-video-preview:-1"},"canonical":"https:\/\/cji.uniri.hr\/hr\/hr\/o-nama\/","og_locale":"hr_HR","og_type":"article","og_title":"O nama - Centar za jezi\u010dna istra\u017eivanja","og_description":"Centar za jezi\u010dna istra\u017eivanja\u00a0(CJI) je multidisciplinarni centar usmjeren na istra\u017eivanje jezika iz perspektive razli\u010ditih humanisti\u010dkih i dru\u0161tvenih znanstvenih disciplina. Centar je osnovan u o\u017eujku 2015. godine u cilju poticanja suradnje me\u0111u istra\u017eiva\u010dima koji djeluju pri\u00a0Filozofskom fakultetu u Rijeci\u00a0a povezani su interesom za fenomen jezika i multidisciplinarno istra\u017eivanje. Njihovom suradnjom i radom na zajedni\u010dkim projektima\u00a0\u017eeli se [&hellip;]","og_url":"https:\/\/cji.uniri.hr\/hr\/hr\/o-nama\/","og_site_name":"Centar za jezi\u010dna istra\u017eivanja","article_publisher":"https:\/\/www.facebook.com\/CLARIJEKA","article_modified_time":"2022-04-13T21:54:16+00:00","twitter_card":"summary_large_image","twitter_misc":{"Procijenjeno vrijeme \u010ditanja":"1 minuta"},"schema":{"@context":"https:\/\/schema.org","@graph":[{"@type":"WebPage","@id":"https:\/\/cji.uniri.hr\/hr\/hr\/o-nama\/","url":"https:\/\/cji.uniri.hr\/hr\/hr\/o-nama\/","name":"O nama - Centar za jezi\u010dna istra\u017eivanja","isPartOf":{"@id":"https:\/\/cji.uniri.hr\/en\/#website"},"datePublished":"2015-09-29T18:43:24+00:00","dateModified":"2022-04-13T21:54:16+00:00","breadcrumb":{"@id":"https:\/\/cji.uniri.hr\/hr\/hr\/o-nama\/#breadcrumb"},"inLanguage":"hr","potentialAction":[{"@type":"ReadAction","target":["https:\/\/cji.uniri.hr\/hr\/hr\/o-nama\/"]}]},{"@type":"BreadcrumbList","@id":"https:\/\/cji.uniri.hr\/hr\/hr\/o-nama\/#breadcrumb","itemListElement":[{"@type":"ListItem","position":1,"name":"Po\u010detna stranica","item":"https:\/\/cji.uniri.hr\/en\/"},{"@type":"ListItem","position":2,"name":"HRVATSKI","item":"https:\/\/cji.uniri.hr\/hr\/hr\/"},{"@type":"ListItem","position":3,"name":"O nama"}]},{"@type":"WebSite","@id":"https:\/\/cji.uniri.hr\/en\/#website","url":"https:\/\/cji.uniri.hr\/en\/","name":"Centar za jezi\u010dna istra\u017eivanja","description":"","publisher":{"@id":"https:\/\/cji.uniri.hr\/en\/#organization"},"potentialAction":[{"@type":"SearchAction","target":{"@type":"EntryPoint","urlTemplate":"https:\/\/cji.uniri.hr\/en\/?s={search_term_string}"},"query-input":"required name=search_term_string"}],"inLanguage":"hr"},{"@type":"Organization","@id":"https:\/\/cji.uniri.hr\/en\/#organization","name":"Centar za jezi\u010dna istra\u017eivanja","url":"https:\/\/cji.uniri.hr\/en\/","logo":{"@type":"ImageObject","inLanguage":"hr","@id":"https:\/\/cji.uniri.hr\/en\/#\/schema\/logo\/image\/","url":"https:\/\/cji.uniri.hr\/wp-content\/uploads\/cji_logo-removebg-preview-1-e1695380857613.png","contentUrl":"https:\/\/cji.uniri.hr\/wp-content\/uploads\/cji_logo-removebg-preview-1-e1695380857613.png","width":170,"height":170,"caption":"Centar za jezi\u010dna istra\u017eivanja"},"image":{"@id":"https:\/\/cji.uniri.hr\/en\/#\/schema\/logo\/image\/"},"sameAs":["https:\/\/www.facebook.com\/CLARIJEKA"]}]}},"_links":{"self":[{"href":"https:\/\/cji.uniri.hr\/hr\/wp-json\/wp\/v2\/pages\/84"}],"collection":[{"href":"https:\/\/cji.uniri.hr\/hr\/wp-json\/wp\/v2\/pages"}],"about":[{"href":"https:\/\/cji.uniri.hr\/hr\/wp-json\/wp\/v2\/types\/page"}],"author":[{"embeddable":true,"href":"https:\/\/cji.uniri.hr\/hr\/wp-json\/wp\/v2\/users\/6"}],"replies":[{"embeddable":true,"href":"https:\/\/cji.uniri.hr\/hr\/wp-json\/wp\/v2\/comments?post=84"}],"version-history":[{"count":26,"href":"https:\/\/cji.uniri.hr\/hr\/wp-json\/wp\/v2\/pages\/84\/revisions"}],"predecessor-version":[{"id":1821,"href":"https:\/\/cji.uniri.hr\/hr\/wp-json\/wp\/v2\/pages\/84\/revisions\/1821"}],"up":[{"embeddable":true,"href":"https:\/\/cji.uniri.hr\/hr\/wp-json\/wp\/v2\/pages\/215"}],"wp:attachment":[{"href":"https:\/\/cji.uniri.hr\/hr\/wp-json\/wp\/v2\/media?parent=84"}],"curies":[{"name":"wp","href":"https:\/\/api.w.org\/{rel}","templated":true}]}}