{"id":904,"date":"2016-03-14T16:11:30","date_gmt":"2016-03-14T15:11:30","guid":{"rendered":"http:\/\/cji.uniri.hr\/?page_id=904"},"modified":"2019-04-12T11:36:13","modified_gmt":"2019-04-12T09:36:13","slug":"radna-skupina-jezicne-tehnologije-i-digitalna-humanistika-jtdh","status":"publish","type":"page","link":"https:\/\/cji.uniri.hr\/hr\/hr\/radne-skupine\/radna-skupina-jezicne-tehnologije-i-digitalna-humanistika-jtdh\/","title":{"rendered":"Radna skupina Jezi\u010dne tehnologije i digitalna humanistika (JTDH)"},"content":{"rendered":"<p>Digitalna humanistika je rastu\u0107e interdisciplinarno podru\u010dje praksi koje kroz razvoj tehnolo\u0161kih inovacija mijenja metodolo\u0161ke pristupe prikupljanju, pohrani, obradi i predstavljanju podataka u humanisti\u010dkim i dru\u0161tvenim znanostima. Jezi\u010dne tehnologije, prije svega korpusna i ra\u010dunalna lingvistika va\u017ean su dio su tog velikog interdiciplinarnog pristupa istra\u017eivanju.<\/p>\n<p>Radna skupina Centra za jezi\u010dna istra\u017eivanja pod nazivom: &#8220;Jezi\u010dne tehnologije i digitalna humanistika (JTDH)&#8221; pokrenuta je s ciljem promicanja novih spoznanja i praksi u razli\u010ditim granama jezikoslovnog istra\u017eivanja, ali i povezivanja jezikoslovnih istra\u017eivanja s drugim granama humanistike, dru\u0161tvenih znanosti, kulturalnih studija i informacijskih znanosti.<\/p>\n<p>Radna skupina JTDH sastaje se jednom mjese\u010dno i organizira predavanja, seminare i radionice s ciljem predstavljanja:<\/p>\n<p>&#8211; digitalnih pristupa jezi\u010dnih istra\u017eivanja (korpusna lingvistika, leksikologija, leksikografija, psiholingvistika, dokumentaristi\u010dka lingvistika, sociolingvistika i dizajn eksperimentalnih metoda&#8230;)<br \/>\n-metoda i tehnologija obrade i vizualizacije podataka u jezikoslovlju i humanistici (R, Python, SPSS, FLEx, Protege, Gephi, HTML, XML, interaktivni moduli vizualizacije (D3&#8230;)<br \/>\n-primjene jezi\u010dnih tehnologija u digitalnoj humanistici (povijesni studiji, etnologija, muzikologija, obrazovanje i digitalno publiciranje&#8230;)<\/p>\n<p>Voditelj:<br \/>\n<a href=\"https:\/\/cji.uniri.hr\/hr\/clanovi\/benedikt-perak\/\">Benedikt Perak<\/a><\/p>\n","protected":false},"excerpt":{"rendered":"<p>Digitalna humanistika je rastu\u0107e interdisciplinarno podru\u010dje praksi koje kroz razvoj tehnolo\u0161kih inovacija mijenja metodolo\u0161ke pristupe prikupljanju, pohrani, obradi i predstavljanju podataka u humanisti\u010dkim i dru\u0161tvenim znanostima. Jezi\u010dne tehnologije, prije svega korpusna i ra\u010dunalna lingvistika va\u017ean su dio su tog velikog interdiciplinarnog pristupa istra\u017eivanju. Radna skupina Centra za jezi\u010dna istra\u017eivanja pod nazivom: &#8220;Jezi\u010dne tehnologije i digitalna [&hellip;]<\/p>\n","protected":false},"author":5,"featured_media":0,"parent":152,"menu_order":1,"comment_status":"closed","ping_status":"closed","template":"pageplusside-hr.php","meta":{"_themeisle_gutenberg_block_has_review":false},"yoast_head":"<!-- This site is optimized with the Yoast SEO plugin v21.0 - https:\/\/yoast.com\/wordpress\/plugins\/seo\/ -->\n<title>Radna skupina Jezi\u010dne tehnologije i digitalna humanistika (JTDH) - Centar za jezi\u010dna istra\u017eivanja<\/title>\n<meta name=\"robots\" content=\"index, follow, max-snippet:-1, max-image-preview:large, max-video-preview:-1\" \/>\n<link rel=\"canonical\" href=\"https:\/\/cji.uniri.hr\/hr\/hr\/radne-skupine\/radna-skupina-jezicne-tehnologije-i-digitalna-humanistika-jtdh\/\" \/>\n<meta property=\"og:locale\" content=\"hr_HR\" \/>\n<meta property=\"og:type\" content=\"article\" \/>\n<meta property=\"og:title\" content=\"Radna skupina Jezi\u010dne tehnologije i digitalna humanistika (JTDH) - Centar za jezi\u010dna istra\u017eivanja\" \/>\n<meta property=\"og:description\" content=\"Digitalna humanistika je rastu\u0107e interdisciplinarno podru\u010dje praksi koje kroz razvoj tehnolo\u0161kih inovacija mijenja metodolo\u0161ke pristupe prikupljanju, pohrani, obradi i predstavljanju podataka u humanisti\u010dkim i dru\u0161tvenim znanostima. Jezi\u010dne tehnologije, prije svega korpusna i ra\u010dunalna lingvistika va\u017ean su dio su tog velikog interdiciplinarnog pristupa istra\u017eivanju. Radna skupina Centra za jezi\u010dna istra\u017eivanja pod nazivom: &#8220;Jezi\u010dne tehnologije i digitalna [&hellip;]\" \/>\n<meta property=\"og:url\" content=\"https:\/\/cji.uniri.hr\/hr\/hr\/radne-skupine\/radna-skupina-jezicne-tehnologije-i-digitalna-humanistika-jtdh\/\" \/>\n<meta property=\"og:site_name\" content=\"Centar za jezi\u010dna istra\u017eivanja\" \/>\n<meta property=\"article:publisher\" content=\"https:\/\/www.facebook.com\/CLARIJEKA\" \/>\n<meta property=\"article:modified_time\" content=\"2019-04-12T09:36:13+00:00\" \/>\n<meta name=\"twitter:card\" content=\"summary_large_image\" \/>\n<meta name=\"twitter:label1\" content=\"Procijenjeno vrijeme \u010ditanja\" \/>\n\t<meta name=\"twitter:data1\" content=\"1 minuta\" \/>\n<script type=\"application\/ld+json\" class=\"yoast-schema-graph\">{\"@context\":\"https:\/\/schema.org\",\"@graph\":[{\"@type\":\"WebPage\",\"@id\":\"https:\/\/cji.uniri.hr\/hr\/hr\/radne-skupine\/radna-skupina-jezicne-tehnologije-i-digitalna-humanistika-jtdh\/\",\"url\":\"https:\/\/cji.uniri.hr\/hr\/hr\/radne-skupine\/radna-skupina-jezicne-tehnologije-i-digitalna-humanistika-jtdh\/\",\"name\":\"Radna skupina Jezi\u010dne tehnologije i digitalna humanistika (JTDH) - Centar za jezi\u010dna istra\u017eivanja\",\"isPartOf\":{\"@id\":\"https:\/\/cji.uniri.hr\/en\/#website\"},\"datePublished\":\"2016-03-14T15:11:30+00:00\",\"dateModified\":\"2019-04-12T09:36:13+00:00\",\"breadcrumb\":{\"@id\":\"https:\/\/cji.uniri.hr\/hr\/hr\/radne-skupine\/radna-skupina-jezicne-tehnologije-i-digitalna-humanistika-jtdh\/#breadcrumb\"},\"inLanguage\":\"hr\",\"potentialAction\":[{\"@type\":\"ReadAction\",\"target\":[\"https:\/\/cji.uniri.hr\/hr\/hr\/radne-skupine\/radna-skupina-jezicne-tehnologije-i-digitalna-humanistika-jtdh\/\"]}]},{\"@type\":\"BreadcrumbList\",\"@id\":\"https:\/\/cji.uniri.hr\/hr\/hr\/radne-skupine\/radna-skupina-jezicne-tehnologije-i-digitalna-humanistika-jtdh\/#breadcrumb\",\"itemListElement\":[{\"@type\":\"ListItem\",\"position\":1,\"name\":\"Po\u010detna stranica\",\"item\":\"https:\/\/cji.uniri.hr\/en\/\"},{\"@type\":\"ListItem\",\"position\":2,\"name\":\"HRVATSKI\",\"item\":\"https:\/\/cji.uniri.hr\/hr\/hr\/\"},{\"@type\":\"ListItem\",\"position\":3,\"name\":\"Radne skupine CJI\",\"item\":\"https:\/\/cji.uniri.hr\/hr\/hr\/radne-skupine\/\"},{\"@type\":\"ListItem\",\"position\":4,\"name\":\"Radna skupina Jezi\u010dne tehnologije i digitalna humanistika (JTDH)\"}]},{\"@type\":\"WebSite\",\"@id\":\"https:\/\/cji.uniri.hr\/en\/#website\",\"url\":\"https:\/\/cji.uniri.hr\/en\/\",\"name\":\"Centar za jezi\u010dna istra\u017eivanja\",\"description\":\"\",\"publisher\":{\"@id\":\"https:\/\/cji.uniri.hr\/en\/#organization\"},\"potentialAction\":[{\"@type\":\"SearchAction\",\"target\":{\"@type\":\"EntryPoint\",\"urlTemplate\":\"https:\/\/cji.uniri.hr\/en\/?s={search_term_string}\"},\"query-input\":\"required name=search_term_string\"}],\"inLanguage\":\"hr\"},{\"@type\":\"Organization\",\"@id\":\"https:\/\/cji.uniri.hr\/en\/#organization\",\"name\":\"Centar za jezi\u010dna istra\u017eivanja\",\"url\":\"https:\/\/cji.uniri.hr\/en\/\",\"logo\":{\"@type\":\"ImageObject\",\"inLanguage\":\"hr\",\"@id\":\"https:\/\/cji.uniri.hr\/en\/#\/schema\/logo\/image\/\",\"url\":\"https:\/\/cji.uniri.hr\/wp-content\/uploads\/cji_logo-removebg-preview-1-e1695380857613.png\",\"contentUrl\":\"https:\/\/cji.uniri.hr\/wp-content\/uploads\/cji_logo-removebg-preview-1-e1695380857613.png\",\"width\":170,\"height\":170,\"caption\":\"Centar za jezi\u010dna istra\u017eivanja\"},\"image\":{\"@id\":\"https:\/\/cji.uniri.hr\/en\/#\/schema\/logo\/image\/\"},\"sameAs\":[\"https:\/\/www.facebook.com\/CLARIJEKA\"]}]}<\/script>\n<!-- \/ Yoast SEO plugin. -->","yoast_head_json":{"title":"Radna skupina Jezi\u010dne tehnologije i digitalna humanistika (JTDH) - Centar za jezi\u010dna istra\u017eivanja","robots":{"index":"index","follow":"follow","max-snippet":"max-snippet:-1","max-image-preview":"max-image-preview:large","max-video-preview":"max-video-preview:-1"},"canonical":"https:\/\/cji.uniri.hr\/hr\/hr\/radne-skupine\/radna-skupina-jezicne-tehnologije-i-digitalna-humanistika-jtdh\/","og_locale":"hr_HR","og_type":"article","og_title":"Radna skupina Jezi\u010dne tehnologije i digitalna humanistika (JTDH) - Centar za jezi\u010dna istra\u017eivanja","og_description":"Digitalna humanistika je rastu\u0107e interdisciplinarno podru\u010dje praksi koje kroz razvoj tehnolo\u0161kih inovacija mijenja metodolo\u0161ke pristupe prikupljanju, pohrani, obradi i predstavljanju podataka u humanisti\u010dkim i dru\u0161tvenim znanostima. Jezi\u010dne tehnologije, prije svega korpusna i ra\u010dunalna lingvistika va\u017ean su dio su tog velikog interdiciplinarnog pristupa istra\u017eivanju. Radna skupina Centra za jezi\u010dna istra\u017eivanja pod nazivom: &#8220;Jezi\u010dne tehnologije i digitalna [&hellip;]","og_url":"https:\/\/cji.uniri.hr\/hr\/hr\/radne-skupine\/radna-skupina-jezicne-tehnologije-i-digitalna-humanistika-jtdh\/","og_site_name":"Centar za jezi\u010dna istra\u017eivanja","article_publisher":"https:\/\/www.facebook.com\/CLARIJEKA","article_modified_time":"2019-04-12T09:36:13+00:00","twitter_card":"summary_large_image","twitter_misc":{"Procijenjeno vrijeme \u010ditanja":"1 minuta"},"schema":{"@context":"https:\/\/schema.org","@graph":[{"@type":"WebPage","@id":"https:\/\/cji.uniri.hr\/hr\/hr\/radne-skupine\/radna-skupina-jezicne-tehnologije-i-digitalna-humanistika-jtdh\/","url":"https:\/\/cji.uniri.hr\/hr\/hr\/radne-skupine\/radna-skupina-jezicne-tehnologije-i-digitalna-humanistika-jtdh\/","name":"Radna skupina Jezi\u010dne tehnologije i digitalna humanistika (JTDH) - Centar za jezi\u010dna istra\u017eivanja","isPartOf":{"@id":"https:\/\/cji.uniri.hr\/en\/#website"},"datePublished":"2016-03-14T15:11:30+00:00","dateModified":"2019-04-12T09:36:13+00:00","breadcrumb":{"@id":"https:\/\/cji.uniri.hr\/hr\/hr\/radne-skupine\/radna-skupina-jezicne-tehnologije-i-digitalna-humanistika-jtdh\/#breadcrumb"},"inLanguage":"hr","potentialAction":[{"@type":"ReadAction","target":["https:\/\/cji.uniri.hr\/hr\/hr\/radne-skupine\/radna-skupina-jezicne-tehnologije-i-digitalna-humanistika-jtdh\/"]}]},{"@type":"BreadcrumbList","@id":"https:\/\/cji.uniri.hr\/hr\/hr\/radne-skupine\/radna-skupina-jezicne-tehnologije-i-digitalna-humanistika-jtdh\/#breadcrumb","itemListElement":[{"@type":"ListItem","position":1,"name":"Po\u010detna stranica","item":"https:\/\/cji.uniri.hr\/en\/"},{"@type":"ListItem","position":2,"name":"HRVATSKI","item":"https:\/\/cji.uniri.hr\/hr\/hr\/"},{"@type":"ListItem","position":3,"name":"Radne skupine CJI","item":"https:\/\/cji.uniri.hr\/hr\/hr\/radne-skupine\/"},{"@type":"ListItem","position":4,"name":"Radna skupina Jezi\u010dne tehnologije i digitalna humanistika (JTDH)"}]},{"@type":"WebSite","@id":"https:\/\/cji.uniri.hr\/en\/#website","url":"https:\/\/cji.uniri.hr\/en\/","name":"Centar za jezi\u010dna istra\u017eivanja","description":"","publisher":{"@id":"https:\/\/cji.uniri.hr\/en\/#organization"},"potentialAction":[{"@type":"SearchAction","target":{"@type":"EntryPoint","urlTemplate":"https:\/\/cji.uniri.hr\/en\/?s={search_term_string}"},"query-input":"required name=search_term_string"}],"inLanguage":"hr"},{"@type":"Organization","@id":"https:\/\/cji.uniri.hr\/en\/#organization","name":"Centar za jezi\u010dna istra\u017eivanja","url":"https:\/\/cji.uniri.hr\/en\/","logo":{"@type":"ImageObject","inLanguage":"hr","@id":"https:\/\/cji.uniri.hr\/en\/#\/schema\/logo\/image\/","url":"https:\/\/cji.uniri.hr\/wp-content\/uploads\/cji_logo-removebg-preview-1-e1695380857613.png","contentUrl":"https:\/\/cji.uniri.hr\/wp-content\/uploads\/cji_logo-removebg-preview-1-e1695380857613.png","width":170,"height":170,"caption":"Centar za jezi\u010dna istra\u017eivanja"},"image":{"@id":"https:\/\/cji.uniri.hr\/en\/#\/schema\/logo\/image\/"},"sameAs":["https:\/\/www.facebook.com\/CLARIJEKA"]}]}},"_links":{"self":[{"href":"https:\/\/cji.uniri.hr\/hr\/wp-json\/wp\/v2\/pages\/904"}],"collection":[{"href":"https:\/\/cji.uniri.hr\/hr\/wp-json\/wp\/v2\/pages"}],"about":[{"href":"https:\/\/cji.uniri.hr\/hr\/wp-json\/wp\/v2\/types\/page"}],"author":[{"embeddable":true,"href":"https:\/\/cji.uniri.hr\/hr\/wp-json\/wp\/v2\/users\/5"}],"replies":[{"embeddable":true,"href":"https:\/\/cji.uniri.hr\/hr\/wp-json\/wp\/v2\/comments?post=904"}],"version-history":[{"count":20,"href":"https:\/\/cji.uniri.hr\/hr\/wp-json\/wp\/v2\/pages\/904\/revisions"}],"predecessor-version":[{"id":983,"href":"https:\/\/cji.uniri.hr\/hr\/wp-json\/wp\/v2\/pages\/904\/revisions\/983"}],"up":[{"embeddable":true,"href":"https:\/\/cji.uniri.hr\/hr\/wp-json\/wp\/v2\/pages\/152"}],"wp:attachment":[{"href":"https:\/\/cji.uniri.hr\/hr\/wp-json\/wp\/v2\/media?parent=904"}],"curies":[{"name":"wp","href":"https:\/\/api.w.org\/{rel}","templated":true}]}}