{"id":908,"date":"2016-03-14T16:15:18","date_gmt":"2016-03-14T15:15:18","guid":{"rendered":"http:\/\/cji.uniri.hr\/?page_id=908"},"modified":"2019-04-12T11:36:13","modified_gmt":"2019-04-12T09:36:13","slug":"radna-skupina-za-dvojezicnost","status":"publish","type":"page","link":"https:\/\/cji.uniri.hr\/hr\/hr\/radne-skupine\/radna-skupina-za-dvojezicnost\/","title":{"rendered":"Radna skupina za dvojezi\u010dnost"},"content":{"rendered":"<p>Svrha je ove skupine pru\u017eiti forum za raspravu o objavljenim radovima i radovima u izradi o dvojezi\u010dnosti, odnosno redovitoj uporabi vi\u0161e od jednoga jezika u svakodnevnome \u017eivotu. \u010clanovi razli\u010ditih istra\u017eiva\u010dkih interesa na podru\u010dju lingvistike i srodnih disciplina sastaju se jednom mjese\u010dno kako bi u neformalnoj i opu\u0161tenoj atmosferi raspravljali o dvojezi\u010dnosti iz razli\u010ditih perspektiva (lingvisti\u010dke, psiholingvisti\u010dke, sociolingvisti\u010dke, kognitivne i dr.). Ako se \u017eelite pridru\u017eiti skupini ili redovito primati obavijesti o njezinu radu putem elektroni\u010dke po\u0161te, kontaktirajte voditeljicu skupine <a href=\"https:\/\/cji.uniri.hr\/hr\/clanovi\/tihana-kras\/\">Tihanu Kra\u0161<\/a> na tkras@ffri.hr.<\/p>\n<p>&nbsp;<\/p>\n","protected":false},"excerpt":{"rendered":"<p>Svrha je ove skupine pru\u017eiti forum za raspravu o objavljenim radovima i radovima u izradi o dvojezi\u010dnosti, odnosno redovitoj uporabi vi\u0161e od jednoga jezika u svakodnevnome \u017eivotu. \u010clanovi razli\u010ditih istra\u017eiva\u010dkih interesa na podru\u010dju lingvistike i srodnih disciplina sastaju se jednom mjese\u010dno kako bi u neformalnoj i opu\u0161tenoj atmosferi raspravljali o dvojezi\u010dnosti iz razli\u010ditih perspektiva (lingvisti\u010dke, [&hellip;]<\/p>\n","protected":false},"author":5,"featured_media":0,"parent":152,"menu_order":2,"comment_status":"closed","ping_status":"closed","template":"pageplusside-hr.php","meta":{"_themeisle_gutenberg_block_has_review":false},"yoast_head":"<!-- This site is optimized with the Yoast SEO plugin v21.0 - https:\/\/yoast.com\/wordpress\/plugins\/seo\/ -->\n<title>Radna skupina za dvojezi\u010dnost - Centar za jezi\u010dna istra\u017eivanja<\/title>\n<meta name=\"robots\" content=\"index, follow, max-snippet:-1, max-image-preview:large, max-video-preview:-1\" \/>\n<link rel=\"canonical\" href=\"https:\/\/cji.uniri.hr\/hr\/hr\/radne-skupine\/radna-skupina-za-dvojezicnost\/\" \/>\n<meta property=\"og:locale\" content=\"hr_HR\" \/>\n<meta property=\"og:type\" content=\"article\" \/>\n<meta property=\"og:title\" content=\"Radna skupina za dvojezi\u010dnost - Centar za jezi\u010dna istra\u017eivanja\" \/>\n<meta property=\"og:description\" content=\"Svrha je ove skupine pru\u017eiti forum za raspravu o objavljenim radovima i radovima u izradi o dvojezi\u010dnosti, odnosno redovitoj uporabi vi\u0161e od jednoga jezika u svakodnevnome \u017eivotu. \u010clanovi razli\u010ditih istra\u017eiva\u010dkih interesa na podru\u010dju lingvistike i srodnih disciplina sastaju se jednom mjese\u010dno kako bi u neformalnoj i opu\u0161tenoj atmosferi raspravljali o dvojezi\u010dnosti iz razli\u010ditih perspektiva (lingvisti\u010dke, [&hellip;]\" \/>\n<meta property=\"og:url\" content=\"https:\/\/cji.uniri.hr\/hr\/hr\/radne-skupine\/radna-skupina-za-dvojezicnost\/\" \/>\n<meta property=\"og:site_name\" content=\"Centar za jezi\u010dna istra\u017eivanja\" \/>\n<meta property=\"article:publisher\" content=\"https:\/\/www.facebook.com\/CLARIJEKA\" \/>\n<meta property=\"article:modified_time\" content=\"2019-04-12T09:36:13+00:00\" \/>\n<meta name=\"twitter:card\" content=\"summary_large_image\" \/>\n<meta name=\"twitter:label1\" content=\"Procijenjeno vrijeme \u010ditanja\" \/>\n\t<meta name=\"twitter:data1\" content=\"1 minuta\" \/>\n<script type=\"application\/ld+json\" class=\"yoast-schema-graph\">{\"@context\":\"https:\/\/schema.org\",\"@graph\":[{\"@type\":\"WebPage\",\"@id\":\"https:\/\/cji.uniri.hr\/hr\/hr\/radne-skupine\/radna-skupina-za-dvojezicnost\/\",\"url\":\"https:\/\/cji.uniri.hr\/hr\/hr\/radne-skupine\/radna-skupina-za-dvojezicnost\/\",\"name\":\"Radna skupina za dvojezi\u010dnost - Centar za jezi\u010dna istra\u017eivanja\",\"isPartOf\":{\"@id\":\"https:\/\/cji.uniri.hr\/en\/#website\"},\"datePublished\":\"2016-03-14T15:15:18+00:00\",\"dateModified\":\"2019-04-12T09:36:13+00:00\",\"breadcrumb\":{\"@id\":\"https:\/\/cji.uniri.hr\/hr\/hr\/radne-skupine\/radna-skupina-za-dvojezicnost\/#breadcrumb\"},\"inLanguage\":\"hr\",\"potentialAction\":[{\"@type\":\"ReadAction\",\"target\":[\"https:\/\/cji.uniri.hr\/hr\/hr\/radne-skupine\/radna-skupina-za-dvojezicnost\/\"]}]},{\"@type\":\"BreadcrumbList\",\"@id\":\"https:\/\/cji.uniri.hr\/hr\/hr\/radne-skupine\/radna-skupina-za-dvojezicnost\/#breadcrumb\",\"itemListElement\":[{\"@type\":\"ListItem\",\"position\":1,\"name\":\"Po\u010detna stranica\",\"item\":\"https:\/\/cji.uniri.hr\/en\/\"},{\"@type\":\"ListItem\",\"position\":2,\"name\":\"HRVATSKI\",\"item\":\"https:\/\/cji.uniri.hr\/hr\/hr\/\"},{\"@type\":\"ListItem\",\"position\":3,\"name\":\"Radne skupine CJI\",\"item\":\"https:\/\/cji.uniri.hr\/hr\/hr\/radne-skupine\/\"},{\"@type\":\"ListItem\",\"position\":4,\"name\":\"Radna skupina za dvojezi\u010dnost\"}]},{\"@type\":\"WebSite\",\"@id\":\"https:\/\/cji.uniri.hr\/en\/#website\",\"url\":\"https:\/\/cji.uniri.hr\/en\/\",\"name\":\"Centar za jezi\u010dna istra\u017eivanja\",\"description\":\"\",\"publisher\":{\"@id\":\"https:\/\/cji.uniri.hr\/en\/#organization\"},\"potentialAction\":[{\"@type\":\"SearchAction\",\"target\":{\"@type\":\"EntryPoint\",\"urlTemplate\":\"https:\/\/cji.uniri.hr\/en\/?s={search_term_string}\"},\"query-input\":\"required name=search_term_string\"}],\"inLanguage\":\"hr\"},{\"@type\":\"Organization\",\"@id\":\"https:\/\/cji.uniri.hr\/en\/#organization\",\"name\":\"Centar za jezi\u010dna istra\u017eivanja\",\"url\":\"https:\/\/cji.uniri.hr\/en\/\",\"logo\":{\"@type\":\"ImageObject\",\"inLanguage\":\"hr\",\"@id\":\"https:\/\/cji.uniri.hr\/en\/#\/schema\/logo\/image\/\",\"url\":\"https:\/\/cji.uniri.hr\/wp-content\/uploads\/cji_logo-removebg-preview-1-e1695380857613.png\",\"contentUrl\":\"https:\/\/cji.uniri.hr\/wp-content\/uploads\/cji_logo-removebg-preview-1-e1695380857613.png\",\"width\":170,\"height\":170,\"caption\":\"Centar za jezi\u010dna istra\u017eivanja\"},\"image\":{\"@id\":\"https:\/\/cji.uniri.hr\/en\/#\/schema\/logo\/image\/\"},\"sameAs\":[\"https:\/\/www.facebook.com\/CLARIJEKA\"]}]}<\/script>\n<!-- \/ Yoast SEO plugin. -->","yoast_head_json":{"title":"Radna skupina za dvojezi\u010dnost - Centar za jezi\u010dna istra\u017eivanja","robots":{"index":"index","follow":"follow","max-snippet":"max-snippet:-1","max-image-preview":"max-image-preview:large","max-video-preview":"max-video-preview:-1"},"canonical":"https:\/\/cji.uniri.hr\/hr\/hr\/radne-skupine\/radna-skupina-za-dvojezicnost\/","og_locale":"hr_HR","og_type":"article","og_title":"Radna skupina za dvojezi\u010dnost - Centar za jezi\u010dna istra\u017eivanja","og_description":"Svrha je ove skupine pru\u017eiti forum za raspravu o objavljenim radovima i radovima u izradi o dvojezi\u010dnosti, odnosno redovitoj uporabi vi\u0161e od jednoga jezika u svakodnevnome \u017eivotu. \u010clanovi razli\u010ditih istra\u017eiva\u010dkih interesa na podru\u010dju lingvistike i srodnih disciplina sastaju se jednom mjese\u010dno kako bi u neformalnoj i opu\u0161tenoj atmosferi raspravljali o dvojezi\u010dnosti iz razli\u010ditih perspektiva (lingvisti\u010dke, [&hellip;]","og_url":"https:\/\/cji.uniri.hr\/hr\/hr\/radne-skupine\/radna-skupina-za-dvojezicnost\/","og_site_name":"Centar za jezi\u010dna istra\u017eivanja","article_publisher":"https:\/\/www.facebook.com\/CLARIJEKA","article_modified_time":"2019-04-12T09:36:13+00:00","twitter_card":"summary_large_image","twitter_misc":{"Procijenjeno vrijeme \u010ditanja":"1 minuta"},"schema":{"@context":"https:\/\/schema.org","@graph":[{"@type":"WebPage","@id":"https:\/\/cji.uniri.hr\/hr\/hr\/radne-skupine\/radna-skupina-za-dvojezicnost\/","url":"https:\/\/cji.uniri.hr\/hr\/hr\/radne-skupine\/radna-skupina-za-dvojezicnost\/","name":"Radna skupina za dvojezi\u010dnost - Centar za jezi\u010dna istra\u017eivanja","isPartOf":{"@id":"https:\/\/cji.uniri.hr\/en\/#website"},"datePublished":"2016-03-14T15:15:18+00:00","dateModified":"2019-04-12T09:36:13+00:00","breadcrumb":{"@id":"https:\/\/cji.uniri.hr\/hr\/hr\/radne-skupine\/radna-skupina-za-dvojezicnost\/#breadcrumb"},"inLanguage":"hr","potentialAction":[{"@type":"ReadAction","target":["https:\/\/cji.uniri.hr\/hr\/hr\/radne-skupine\/radna-skupina-za-dvojezicnost\/"]}]},{"@type":"BreadcrumbList","@id":"https:\/\/cji.uniri.hr\/hr\/hr\/radne-skupine\/radna-skupina-za-dvojezicnost\/#breadcrumb","itemListElement":[{"@type":"ListItem","position":1,"name":"Po\u010detna stranica","item":"https:\/\/cji.uniri.hr\/en\/"},{"@type":"ListItem","position":2,"name":"HRVATSKI","item":"https:\/\/cji.uniri.hr\/hr\/hr\/"},{"@type":"ListItem","position":3,"name":"Radne skupine CJI","item":"https:\/\/cji.uniri.hr\/hr\/hr\/radne-skupine\/"},{"@type":"ListItem","position":4,"name":"Radna skupina za dvojezi\u010dnost"}]},{"@type":"WebSite","@id":"https:\/\/cji.uniri.hr\/en\/#website","url":"https:\/\/cji.uniri.hr\/en\/","name":"Centar za jezi\u010dna istra\u017eivanja","description":"","publisher":{"@id":"https:\/\/cji.uniri.hr\/en\/#organization"},"potentialAction":[{"@type":"SearchAction","target":{"@type":"EntryPoint","urlTemplate":"https:\/\/cji.uniri.hr\/en\/?s={search_term_string}"},"query-input":"required name=search_term_string"}],"inLanguage":"hr"},{"@type":"Organization","@id":"https:\/\/cji.uniri.hr\/en\/#organization","name":"Centar za jezi\u010dna istra\u017eivanja","url":"https:\/\/cji.uniri.hr\/en\/","logo":{"@type":"ImageObject","inLanguage":"hr","@id":"https:\/\/cji.uniri.hr\/en\/#\/schema\/logo\/image\/","url":"https:\/\/cji.uniri.hr\/wp-content\/uploads\/cji_logo-removebg-preview-1-e1695380857613.png","contentUrl":"https:\/\/cji.uniri.hr\/wp-content\/uploads\/cji_logo-removebg-preview-1-e1695380857613.png","width":170,"height":170,"caption":"Centar za jezi\u010dna istra\u017eivanja"},"image":{"@id":"https:\/\/cji.uniri.hr\/en\/#\/schema\/logo\/image\/"},"sameAs":["https:\/\/www.facebook.com\/CLARIJEKA"]}]}},"_links":{"self":[{"href":"https:\/\/cji.uniri.hr\/hr\/wp-json\/wp\/v2\/pages\/908"}],"collection":[{"href":"https:\/\/cji.uniri.hr\/hr\/wp-json\/wp\/v2\/pages"}],"about":[{"href":"https:\/\/cji.uniri.hr\/hr\/wp-json\/wp\/v2\/types\/page"}],"author":[{"embeddable":true,"href":"https:\/\/cji.uniri.hr\/hr\/wp-json\/wp\/v2\/users\/5"}],"replies":[{"embeddable":true,"href":"https:\/\/cji.uniri.hr\/hr\/wp-json\/wp\/v2\/comments?post=908"}],"version-history":[{"count":3,"href":"https:\/\/cji.uniri.hr\/hr\/wp-json\/wp\/v2\/pages\/908\/revisions"}],"predecessor-version":[{"id":1001,"href":"https:\/\/cji.uniri.hr\/hr\/wp-json\/wp\/v2\/pages\/908\/revisions\/1001"}],"up":[{"embeddable":true,"href":"https:\/\/cji.uniri.hr\/hr\/wp-json\/wp\/v2\/pages\/152"}],"wp:attachment":[{"href":"https:\/\/cji.uniri.hr\/hr\/wp-json\/wp\/v2\/media?parent=908"}],"curies":[{"name":"wp","href":"https:\/\/api.w.org\/{rel}","templated":true}]}}